{"id":8810,"date":"2023-06-22T11:09:50","date_gmt":"2023-06-22T18:09:50","guid":{"rendered":"https:\/\/www.bocada.com\/producto\/nuvem-bocada\/"},"modified":"2025-02-28T07:20:46","modified_gmt":"2025-02-28T15:20:46","slug":"nuvem-bocada","status":"publish","type":"page","link":"https:\/\/www.bocada.com\/pt\/producto\/nuvem-bocada\/","title":{"rendered":"Nuvem Bocada"},"content":{"rendered":"<div class=\"wpb-content-wrapper\"><p>[vc_row css=&#8221;.vc_custom_1692729683567{margin-top: 10px !important;margin-bottom: 40px !important;padding-top: 40px !important;padding-bottom: 40px !important;background-color: #3e8cd6 !important;}&#8221;][vc_column][vc_custom_heading text=&#8221;Visita de 3 minutos: V\u00ea a Bocada Cloud em a\u00e7\u00e3o&#8221; font_container=&#8221;tag:h2|text_align:center|color:%23ffffff&#8221; use_theme_fonts=&#8221;yes&#8221; css=&#8221;&#8221;][vc_video link=&#8221;https:\/\/vimeo.com\/1060965243&#8243; el_width=&#8221;70&#8243; align=&#8221;center&#8221; css=&#8221;&#8221;][\/vc_column][\/vc_row][vc_row css_animation=&#8221;fadeInRightBig&#8221; el_class=&#8221;TextLeftImgRt&#8221;][vc_column][vc_row_inner][vc_column_inner el_class=&#8221;DetailsCol Left&#8221; width=&#8221;1\/2&#8243;][vc_column_text css=&#8221;&#8221; el_class=&#8221;DetailsList Right CapsCTA&#8221;]<\/p>\n<h2><span style=\"color: #3e8cd6;\">Todas as tuas c\u00f3pias de seguran\u00e7a num s\u00f3 lugar<\/span><\/h2>\n<p>Centraliza o monitoramento e os relat\u00f3rios de backup no painel \u00fanico do Bocada Cloud. N\u00e3o \u00e9 mais necess\u00e1rio pular plataformas para obter uma imagem clara da integridade do backup em v\u00e1rios servidores, aplicativos de backup e\/ou ambientes de clientes. <\/p>\n<ul>\n<li>Automatiza a recolha de dados, a monitoriza\u00e7\u00e3o, os relat\u00f3rios e os alertas.<\/li>\n<li>Gere qualquer n\u00famero de organiza\u00e7\u00f5es de clientes (ou organiza\u00e7\u00f5es internas) com uma \u00fanica conta<\/li>\n<\/ul>\n<p>[\/vc_column_text][\/vc_column_inner][vc_column_inner el_class=&#8221;LtRtImgCol Right&#8221; width=&#8221;1\/2&#8243;][vc_single_image image=&#8221;8217&#8243; img_size=&#8221;full&#8221; alignment=&#8221;center&#8221; onclick=&#8221;custom_link&#8221; img_link_target=&#8221;_blank&#8221; el_class=&#8221;LtRtImg Right&#8221; link=&#8221;https:\/\/www.bocada.com\/wp-content\/uploads\/2024\/05\/20240521-bc-dashboard.png&#8221;][\/vc_column_inner][\/vc_row_inner][\/vc_column][\/vc_row][vc_row css_animation=&#8221;fadeInLeftBig&#8221; el_class=&#8221;ImgLeftTextRt&#8221;][vc_column][vc_row_inner][vc_column_inner el_class=&#8221;LtRtImgCol Left&#8221; width=&#8221;1\/2&#8243;][vc_single_image image=&#8221;8211&#8243; img_size=&#8221;full&#8221; alignment=&#8221;center&#8221; onclick=&#8221;custom_link&#8221; img_link_target=&#8221;_blank&#8221; el_class=&#8221;LtRtImg Left&#8221; link=&#8221;https:\/\/www.bocada.com\/wp-content\/uploads\/2024\/05\/20240521-backup-apps-bc.png&#8221;][\/vc_column_inner][vc_column_inner el_class=&#8221;DetailsCol Right&#8221; width=&#8221;1\/2&#8243;][vc_column_text css=&#8221;&#8221; el_class=&#8221;DetailsList Right CapsCTA&#8221;]<\/p>\n<h2><span style=\"color: #3e8cd6;\">Conectores baseados em API<\/span><\/h2>\n<p>Cri\u00e1mos integra\u00e7\u00f5es diretas de API para muitas aplica\u00e7\u00f5es populares de c\u00f3pia de seguran\u00e7a na nuvem e no local, fornecendo a melhor precis\u00e3o de relat\u00f3rios da categoria.<\/p>\n<ul>\n<li>Recolha cont\u00ednua de dados com base em API de produtos de c\u00f3pia de seguran\u00e7a na nuvem\/no local. O Bocada <strong>N\u00c3O<\/strong> utiliza a an\u00e1lise de correio eletr\u00f3nico devido \u00e0 fraca fiabilidade dessa abordagem t\u00e9cnica. <\/li>\n<li>Vai al\u00e9m dos relat\u00f3rios b\u00e1sicos de sucesso e falha e sabe &#8211; com confian\u00e7a &#8211; quando os trabalhos n\u00e3o s\u00e3o executados e\/ou quando faltam pol\u00edticas de backup.<\/li>\n<li>Mais de 25 aplica\u00e7\u00f5es de c\u00f3pia de seguran\u00e7a suportadas<a href=\"https:\/\/help.bocada.com\/knowledge\/which-backup-applications-does-bocada-cloud-support\" target=\"_blank\" rel=\"noopener\">(V\u00ea-as todas<\/a>)<\/li>\n<\/ul>\n<p>[\/vc_column_text][\/vc_column_inner][\/vc_row_inner][\/vc_column][\/vc_row][vc_row css_animation=&#8221;fadeInRightBig&#8221; el_class=&#8221;TextLeftImgRt&#8221;][vc_column][vc_row_inner][vc_column_inner el_class=&#8221;DetailsCol Left&#8221; width=&#8221;1\/2&#8243;][vc_column_text css=&#8221;&#8221; el_class=&#8221;DetailsList Right CapsCTA&#8221;]<\/p>\n<h2><span style=\"color: #3e8cd6;\">Relat\u00f3rios e automatiza\u00e7\u00e3o inigual\u00e1veis<\/span><\/h2>\n<p>Os relat\u00f3rios do Bocada Cloud ajudam-te a garantir e a demonstrar que os dados cr\u00edticos est\u00e3o protegidos. A automatiza\u00e7\u00e3o avan\u00e7ada ajuda-te a cumprir as tuas obriga\u00e7\u00f5es em apenas alguns minutos por dia. <\/p>\n<ul>\n<li><strong>Relat\u00f3rios essenciais:<\/strong> Resumo executivo, Atividade da tarefa, Tend\u00eancias da tarefa, Falha de backup, Atividade de restauro, Falha de restauro e Ver recursos<\/li>\n<li><strong>Os relat\u00f3rios de backups perdidos com tecnologia de IA<\/strong> identificam automaticamente os trabalhos que deveriam ter sido executados, mas n\u00e3o o foram.<\/li>\n<li><strong>Relat\u00f3rios de recursos desprotegidos:<\/strong> Identifica recursos com pol\u00edticas de backup zero em vigor.<\/li>\n<li><strong>Automatiza\u00e7\u00e3o da emiss\u00e3o de bilhetes para incidentes<\/strong>: Automatiza a emiss\u00e3o de bilhetes para falhas\/incidentes no seu software PSA\/ITSM com accionadores configur\u00e1veis, simplificando o seu fluxo de trabalho de opera\u00e7\u00f5es e reduzindo o ru\u00eddo dos bilhetes.<\/li>\n<li>Cria <strong>relat\u00f3rios personalizados<\/strong> com filtros, agrupamentos e crit\u00e9rios configur\u00e1veis.<\/li>\n<li>Partilha <strong>relat\u00f3rios<\/strong> atrav\u00e9s de uma liga\u00e7\u00e3o ou de um anexo de correio eletr\u00f3nico .XLSX (Excel), com op\u00e7\u00f5es para subscrever ou programar numa base recorrente.<\/li>\n<li><strong>Relat\u00f3rios de marca branca<\/strong> para personalizar o aspeto e a sensa\u00e7\u00e3o para cada cliente.<\/li>\n<\/ul>\n<p>[\/vc_column_text][\/vc_column_inner][vc_column_inner el_class=&#8221;LtRtImgCol Right&#8221; width=&#8221;1\/2&#8243;][vc_single_image image=&#8221;8207&#8243; img_size=&#8221;full&#8221; alignment=&#8221;center&#8221; onclick=&#8221;custom_link&#8221; img_link_target=&#8221;_blank&#8221; el_class=&#8221;LtRtImg Right&#8221; link=&#8221;https:\/\/www.bocada.com\/wp-content\/uploads\/2024\/05\/20240521-distribute-report.png&#8221;][\/vc_column_inner][\/vc_row_inner][\/vc_column][\/vc_row][vc_row css_animation=&#8221;fadeInLeftBig&#8221; el_class=&#8221;ImgLeftTextRt&#8221;][vc_column][vc_row_inner][vc_column_inner el_class=&#8221;LtRtImgCol Left&#8221; width=&#8221;1\/2&#8243;][vc_single_image image=&#8221;8220&#8243; img_size=&#8221;full&#8221; alignment=&#8221;center&#8221; onclick=&#8221;custom_link&#8221; img_link_target=&#8221;_blank&#8221; el_class=&#8221;LtRtImg Left&#8221; link=&#8221;https:\/\/www.bocada.com\/wp-content\/uploads\/2024\/05\/20240521-BE-customers.png&#8221;][\/vc_column_inner][vc_column_inner el_class=&#8221;DetailsCol Right&#8221; width=&#8221;1\/2&#8243;][vc_column_text css=&#8221;&#8221; el_class=&#8221;DetailsList Right CapsCTA&#8221;]<\/p>\n<h2><span style=\"color: #3e8cd6;\">A mesma tecnologia subjacente, nova experi\u00eancia SaaS<\/span><\/h2>\n<p>A mesma recolha de dados, relat\u00f3rios e automatiza\u00e7\u00e3o utilizados pelas equipas de TI da Fortune Global 500, agora numa nova oferta de software como servi\u00e7o para fornecedores de servi\u00e7os geridos (MSP), fornecedores de servi\u00e7os de TI e empresas de todas as dimens\u00f5es.[\/vc_column_text][\/vc_column_inner][\/vc_row_inner][\/vc_column][\/vc_row][vc_row css_animation=&#8221;fadeInRightBig&#8221; el_class=&#8221;TextLeftImgRt&#8221;][vc_column][vc_row_inner][vc_column_inner el_class=&#8221;DetailsCol Left&#8221; width=&#8221;1\/2&#8243;][vc_column_text css=&#8221;&#8221; el_class=&#8221;DetailsList Right CapsCTA&#8221;]<\/p>\n<h2><span style=\"color: #3e8cd6;\">Pre\u00e7os de pagamento conforme o uso, n\u00edvel gratuito + avalia\u00e7\u00e3o gratuita<\/span><\/h2>\n<ul>\n<li><strong>Escal\u00e3o gratuito:<\/strong> Cada conta \u00e9 livre para utilizar menos de 25 recursos monitorizados (servidores, VMs, clientes)<\/li>\n<li><strong>Pre\u00e7os<\/strong> simples <strong>de pagamento conforme o uso<\/strong> (sem compromisso anual) quando excedes 25 recursos monitorizados &#8211; assim nunca pagar\u00e1s por licen\u00e7as que n\u00e3o est\u00e1s a utilizar<\/li>\n<li>US$ 1 por recurso monitorado por m\u00eas (acima de 25 recursos gratuitos). 10 pontos de extremidade (por exemplo, esta\u00e7\u00f5es de trabalho) = 1 recurso. <\/li>\n<li><strong>30 dias de teste gratuito<\/strong> para monitorizar todos os recursos que quiseres durante 30 dias<\/li>\n<\/ul>\n<p>[\/vc_column_text][\/vc_column_inner][vc_column_inner el_class=&#8221;LtRtImgCol Right&#8221; width=&#8221;1\/2&#8243;][vc_single_image image=&#8221;8214&#8243; img_size=&#8221;full&#8221; alignment=&#8221;center&#8221; onclick=&#8221;custom_link&#8221; img_link_target=&#8221;_blank&#8221; el_class=&#8221;LtRtImg Right&#8221; link=&#8221;https:\/\/www.bocada.com\/wp-content\/uploads\/2024\/05\/20240521-pay-as-you-go.png&#8221;][\/vc_column_inner][\/vc_row_inner][\/vc_column][\/vc_row][vc_row css=&#8221;.vc_custom_1692729683567{margin-top: 10px !important;margin-bottom: 40px !important;padding-top: 40px !important;padding-bottom: 40px !important;background-color: #3e8cd6 !important;}&#8221;][vc_column][vc_column_text css=&#8221;.vc_custom_1739396571207{margin-top: 60px !important;margin-bottom: 60px !important;}&#8221;]<\/p>\n<h2 style=\"text-align: center;\"><span style=\"color: #ffffff;\"><strong>Come\u00e7a a trabalhar<\/strong><\/span><\/h2>\n<p style=\"text-align: center;\"><span style=\"color: #ffffff;\">Cria a tua conta gratuita e automatiza a tua monitoriza\u00e7\u00e3o de c\u00f3pias de seguran\u00e7a hoje mesmo.<\/span><\/p>\n<p><button style=\"text-align: center; background-color: #ff8e00; border: none; color: white; padding: 15px 15px; margin-left: auto; margin-right: auto; font-weight: bold!important; text-decoration: none; display: block; font-size: 16px; font: 14px\/19px 'Nunito Sans',sans-serif; letter-spacing: 2.8px; text-transform: uppercase;\"><a style=\"text-decoration: none; color: #ffffff;\" href=\"https:\/\/www.bocada.com\/pt\/comeca-a-utilizar-o-bocada-cloud-copy\/\" target=\"_blank\" rel=\"noopener\">Obter uma conta gratuita<\/a><\/button><\/p>\n<p style=\"text-align: center;\"><span style=\"color: #ffffff;\"><b>Outras op\u00e7\u00f5es:<\/b><\/span><\/p>\n<p style=\"text-align: center;\"><span style=\"color: #ffffff;\"><a style=\"color: #ffffff;\" href=\"https:\/\/www.bocada.com\/pt\/solicita-uma-demonstracao\/\" target=\"_blank\" rel=\"noopener\">Solicita uma demonstra\u00e7\u00e3o<\/a><\/span><\/p>\n<p style=\"text-align: center;\"><span style=\"color: #ffffff;\"><a style=\"color: #ffffff;\" href=\"https:\/\/www.bocada.com\/compare\/\" target=\"_blank\" rel=\"noopener\">Ver pre\u00e7os e carater\u00edsticas<\/a><\/span><\/p>\n<p>[\/vc_column_text][\/vc_column][\/vc_row]<\/p>\n<\/div>","protected":false},"excerpt":{"rendered":"[vc_row css=&#8221;.vc_custom_1692729683567{margin-top: 10px !important;margin-bottom: 40px !important;padding-top: 40px !important;padding-bottom: 40px !important;background-color: #3e8cd6 !important;}&#8221;][vc_column][vc_custom_heading text=&#8221;Visita de 3 minutos: V\u00ea a Bocada Cloud em a\u00e7\u00e3o&#8221; font_container=&#8221;tag:h2|text_align:center|color:%23ffffff&#8221; use_theme_fonts=&#8221;yes&#8221; css=&#8221;&#8221;][vc_video link=&#8221;https:\/\/vimeo.com\/1060965243&#8243; el_width=&#8221;70&#8243; align=&#8221;center&#8221; css=&#8221;&#8221;][\/vc_column][\/vc_row][vc_row css_animation=&#8221;fadeInRightBig&#8221; el_class=&#8221;TextLeftImgRt&#8221;][vc_column][vc_row_inner][vc_column_inner el_class=&#8221;DetailsCol Left&#8221; width=&#8221;1\/2&#8243;][vc_column_text css=&#8221;&#8221; el_class=&#8221;DetailsList Right CapsCTA&#8221;] Todas as tuas c\u00f3pias de seguran\u00e7a num s\u00f3 lugar Centraliza o monitoramento e os relat\u00f3rios de backup&#8230; <a class=\"view-article\" href=\"https:\/\/www.bocada.com\/pt\/producto\/nuvem-bocada\/\">Ver artigo<\/a>","protected":false},"author":8,"featured_media":8294,"parent":5548,"menu_order":10,"comment_status":"closed","ping_status":"closed","template":"page-hero.php","meta":{"_acf_changed":false,"content-type":"","inline_featured_image":false,"ngg_post_thumbnail":0,"footnotes":""},"class_list":["post-8810","page","type-page","status-publish","has-post-thumbnail","hentry"],"acf":[],"yoast_head":"<!-- This site is optimized with the Yoast SEO plugin v22.8 - https:\/\/yoast.com\/wordpress\/plugins\/seo\/ -->\n<title>Software de monitoramento de backup SaaS | Bocada Cloud<\/title>\n<meta name=\"description\" content=\"Projetado para ser f\u00e1cil de usar, o Bocada Cloud traz o monitoramento automatizado de backup para empresas de todos os tamanhos. Cria a tua conta gratuita hoje mesmo.\" \/>\n<meta name=\"robots\" content=\"index, follow, max-snippet:-1, max-image-preview:large, max-video-preview:-1\" \/>\n<link rel=\"canonical\" href=\"https:\/\/www.bocada.com\/pt\/producto\/nuvem-bocada\/\" \/>\n<meta property=\"og:locale\" content=\"pt_BR\" \/>\n<meta property=\"og:type\" content=\"article\" \/>\n<meta property=\"og:title\" content=\"Software de monitoramento de backup SaaS | Bocada Cloud\" \/>\n<meta property=\"og:description\" content=\"Projetado para ser f\u00e1cil de usar, o Bocada Cloud traz o monitoramento automatizado de backup para empresas de todos os tamanhos. Cria a tua conta gratuita hoje mesmo.\" \/>\n<meta property=\"og:url\" content=\"https:\/\/www.bocada.com\/pt\/producto\/nuvem-bocada\/\" \/>\n<meta property=\"og:site_name\" content=\"Bocada\" \/>\n<meta property=\"article:modified_time\" content=\"2025-02-28T15:20:46+00:00\" \/>\n<meta property=\"og:image\" content=\"https:\/\/www.bocada.com\/wp-content\/uploads\/2024\/06\/Untitled-design-3.jpg\" \/>\n\t<meta property=\"og:image:width\" content=\"1920\" \/>\n\t<meta property=\"og:image:height\" content=\"1080\" \/>\n\t<meta property=\"og:image:type\" content=\"image\/jpeg\" \/>\n<meta name=\"twitter:card\" content=\"summary_large_image\" \/>\n<meta name=\"twitter:label1\" content=\"Est. tempo de leitura\" \/>\n\t<meta name=\"twitter:data1\" content=\"6 minutos\" \/>\n<script type=\"application\/ld+json\" class=\"yoast-schema-graph\">{\"@context\":\"https:\/\/schema.org\",\"@graph\":[{\"@type\":\"WebPage\",\"@id\":\"https:\/\/www.bocada.com\/pt\/producto\/nuvem-bocada\/\",\"url\":\"https:\/\/www.bocada.com\/pt\/producto\/nuvem-bocada\/\",\"name\":\"Software de monitoramento de backup SaaS | Bocada Cloud\",\"isPartOf\":{\"@id\":\"https:\/\/www.bocada.com\/pt\/#website\"},\"primaryImageOfPage\":{\"@id\":\"https:\/\/www.bocada.com\/pt\/producto\/nuvem-bocada\/#primaryimage\"},\"image\":{\"@id\":\"https:\/\/www.bocada.com\/pt\/producto\/nuvem-bocada\/#primaryimage\"},\"thumbnailUrl\":\"https:\/\/www.bocada.com\/wp-content\/uploads\/2024\/06\/Untitled-design-3.jpg\",\"datePublished\":\"2023-06-22T18:09:50+00:00\",\"dateModified\":\"2025-02-28T15:20:46+00:00\",\"description\":\"Projetado para ser f\u00e1cil de usar, o Bocada Cloud traz o monitoramento automatizado de backup para empresas de todos os tamanhos. Cria a tua conta gratuita hoje mesmo.\",\"breadcrumb\":{\"@id\":\"https:\/\/www.bocada.com\/pt\/producto\/nuvem-bocada\/#breadcrumb\"},\"inLanguage\":\"pt-BR\",\"potentialAction\":[{\"@type\":\"ReadAction\",\"target\":[\"https:\/\/www.bocada.com\/pt\/producto\/nuvem-bocada\/\"]}]},{\"@type\":\"ImageObject\",\"inLanguage\":\"pt-BR\",\"@id\":\"https:\/\/www.bocada.com\/pt\/producto\/nuvem-bocada\/#primaryimage\",\"url\":\"https:\/\/www.bocada.com\/wp-content\/uploads\/2024\/06\/Untitled-design-3.jpg\",\"contentUrl\":\"https:\/\/www.bocada.com\/wp-content\/uploads\/2024\/06\/Untitled-design-3.jpg\",\"width\":1920,\"height\":1080,\"caption\":\"Bocada Cloud\"},{\"@type\":\"BreadcrumbList\",\"@id\":\"https:\/\/www.bocada.com\/pt\/producto\/nuvem-bocada\/#breadcrumb\",\"itemListElement\":[{\"@type\":\"ListItem\",\"position\":1,\"name\":\"Bocada\",\"item\":\"https:\/\/www.bocada.com\/pt\/\"},{\"@type\":\"ListItem\",\"position\":2,\"name\":\"Produto\",\"item\":\"https:\/\/www.bocada.com\/pt\/producto\/\"},{\"@type\":\"ListItem\",\"position\":3,\"name\":\"Nuvem Bocada\"}]},{\"@type\":\"WebSite\",\"@id\":\"https:\/\/www.bocada.com\/pt\/#website\",\"url\":\"https:\/\/www.bocada.com\/pt\/\",\"name\":\"Bocada\",\"description\":\"Automated Backup Monitoring &amp; Reporting\",\"potentialAction\":[{\"@type\":\"SearchAction\",\"target\":{\"@type\":\"EntryPoint\",\"urlTemplate\":\"https:\/\/www.bocada.com\/pt\/?s={search_term_string}\"},\"query-input\":\"required name=search_term_string\"}],\"inLanguage\":\"pt-BR\"}]}<\/script>\n<!-- \/ Yoast SEO plugin. -->","yoast_head_json":{"title":"Software de monitoramento de backup SaaS | Bocada Cloud","description":"Projetado para ser f\u00e1cil de usar, o Bocada Cloud traz o monitoramento automatizado de backup para empresas de todos os tamanhos. Cria a tua conta gratuita hoje mesmo.","robots":{"index":"index","follow":"follow","max-snippet":"max-snippet:-1","max-image-preview":"max-image-preview:large","max-video-preview":"max-video-preview:-1"},"canonical":"https:\/\/www.bocada.com\/pt\/producto\/nuvem-bocada\/","og_locale":"pt_BR","og_type":"article","og_title":"Software de monitoramento de backup SaaS | Bocada Cloud","og_description":"Projetado para ser f\u00e1cil de usar, o Bocada Cloud traz o monitoramento automatizado de backup para empresas de todos os tamanhos. Cria a tua conta gratuita hoje mesmo.","og_url":"https:\/\/www.bocada.com\/pt\/producto\/nuvem-bocada\/","og_site_name":"Bocada","article_modified_time":"2025-02-28T15:20:46+00:00","og_image":[{"width":1920,"height":1080,"url":"https:\/\/www.bocada.com\/wp-content\/uploads\/2024\/06\/Untitled-design-3.jpg","type":"image\/jpeg"}],"twitter_card":"summary_large_image","twitter_misc":{"Est. tempo de leitura":"6 minutos"},"schema":{"@context":"https:\/\/schema.org","@graph":[{"@type":"WebPage","@id":"https:\/\/www.bocada.com\/pt\/producto\/nuvem-bocada\/","url":"https:\/\/www.bocada.com\/pt\/producto\/nuvem-bocada\/","name":"Software de monitoramento de backup SaaS | Bocada Cloud","isPartOf":{"@id":"https:\/\/www.bocada.com\/pt\/#website"},"primaryImageOfPage":{"@id":"https:\/\/www.bocada.com\/pt\/producto\/nuvem-bocada\/#primaryimage"},"image":{"@id":"https:\/\/www.bocada.com\/pt\/producto\/nuvem-bocada\/#primaryimage"},"thumbnailUrl":"https:\/\/www.bocada.com\/wp-content\/uploads\/2024\/06\/Untitled-design-3.jpg","datePublished":"2023-06-22T18:09:50+00:00","dateModified":"2025-02-28T15:20:46+00:00","description":"Projetado para ser f\u00e1cil de usar, o Bocada Cloud traz o monitoramento automatizado de backup para empresas de todos os tamanhos. Cria a tua conta gratuita hoje mesmo.","breadcrumb":{"@id":"https:\/\/www.bocada.com\/pt\/producto\/nuvem-bocada\/#breadcrumb"},"inLanguage":"pt-BR","potentialAction":[{"@type":"ReadAction","target":["https:\/\/www.bocada.com\/pt\/producto\/nuvem-bocada\/"]}]},{"@type":"ImageObject","inLanguage":"pt-BR","@id":"https:\/\/www.bocada.com\/pt\/producto\/nuvem-bocada\/#primaryimage","url":"https:\/\/www.bocada.com\/wp-content\/uploads\/2024\/06\/Untitled-design-3.jpg","contentUrl":"https:\/\/www.bocada.com\/wp-content\/uploads\/2024\/06\/Untitled-design-3.jpg","width":1920,"height":1080,"caption":"Bocada Cloud"},{"@type":"BreadcrumbList","@id":"https:\/\/www.bocada.com\/pt\/producto\/nuvem-bocada\/#breadcrumb","itemListElement":[{"@type":"ListItem","position":1,"name":"Bocada","item":"https:\/\/www.bocada.com\/pt\/"},{"@type":"ListItem","position":2,"name":"Produto","item":"https:\/\/www.bocada.com\/pt\/producto\/"},{"@type":"ListItem","position":3,"name":"Nuvem Bocada"}]},{"@type":"WebSite","@id":"https:\/\/www.bocada.com\/pt\/#website","url":"https:\/\/www.bocada.com\/pt\/","name":"Bocada","description":"Automated Backup Monitoring &amp; Reporting","potentialAction":[{"@type":"SearchAction","target":{"@type":"EntryPoint","urlTemplate":"https:\/\/www.bocada.com\/pt\/?s={search_term_string}"},"query-input":"required name=search_term_string"}],"inLanguage":"pt-BR"}]}},"_links":{"self":[{"href":"https:\/\/www.bocada.com\/pt\/wp-json\/wp\/v2\/pages\/8810","targetHints":{"allow":["GET"]}}],"collection":[{"href":"https:\/\/www.bocada.com\/pt\/wp-json\/wp\/v2\/pages"}],"about":[{"href":"https:\/\/www.bocada.com\/pt\/wp-json\/wp\/v2\/types\/page"}],"author":[{"embeddable":true,"href":"https:\/\/www.bocada.com\/pt\/wp-json\/wp\/v2\/users\/8"}],"replies":[{"embeddable":true,"href":"https:\/\/www.bocada.com\/pt\/wp-json\/wp\/v2\/comments?post=8810"}],"version-history":[{"count":0,"href":"https:\/\/www.bocada.com\/pt\/wp-json\/wp\/v2\/pages\/8810\/revisions"}],"up":[{"embeddable":true,"href":"https:\/\/www.bocada.com\/pt\/wp-json\/wp\/v2\/pages\/5548"}],"wp:featuredmedia":[{"embeddable":true,"href":"https:\/\/www.bocada.com\/pt\/wp-json\/wp\/v2\/media\/8294"}],"wp:attachment":[{"href":"https:\/\/www.bocada.com\/pt\/wp-json\/wp\/v2\/media?parent=8810"}],"curies":[{"name":"wp","href":"https:\/\/api.w.org\/{rel}","templated":true}]}}