{"id":8805,"date":"2025-02-12T12:15:42","date_gmt":"2025-02-12T20:15:42","guid":{"rendered":"https:\/\/www.bocada.com\/comeca-a-utilizar-o-bocada-cloud-copy\/"},"modified":"2025-02-12T12:45:41","modified_gmt":"2025-02-12T20:45:41","slug":"comeca-a-utilizar-o-bocada-cloud-copy","status":"publish","type":"page","link":"https:\/\/www.bocada.com\/pt\/comeca-a-utilizar-o-bocada-cloud-copy\/","title":{"rendered":"Come\u00e7a a utilizar o Bocada Cloud"},"content":{"rendered":"<div style=\"max-width: 600px;margin-left: auto;margin-right: auto;padding: 40px\">\n<p>Est\u00e1 na altura de come\u00e7ar a automatizar a monitoriza\u00e7\u00e3o e os relat\u00f3rios de backups! \ud83c\udf89<\/p>\n<ul>\n<li>O plano Standard do Bocada Cloud \u00e9 uma <strong>conta GRATUITA<\/strong> (at\u00e9 25 recursos monitorizados) com <strong> pre\u00e7os &#8220;pay-as-you-go&#8221;<\/strong> quando ultrapassa os 25 recursos.<\/li>\n<li>Inclui uma <strong>avalia\u00e7\u00e3o gratuita de 30 dias <\/strong>para que possas experimentar o Bocada Cloud com qualquer n\u00famero de recursos monitorizados gratuitamente.<\/li>\n<li><strong>N\u00e3o \u00e9 necess\u00e1rio cart\u00e3o de cr\u00e9dito para te inscreveres.<\/strong>  Come\u00e7a hoje sem qualquer compromisso!<\/li>\n<\/ul>\n<script type=\"text\/javascript\">\n\/* <![CDATA[ *\/\nvar gform;gform||(document.addEventListener(\"gform_main_scripts_loaded\",function(){gform.scriptsLoaded=!0}),document.addEventListener(\"gform\/theme\/scripts_loaded\",function(){gform.themeScriptsLoaded=!0}),window.addEventListener(\"DOMContentLoaded\",function(){gform.domLoaded=!0}),gform={domLoaded:!1,scriptsLoaded:!1,themeScriptsLoaded:!1,isFormEditor:()=>\"function\"==typeof InitializeEditor,callIfLoaded:function(o){return!(!gform.domLoaded||!gform.scriptsLoaded||!gform.themeScriptsLoaded&&!gform.isFormEditor()||(gform.isFormEditor()&&console.warn(\"The use of gform.initializeOnLoaded() is deprecated in the form editor context and will be removed in Gravity Forms 3.1.\"),o(),0))},initializeOnLoaded:function(o){gform.callIfLoaded(o)||(document.addEventListener(\"gform_main_scripts_loaded\",()=>{gform.scriptsLoaded=!0,gform.callIfLoaded(o)}),document.addEventListener(\"gform\/theme\/scripts_loaded\",()=>{gform.themeScriptsLoaded=!0,gform.callIfLoaded(o)}),window.addEventListener(\"DOMContentLoaded\",()=>{gform.domLoaded=!0,gform.callIfLoaded(o)}))},hooks:{action:{},filter:{}},addAction:function(o,r,e,t){gform.addHook(\"action\",o,r,e,t)},addFilter:function(o,r,e,t){gform.addHook(\"filter\",o,r,e,t)},doAction:function(o){gform.doHook(\"action\",o,arguments)},applyFilters:function(o){return gform.doHook(\"filter\",o,arguments)},removeAction:function(o,r){gform.removeHook(\"action\",o,r)},removeFilter:function(o,r,e){gform.removeHook(\"filter\",o,r,e)},addHook:function(o,r,e,t,n){null==gform.hooks[o][r]&&(gform.hooks[o][r]=[]);var d=gform.hooks[o][r];null==n&&(n=r+\"_\"+d.length),gform.hooks[o][r].push({tag:n,callable:e,priority:t=null==t?10:t})},doHook:function(r,o,e){var t;if(e=Array.prototype.slice.call(e,1),null!=gform.hooks[r][o]&&((o=gform.hooks[r][o]).sort(function(o,r){return o.priority-r.priority}),o.forEach(function(o){\"function\"!=typeof(t=o.callable)&&(t=window[t]),\"action\"==r?t.apply(null,e):e[0]=t.apply(null,e)})),\"filter\"==r)return e[0]},removeHook:function(o,r,t,n){var e;null!=gform.hooks[o][r]&&(e=(e=gform.hooks[o][r]).filter(function(o,r,e){return!!(null!=n&&n!=o.tag||null!=t&&t!=o.priority)}),gform.hooks[o][r]=e)}});\n\/* ]]> *\/\n<\/script>\n\n                <div class='gf_browser_gecko gform_wrapper gravity-theme gform-theme--no-framework' data-form-theme='gravity-theme' data-form-index='0' id='gform_wrapper_3' >\n                        <div class='gform_heading'>\n                            <h2 class=\"gform_title\">Request New Account<\/h2>\n                            <p class='gform_description'><\/p>\n\t\t\t\t\t\t\t<p class='gform_required_legend'>&quot;<span class=\"gfield_required gfield_required_asterisk\">*<\/span>&quot; indica campos obrigat\u00f3rios<\/p>\n                        <\/div><form method='post' enctype='multipart\/form-data'  id='gform_3'  action='\/pt\/wp-json\/wp\/v2\/pages\/8805' data-formid='3' novalidate> \r\n <input type='hidden' class='gforms-pum' value='{\"closepopup\":false,\"closedelay\":0,\"openpopup\":false,\"openpopup_id\":0}' \/>\n                        <div class='gform-body gform_body'><div id='gform_fields_3' class='gform_fields top_label form_sublabel_above description_above validation_below'><fieldset id=\"field_3_1\" class=\"gfield gfield--type-name gfield--input-type-name gfield_contains_required field_sublabel_above gfield--no-description field_description_above field_validation_below gfield_visibility_visible\"  ><legend class='gfield_label gform-field-label gfield_label_before_complex' >Name<span class=\"gfield_required\"><span class=\"gfield_required gfield_required_asterisk\">*<\/span><\/span><\/legend><div class='ginput_complex ginput_container ginput_container--name no_prefix has_first_name no_middle_name has_last_name no_suffix gf_name_has_2 ginput_container_name gform-grid-row' id='input_3_1'>\n                            \n                            <span id='input_3_1_3_container' class='name_first gform-grid-col gform-grid-col--size-auto' >\n                                                    <label for='input_3_1_3' class='gform-field-label gform-field-label--type-sub '>Nome<\/label>\n                                                    <input type='text' name='input_1.3' id='input_3_1_3' value=''   aria-required='true'    autocomplete=\"given-name\" \/>\n                                                <\/span>\n                            \n                            <span id='input_3_1_6_container' class='name_last gform-grid-col gform-grid-col--size-auto' >\n                                                            <label for='input_3_1_6' class='gform-field-label gform-field-label--type-sub '>Sobrenome<\/label>\n                                                            <input type='text' name='input_1.6' id='input_3_1_6' value=''   aria-required='true'    autocomplete=\"family-name\" \/>\n                                                        <\/span>\n                            \n                        <\/div><\/fieldset><div id=\"field_3_2\" class=\"gfield gfield--type-email gfield--input-type-email gfield_contains_required field_sublabel_above gfield--no-description field_description_above field_validation_below gfield_visibility_visible\"  ><label class='gfield_label gform-field-label' for='input_3_2'>Business Email<span class=\"gfield_required\"><span class=\"gfield_required gfield_required_asterisk\">*<\/span><\/span><\/label><div class='ginput_container ginput_container_email'>\n                            <input name='input_2' id='input_3_2' type='email' value='' class='large'    aria-required=\"true\" aria-invalid=\"false\"  \/>\n                        <\/div><\/div><div id=\"field_3_11\" class=\"gfield gfield--type-text gfield--input-type-text gfield--width-full gfield_contains_required field_sublabel_above gfield--has-description field_description_above field_validation_below gfield_visibility_visible\"  ><label class='gfield_label gform-field-label' for='input_3_11'>Please describe your  backup environment<span class=\"gfield_required\"><span class=\"gfield_required gfield_required_asterisk\">*<\/span><\/span><\/label><div class='gfield_description' id='gfield_description_3_11'>(Example: Veeam B&R and Azure Backup with HaloPSA for incident ticketing)<\/div><div class='ginput_container ginput_container_text'><input name='input_11' id='input_3_11' type='text' value='' class='large'  aria-describedby=\"gfield_description_3_11\"   aria-required=\"true\" aria-invalid=\"false\"   \/><\/div><\/div><\/div><\/div>\n        <div class='gform-footer gform_footer top_label'> <input type='submit' id='gform_submit_button_3' class='gform_button button' onclick='gform.submission.handleButtonClick(this);' data-submission-type='submit' value='Submit'  \/> \n            <input type='hidden' class='gform_hidden' name='gform_submission_method' data-js='gform_submission_method_3' value='postback' \/>\n            <input type='hidden' class='gform_hidden' name='gform_theme' data-js='gform_theme_3' id='gform_theme_3' value='gravity-theme' \/>\n            <input type='hidden' class='gform_hidden' name='gform_style_settings' data-js='gform_style_settings_3' id='gform_style_settings_3' value='[]' \/>\n            <input type='hidden' class='gform_hidden' name='is_submit_3' value='1' \/>\n            <input type='hidden' class='gform_hidden' name='gform_submit' value='3' \/>\n            \n            <input type='hidden' class='gform_hidden' name='gform_currency' data-currency='USD' value='VNBq2WKC2sp6fhzbY\/5f+ctOMOeB3PbP2AkVxUZnrRGX8rQLaCHVU0w\/WLzl10p01ZzfyS9iPE5Um6\/BkmiLnRhXQkgiiALdYhPtXw7PBrCNTKY=' \/>\n            <input type='hidden' class='gform_hidden' name='gform_unique_id' value='' \/>\n            <input type='hidden' class='gform_hidden' name='state_3' value='WyJbXSIsIjJhZjYzY2FkMWRkNjQzNDJkM2FhZjQyMmE4YWQ5N2Q3Il0=' \/>\n            <input type='hidden' autocomplete='off' class='gform_hidden' name='gform_target_page_number_3' id='gform_target_page_number_3' value='0' \/>\n            <input type='hidden' autocomplete='off' class='gform_hidden' name='gform_source_page_number_3' id='gform_source_page_number_3' value='1' \/>\n            <input type='hidden' name='gform_field_values' value='' \/>\n            \n        <\/div>\n                        <\/form>\n                        <\/div><script type=\"text\/javascript\">\n\/* <![CDATA[ *\/\n gform.initializeOnLoaded( function() {gformInitSpinner( 3, 'https:\/\/www.bocada.com\/wp-content\/plugins\/gravityforms\/images\/spinner.svg', true );jQuery('#gform_ajax_frame_3').on('load',function(){var contents = jQuery(this).contents().find('*').html();var is_postback = contents.indexOf('GF_AJAX_POSTBACK') >= 0;if(!is_postback){return;}var form_content = jQuery(this).contents().find('#gform_wrapper_3');var is_confirmation = jQuery(this).contents().find('#gform_confirmation_wrapper_3').length > 0;var is_redirect = contents.indexOf('gformRedirect(){') >= 0;var is_form = form_content.length > 0 && ! is_redirect && ! is_confirmation;var mt = parseInt(jQuery('html').css('margin-top'), 10) + parseInt(jQuery('body').css('margin-top'), 10) + 100;if(is_form){jQuery('#gform_wrapper_3').html(form_content.html());if(form_content.hasClass('gform_validation_error')){jQuery('#gform_wrapper_3').addClass('gform_validation_error');} else {jQuery('#gform_wrapper_3').removeClass('gform_validation_error');}setTimeout( function() { \/* delay the scroll by 50 milliseconds to fix a bug in chrome *\/  }, 50 );if(window['gformInitDatepicker']) {gformInitDatepicker();}if(window['gformInitPriceFields']) {gformInitPriceFields();}var current_page = jQuery('#gform_source_page_number_3').val();gformInitSpinner( 3, 'https:\/\/www.bocada.com\/wp-content\/plugins\/gravityforms\/images\/spinner.svg', true );jQuery(document).trigger('gform_page_loaded', [3, current_page]);window['gf_submitting_3'] = false;}else if(!is_redirect){var confirmation_content = jQuery(this).contents().find('.GF_AJAX_POSTBACK').html();if(!confirmation_content){confirmation_content = contents;}jQuery('#gform_wrapper_3').replaceWith(confirmation_content);jQuery(document).trigger('gform_confirmation_loaded', [3]);window['gf_submitting_3'] = false;wp.a11y.speak(jQuery('#gform_confirmation_message_3').text());}else{jQuery('#gform_3').append(contents);if(window['gformRedirect']) {gformRedirect();}}jQuery(document).trigger(\"gform_pre_post_render\", [{ formId: \"3\", currentPage: \"current_page\", abort: function() { this.preventDefault(); } }]);        if (event && event.defaultPrevented) {                return;        }        const gformWrapperDiv = document.getElementById( \"gform_wrapper_3\" );        if ( gformWrapperDiv ) {            const visibilitySpan = document.createElement( \"span\" );            visibilitySpan.id = \"gform_visibility_test_3\";            gformWrapperDiv.insertAdjacentElement( \"afterend\", visibilitySpan );        }        const visibilityTestDiv = document.getElementById( \"gform_visibility_test_3\" );        let postRenderFired = false;        function triggerPostRender() {            if ( postRenderFired ) {                return;            }            postRenderFired = true;            gform.core.triggerPostRenderEvents( 3, current_page );            if ( visibilityTestDiv ) {                visibilityTestDiv.parentNode.removeChild( visibilityTestDiv );            }        }        function debounce( func, wait, immediate ) {            var timeout;            return function() {                var context = this, args = arguments;                var later = function() {                    timeout = null;                    if ( !immediate ) func.apply( context, args );                };                var callNow = immediate && !timeout;                clearTimeout( timeout );                timeout = setTimeout( later, wait );                if ( callNow ) func.apply( context, args );            };        }        const debouncedTriggerPostRender = debounce( function() {            triggerPostRender();        }, 200 );        if ( visibilityTestDiv && visibilityTestDiv.offsetParent === null ) {            const observer = new MutationObserver( ( mutations ) => {                mutations.forEach( ( mutation ) => {                    if ( mutation.type === 'attributes' && visibilityTestDiv.offsetParent !== null ) {                        debouncedTriggerPostRender();                        observer.disconnect();                    }                });            });            observer.observe( document.body, {                attributes: true,                childList: false,                subtree: true,                attributeFilter: [ 'style', 'class' ],            });        } else {            triggerPostRender();        }    } );} ); \n\/* ]]> *\/\n<\/script>\n\n<\/div>\n","protected":false},"excerpt":{"rendered":"Est\u00e1 na altura de come\u00e7ar a automatizar a monitoriza\u00e7\u00e3o e os relat\u00f3rios de backups! \ud83c\udf89 O plano Standard do Bocada Cloud \u00e9 uma conta GRATUITA (at\u00e9 25 recursos monitorizados) com pre\u00e7os &#8220;pay-as-you-go&#8221; quando ultrapassa os 25 recursos. Inclui uma avalia\u00e7\u00e3o gratuita de 30 dias para que possas experimentar o Bocada Cloud com qualquer n\u00famero de&#8230; <a class=\"view-article\" href=\"https:\/\/www.bocada.com\/pt\/comeca-a-utilizar-o-bocada-cloud-copy\/\">Ver artigo<\/a>","protected":false},"author":8,"featured_media":7784,"parent":0,"menu_order":0,"comment_status":"closed","ping_status":"closed","template":"page-thank-you.php","meta":{"_acf_changed":false,"content-type":"","inline_featured_image":false,"ngg_post_thumbnail":0,"footnotes":""},"class_list":["post-8805","page","type-page","status-publish","has-post-thumbnail","hentry"],"acf":[],"yoast_head":"<!-- This site is optimized with the Yoast SEO plugin v22.8 - https:\/\/yoast.com\/wordpress\/plugins\/seo\/ -->\n<title>Come\u00e7a a utilizar o Bocada Cloud - Bocada<\/title>\n<meta name=\"description\" content=\"Simplifica a prote\u00e7\u00e3o de dados com a Bocada Cloud. Solicita a tua conta hoje para simplificar a monitoriza\u00e7\u00e3o de c\u00f3pias de seguran\u00e7a, garantir a conformidade e aumentar a efici\u00eancia operacional.\" \/>\n<meta name=\"robots\" content=\"index, follow, max-snippet:-1, max-image-preview:large, max-video-preview:-1\" \/>\n<link rel=\"canonical\" href=\"https:\/\/www.bocada.com\/pt\/comeca-a-utilizar-o-bocada-cloud-copy\/\" \/>\n<meta property=\"og:locale\" content=\"pt_BR\" \/>\n<meta property=\"og:type\" content=\"article\" \/>\n<meta property=\"og:title\" content=\"Come\u00e7a a utilizar o Bocada Cloud - Bocada\" \/>\n<meta property=\"og:description\" content=\"Simplifica a prote\u00e7\u00e3o de dados com a Bocada Cloud. Solicita a tua conta hoje para simplificar a monitoriza\u00e7\u00e3o de c\u00f3pias de seguran\u00e7a, garantir a conformidade e aumentar a efici\u00eancia operacional.\" \/>\n<meta property=\"og:url\" content=\"https:\/\/www.bocada.com\/pt\/comeca-a-utilizar-o-bocada-cloud-copy\/\" \/>\n<meta property=\"og:site_name\" content=\"Bocada\" \/>\n<meta property=\"article:modified_time\" content=\"2025-02-12T20:45:41+00:00\" \/>\n<meta property=\"og:image\" content=\"https:\/\/www.bocada.com\/wp-content\/uploads\/2023\/07\/Blog-background-2.png\" \/>\n\t<meta property=\"og:image:width\" content=\"800\" \/>\n\t<meta property=\"og:image:height\" content=\"533\" \/>\n\t<meta property=\"og:image:type\" content=\"image\/png\" \/>\n<meta name=\"twitter:card\" content=\"summary_large_image\" \/>\n<script type=\"application\/ld+json\" class=\"yoast-schema-graph\">{\"@context\":\"https:\/\/schema.org\",\"@graph\":[{\"@type\":\"WebPage\",\"@id\":\"https:\/\/www.bocada.com\/pt\/comeca-a-utilizar-o-bocada-cloud-copy\/\",\"url\":\"https:\/\/www.bocada.com\/pt\/comeca-a-utilizar-o-bocada-cloud-copy\/\",\"name\":\"Come\u00e7a a utilizar o Bocada Cloud - Bocada\",\"isPartOf\":{\"@id\":\"https:\/\/www.bocada.com\/pt\/#website\"},\"primaryImageOfPage\":{\"@id\":\"https:\/\/www.bocada.com\/pt\/comeca-a-utilizar-o-bocada-cloud-copy\/#primaryimage\"},\"image\":{\"@id\":\"https:\/\/www.bocada.com\/pt\/comeca-a-utilizar-o-bocada-cloud-copy\/#primaryimage\"},\"thumbnailUrl\":\"https:\/\/www.bocada.com\/wp-content\/uploads\/2023\/07\/Blog-background-2.png\",\"datePublished\":\"2025-02-12T20:15:42+00:00\",\"dateModified\":\"2025-02-12T20:45:41+00:00\",\"description\":\"Simplifica a prote\u00e7\u00e3o de dados com a Bocada Cloud. Solicita a tua conta hoje para simplificar a monitoriza\u00e7\u00e3o de c\u00f3pias de seguran\u00e7a, garantir a conformidade e aumentar a efici\u00eancia operacional.\",\"breadcrumb\":{\"@id\":\"https:\/\/www.bocada.com\/pt\/comeca-a-utilizar-o-bocada-cloud-copy\/#breadcrumb\"},\"inLanguage\":\"pt-BR\",\"potentialAction\":[{\"@type\":\"ReadAction\",\"target\":[\"https:\/\/www.bocada.com\/pt\/comeca-a-utilizar-o-bocada-cloud-copy\/\"]}]},{\"@type\":\"ImageObject\",\"inLanguage\":\"pt-BR\",\"@id\":\"https:\/\/www.bocada.com\/pt\/comeca-a-utilizar-o-bocada-cloud-copy\/#primaryimage\",\"url\":\"https:\/\/www.bocada.com\/wp-content\/uploads\/2023\/07\/Blog-background-2.png\",\"contentUrl\":\"https:\/\/www.bocada.com\/wp-content\/uploads\/2023\/07\/Blog-background-2.png\",\"width\":800,\"height\":533,\"caption\":\"Blog Background\"},{\"@type\":\"BreadcrumbList\",\"@id\":\"https:\/\/www.bocada.com\/pt\/comeca-a-utilizar-o-bocada-cloud-copy\/#breadcrumb\",\"itemListElement\":[{\"@type\":\"ListItem\",\"position\":1,\"name\":\"Bocada\",\"item\":\"https:\/\/www.bocada.com\/pt\/\"},{\"@type\":\"ListItem\",\"position\":2,\"name\":\"Come\u00e7a a utilizar o Bocada Cloud\"}]},{\"@type\":\"WebSite\",\"@id\":\"https:\/\/www.bocada.com\/pt\/#website\",\"url\":\"https:\/\/www.bocada.com\/pt\/\",\"name\":\"Bocada\",\"description\":\"Automated Backup Monitoring &amp; Reporting\",\"potentialAction\":[{\"@type\":\"SearchAction\",\"target\":{\"@type\":\"EntryPoint\",\"urlTemplate\":\"https:\/\/www.bocada.com\/pt\/?s={search_term_string}\"},\"query-input\":\"required name=search_term_string\"}],\"inLanguage\":\"pt-BR\"}]}<\/script>\n<!-- \/ Yoast SEO plugin. -->","yoast_head_json":{"title":"Come\u00e7a a utilizar o Bocada Cloud - Bocada","description":"Simplifica a prote\u00e7\u00e3o de dados com a Bocada Cloud. Solicita a tua conta hoje para simplificar a monitoriza\u00e7\u00e3o de c\u00f3pias de seguran\u00e7a, garantir a conformidade e aumentar a efici\u00eancia operacional.","robots":{"index":"index","follow":"follow","max-snippet":"max-snippet:-1","max-image-preview":"max-image-preview:large","max-video-preview":"max-video-preview:-1"},"canonical":"https:\/\/www.bocada.com\/pt\/comeca-a-utilizar-o-bocada-cloud-copy\/","og_locale":"pt_BR","og_type":"article","og_title":"Come\u00e7a a utilizar o Bocada Cloud - Bocada","og_description":"Simplifica a prote\u00e7\u00e3o de dados com a Bocada Cloud. Solicita a tua conta hoje para simplificar a monitoriza\u00e7\u00e3o de c\u00f3pias de seguran\u00e7a, garantir a conformidade e aumentar a efici\u00eancia operacional.","og_url":"https:\/\/www.bocada.com\/pt\/comeca-a-utilizar-o-bocada-cloud-copy\/","og_site_name":"Bocada","article_modified_time":"2025-02-12T20:45:41+00:00","og_image":[{"width":800,"height":533,"url":"https:\/\/www.bocada.com\/wp-content\/uploads\/2023\/07\/Blog-background-2.png","type":"image\/png"}],"twitter_card":"summary_large_image","schema":{"@context":"https:\/\/schema.org","@graph":[{"@type":"WebPage","@id":"https:\/\/www.bocada.com\/pt\/comeca-a-utilizar-o-bocada-cloud-copy\/","url":"https:\/\/www.bocada.com\/pt\/comeca-a-utilizar-o-bocada-cloud-copy\/","name":"Come\u00e7a a utilizar o Bocada Cloud - Bocada","isPartOf":{"@id":"https:\/\/www.bocada.com\/pt\/#website"},"primaryImageOfPage":{"@id":"https:\/\/www.bocada.com\/pt\/comeca-a-utilizar-o-bocada-cloud-copy\/#primaryimage"},"image":{"@id":"https:\/\/www.bocada.com\/pt\/comeca-a-utilizar-o-bocada-cloud-copy\/#primaryimage"},"thumbnailUrl":"https:\/\/www.bocada.com\/wp-content\/uploads\/2023\/07\/Blog-background-2.png","datePublished":"2025-02-12T20:15:42+00:00","dateModified":"2025-02-12T20:45:41+00:00","description":"Simplifica a prote\u00e7\u00e3o de dados com a Bocada Cloud. Solicita a tua conta hoje para simplificar a monitoriza\u00e7\u00e3o de c\u00f3pias de seguran\u00e7a, garantir a conformidade e aumentar a efici\u00eancia operacional.","breadcrumb":{"@id":"https:\/\/www.bocada.com\/pt\/comeca-a-utilizar-o-bocada-cloud-copy\/#breadcrumb"},"inLanguage":"pt-BR","potentialAction":[{"@type":"ReadAction","target":["https:\/\/www.bocada.com\/pt\/comeca-a-utilizar-o-bocada-cloud-copy\/"]}]},{"@type":"ImageObject","inLanguage":"pt-BR","@id":"https:\/\/www.bocada.com\/pt\/comeca-a-utilizar-o-bocada-cloud-copy\/#primaryimage","url":"https:\/\/www.bocada.com\/wp-content\/uploads\/2023\/07\/Blog-background-2.png","contentUrl":"https:\/\/www.bocada.com\/wp-content\/uploads\/2023\/07\/Blog-background-2.png","width":800,"height":533,"caption":"Blog Background"},{"@type":"BreadcrumbList","@id":"https:\/\/www.bocada.com\/pt\/comeca-a-utilizar-o-bocada-cloud-copy\/#breadcrumb","itemListElement":[{"@type":"ListItem","position":1,"name":"Bocada","item":"https:\/\/www.bocada.com\/pt\/"},{"@type":"ListItem","position":2,"name":"Come\u00e7a a utilizar o Bocada Cloud"}]},{"@type":"WebSite","@id":"https:\/\/www.bocada.com\/pt\/#website","url":"https:\/\/www.bocada.com\/pt\/","name":"Bocada","description":"Automated Backup Monitoring &amp; Reporting","potentialAction":[{"@type":"SearchAction","target":{"@type":"EntryPoint","urlTemplate":"https:\/\/www.bocada.com\/pt\/?s={search_term_string}"},"query-input":"required name=search_term_string"}],"inLanguage":"pt-BR"}]}},"_links":{"self":[{"href":"https:\/\/www.bocada.com\/pt\/wp-json\/wp\/v2\/pages\/8805","targetHints":{"allow":["GET"]}}],"collection":[{"href":"https:\/\/www.bocada.com\/pt\/wp-json\/wp\/v2\/pages"}],"about":[{"href":"https:\/\/www.bocada.com\/pt\/wp-json\/wp\/v2\/types\/page"}],"author":[{"embeddable":true,"href":"https:\/\/www.bocada.com\/pt\/wp-json\/wp\/v2\/users\/8"}],"replies":[{"embeddable":true,"href":"https:\/\/www.bocada.com\/pt\/wp-json\/wp\/v2\/comments?post=8805"}],"version-history":[{"count":0,"href":"https:\/\/www.bocada.com\/pt\/wp-json\/wp\/v2\/pages\/8805\/revisions"}],"wp:featuredmedia":[{"embeddable":true,"href":"https:\/\/www.bocada.com\/pt\/wp-json\/wp\/v2\/media\/7784"}],"wp:attachment":[{"href":"https:\/\/www.bocada.com\/pt\/wp-json\/wp\/v2\/media?parent=8805"}],"curies":[{"name":"wp","href":"https:\/\/api.w.org\/{rel}","templated":true}]}}