{"id":8722,"date":"2025-02-06T14:01:39","date_gmt":"2025-02-06T22:01:39","guid":{"rendered":"https:\/\/www.bocada.com\/nossa-empresa\/teste-de-carreira\/"},"modified":"2025-02-06T14:01:44","modified_gmt":"2025-02-06T22:01:44","slug":"teste-de-carreira","status":"publish","type":"page","link":"https:\/\/www.bocada.com\/pt\/nossa-empresa\/teste-de-carreira\/","title":{"rendered":"Teste de carreira"},"content":{"rendered":"<div class=\"wpb-content-wrapper\"><p>[vc_row el_class=&#8221;BgPadding&#8221;][vc_column][vc_row_inner][vc_column_inner][vc_raw_html]PHNjcmlwdCB0eXBlPSJ0ZXh0L2phdmFzY3JpcHQiIHNyYz0iaHR0cHM6Ly9hcHAuamF6ei5jby93aWRnZXRzL2Jhc2ljL2NyZWF0ZS9ib2NhZGFsbGMiIGNoYXJzZXQ9InV0Zi04Ij48L3NjcmlwdD4=[\/vc_raw_html][\/vc_column_inner][\/vc_row_inner][\/vc_column][\/vc_row]<\/p>\n<\/div>","protected":false},"excerpt":{"rendered":"[vc_row el_class=&#8221;BgPadding&#8221;][vc_column][vc_row_inner][vc_column_inner][vc_raw_html]PHNjcmlwdCB0eXBlPSJ0ZXh0L2phdmFzY3JpcHQiIHNyYz0iaHR0cHM6Ly9hcHAuamF6ei5jby93aWRnZXRzL2Jhc2ljL2NyZWF0ZS9ib2NhZGFsbGMiIGNoYXJzZXQ9InV0Zi04Ij48L3NjcmlwdD4=[\/vc_raw_html][\/vc_column_inner][\/vc_row_inner][\/vc_column][\/vc_row]","protected":false},"author":2,"featured_media":5616,"parent":5733,"menu_order":10,"comment_status":"closed","ping_status":"closed","template":"page-hero.php","meta":{"_acf_changed":false,"content-type":"","inline_featured_image":false,"ngg_post_thumbnail":0,"footnotes":""},"class_list":["post-8722","page","type-page","status-publish","has-post-thumbnail","hentry"],"acf":[],"yoast_head":"<!-- This site is optimized with the Yoast SEO plugin v22.8 - https:\/\/yoast.com\/wordpress\/plugins\/seo\/ -->\n<title>Teste de carreira - Bocada<\/title>\n<meta name=\"description\" content=\"Conhece as fun\u00e7\u00f5es mais recentes que procuramos e junta-te a uma equipa que se preocupa com a prote\u00e7\u00e3o de dados cr\u00edticos em todo o mundo.\" \/>\n<meta name=\"robots\" content=\"noindex, nofollow\" \/>\n<meta property=\"og:locale\" content=\"pt_BR\" \/>\n<meta property=\"og:type\" content=\"article\" \/>\n<meta property=\"og:title\" content=\"Teste de carreira - Bocada\" \/>\n<meta property=\"og:description\" content=\"Conhece as fun\u00e7\u00f5es mais recentes que procuramos e junta-te a uma equipa que se preocupa com a prote\u00e7\u00e3o de dados cr\u00edticos em todo o mundo.\" \/>\n<meta property=\"og:url\" content=\"https:\/\/www.bocada.com\/pt\/nossa-empresa\/teste-de-carreira\/\" \/>\n<meta property=\"og:site_name\" content=\"Bocada\" \/>\n<meta property=\"article:modified_time\" content=\"2025-02-06T22:01:44+00:00\" \/>\n<meta property=\"og:image\" content=\"https:\/\/www.bocada.com\/wp-content\/uploads\/2018\/10\/operations-header.jpg\" \/>\n\t<meta property=\"og:image:width\" content=\"1680\" \/>\n\t<meta property=\"og:image:height\" content=\"550\" \/>\n\t<meta property=\"og:image:type\" content=\"image\/jpeg\" \/>\n<meta name=\"twitter:card\" content=\"summary_large_image\" \/>\n<script type=\"application\/ld+json\" class=\"yoast-schema-graph\">{\"@context\":\"https:\/\/schema.org\",\"@graph\":[{\"@type\":\"WebPage\",\"@id\":\"https:\/\/www.bocada.com\/pt\/nossa-empresa\/teste-de-carreira\/\",\"url\":\"https:\/\/www.bocada.com\/pt\/nossa-empresa\/teste-de-carreira\/\",\"name\":\"Teste de carreira - Bocada\",\"isPartOf\":{\"@id\":\"https:\/\/www.bocada.com\/pt\/#website\"},\"primaryImageOfPage\":{\"@id\":\"https:\/\/www.bocada.com\/pt\/nossa-empresa\/teste-de-carreira\/#primaryimage\"},\"image\":{\"@id\":\"https:\/\/www.bocada.com\/pt\/nossa-empresa\/teste-de-carreira\/#primaryimage\"},\"thumbnailUrl\":\"https:\/\/www.bocada.com\/wp-content\/uploads\/2018\/10\/operations-header.jpg\",\"datePublished\":\"2025-02-06T22:01:39+00:00\",\"dateModified\":\"2025-02-06T22:01:44+00:00\",\"description\":\"Conhece as fun\u00e7\u00f5es mais recentes que procuramos e junta-te a uma equipa que se preocupa com a prote\u00e7\u00e3o de dados cr\u00edticos em todo o mundo.\",\"breadcrumb\":{\"@id\":\"https:\/\/www.bocada.com\/pt\/nossa-empresa\/teste-de-carreira\/#breadcrumb\"},\"inLanguage\":\"pt-BR\",\"potentialAction\":[{\"@type\":\"ReadAction\",\"target\":[\"https:\/\/www.bocada.com\/pt\/nossa-empresa\/teste-de-carreira\/\"]}]},{\"@type\":\"ImageObject\",\"inLanguage\":\"pt-BR\",\"@id\":\"https:\/\/www.bocada.com\/pt\/nossa-empresa\/teste-de-carreira\/#primaryimage\",\"url\":\"https:\/\/www.bocada.com\/wp-content\/uploads\/2018\/10\/operations-header.jpg\",\"contentUrl\":\"https:\/\/www.bocada.com\/wp-content\/uploads\/2018\/10\/operations-header.jpg\",\"width\":1680,\"height\":550,\"caption\":\"Backup Operations Monitoring & Reporting\"},{\"@type\":\"BreadcrumbList\",\"@id\":\"https:\/\/www.bocada.com\/pt\/nossa-empresa\/teste-de-carreira\/#breadcrumb\",\"itemListElement\":[{\"@type\":\"ListItem\",\"position\":1,\"name\":\"Bocada\",\"item\":\"https:\/\/www.bocada.com\/pt\/\"},{\"@type\":\"ListItem\",\"position\":2,\"name\":\"Nossa Empresa\",\"item\":\"https:\/\/www.bocada.com\/pt\/nossa-empresa\/\"},{\"@type\":\"ListItem\",\"position\":3,\"name\":\"Teste de carreira\"}]},{\"@type\":\"WebSite\",\"@id\":\"https:\/\/www.bocada.com\/pt\/#website\",\"url\":\"https:\/\/www.bocada.com\/pt\/\",\"name\":\"Bocada\",\"description\":\"Automated Backup Monitoring &amp; Reporting\",\"potentialAction\":[{\"@type\":\"SearchAction\",\"target\":{\"@type\":\"EntryPoint\",\"urlTemplate\":\"https:\/\/www.bocada.com\/pt\/?s={search_term_string}\"},\"query-input\":\"required name=search_term_string\"}],\"inLanguage\":\"pt-BR\"}]}<\/script>\n<!-- \/ Yoast SEO plugin. -->","yoast_head_json":{"title":"Teste de carreira - Bocada","description":"Conhece as fun\u00e7\u00f5es mais recentes que procuramos e junta-te a uma equipa que se preocupa com a prote\u00e7\u00e3o de dados cr\u00edticos em todo o mundo.","robots":{"index":"noindex","follow":"nofollow"},"og_locale":"pt_BR","og_type":"article","og_title":"Teste de carreira - Bocada","og_description":"Conhece as fun\u00e7\u00f5es mais recentes que procuramos e junta-te a uma equipa que se preocupa com a prote\u00e7\u00e3o de dados cr\u00edticos em todo o mundo.","og_url":"https:\/\/www.bocada.com\/pt\/nossa-empresa\/teste-de-carreira\/","og_site_name":"Bocada","article_modified_time":"2025-02-06T22:01:44+00:00","og_image":[{"width":1680,"height":550,"url":"https:\/\/www.bocada.com\/wp-content\/uploads\/2018\/10\/operations-header.jpg","type":"image\/jpeg"}],"twitter_card":"summary_large_image","schema":{"@context":"https:\/\/schema.org","@graph":[{"@type":"WebPage","@id":"https:\/\/www.bocada.com\/pt\/nossa-empresa\/teste-de-carreira\/","url":"https:\/\/www.bocada.com\/pt\/nossa-empresa\/teste-de-carreira\/","name":"Teste de carreira - Bocada","isPartOf":{"@id":"https:\/\/www.bocada.com\/pt\/#website"},"primaryImageOfPage":{"@id":"https:\/\/www.bocada.com\/pt\/nossa-empresa\/teste-de-carreira\/#primaryimage"},"image":{"@id":"https:\/\/www.bocada.com\/pt\/nossa-empresa\/teste-de-carreira\/#primaryimage"},"thumbnailUrl":"https:\/\/www.bocada.com\/wp-content\/uploads\/2018\/10\/operations-header.jpg","datePublished":"2025-02-06T22:01:39+00:00","dateModified":"2025-02-06T22:01:44+00:00","description":"Conhece as fun\u00e7\u00f5es mais recentes que procuramos e junta-te a uma equipa que se preocupa com a prote\u00e7\u00e3o de dados cr\u00edticos em todo o mundo.","breadcrumb":{"@id":"https:\/\/www.bocada.com\/pt\/nossa-empresa\/teste-de-carreira\/#breadcrumb"},"inLanguage":"pt-BR","potentialAction":[{"@type":"ReadAction","target":["https:\/\/www.bocada.com\/pt\/nossa-empresa\/teste-de-carreira\/"]}]},{"@type":"ImageObject","inLanguage":"pt-BR","@id":"https:\/\/www.bocada.com\/pt\/nossa-empresa\/teste-de-carreira\/#primaryimage","url":"https:\/\/www.bocada.com\/wp-content\/uploads\/2018\/10\/operations-header.jpg","contentUrl":"https:\/\/www.bocada.com\/wp-content\/uploads\/2018\/10\/operations-header.jpg","width":1680,"height":550,"caption":"Backup Operations Monitoring & Reporting"},{"@type":"BreadcrumbList","@id":"https:\/\/www.bocada.com\/pt\/nossa-empresa\/teste-de-carreira\/#breadcrumb","itemListElement":[{"@type":"ListItem","position":1,"name":"Bocada","item":"https:\/\/www.bocada.com\/pt\/"},{"@type":"ListItem","position":2,"name":"Nossa Empresa","item":"https:\/\/www.bocada.com\/pt\/nossa-empresa\/"},{"@type":"ListItem","position":3,"name":"Teste de carreira"}]},{"@type":"WebSite","@id":"https:\/\/www.bocada.com\/pt\/#website","url":"https:\/\/www.bocada.com\/pt\/","name":"Bocada","description":"Automated Backup Monitoring &amp; Reporting","potentialAction":[{"@type":"SearchAction","target":{"@type":"EntryPoint","urlTemplate":"https:\/\/www.bocada.com\/pt\/?s={search_term_string}"},"query-input":"required name=search_term_string"}],"inLanguage":"pt-BR"}]}},"_links":{"self":[{"href":"https:\/\/www.bocada.com\/pt\/wp-json\/wp\/v2\/pages\/8722","targetHints":{"allow":["GET"]}}],"collection":[{"href":"https:\/\/www.bocada.com\/pt\/wp-json\/wp\/v2\/pages"}],"about":[{"href":"https:\/\/www.bocada.com\/pt\/wp-json\/wp\/v2\/types\/page"}],"author":[{"embeddable":true,"href":"https:\/\/www.bocada.com\/pt\/wp-json\/wp\/v2\/users\/2"}],"replies":[{"embeddable":true,"href":"https:\/\/www.bocada.com\/pt\/wp-json\/wp\/v2\/comments?post=8722"}],"version-history":[{"count":0,"href":"https:\/\/www.bocada.com\/pt\/wp-json\/wp\/v2\/pages\/8722\/revisions"}],"up":[{"embeddable":true,"href":"https:\/\/www.bocada.com\/pt\/wp-json\/wp\/v2\/pages\/5733"}],"wp:featuredmedia":[{"embeddable":true,"href":"https:\/\/www.bocada.com\/pt\/wp-json\/wp\/v2\/media\/5616"}],"wp:attachment":[{"href":"https:\/\/www.bocada.com\/pt\/wp-json\/wp\/v2\/media?parent=8722"}],"curies":[{"name":"wp","href":"https:\/\/api.w.org\/{rel}","templated":true}]}}