{"id":8720,"date":"2025-02-06T13:53:17","date_gmt":"2025-02-06T21:53:17","guid":{"rendered":"https:\/\/www.bocada.com\/txt-de-analise\/"},"modified":"2025-02-06T13:53:17","modified_gmt":"2025-02-06T21:53:17","slug":"txt-de-analise","status":"publish","type":"page","link":"https:\/\/www.bocada.com\/pt\/txt-de-analise\/","title":{"rendered":"Txt de an\u00e1lise"},"content":{"rendered":"<p>GooGhywoiu9839t543j0s7543uw1. Adiciona laura.troyani@gmail.com \u00e0 conta GA {UA-82179936-1} com permiss\u00f5es de &#8220;Gerir Utilizadores e Editar&#8221; &#8211; data {14 de dezembro de 2018}.<\/p>\n<p><a href=\"https:\/\/www.bocada.com\/wp-content\/uploads\/2018\/12\/Analytics-txt.txt\">Anal\u00edtica txt<\/a><\/p>\n","protected":false},"excerpt":{"rendered":"GooGhywoiu9839t543j0s7543uw1. Adiciona laura.troyani@gmail.com \u00e0 conta GA {UA-82179936-1} com permiss\u00f5es de &#8220;Gerir Utilizadores e Editar&#8221; &#8211; data {14 de dezembro de 2018}. Anal\u00edtica txt","protected":false},"author":2,"featured_media":0,"parent":0,"menu_order":0,"comment_status":"closed","ping_status":"closed","template":"","meta":{"_acf_changed":false,"content-type":"","inline_featured_image":false,"ngg_post_thumbnail":0,"footnotes":""},"class_list":["post-8720","page","type-page","status-publish","hentry"],"acf":[],"yoast_head":"<!-- This site is optimized with the Yoast SEO plugin v22.8 - https:\/\/yoast.com\/wordpress\/plugins\/seo\/ -->\n<title>analisa.txt<\/title>\n<meta name=\"description\" content=\"Anal\u00edtica\" \/>\n<meta name=\"robots\" content=\"index, follow, max-snippet:-1, max-image-preview:large, max-video-preview:-1\" \/>\n<link rel=\"canonical\" href=\"https:\/\/www.bocada.com\/pt\/txt-de-analise\/\" \/>\n<meta property=\"og:locale\" content=\"pt_BR\" \/>\n<meta property=\"og:type\" content=\"article\" \/>\n<meta property=\"og:title\" content=\"analisa.txt\" \/>\n<meta property=\"og:description\" content=\"Anal\u00edtica\" \/>\n<meta property=\"og:url\" content=\"https:\/\/www.bocada.com\/pt\/txt-de-analise\/\" \/>\n<meta property=\"og:site_name\" content=\"Bocada\" \/>\n<meta name=\"twitter:card\" content=\"summary_large_image\" \/>\n<script type=\"application\/ld+json\" class=\"yoast-schema-graph\">{\"@context\":\"https:\/\/schema.org\",\"@graph\":[{\"@type\":\"WebPage\",\"@id\":\"https:\/\/www.bocada.com\/pt\/txt-de-analise\/\",\"url\":\"https:\/\/www.bocada.com\/pt\/txt-de-analise\/\",\"name\":\"analisa.txt\",\"isPartOf\":{\"@id\":\"https:\/\/www.bocada.com\/pt\/#website\"},\"datePublished\":\"2025-02-06T21:53:17+00:00\",\"dateModified\":\"2025-02-06T21:53:17+00:00\",\"description\":\"Anal\u00edtica\",\"breadcrumb\":{\"@id\":\"https:\/\/www.bocada.com\/pt\/txt-de-analise\/#breadcrumb\"},\"inLanguage\":\"pt-BR\",\"potentialAction\":[{\"@type\":\"ReadAction\",\"target\":[\"https:\/\/www.bocada.com\/pt\/txt-de-analise\/\"]}]},{\"@type\":\"BreadcrumbList\",\"@id\":\"https:\/\/www.bocada.com\/pt\/txt-de-analise\/#breadcrumb\",\"itemListElement\":[{\"@type\":\"ListItem\",\"position\":1,\"name\":\"Bocada\",\"item\":\"https:\/\/www.bocada.com\/pt\/\"},{\"@type\":\"ListItem\",\"position\":2,\"name\":\"Txt de an\u00e1lise\"}]},{\"@type\":\"WebSite\",\"@id\":\"https:\/\/www.bocada.com\/pt\/#website\",\"url\":\"https:\/\/www.bocada.com\/pt\/\",\"name\":\"Bocada\",\"description\":\"Automated Backup Monitoring &amp; Reporting\",\"potentialAction\":[{\"@type\":\"SearchAction\",\"target\":{\"@type\":\"EntryPoint\",\"urlTemplate\":\"https:\/\/www.bocada.com\/pt\/?s={search_term_string}\"},\"query-input\":\"required name=search_term_string\"}],\"inLanguage\":\"pt-BR\"}]}<\/script>\n<!-- \/ Yoast SEO plugin. -->","yoast_head_json":{"title":"analisa.txt","description":"Anal\u00edtica","robots":{"index":"index","follow":"follow","max-snippet":"max-snippet:-1","max-image-preview":"max-image-preview:large","max-video-preview":"max-video-preview:-1"},"canonical":"https:\/\/www.bocada.com\/pt\/txt-de-analise\/","og_locale":"pt_BR","og_type":"article","og_title":"analisa.txt","og_description":"Anal\u00edtica","og_url":"https:\/\/www.bocada.com\/pt\/txt-de-analise\/","og_site_name":"Bocada","twitter_card":"summary_large_image","schema":{"@context":"https:\/\/schema.org","@graph":[{"@type":"WebPage","@id":"https:\/\/www.bocada.com\/pt\/txt-de-analise\/","url":"https:\/\/www.bocada.com\/pt\/txt-de-analise\/","name":"analisa.txt","isPartOf":{"@id":"https:\/\/www.bocada.com\/pt\/#website"},"datePublished":"2025-02-06T21:53:17+00:00","dateModified":"2025-02-06T21:53:17+00:00","description":"Anal\u00edtica","breadcrumb":{"@id":"https:\/\/www.bocada.com\/pt\/txt-de-analise\/#breadcrumb"},"inLanguage":"pt-BR","potentialAction":[{"@type":"ReadAction","target":["https:\/\/www.bocada.com\/pt\/txt-de-analise\/"]}]},{"@type":"BreadcrumbList","@id":"https:\/\/www.bocada.com\/pt\/txt-de-analise\/#breadcrumb","itemListElement":[{"@type":"ListItem","position":1,"name":"Bocada","item":"https:\/\/www.bocada.com\/pt\/"},{"@type":"ListItem","position":2,"name":"Txt de an\u00e1lise"}]},{"@type":"WebSite","@id":"https:\/\/www.bocada.com\/pt\/#website","url":"https:\/\/www.bocada.com\/pt\/","name":"Bocada","description":"Automated Backup Monitoring &amp; Reporting","potentialAction":[{"@type":"SearchAction","target":{"@type":"EntryPoint","urlTemplate":"https:\/\/www.bocada.com\/pt\/?s={search_term_string}"},"query-input":"required name=search_term_string"}],"inLanguage":"pt-BR"}]}},"_links":{"self":[{"href":"https:\/\/www.bocada.com\/pt\/wp-json\/wp\/v2\/pages\/8720","targetHints":{"allow":["GET"]}}],"collection":[{"href":"https:\/\/www.bocada.com\/pt\/wp-json\/wp\/v2\/pages"}],"about":[{"href":"https:\/\/www.bocada.com\/pt\/wp-json\/wp\/v2\/types\/page"}],"author":[{"embeddable":true,"href":"https:\/\/www.bocada.com\/pt\/wp-json\/wp\/v2\/users\/2"}],"replies":[{"embeddable":true,"href":"https:\/\/www.bocada.com\/pt\/wp-json\/wp\/v2\/comments?post=8720"}],"version-history":[{"count":0,"href":"https:\/\/www.bocada.com\/pt\/wp-json\/wp\/v2\/pages\/8720\/revisions"}],"wp:attachment":[{"href":"https:\/\/www.bocada.com\/pt\/wp-json\/wp\/v2\/media?parent=8720"}],"curies":[{"name":"wp","href":"https:\/\/api.w.org\/{rel}","templated":true}]}}