{"id":5772,"date":"2021-03-25T15:00:15","date_gmt":"2021-03-25T22:00:15","guid":{"rendered":"https:\/\/www.bocada.com\/nossa-empresa\/noticia-y-blog\/"},"modified":"2022-12-15T14:21:12","modified_gmt":"2022-12-15T22:21:12","slug":"noticia-y-blog","status":"publish","type":"page","link":"https:\/\/www.bocada.com\/pt\/nossa-empresa\/noticia-y-blog\/","title":{"rendered":"Not\u00edcia y Blog"},"content":{"rendered":"<div class=\"wpb-content-wrapper\"><p>[vc_row][vc_column][vc_column_text]\t<div id=\"BocadaBlogWrapper\">\n\t\t<div id=\"BocadaBlogList\">\n\t\t\t<div id=\"BocadaBlogLoading\"><\/div>\n\t\t<\/div>\n\t<\/div>\n\t<script>\n\t\tlet blog_loading = false;\n\n\t\tjQuery(function() {\n\t\t\tload_bocada_posts(1);\n\t\t});\n\n\t\tfunction load_bocada_posts(start) {\n\t\t\tif (!blog_loading) {\n\t\t\t\tblog_loading = true;\n\n\t\t\t\tif (start > 1) {\n\t\t\t\t\tjQuery('#BocadaBlogMorePosts').fadeOut('fast', function() {\n\t\t\t\t\t\tjQuery('#BocadaBlogMorePosts').remove();\n\t\t\t\t\t\tjQuery('#BocadaBlogLoading').fadeIn('fast', function() {\n\t\t\t\t\t\t\tload_posts(start);\n\t\t\t\t\t\t});\n\t\t\t\t\t});\n\t\t\t\t} else {\n\t\t\t\t\tload_posts(1);\n\t\t\t\t}\n\t\t\t}\n\t\t}\n\n\t\tfunction load_posts(start) {\n\t\t\t\/\/ create query string\n\t\t\tlet QS = '&start=' + start + '&lang=pt';\n\n\t\t\t\/\/ do ajax call\n\t\t\tlet date = new Date();\n\t\t\tjQuery.ajax({\n\t\t\t\turl: '\/wp-content\/themes\/bocada\/ajax\/load_blog_posts.php?r=' + date.getTime() + QS,\n\t\t\t\ttype: 'GET',\n\t\t\t\tdataType: 'text',\n\t\t\t}).success(function (results) {\n\t\t\t\tjQuery('#BocadaBlogLoading').fadeOut('fast', function () {\n\t\t\t\t\tjQuery('#BocadaBlogLoading').remove();\n\t\t\t\t\tjQuery('#BocadaBlogList').append(results);\n\t\t\t\t});\n\t\t\t}).error(function (XMLHttpRequest, textStatus, errorThrown) {\n\t\t\t\tvar errorText = '<p>There was an error while loading more blog posts.  Please try again later.<\/p>';\n\t\t\t\tjQuery('#BocadaBlogLoading').fadeOut('fast', function () {\n\t\t\t\t\tjQuery('#BocadaBlogList').append(errorText);\n\t\t\t\t});\n\t\t\t}).always(function () {\n\t\t\t\tblog_loading = false;\n\t\t\t});\n\t\t}\n\t<\/script>[\/vc_column_text][\/vc_column][\/vc_row]<\/p>\n<\/div>","protected":false},"excerpt":{"rendered":"[vc_row][vc_column][vc_column_text][\/vc_column_text][\/vc_column][\/vc_row]","protected":false},"author":2,"featured_media":7784,"parent":5733,"menu_order":30,"comment_status":"closed","ping_status":"closed","template":"page-interior-default.php","meta":{"_acf_changed":false,"content-type":"","inline_featured_image":false,"ngg_post_thumbnail":0,"footnotes":""},"class_list":["post-5772","page","type-page","status-publish","has-post-thumbnail","hentry"],"acf":[],"yoast_head":"<!-- This site is optimized with the Yoast SEO plugin v22.8 - https:\/\/yoast.com\/wordpress\/plugins\/seo\/ -->\n<title>Blog da ind\u00fastria de prote\u00e7\u00e3o de dados e backup | Bocada<\/title>\n<meta name=\"description\" content=\"Leia as \u00faltimas not\u00edcias sobre backup e recupera\u00e7\u00e3o de dados enquanto se mant\u00e9m atualizado com os lan\u00e7amentos de produtos e recursos.\" \/>\n<meta name=\"robots\" content=\"index, follow, max-snippet:-1, max-image-preview:large, max-video-preview:-1\" \/>\n<link rel=\"canonical\" href=\"https:\/\/www.bocada.com\/pt\/nossa-empresa\/noticia-y-blog\/\" \/>\n<meta property=\"og:locale\" content=\"pt_BR\" \/>\n<meta property=\"og:type\" content=\"article\" \/>\n<meta property=\"og:title\" content=\"Blog da ind\u00fastria de prote\u00e7\u00e3o de dados e backup | Bocada\" \/>\n<meta property=\"og:description\" content=\"Leia as \u00faltimas not\u00edcias sobre backup e recupera\u00e7\u00e3o de dados enquanto se mant\u00e9m atualizado com os lan\u00e7amentos de produtos e recursos.\" \/>\n<meta property=\"og:url\" content=\"https:\/\/www.bocada.com\/pt\/nossa-empresa\/noticia-y-blog\/\" \/>\n<meta property=\"og:site_name\" content=\"Bocada\" \/>\n<meta property=\"article:modified_time\" content=\"2022-12-15T22:21:12+00:00\" \/>\n<meta property=\"og:image\" content=\"https:\/\/www.bocada.com\/wp-content\/uploads\/2018\/10\/Bocada-Blog-Backup-Reporting-News.jpg\" \/>\n\t<meta property=\"og:image:width\" content=\"1680\" \/>\n\t<meta property=\"og:image:height\" content=\"550\" \/>\n\t<meta property=\"og:image:type\" content=\"image\/jpeg\" \/>\n<meta name=\"twitter:card\" content=\"summary_large_image\" \/>\n<meta name=\"twitter:label1\" content=\"Est. tempo de leitura\" \/>\n\t<meta name=\"twitter:data1\" content=\"1 minuto\" \/>\n<script type=\"application\/ld+json\" class=\"yoast-schema-graph\">{\"@context\":\"https:\/\/schema.org\",\"@graph\":[{\"@type\":\"WebPage\",\"@id\":\"https:\/\/www.bocada.com\/pt\/nossa-empresa\/noticia-y-blog\/\",\"url\":\"https:\/\/www.bocada.com\/pt\/nossa-empresa\/noticia-y-blog\/\",\"name\":\"Blog da ind\u00fastria de prote\u00e7\u00e3o de dados e backup | Bocada\",\"isPartOf\":{\"@id\":\"https:\/\/www.bocada.com\/pt\/#website\"},\"primaryImageOfPage\":{\"@id\":\"https:\/\/www.bocada.com\/pt\/nossa-empresa\/noticia-y-blog\/#primaryimage\"},\"image\":{\"@id\":\"https:\/\/www.bocada.com\/pt\/nossa-empresa\/noticia-y-blog\/#primaryimage\"},\"thumbnailUrl\":\"https:\/\/www.bocada.com\/wp-content\/uploads\/2023\/07\/Blog-background-2.png\",\"datePublished\":\"2021-03-25T22:00:15+00:00\",\"dateModified\":\"2022-12-15T22:21:12+00:00\",\"description\":\"Leia as \u00faltimas not\u00edcias sobre backup e recupera\u00e7\u00e3o de dados enquanto se mant\u00e9m atualizado com os lan\u00e7amentos de produtos e recursos.\",\"breadcrumb\":{\"@id\":\"https:\/\/www.bocada.com\/pt\/nossa-empresa\/noticia-y-blog\/#breadcrumb\"},\"inLanguage\":\"pt-BR\",\"potentialAction\":[{\"@type\":\"ReadAction\",\"target\":[\"https:\/\/www.bocada.com\/pt\/nossa-empresa\/noticia-y-blog\/\"]}]},{\"@type\":\"ImageObject\",\"inLanguage\":\"pt-BR\",\"@id\":\"https:\/\/www.bocada.com\/pt\/nossa-empresa\/noticia-y-blog\/#primaryimage\",\"url\":\"https:\/\/www.bocada.com\/wp-content\/uploads\/2023\/07\/Blog-background-2.png\",\"contentUrl\":\"https:\/\/www.bocada.com\/wp-content\/uploads\/2023\/07\/Blog-background-2.png\",\"width\":800,\"height\":533,\"caption\":\"Blog Background\"},{\"@type\":\"BreadcrumbList\",\"@id\":\"https:\/\/www.bocada.com\/pt\/nossa-empresa\/noticia-y-blog\/#breadcrumb\",\"itemListElement\":[{\"@type\":\"ListItem\",\"position\":1,\"name\":\"Bocada\",\"item\":\"https:\/\/www.bocada.com\/pt\/\"},{\"@type\":\"ListItem\",\"position\":2,\"name\":\"Nossa Empresa\",\"item\":\"https:\/\/www.bocada.com\/pt\/nossa-empresa\/\"},{\"@type\":\"ListItem\",\"position\":3,\"name\":\"Not\u00edcia y Blog\"}]},{\"@type\":\"WebSite\",\"@id\":\"https:\/\/www.bocada.com\/pt\/#website\",\"url\":\"https:\/\/www.bocada.com\/pt\/\",\"name\":\"Bocada\",\"description\":\"Automated Backup Monitoring &amp; Reporting\",\"potentialAction\":[{\"@type\":\"SearchAction\",\"target\":{\"@type\":\"EntryPoint\",\"urlTemplate\":\"https:\/\/www.bocada.com\/pt\/?s={search_term_string}\"},\"query-input\":\"required name=search_term_string\"}],\"inLanguage\":\"pt-BR\"}]}<\/script>\n<!-- \/ Yoast SEO plugin. -->","yoast_head_json":{"title":"Blog da ind\u00fastria de prote\u00e7\u00e3o de dados e backup | Bocada","description":"Leia as \u00faltimas not\u00edcias sobre backup e recupera\u00e7\u00e3o de dados enquanto se mant\u00e9m atualizado com os lan\u00e7amentos de produtos e recursos.","robots":{"index":"index","follow":"follow","max-snippet":"max-snippet:-1","max-image-preview":"max-image-preview:large","max-video-preview":"max-video-preview:-1"},"canonical":"https:\/\/www.bocada.com\/pt\/nossa-empresa\/noticia-y-blog\/","og_locale":"pt_BR","og_type":"article","og_title":"Blog da ind\u00fastria de prote\u00e7\u00e3o de dados e backup | Bocada","og_description":"Leia as \u00faltimas not\u00edcias sobre backup e recupera\u00e7\u00e3o de dados enquanto se mant\u00e9m atualizado com os lan\u00e7amentos de produtos e recursos.","og_url":"https:\/\/www.bocada.com\/pt\/nossa-empresa\/noticia-y-blog\/","og_site_name":"Bocada","article_modified_time":"2022-12-15T22:21:12+00:00","og_image":[{"width":1680,"height":550,"url":"https:\/\/www.bocada.com\/wp-content\/uploads\/2018\/10\/Bocada-Blog-Backup-Reporting-News.jpg","type":"image\/jpeg"}],"twitter_card":"summary_large_image","twitter_misc":{"Est. tempo de leitura":"1 minuto"},"schema":{"@context":"https:\/\/schema.org","@graph":[{"@type":"WebPage","@id":"https:\/\/www.bocada.com\/pt\/nossa-empresa\/noticia-y-blog\/","url":"https:\/\/www.bocada.com\/pt\/nossa-empresa\/noticia-y-blog\/","name":"Blog da ind\u00fastria de prote\u00e7\u00e3o de dados e backup | Bocada","isPartOf":{"@id":"https:\/\/www.bocada.com\/pt\/#website"},"primaryImageOfPage":{"@id":"https:\/\/www.bocada.com\/pt\/nossa-empresa\/noticia-y-blog\/#primaryimage"},"image":{"@id":"https:\/\/www.bocada.com\/pt\/nossa-empresa\/noticia-y-blog\/#primaryimage"},"thumbnailUrl":"https:\/\/www.bocada.com\/wp-content\/uploads\/2023\/07\/Blog-background-2.png","datePublished":"2021-03-25T22:00:15+00:00","dateModified":"2022-12-15T22:21:12+00:00","description":"Leia as \u00faltimas not\u00edcias sobre backup e recupera\u00e7\u00e3o de dados enquanto se mant\u00e9m atualizado com os lan\u00e7amentos de produtos e recursos.","breadcrumb":{"@id":"https:\/\/www.bocada.com\/pt\/nossa-empresa\/noticia-y-blog\/#breadcrumb"},"inLanguage":"pt-BR","potentialAction":[{"@type":"ReadAction","target":["https:\/\/www.bocada.com\/pt\/nossa-empresa\/noticia-y-blog\/"]}]},{"@type":"ImageObject","inLanguage":"pt-BR","@id":"https:\/\/www.bocada.com\/pt\/nossa-empresa\/noticia-y-blog\/#primaryimage","url":"https:\/\/www.bocada.com\/wp-content\/uploads\/2023\/07\/Blog-background-2.png","contentUrl":"https:\/\/www.bocada.com\/wp-content\/uploads\/2023\/07\/Blog-background-2.png","width":800,"height":533,"caption":"Blog Background"},{"@type":"BreadcrumbList","@id":"https:\/\/www.bocada.com\/pt\/nossa-empresa\/noticia-y-blog\/#breadcrumb","itemListElement":[{"@type":"ListItem","position":1,"name":"Bocada","item":"https:\/\/www.bocada.com\/pt\/"},{"@type":"ListItem","position":2,"name":"Nossa Empresa","item":"https:\/\/www.bocada.com\/pt\/nossa-empresa\/"},{"@type":"ListItem","position":3,"name":"Not\u00edcia y Blog"}]},{"@type":"WebSite","@id":"https:\/\/www.bocada.com\/pt\/#website","url":"https:\/\/www.bocada.com\/pt\/","name":"Bocada","description":"Automated Backup Monitoring &amp; Reporting","potentialAction":[{"@type":"SearchAction","target":{"@type":"EntryPoint","urlTemplate":"https:\/\/www.bocada.com\/pt\/?s={search_term_string}"},"query-input":"required name=search_term_string"}],"inLanguage":"pt-BR"}]}},"_links":{"self":[{"href":"https:\/\/www.bocada.com\/pt\/wp-json\/wp\/v2\/pages\/5772","targetHints":{"allow":["GET"]}}],"collection":[{"href":"https:\/\/www.bocada.com\/pt\/wp-json\/wp\/v2\/pages"}],"about":[{"href":"https:\/\/www.bocada.com\/pt\/wp-json\/wp\/v2\/types\/page"}],"author":[{"embeddable":true,"href":"https:\/\/www.bocada.com\/pt\/wp-json\/wp\/v2\/users\/2"}],"replies":[{"embeddable":true,"href":"https:\/\/www.bocada.com\/pt\/wp-json\/wp\/v2\/comments?post=5772"}],"version-history":[{"count":0,"href":"https:\/\/www.bocada.com\/pt\/wp-json\/wp\/v2\/pages\/5772\/revisions"}],"up":[{"embeddable":true,"href":"https:\/\/www.bocada.com\/pt\/wp-json\/wp\/v2\/pages\/5733"}],"wp:featuredmedia":[{"embeddable":true,"href":"https:\/\/www.bocada.com\/pt\/wp-json\/wp\/v2\/media\/7784"}],"wp:attachment":[{"href":"https:\/\/www.bocada.com\/pt\/wp-json\/wp\/v2\/media?parent=5772"}],"curies":[{"name":"wp","href":"https:\/\/api.w.org\/{rel}","templated":true}]}}