{"id":5750,"date":"2021-03-25T12:30:54","date_gmt":"2021-03-25T19:30:54","guid":{"rendered":"https:\/\/www.bocada.com\/empresa\/carreiras\/"},"modified":"2025-02-06T14:01:44","modified_gmt":"2025-02-06T22:01:44","slug":"carreiras","status":"publish","type":"page","link":"https:\/\/www.bocada.com\/pt\/nossa-empresa\/carreiras\/","title":{"rendered":"Carreiras"},"content":{"rendered":"<div class=\"wpb-content-wrapper\"><p>[vc_row el_class=&#8221;BgPadding&#8221;][vc_column][vc_row_inner el_class=&#8221;BgSidePadding&#8221;][vc_column_inner][vc_custom_heading text=&#8221;Vagas actuais&#8221; font_container=&#8221;tag:h2|text_align:center&#8221; use_theme_fonts=&#8221;yes&#8221; el_class=&#8221;Lg&#8221;][vc_column_text]<\/p>\n<p style=\"text-align: center;\">V\u00ea todas as vagas actuais <a href=\"https:\/\/bocadallc.applytojob.com\/apply\">aqui<\/a>.<\/p>\n<p>[\/vc_column_text][\/vc_column_inner][\/vc_row_inner][\/vc_column][\/vc_row]<\/p>\n<\/div>","protected":false},"excerpt":{"rendered":"[vc_row el_class=&#8221;BgPadding&#8221;][vc_column][vc_row_inner el_class=&#8221;BgSidePadding&#8221;][vc_column_inner][vc_custom_heading text=&#8221;Vagas actuais&#8221; font_container=&#8221;tag:h2|text_align:center&#8221; use_theme_fonts=&#8221;yes&#8221; el_class=&#8221;Lg&#8221;][vc_column_text] V\u00ea todas as vagas actuais aqui. [\/vc_column_text][\/vc_column_inner][\/vc_row_inner][\/vc_column][\/vc_row]","protected":false},"author":2,"featured_media":5616,"parent":5733,"menu_order":10,"comment_status":"closed","ping_status":"closed","template":"page-hero.php","meta":{"_acf_changed":false,"content-type":"","inline_featured_image":false,"ngg_post_thumbnail":0,"footnotes":""},"class_list":["post-5750","page","type-page","status-publish","has-post-thumbnail","hentry"],"acf":[],"yoast_head":"<!-- This site is optimized with the Yoast SEO plugin v22.8 - https:\/\/yoast.com\/wordpress\/plugins\/seo\/ -->\n<title>Carreiras - Bocada<\/title>\n<meta name=\"description\" content=\"Conhece as fun\u00e7\u00f5es mais recentes que procuramos e junta-te a uma equipa que se preocupa com a prote\u00e7\u00e3o de dados cr\u00edticos em todo o mundo.\" \/>\n<meta name=\"robots\" content=\"index, follow, max-snippet:-1, max-image-preview:large, max-video-preview:-1\" \/>\n<link rel=\"canonical\" href=\"https:\/\/www.bocada.com\/pt\/nossa-empresa\/carreiras\/\" \/>\n<meta property=\"og:locale\" content=\"pt_BR\" \/>\n<meta property=\"og:type\" content=\"article\" \/>\n<meta property=\"og:title\" content=\"Carreiras - Bocada\" \/>\n<meta property=\"og:description\" content=\"Conhece as fun\u00e7\u00f5es mais recentes que procuramos e junta-te a uma equipa que se preocupa com a prote\u00e7\u00e3o de dados cr\u00edticos em todo o mundo.\" \/>\n<meta property=\"og:url\" content=\"https:\/\/www.bocada.com\/pt\/nossa-empresa\/carreiras\/\" \/>\n<meta property=\"og:site_name\" content=\"Bocada\" \/>\n<meta property=\"article:modified_time\" content=\"2025-02-06T22:01:44+00:00\" \/>\n<meta property=\"og:image\" content=\"https:\/\/www.bocada.com\/wp-content\/uploads\/2018\/10\/operations-header.jpg\" \/>\n\t<meta property=\"og:image:width\" content=\"1680\" \/>\n\t<meta property=\"og:image:height\" content=\"550\" \/>\n\t<meta property=\"og:image:type\" content=\"image\/jpeg\" \/>\n<meta name=\"twitter:card\" content=\"summary_large_image\" \/>\n<script type=\"application\/ld+json\" class=\"yoast-schema-graph\">{\"@context\":\"https:\/\/schema.org\",\"@graph\":[{\"@type\":\"WebPage\",\"@id\":\"https:\/\/www.bocada.com\/pt\/nossa-empresa\/carreiras\/\",\"url\":\"https:\/\/www.bocada.com\/pt\/nossa-empresa\/carreiras\/\",\"name\":\"Carreiras - Bocada\",\"isPartOf\":{\"@id\":\"https:\/\/www.bocada.com\/pt\/#website\"},\"primaryImageOfPage\":{\"@id\":\"https:\/\/www.bocada.com\/pt\/nossa-empresa\/carreiras\/#primaryimage\"},\"image\":{\"@id\":\"https:\/\/www.bocada.com\/pt\/nossa-empresa\/carreiras\/#primaryimage\"},\"thumbnailUrl\":\"https:\/\/www.bocada.com\/wp-content\/uploads\/2018\/10\/operations-header.jpg\",\"datePublished\":\"2021-03-25T19:30:54+00:00\",\"dateModified\":\"2025-02-06T22:01:44+00:00\",\"description\":\"Conhece as fun\u00e7\u00f5es mais recentes que procuramos e junta-te a uma equipa que se preocupa com a prote\u00e7\u00e3o de dados cr\u00edticos em todo o mundo.\",\"breadcrumb\":{\"@id\":\"https:\/\/www.bocada.com\/pt\/nossa-empresa\/carreiras\/#breadcrumb\"},\"inLanguage\":\"pt-BR\",\"potentialAction\":[{\"@type\":\"ReadAction\",\"target\":[\"https:\/\/www.bocada.com\/pt\/nossa-empresa\/carreiras\/\"]}]},{\"@type\":\"ImageObject\",\"inLanguage\":\"pt-BR\",\"@id\":\"https:\/\/www.bocada.com\/pt\/nossa-empresa\/carreiras\/#primaryimage\",\"url\":\"https:\/\/www.bocada.com\/wp-content\/uploads\/2018\/10\/operations-header.jpg\",\"contentUrl\":\"https:\/\/www.bocada.com\/wp-content\/uploads\/2018\/10\/operations-header.jpg\",\"width\":1680,\"height\":550,\"caption\":\"Backup Operations Monitoring & Reporting\"},{\"@type\":\"BreadcrumbList\",\"@id\":\"https:\/\/www.bocada.com\/pt\/nossa-empresa\/carreiras\/#breadcrumb\",\"itemListElement\":[{\"@type\":\"ListItem\",\"position\":1,\"name\":\"Bocada\",\"item\":\"https:\/\/www.bocada.com\/pt\/\"},{\"@type\":\"ListItem\",\"position\":2,\"name\":\"Nossa Empresa\",\"item\":\"https:\/\/www.bocada.com\/pt\/nossa-empresa\/\"},{\"@type\":\"ListItem\",\"position\":3,\"name\":\"Carreiras\"}]},{\"@type\":\"WebSite\",\"@id\":\"https:\/\/www.bocada.com\/pt\/#website\",\"url\":\"https:\/\/www.bocada.com\/pt\/\",\"name\":\"Bocada\",\"description\":\"Automated Backup Monitoring &amp; Reporting\",\"potentialAction\":[{\"@type\":\"SearchAction\",\"target\":{\"@type\":\"EntryPoint\",\"urlTemplate\":\"https:\/\/www.bocada.com\/pt\/?s={search_term_string}\"},\"query-input\":\"required name=search_term_string\"}],\"inLanguage\":\"pt-BR\"}]}<\/script>\n<!-- \/ Yoast SEO plugin. -->","yoast_head_json":{"title":"Carreiras - Bocada","description":"Conhece as fun\u00e7\u00f5es mais recentes que procuramos e junta-te a uma equipa que se preocupa com a prote\u00e7\u00e3o de dados cr\u00edticos em todo o mundo.","robots":{"index":"index","follow":"follow","max-snippet":"max-snippet:-1","max-image-preview":"max-image-preview:large","max-video-preview":"max-video-preview:-1"},"canonical":"https:\/\/www.bocada.com\/pt\/nossa-empresa\/carreiras\/","og_locale":"pt_BR","og_type":"article","og_title":"Carreiras - Bocada","og_description":"Conhece as fun\u00e7\u00f5es mais recentes que procuramos e junta-te a uma equipa que se preocupa com a prote\u00e7\u00e3o de dados cr\u00edticos em todo o mundo.","og_url":"https:\/\/www.bocada.com\/pt\/nossa-empresa\/carreiras\/","og_site_name":"Bocada","article_modified_time":"2025-02-06T22:01:44+00:00","og_image":[{"width":1680,"height":550,"url":"https:\/\/www.bocada.com\/wp-content\/uploads\/2018\/10\/operations-header.jpg","type":"image\/jpeg"}],"twitter_card":"summary_large_image","schema":{"@context":"https:\/\/schema.org","@graph":[{"@type":"WebPage","@id":"https:\/\/www.bocada.com\/pt\/nossa-empresa\/carreiras\/","url":"https:\/\/www.bocada.com\/pt\/nossa-empresa\/carreiras\/","name":"Carreiras - Bocada","isPartOf":{"@id":"https:\/\/www.bocada.com\/pt\/#website"},"primaryImageOfPage":{"@id":"https:\/\/www.bocada.com\/pt\/nossa-empresa\/carreiras\/#primaryimage"},"image":{"@id":"https:\/\/www.bocada.com\/pt\/nossa-empresa\/carreiras\/#primaryimage"},"thumbnailUrl":"https:\/\/www.bocada.com\/wp-content\/uploads\/2018\/10\/operations-header.jpg","datePublished":"2021-03-25T19:30:54+00:00","dateModified":"2025-02-06T22:01:44+00:00","description":"Conhece as fun\u00e7\u00f5es mais recentes que procuramos e junta-te a uma equipa que se preocupa com a prote\u00e7\u00e3o de dados cr\u00edticos em todo o mundo.","breadcrumb":{"@id":"https:\/\/www.bocada.com\/pt\/nossa-empresa\/carreiras\/#breadcrumb"},"inLanguage":"pt-BR","potentialAction":[{"@type":"ReadAction","target":["https:\/\/www.bocada.com\/pt\/nossa-empresa\/carreiras\/"]}]},{"@type":"ImageObject","inLanguage":"pt-BR","@id":"https:\/\/www.bocada.com\/pt\/nossa-empresa\/carreiras\/#primaryimage","url":"https:\/\/www.bocada.com\/wp-content\/uploads\/2018\/10\/operations-header.jpg","contentUrl":"https:\/\/www.bocada.com\/wp-content\/uploads\/2018\/10\/operations-header.jpg","width":1680,"height":550,"caption":"Backup Operations Monitoring & Reporting"},{"@type":"BreadcrumbList","@id":"https:\/\/www.bocada.com\/pt\/nossa-empresa\/carreiras\/#breadcrumb","itemListElement":[{"@type":"ListItem","position":1,"name":"Bocada","item":"https:\/\/www.bocada.com\/pt\/"},{"@type":"ListItem","position":2,"name":"Nossa Empresa","item":"https:\/\/www.bocada.com\/pt\/nossa-empresa\/"},{"@type":"ListItem","position":3,"name":"Carreiras"}]},{"@type":"WebSite","@id":"https:\/\/www.bocada.com\/pt\/#website","url":"https:\/\/www.bocada.com\/pt\/","name":"Bocada","description":"Automated Backup Monitoring &amp; Reporting","potentialAction":[{"@type":"SearchAction","target":{"@type":"EntryPoint","urlTemplate":"https:\/\/www.bocada.com\/pt\/?s={search_term_string}"},"query-input":"required name=search_term_string"}],"inLanguage":"pt-BR"}]}},"_links":{"self":[{"href":"https:\/\/www.bocada.com\/pt\/wp-json\/wp\/v2\/pages\/5750","targetHints":{"allow":["GET"]}}],"collection":[{"href":"https:\/\/www.bocada.com\/pt\/wp-json\/wp\/v2\/pages"}],"about":[{"href":"https:\/\/www.bocada.com\/pt\/wp-json\/wp\/v2\/types\/page"}],"author":[{"embeddable":true,"href":"https:\/\/www.bocada.com\/pt\/wp-json\/wp\/v2\/users\/2"}],"replies":[{"embeddable":true,"href":"https:\/\/www.bocada.com\/pt\/wp-json\/wp\/v2\/comments?post=5750"}],"version-history":[{"count":0,"href":"https:\/\/www.bocada.com\/pt\/wp-json\/wp\/v2\/pages\/5750\/revisions"}],"up":[{"embeddable":true,"href":"https:\/\/www.bocada.com\/pt\/wp-json\/wp\/v2\/pages\/5733"}],"wp:featuredmedia":[{"embeddable":true,"href":"https:\/\/www.bocada.com\/pt\/wp-json\/wp\/v2\/media\/5616"}],"wp:attachment":[{"href":"https:\/\/www.bocada.com\/pt\/wp-json\/wp\/v2\/media?parent=5750"}],"curies":[{"name":"wp","href":"https:\/\/api.w.org\/{rel}","templated":true}]}}