{"id":5733,"date":"2021-03-23T14:28:05","date_gmt":"2021-03-23T21:28:05","guid":{"rendered":"https:\/\/www.bocada.com\/empresa\/"},"modified":"2022-03-24T15:10:49","modified_gmt":"2022-03-24T22:10:49","slug":"nossa-empresa","status":"publish","type":"page","link":"https:\/\/www.bocada.com\/pt\/nossa-empresa\/","title":{"rendered":"Nossa Empresa"},"content":{"rendered":"<div class=\"wpb-content-wrapper\"><p>[vc_row el_class=&#8221;CompanyPadding&#8221; el_id=&#8221;CompanyBlueBg&#8221; css=&#8221;.vc_custom_1541188834519{background-color: #1c6db6 !important;}&#8221;][vc_column][vc_row_inner el_class=&#8221;CompanyTextPadding&#8221;][vc_column_inner][vc_custom_heading text=&#8221;L\u00edder Mundial na \u00e1rea de Gera\u00e7\u00e3o de Relat\u00f3rios e Supervis\u00e3o de Backups&#8221; font_container=&#8221;tag:h2|text_align:center&#8221; use_theme_fonts=&#8221;yes&#8221; el_class=&#8221;Lg WhiteText&#8221;][vc_column_text el_class=&#8221;WhiteText Lg&#8221;]<\/p>\n<p style=\"text-align: center;\"><strong>Inova\u00e7\u00e3o. Independ\u00eancia. Foco.<\/strong><br \/>\nDesde 2001, a\u202fBocada\u202ftem focado unicamente na simplifica\u00e7\u00e3o de opera\u00e7\u00f5es de gera\u00e7\u00e3o de relat\u00f3rios de dados, reduzindo riscos e incentivando profissionais de tecnologia a focar em tarefas com valor agregado. Estamos aqui para melhorar as vidas das pessoas por tr\u00e1s das opera\u00e7\u00f5es de TI.<\/p>\n<p style=\"text-align: center;\">Nossa solu\u00e7\u00e3o \u00e9 usada por mais membros da Fortune 500 do que qualquer outra no mercado. Somos independentes de produtos e provedores de backup, garantindo que voc\u00ea tenha recursos de auditoria e compliance objetivos e uma vis\u00e3o clara e consistente da totalidade do seu ambiente.<\/p>\n<p>[\/vc_column_text][\/vc_column_inner][\/vc_row_inner][\/vc_column][\/vc_row][vc_row el_class=&#8221;CompanyPadding&#8221; el_id=&#8221;CompanyWhiteBg&#8221;][vc_column][vc_row_inner el_class=&#8221;CompanyTextPadding&#8221;][vc_column_inner][vc_custom_heading text=&#8221;Desenvolva produtos incr\u00edveis com pessoas incr\u00edveis&#8221; font_container=&#8221;tag:h2|text_align:center|color:%231c6db6&#8243; use_theme_fonts=&#8221;yes&#8221; el_class=&#8221;Lg BlueText&#8221;][vc_column_text el_class=&#8221;Lg&#8221;]<\/p>\n<p style=\"text-align: center;\">Trabalhando na\u202fBocada,\u202fvoc\u00ea faz parte de uma equipe que est\u00e1 impulsionando a ind\u00fastria da prote\u00e7\u00e3o de dados, ajudando empresas a reduzir riscos com dados devido a ransomware, ataques cibern\u00e9ticos e desastres naturais, enquanto melhora a vida dos profissionais de TI esfor\u00e7ados que trabalham nessas empresas. Nosso foco inabal\u00e1vel nos clientes e no compromisso com a integra\u00e7\u00e3o \u00e0s \u00faltimas tecnologias significa que cada dia \u00e9 uma oportunidade para causar um impacto positivo. Parece o tipo de coisa que voc\u00ea gostaria de fazer?<\/p>\n<p>[\/vc_column_text][vc_column_text el_class=&#8221;CTALink&#8221;]<\/p>\n<p style=\"text-align: center;\"><a href=\"https:\/\/www.bocada.com\/company\/careers\/\">Vagas de Trabalho:<\/a><\/p>\n<p>[\/vc_column_text][\/vc_column_inner][\/vc_row_inner][\/vc_column][\/vc_row][vc_row css=&#8221;.vc_custom_1539839851495{padding-top: 50px !important;}&#8221; el_id=&#8221;TwoBlogBg&#8221;][vc_column][vc_custom_heading text=&#8221;As novidades na \u00e1rea de prote\u00e7\u00e3o de backups&#8221; font_container=&#8221;tag:h2|text_align:center&#8221; use_theme_fonts=&#8221;yes&#8221; el_class=&#8221;Lg&#8221;][vc_row_inner][vc_column_inner css=&#8221;.vc_custom_1539839999925{padding-right: 0px !important;padding-left: 0px !important;}&#8221;][vc_basic_grid post_type=&#8221;post&#8221; max_items=&#8221;2&#8243; element_width=&#8221;6&#8243; item=&#8221;196&#8243; grid_id=&#8221;vc_gid:1644957532219-8f8b4ed4-3f6e-7&#8243; taxonomies=&#8221;6, 7&#8243; el_class=&#8221;HomeBlogGrid&#8221;][\/vc_column_inner][\/vc_row_inner][\/vc_column][\/vc_row]<\/p>\n<\/div>","protected":false},"excerpt":{"rendered":"[vc_row el_class=&#8221;CompanyPadding&#8221; el_id=&#8221;CompanyBlueBg&#8221; css=&#8221;.vc_custom_1541188834519{background-color: #1c6db6 !important;}&#8221;][vc_column][vc_row_inner el_class=&#8221;CompanyTextPadding&#8221;][vc_column_inner][vc_custom_heading text=&#8221;L\u00edder Mundial na \u00e1rea de Gera\u00e7\u00e3o de Relat\u00f3rios e Supervis\u00e3o de Backups&#8221; font_container=&#8221;tag:h2|text_align:center&#8221; use_theme_fonts=&#8221;yes&#8221; el_class=&#8221;Lg WhiteText&#8221;][vc_column_text el_class=&#8221;WhiteText Lg&#8221;] Inova\u00e7\u00e3o. Independ\u00eancia. Foco. Desde 2001, a\u202fBocada\u202ftem focado unicamente na simplifica\u00e7\u00e3o de opera\u00e7\u00f5es de gera\u00e7\u00e3o de relat\u00f3rios de dados, reduzindo riscos e incentivando profissionais de tecnologia a focar em tarefas com&#8230; <a class=\"view-article\" href=\"https:\/\/www.bocada.com\/pt\/nossa-empresa\/\">Ver artigo<\/a>","protected":false},"author":2,"featured_media":5732,"parent":0,"menu_order":30,"comment_status":"closed","ping_status":"closed","template":"page-hero-short.php","meta":{"_acf_changed":false,"content-type":"","inline_featured_image":false,"ngg_post_thumbnail":0,"footnotes":""},"class_list":["post-5733","page","type-page","status-publish","has-post-thumbnail","hentry"],"acf":[],"yoast_head":"<!-- This site is optimized with the Yoast SEO plugin v22.8 - https:\/\/yoast.com\/wordpress\/plugins\/seo\/ -->\n<title>Sobre n\u00f3s\u202f|\u202fBocada\u202f<\/title>\n<meta name=\"description\" content=\"Desde 2001,\u202fa Bocada\u202fvem ajudando empresas supervisionar tarefas de prote\u00e7\u00e3o de dados com a gera\u00e7\u00e3o de relat\u00f3rios de backup automatizada.\" \/>\n<meta name=\"robots\" content=\"index, follow, max-snippet:-1, max-image-preview:large, max-video-preview:-1\" \/>\n<link rel=\"canonical\" href=\"https:\/\/www.bocada.com\/pt\/nossa-empresa\/\" \/>\n<meta property=\"og:locale\" content=\"pt_BR\" \/>\n<meta property=\"og:type\" content=\"article\" \/>\n<meta property=\"og:title\" content=\"Sobre n\u00f3s\u202f|\u202fBocada\u202f\" \/>\n<meta property=\"og:description\" content=\"Desde 2001,\u202fa Bocada\u202fvem ajudando empresas supervisionar tarefas de prote\u00e7\u00e3o de dados com a gera\u00e7\u00e3o de relat\u00f3rios de backup automatizada.\" \/>\n<meta property=\"og:url\" content=\"https:\/\/www.bocada.com\/pt\/nossa-empresa\/\" \/>\n<meta property=\"og:site_name\" content=\"Bocada\" \/>\n<meta property=\"article:modified_time\" content=\"2022-03-24T22:10:49+00:00\" \/>\n<meta property=\"og:image\" content=\"https:\/\/www.bocada.com\/wp-content\/uploads\/2018\/10\/Automated-Independent-Backup-Reporting.jpg\" \/>\n\t<meta property=\"og:image:width\" content=\"1680\" \/>\n\t<meta property=\"og:image:height\" content=\"550\" \/>\n\t<meta property=\"og:image:type\" content=\"image\/jpeg\" \/>\n<meta name=\"twitter:card\" content=\"summary_large_image\" \/>\n<meta name=\"twitter:label1\" content=\"Est. tempo de leitura\" \/>\n\t<meta name=\"twitter:data1\" content=\"2 minutos\" \/>\n<script type=\"application\/ld+json\" class=\"yoast-schema-graph\">{\"@context\":\"https:\/\/schema.org\",\"@graph\":[{\"@type\":\"WebPage\",\"@id\":\"https:\/\/www.bocada.com\/pt\/nossa-empresa\/\",\"url\":\"https:\/\/www.bocada.com\/pt\/nossa-empresa\/\",\"name\":\"Sobre n\u00f3s\u202f|\u202fBocada\u202f\",\"isPartOf\":{\"@id\":\"https:\/\/www.bocada.com\/pt\/#website\"},\"primaryImageOfPage\":{\"@id\":\"https:\/\/www.bocada.com\/pt\/nossa-empresa\/#primaryimage\"},\"image\":{\"@id\":\"https:\/\/www.bocada.com\/pt\/nossa-empresa\/#primaryimage\"},\"thumbnailUrl\":\"https:\/\/www.bocada.com\/wp-content\/uploads\/2018\/10\/Automated-Independent-Backup-Reporting.jpg\",\"datePublished\":\"2021-03-23T21:28:05+00:00\",\"dateModified\":\"2022-03-24T22:10:49+00:00\",\"description\":\"Desde 2001,\u202fa Bocada\u202fvem ajudando empresas supervisionar tarefas de prote\u00e7\u00e3o de dados com a gera\u00e7\u00e3o de relat\u00f3rios de backup automatizada.\",\"breadcrumb\":{\"@id\":\"https:\/\/www.bocada.com\/pt\/nossa-empresa\/#breadcrumb\"},\"inLanguage\":\"pt-BR\",\"potentialAction\":[{\"@type\":\"ReadAction\",\"target\":[\"https:\/\/www.bocada.com\/pt\/nossa-empresa\/\"]}]},{\"@type\":\"ImageObject\",\"inLanguage\":\"pt-BR\",\"@id\":\"https:\/\/www.bocada.com\/pt\/nossa-empresa\/#primaryimage\",\"url\":\"https:\/\/www.bocada.com\/wp-content\/uploads\/2018\/10\/Automated-Independent-Backup-Reporting.jpg\",\"contentUrl\":\"https:\/\/www.bocada.com\/wp-content\/uploads\/2018\/10\/Automated-Independent-Backup-Reporting.jpg\",\"width\":1680,\"height\":550,\"caption\":\"Automated Independent Backup Reporting\"},{\"@type\":\"BreadcrumbList\",\"@id\":\"https:\/\/www.bocada.com\/pt\/nossa-empresa\/#breadcrumb\",\"itemListElement\":[{\"@type\":\"ListItem\",\"position\":1,\"name\":\"Bocada\",\"item\":\"https:\/\/www.bocada.com\/pt\/\"},{\"@type\":\"ListItem\",\"position\":2,\"name\":\"Nossa Empresa\"}]},{\"@type\":\"WebSite\",\"@id\":\"https:\/\/www.bocada.com\/pt\/#website\",\"url\":\"https:\/\/www.bocada.com\/pt\/\",\"name\":\"Bocada\",\"description\":\"Automated Backup Monitoring &amp; Reporting\",\"potentialAction\":[{\"@type\":\"SearchAction\",\"target\":{\"@type\":\"EntryPoint\",\"urlTemplate\":\"https:\/\/www.bocada.com\/pt\/?s={search_term_string}\"},\"query-input\":\"required name=search_term_string\"}],\"inLanguage\":\"pt-BR\"}]}<\/script>\n<!-- \/ Yoast SEO plugin. -->","yoast_head_json":{"title":"Sobre n\u00f3s\u202f|\u202fBocada\u202f","description":"Desde 2001,\u202fa Bocada\u202fvem ajudando empresas supervisionar tarefas de prote\u00e7\u00e3o de dados com a gera\u00e7\u00e3o de relat\u00f3rios de backup automatizada.","robots":{"index":"index","follow":"follow","max-snippet":"max-snippet:-1","max-image-preview":"max-image-preview:large","max-video-preview":"max-video-preview:-1"},"canonical":"https:\/\/www.bocada.com\/pt\/nossa-empresa\/","og_locale":"pt_BR","og_type":"article","og_title":"Sobre n\u00f3s\u202f|\u202fBocada\u202f","og_description":"Desde 2001,\u202fa Bocada\u202fvem ajudando empresas supervisionar tarefas de prote\u00e7\u00e3o de dados com a gera\u00e7\u00e3o de relat\u00f3rios de backup automatizada.","og_url":"https:\/\/www.bocada.com\/pt\/nossa-empresa\/","og_site_name":"Bocada","article_modified_time":"2022-03-24T22:10:49+00:00","og_image":[{"width":1680,"height":550,"url":"https:\/\/www.bocada.com\/wp-content\/uploads\/2018\/10\/Automated-Independent-Backup-Reporting.jpg","type":"image\/jpeg"}],"twitter_card":"summary_large_image","twitter_misc":{"Est. tempo de leitura":"2 minutos"},"schema":{"@context":"https:\/\/schema.org","@graph":[{"@type":"WebPage","@id":"https:\/\/www.bocada.com\/pt\/nossa-empresa\/","url":"https:\/\/www.bocada.com\/pt\/nossa-empresa\/","name":"Sobre n\u00f3s\u202f|\u202fBocada\u202f","isPartOf":{"@id":"https:\/\/www.bocada.com\/pt\/#website"},"primaryImageOfPage":{"@id":"https:\/\/www.bocada.com\/pt\/nossa-empresa\/#primaryimage"},"image":{"@id":"https:\/\/www.bocada.com\/pt\/nossa-empresa\/#primaryimage"},"thumbnailUrl":"https:\/\/www.bocada.com\/wp-content\/uploads\/2018\/10\/Automated-Independent-Backup-Reporting.jpg","datePublished":"2021-03-23T21:28:05+00:00","dateModified":"2022-03-24T22:10:49+00:00","description":"Desde 2001,\u202fa Bocada\u202fvem ajudando empresas supervisionar tarefas de prote\u00e7\u00e3o de dados com a gera\u00e7\u00e3o de relat\u00f3rios de backup automatizada.","breadcrumb":{"@id":"https:\/\/www.bocada.com\/pt\/nossa-empresa\/#breadcrumb"},"inLanguage":"pt-BR","potentialAction":[{"@type":"ReadAction","target":["https:\/\/www.bocada.com\/pt\/nossa-empresa\/"]}]},{"@type":"ImageObject","inLanguage":"pt-BR","@id":"https:\/\/www.bocada.com\/pt\/nossa-empresa\/#primaryimage","url":"https:\/\/www.bocada.com\/wp-content\/uploads\/2018\/10\/Automated-Independent-Backup-Reporting.jpg","contentUrl":"https:\/\/www.bocada.com\/wp-content\/uploads\/2018\/10\/Automated-Independent-Backup-Reporting.jpg","width":1680,"height":550,"caption":"Automated Independent Backup Reporting"},{"@type":"BreadcrumbList","@id":"https:\/\/www.bocada.com\/pt\/nossa-empresa\/#breadcrumb","itemListElement":[{"@type":"ListItem","position":1,"name":"Bocada","item":"https:\/\/www.bocada.com\/pt\/"},{"@type":"ListItem","position":2,"name":"Nossa Empresa"}]},{"@type":"WebSite","@id":"https:\/\/www.bocada.com\/pt\/#website","url":"https:\/\/www.bocada.com\/pt\/","name":"Bocada","description":"Automated Backup Monitoring &amp; Reporting","potentialAction":[{"@type":"SearchAction","target":{"@type":"EntryPoint","urlTemplate":"https:\/\/www.bocada.com\/pt\/?s={search_term_string}"},"query-input":"required name=search_term_string"}],"inLanguage":"pt-BR"}]}},"_links":{"self":[{"href":"https:\/\/www.bocada.com\/pt\/wp-json\/wp\/v2\/pages\/5733","targetHints":{"allow":["GET"]}}],"collection":[{"href":"https:\/\/www.bocada.com\/pt\/wp-json\/wp\/v2\/pages"}],"about":[{"href":"https:\/\/www.bocada.com\/pt\/wp-json\/wp\/v2\/types\/page"}],"author":[{"embeddable":true,"href":"https:\/\/www.bocada.com\/pt\/wp-json\/wp\/v2\/users\/2"}],"replies":[{"embeddable":true,"href":"https:\/\/www.bocada.com\/pt\/wp-json\/wp\/v2\/comments?post=5733"}],"version-history":[{"count":0,"href":"https:\/\/www.bocada.com\/pt\/wp-json\/wp\/v2\/pages\/5733\/revisions"}],"wp:featuredmedia":[{"embeddable":true,"href":"https:\/\/www.bocada.com\/pt\/wp-json\/wp\/v2\/media\/5732"}],"wp:attachment":[{"href":"https:\/\/www.bocada.com\/pt\/wp-json\/wp\/v2\/media?parent=5733"}],"curies":[{"name":"wp","href":"https:\/\/api.w.org\/{rel}","templated":true}]}}