{"id":5705,"date":"2019-09-19T13:34:49","date_gmt":"2019-09-19T20:34:49","guid":{"rendered":"https:\/\/www.bocada.com\/comercial\/"},"modified":"2022-06-16T15:13:50","modified_gmt":"2022-06-16T22:13:50","slug":"empresas-ti","status":"publish","type":"page","link":"https:\/\/www.bocada.com\/pt\/empresas-ti\/","title":{"rendered":"Empresas de TI"},"content":{"rendered":"<div class=\"wpb-content-wrapper\"><p>[vc_row css_animation=&#8221;fadeInLeftBig&#8221; el_class=&#8221;ImgLeftTextRt&#8221;][vc_column][vc_row_inner][vc_column_inner el_class=&#8221;LtRtImgCol Left&#8221; width=&#8221;1\/2&#8243;][vc_single_image image=&#8221;6762&#8243; img_size=&#8221;full&#8221; alignment=&#8221;center&#8221; el_class=&#8221;LtRtImg Left&#8221;][\/vc_column_inner][vc_column_inner el_class=&#8221;DetailsCol Right&#8221; width=&#8221;1\/2&#8243;][vc_single_image image=&#8221;6719&#8243; img_size=&#8221;full&#8221; el_class=&#8221;IconHeading&#8221;][vc_column_text el_class=&#8221;IconHeading&#8221;]<\/p>\n<h2>Automatize o Monitoramento de Backup<\/h2>\n<p>Simplifique o gerenciamento de backup visualizando todas as m\u00e9tricas de desempenho em uma \u00fanica tela.[\/vc_column_text][vc_column_text el_class=&#8221;DetailsList Right CapsCTA&#8221;]<\/p>\n<ul>\n<li>Consolide dados de desempenho de mais de 40 solu\u00e7\u00f5es locais e de nuvem em uma \u00fanica tela.<\/li>\n<li>Crie e agende relat\u00f3rios di\u00e1rios de desempenho de backup para fornecer \u00e0 sua equipe os pontos que merecem aten\u00e7\u00e3o.<\/li>\n<li>Crie filtros e ordena\u00e7\u00f5es customizadas para produzir relat\u00f3rios ad-hoc e explorar setores problem\u00e1ticos.<\/li>\n<li>Segmente seu ambiente em zonas chave ou regi\u00f5es para dividir mais homogeneamente o gerenciamento de backup com sua equipe.<\/li>\n<\/ul>\n<p>[\/vc_column_text][\/vc_column_inner][\/vc_row_inner][\/vc_column][\/vc_row][vc_row css_animation=&#8221;fadeInRightBig&#8221; el_class=&#8221;TextLeftImgRt&#8221;][vc_column][vc_row_inner][vc_column_inner el_class=&#8221;DetailsCol Left&#8221; width=&#8221;1\/2&#8243;][vc_single_image image=&#8221;6722&#8243; img_size=&#8221;full&#8221; el_class=&#8221;IconHeading&#8221;][vc_column_text el_class=&#8221;IconHeading&#8221;]<\/p>\n<h2>Gerenciamento de Relat\u00f3rios de Auditoria<\/h2>\n<p>Prove que sua opera\u00e7\u00e3o de backup atende \u00e0s normas e regras de compliance em apenas alguns minutos.[\/vc_column_text][vc_column_text el_class=&#8221;DetailsList Right CapsCTA&#8221;]<\/p>\n<ul>\n<li>Crie e salve relat\u00f3rios de auditoria altamente customizados para relat\u00f3rios consistentes todo m\u00eas.<\/li>\n<li>Agende a distribui\u00e7\u00e3o de relat\u00f3rios para os interessados chave, garantido que as m\u00e9tricas cheguem \u00e0s pessoas certas no momento certo.<\/li>\n<li>Aproveite dados de desempenho hist\u00f3rico ilimitado nas pontas dos dedos para qualquer consulta de auditoria.<\/li>\n<li>Habilite as consultas de relat\u00f3rios para os auditores e clientes.<\/li>\n<\/ul>\n<p>[\/vc_column_text][\/vc_column_inner][vc_column_inner el_class=&#8221;LtRtImgCol Right&#8221; width=&#8221;1\/2&#8243;][vc_single_image image=&#8221;6853&#8243; img_size=&#8221;full&#8221; alignment=&#8221;center&#8221; el_class=&#8221;LtRtImg Left&#8221;][\/vc_column_inner][\/vc_row_inner][\/vc_column][\/vc_row][vc_row css_animation=&#8221;fadeInLeftBig&#8221; el_class=&#8221;ImgLeftTextRt&#8221;][vc_column][vc_row_inner][vc_column_inner el_class=&#8221;LtRtImgCol Left&#8221; width=&#8221;1\/2&#8243;][vc_single_image image=&#8221;6866&#8243; img_size=&#8221;full&#8221; alignment=&#8221;center&#8221; el_class=&#8221;LtRtImg Left&#8221;][\/vc_column_inner][vc_column_inner el_class=&#8221;DetailsCol Right&#8221; width=&#8221;1\/2&#8243;][vc_single_image image=&#8221;6725&#8243; img_size=&#8221;full&#8221; el_class=&#8221;IconHeading&#8221;][vc_column_text el_class=&#8221;IconHeading&#8221;]<\/p>\n<h2>Simplifique a Descoberta de Ativos Desprotegidos<\/h2>\n<p>Identifique os recursos chaves no seu ambiente de backup que est\u00e3o sem as prote\u00e7\u00f5es configuradas.[\/vc_column_text][vc_column_text el_class=&#8221;DetailsList Right CapsCTA&#8221;]<\/p>\n<ul>\n<li>Emita automaticamente uma lista completa de ativos na sua nuvem, nuvem h\u00edbrida ou infraestrutura local sem pol\u00edticas de backup definidas.<\/li>\n<li>Implemente a prote\u00e7\u00e3o de backup de M\u00e1quinas Virtuais e descubra M\u00e1quinas Virtuais desprotegidas.<\/li>\n<li>Fa\u00e7a a descoberta de ativos desprotegidos algo simples com a sincroniza\u00e7\u00e3o entre os sistemas de ativos que voc\u00ea usa \u2013 CMDB, SQL Server, DB2, Postgres, CSV Files \u2013 e o Bocada.<\/li>\n<\/ul>\n<p>[\/vc_column_text][\/vc_column_inner][\/vc_row_inner][\/vc_column][\/vc_row][vc_row css_animation=&#8221;fadeInRightBig&#8221; el_class=&#8221;TextLeftImgRt&#8221;][vc_column][vc_row_inner][vc_column_inner el_class=&#8221;DetailsCol Left&#8221; width=&#8221;1\/2&#8243;][vc_single_image image=&#8221;6728&#8243; img_size=&#8221;full&#8221; el_class=&#8221;IconHeading&#8221;][vc_column_text el_class=&#8221;IconHeading&#8221;]<\/p>\n<h2>Otimize o Fluxo de Opera\u00e7\u00f5es do Backup<\/h2>\n<p>Utilize as ferramentas automatizadas de emiss\u00e3o de t\u00edquetes e de efici\u00eancia de resolu\u00e7\u00e3o para remover trabalhos manuais propensos a erros na sua opera\u00e7\u00e3o de TI.[\/vc_column_text][vc_column_text el_class=&#8221;DetailsList Right CapsCTA&#8221;]<\/p>\n<ul>\n<li>Integre o Bocada na sua solu\u00e7\u00e3o empresarial de emiss\u00e3o de t\u00edquetes para automatizar a regras de cria\u00e7\u00e3o e encerramento de t\u00edquetes.<\/li>\n<li>Consolide supervis\u00e3o de atribui\u00e7\u00e3o de t\u00edquetes, acompanhamento e resolu\u00e7\u00e3o em uma Plataforma central.<\/li>\n<li>Utilize as fun\u00e7\u00f5es de classifica\u00e7\u00e3o por tags e clicar e arrastar dos relat\u00f3rios para visualizar e isolar os problemas que impactam no sucesso do backup.<\/li>\n<li>Identifique \u00e1reas com falhas persistentes com o acompanhamento de falhas consecutivas.<\/li>\n<\/ul>\n<p>[\/vc_column_text][\/vc_column_inner][vc_column_inner el_class=&#8221;LtRtImgCol Right&#8221; width=&#8221;1\/2&#8243;][vc_single_image image=&#8221;6872&#8243; img_size=&#8221;full&#8221; alignment=&#8221;center&#8221; el_class=&#8221;LtRtImg Left&#8221;][\/vc_column_inner][\/vc_row_inner][\/vc_column][\/vc_row][vc_row css_animation=&#8221;fadeInLeftBig&#8221; el_class=&#8221;ImgLeftTextRt&#8221;][vc_column][vc_row_inner][vc_column_inner el_class=&#8221;LtRtImgCol Left&#8221; width=&#8221;1\/2&#8243;][vc_single_image image=&#8221;6768&#8243; img_size=&#8221;full&#8221; alignment=&#8221;center&#8221; el_class=&#8221;LtRtImg Left&#8221;][\/vc_column_inner][vc_column_inner el_class=&#8221;DetailsCol Right&#8221; width=&#8221;1\/2&#8243;][vc_single_image image=&#8221;6734&#8243; img_size=&#8221;full&#8221; el_class=&#8221;IconHeading&#8221;][vc_column_text el_class=&#8221;IconHeading&#8221;]<\/p>\n<h2>Monitoramento de Uso do Armazenamento<\/h2>\n<p>Fique um passo \u00e0 frente de padr\u00f5es incomuns de armazenamento ou aumento de custos com o relat\u00f3rio autom\u00e1tico de uso de espa\u00e7o.[\/vc_column_text][vc_column_text el_class=&#8221;DetailsList Right CapsCTA&#8221;]<\/p>\n<ul>\n<li>Centralize suas m\u00e9tricas de uso de espa\u00e7o da AWS, Azure, StoreOnce, NetApp ou Data Domain em um \u00fanico painel.<\/li>\n<li>Implemente um alerta de pico de armazenamento quando a capacidade estiver atingindo um n\u00edvel cr\u00edtico ou estiver fora do uso normal.<\/li>\n<li>Simplifique a necessidade de espa\u00e7o e custos futuros com proje\u00e7\u00f5es integradas do uso de armazenamento.<\/li>\n<\/ul>\n<p>[\/vc_column_text][\/vc_column_inner][\/vc_row_inner][\/vc_column][\/vc_row][vc_row el_id=&#8221;CarouselBg&#8221;][vc_column][vc_row_inner content_placement=&#8221;middle&#8221; el_class=&#8221;CarouselInnerRow&#8221;][vc_column_inner][vc_column_text el_class=&#8221;CarouselHeading&#8221;]<\/p>\n<h2 style=\"text-align: center;\">Integre seus sistemas de backup e prote\u00e7\u00e3o de dados no Dashboard do Bocada<\/h2>\n<p>[\/vc_column_text]<div id=\"ult-carousel-292998852269d05261c1caf\" class=\"ult-carousel-wrapper  ProductsCarousel ult_horizontal\" data-gutter=\"15\" data-rtl=\"false\" ><div class=\"ult-carousel-142874994969d05261c1c55 \" >[vc_single_image image=&#8221;6610&#8243; img_size=&#8221;full&#8221;][vc_single_image image=&#8221;6616&#8243; img_size=&#8221;full&#8221;][vc_single_image image=&#8221;6613&#8243; img_size=&#8221;full&#8221;][vc_single_image image=&#8221;6592&#8243; img_size=&#8221;full&#8221;][vc_single_image image=&#8221;6595&#8243; img_size=&#8221;full&#8221;][vc_single_image image=&#8221;6607&#8243; img_size=&#8221;full&#8221;][vc_single_image image=&#8221;6586&#8243; img_size=&#8221;full&#8221;][vc_single_image image=&#8221;6601&#8243; img_size=&#8221;full&#8221;][vc_single_image image=&#8221;6589&#8243; img_size=&#8221;full&#8221;][vc_single_image image=&#8221;6580&#8243; img_size=&#8221;full&#8221;][vc_single_image image=&#8221;6598&#8243; img_size=&#8221;full&#8221;][vc_single_image image=&#8221;6604&#8243; img_size=&#8221;full&#8221;][vc_single_image image=&#8221;6583&#8243; img_size=&#8221;full&#8221;]<\/div><\/div>\t\t\t<script type=\"text\/javascript\">\n\t\t\t\tjQuery(document).ready(function ($) {\n\t\t\t\t\tif( typeof jQuery('.ult-carousel-142874994969d05261c1c55').slick == \"function\"){\n\t\t\t\t\t\t$('.ult-carousel-142874994969d05261c1c55').slick({dots: false,autoplay: true,autoplaySpeed: \"5000\",speed: \"300\",infinite: true,arrows: true,nextArrow: '<button type=\"button\" role=\"button\" aria-label=\"Next\" style=\"color:#1c6db6; font-size:29px;\" class=\"slick-next default\"><i class=\"ultsl-arrow-right6\"><\/i><\/button>',prevArrow: '<button type=\"button\" role=\"button\" aria-label=\"Previous\" style=\"color:#1c6db6; font-size:29px;\" class=\"slick-prev default\"><i class=\"ultsl-arrow-left6\"><\/i><\/button>',slidesToScroll:1,slidesToShow:6,swipe: true,draggable: true,touchMove: true,pauseOnHover: true,pauseOnFocus: false,responsive: [\n\t\t\t\t\t\t\t{\n\t\t\t\t\t\t\t  breakpoint: 1026,\n\t\t\t\t\t\t\t  settings: {\n\t\t\t\t\t\t\t\tslidesToShow: 6,\n\t\t\t\t\t\t\t\tslidesToScroll: 1,  \n\t\t\t\t\t\t\t  }\n\t\t\t\t\t\t\t},\n\t\t\t\t\t\t\t{\n\t\t\t\t\t\t\t  breakpoint: 1025,\n\t\t\t\t\t\t\t  settings: {\n\t\t\t\t\t\t\t\tslidesToShow: 3,\n\t\t\t\t\t\t\t\tslidesToScroll: 1\n\t\t\t\t\t\t\t  }\n\t\t\t\t\t\t\t},\n\t\t\t\t\t\t\t{\n\t\t\t\t\t\t\t  breakpoint: 760,\n\t\t\t\t\t\t\t  settings: {\n\t\t\t\t\t\t\t\tslidesToShow: 2,\n\t\t\t\t\t\t\t\tslidesToScroll: 1\n\t\t\t\t\t\t\t  }\n\t\t\t\t\t\t\t}\n\t\t\t\t\t\t],pauseOnDotsHover: true,customPaging: function(slider, i) {\n                   return '<i type=\"button\" style= \"color:#333333;\" class=\"ultsl-record\" data-role=\"none\"><\/i>';\n                },});\n\t\t\t\t\t}\n\t\t\t\t});\n\t\t\t<\/script>\n\t\t\t[vc_column_text el_class=&#8221;CarouselCTA BlueCTALink CapsCTA&#8221;]<\/p>\n<p style=\"text-align: center;\"><a href=\"https:\/\/www.bocada.com\/pt\/parceiros-de-tecnologia\/\">Veja nossa lista completa de aplica\u00e7\u00f5es suportadas&#8230;<\/a><\/p>\n<p>[\/vc_column_text][\/vc_column_inner][\/vc_row_inner][\/vc_column][\/vc_row][vc_row el_id=&#8221;PreFormSpacer&#8221;][vc_column][\/vc_column][\/vc_row]<\/p>\n<\/div>","protected":false},"excerpt":{"rendered":"[vc_row css_animation=&#8221;fadeInLeftBig&#8221; el_class=&#8221;ImgLeftTextRt&#8221;][vc_column][vc_row_inner][vc_column_inner el_class=&#8221;LtRtImgCol Left&#8221; width=&#8221;1\/2&#8243;][vc_single_image image=&#8221;6762&#8243; img_size=&#8221;full&#8221; alignment=&#8221;center&#8221; el_class=&#8221;LtRtImg Left&#8221;][\/vc_column_inner][vc_column_inner el_class=&#8221;DetailsCol Right&#8221; width=&#8221;1\/2&#8243;][vc_single_image image=&#8221;6719&#8243; img_size=&#8221;full&#8221; el_class=&#8221;IconHeading&#8221;][vc_column_text el_class=&#8221;IconHeading&#8221;] Automatize o Monitoramento de Backup Simplifique o gerenciamento de backup visualizando todas as m\u00e9tricas de desempenho em uma \u00fanica tela.[\/vc_column_text][vc_column_text el_class=&#8221;DetailsList Right CapsCTA&#8221;] Consolide dados de desempenho de mais de 40 solu\u00e7\u00f5es locais e de nuvem em&#8230; <a class=\"view-article\" href=\"https:\/\/www.bocada.com\/pt\/empresas-ti\/\">Ver artigo<\/a>","protected":false},"author":2,"featured_media":8249,"parent":0,"menu_order":21,"comment_status":"closed","ping_status":"closed","template":"page-hero.php","meta":{"_acf_changed":false,"content-type":"","inline_featured_image":false,"ngg_post_thumbnail":0,"footnotes":""},"class_list":["post-5705","page","type-page","status-publish","has-post-thumbnail","hentry"],"acf":[],"yoast_head":"<!-- This site is optimized with the Yoast SEO plugin v22.8 - https:\/\/yoast.com\/wordpress\/plugins\/seo\/ -->\n<title>Software de monitoramento e relat\u00f3rios de backup para Empresas<\/title>\n<meta name=\"description\" content=\"Software de relat\u00f3rio de backup automatizado para supervisionar o desempenho de backup, para ambientes de escala empresarial.\" \/>\n<meta name=\"robots\" content=\"index, follow, max-snippet:-1, max-image-preview:large, max-video-preview:-1\" \/>\n<link rel=\"canonical\" href=\"https:\/\/www.bocada.com\/pt\/empresas-ti\/\" \/>\n<meta property=\"og:locale\" content=\"pt_BR\" \/>\n<meta property=\"og:type\" content=\"article\" \/>\n<meta property=\"og:title\" content=\"Software de monitoramento e relat\u00f3rios de backup para Empresas\" \/>\n<meta property=\"og:description\" content=\"Software de relat\u00f3rio de backup automatizado para supervisionar o desempenho de backup, para ambientes de escala empresarial.\" \/>\n<meta property=\"og:url\" content=\"https:\/\/www.bocada.com\/pt\/empresas-ti\/\" \/>\n<meta property=\"og:site_name\" content=\"Bocada\" \/>\n<meta property=\"article:modified_time\" content=\"2022-06-16T22:13:50+00:00\" \/>\n<meta property=\"og:image\" content=\"https:\/\/www.bocada.com\/wp-content\/uploads\/2019\/09\/Enterprise-IT-Main.jpg\" \/>\n\t<meta property=\"og:image:width\" content=\"1680\" \/>\n\t<meta property=\"og:image:height\" content=\"550\" \/>\n\t<meta property=\"og:image:type\" content=\"image\/jpeg\" \/>\n<meta name=\"twitter:card\" content=\"summary_large_image\" \/>\n<meta name=\"twitter:label1\" content=\"Est. tempo de leitura\" \/>\n\t<meta name=\"twitter:data1\" content=\"3 minutos\" \/>\n<script type=\"application\/ld+json\" class=\"yoast-schema-graph\">{\"@context\":\"https:\/\/schema.org\",\"@graph\":[{\"@type\":\"WebPage\",\"@id\":\"https:\/\/www.bocada.com\/pt\/empresas-ti\/\",\"url\":\"https:\/\/www.bocada.com\/pt\/empresas-ti\/\",\"name\":\"Software de monitoramento e relat\u00f3rios de backup para Empresas\",\"isPartOf\":{\"@id\":\"https:\/\/www.bocada.com\/pt\/#website\"},\"primaryImageOfPage\":{\"@id\":\"https:\/\/www.bocada.com\/pt\/empresas-ti\/#primaryimage\"},\"image\":{\"@id\":\"https:\/\/www.bocada.com\/pt\/empresas-ti\/#primaryimage\"},\"thumbnailUrl\":\"https:\/\/www.bocada.com\/wp-content\/uploads\/2024\/06\/Enterprise-IT-darker-2.jpg\",\"datePublished\":\"2019-09-19T20:34:49+00:00\",\"dateModified\":\"2022-06-16T22:13:50+00:00\",\"description\":\"Software de relat\u00f3rio de backup automatizado para supervisionar o desempenho de backup, para ambientes de escala empresarial.\",\"breadcrumb\":{\"@id\":\"https:\/\/www.bocada.com\/pt\/empresas-ti\/#breadcrumb\"},\"inLanguage\":\"pt-BR\",\"potentialAction\":[{\"@type\":\"ReadAction\",\"target\":[\"https:\/\/www.bocada.com\/pt\/empresas-ti\/\"]}]},{\"@type\":\"ImageObject\",\"inLanguage\":\"pt-BR\",\"@id\":\"https:\/\/www.bocada.com\/pt\/empresas-ti\/#primaryimage\",\"url\":\"https:\/\/www.bocada.com\/wp-content\/uploads\/2024\/06\/Enterprise-IT-darker-2.jpg\",\"contentUrl\":\"https:\/\/www.bocada.com\/wp-content\/uploads\/2024\/06\/Enterprise-IT-darker-2.jpg\",\"width\":1680,\"height\":500,\"caption\":\"Enterprise IT Backup Monitoring\"},{\"@type\":\"BreadcrumbList\",\"@id\":\"https:\/\/www.bocada.com\/pt\/empresas-ti\/#breadcrumb\",\"itemListElement\":[{\"@type\":\"ListItem\",\"position\":1,\"name\":\"Bocada\",\"item\":\"https:\/\/www.bocada.com\/pt\/\"},{\"@type\":\"ListItem\",\"position\":2,\"name\":\"Empresas de TI\"}]},{\"@type\":\"WebSite\",\"@id\":\"https:\/\/www.bocada.com\/pt\/#website\",\"url\":\"https:\/\/www.bocada.com\/pt\/\",\"name\":\"Bocada\",\"description\":\"Automated Backup Monitoring &amp; Reporting\",\"potentialAction\":[{\"@type\":\"SearchAction\",\"target\":{\"@type\":\"EntryPoint\",\"urlTemplate\":\"https:\/\/www.bocada.com\/pt\/?s={search_term_string}\"},\"query-input\":\"required name=search_term_string\"}],\"inLanguage\":\"pt-BR\"}]}<\/script>\n<!-- \/ Yoast SEO plugin. -->","yoast_head_json":{"title":"Software de monitoramento e relat\u00f3rios de backup para Empresas","description":"Software de relat\u00f3rio de backup automatizado para supervisionar o desempenho de backup, para ambientes de escala empresarial.","robots":{"index":"index","follow":"follow","max-snippet":"max-snippet:-1","max-image-preview":"max-image-preview:large","max-video-preview":"max-video-preview:-1"},"canonical":"https:\/\/www.bocada.com\/pt\/empresas-ti\/","og_locale":"pt_BR","og_type":"article","og_title":"Software de monitoramento e relat\u00f3rios de backup para Empresas","og_description":"Software de relat\u00f3rio de backup automatizado para supervisionar o desempenho de backup, para ambientes de escala empresarial.","og_url":"https:\/\/www.bocada.com\/pt\/empresas-ti\/","og_site_name":"Bocada","article_modified_time":"2022-06-16T22:13:50+00:00","og_image":[{"width":1680,"height":550,"url":"https:\/\/www.bocada.com\/wp-content\/uploads\/2019\/09\/Enterprise-IT-Main.jpg","type":"image\/jpeg"}],"twitter_card":"summary_large_image","twitter_misc":{"Est. tempo de leitura":"3 minutos"},"schema":{"@context":"https:\/\/schema.org","@graph":[{"@type":"WebPage","@id":"https:\/\/www.bocada.com\/pt\/empresas-ti\/","url":"https:\/\/www.bocada.com\/pt\/empresas-ti\/","name":"Software de monitoramento e relat\u00f3rios de backup para Empresas","isPartOf":{"@id":"https:\/\/www.bocada.com\/pt\/#website"},"primaryImageOfPage":{"@id":"https:\/\/www.bocada.com\/pt\/empresas-ti\/#primaryimage"},"image":{"@id":"https:\/\/www.bocada.com\/pt\/empresas-ti\/#primaryimage"},"thumbnailUrl":"https:\/\/www.bocada.com\/wp-content\/uploads\/2024\/06\/Enterprise-IT-darker-2.jpg","datePublished":"2019-09-19T20:34:49+00:00","dateModified":"2022-06-16T22:13:50+00:00","description":"Software de relat\u00f3rio de backup automatizado para supervisionar o desempenho de backup, para ambientes de escala empresarial.","breadcrumb":{"@id":"https:\/\/www.bocada.com\/pt\/empresas-ti\/#breadcrumb"},"inLanguage":"pt-BR","potentialAction":[{"@type":"ReadAction","target":["https:\/\/www.bocada.com\/pt\/empresas-ti\/"]}]},{"@type":"ImageObject","inLanguage":"pt-BR","@id":"https:\/\/www.bocada.com\/pt\/empresas-ti\/#primaryimage","url":"https:\/\/www.bocada.com\/wp-content\/uploads\/2024\/06\/Enterprise-IT-darker-2.jpg","contentUrl":"https:\/\/www.bocada.com\/wp-content\/uploads\/2024\/06\/Enterprise-IT-darker-2.jpg","width":1680,"height":500,"caption":"Enterprise IT Backup Monitoring"},{"@type":"BreadcrumbList","@id":"https:\/\/www.bocada.com\/pt\/empresas-ti\/#breadcrumb","itemListElement":[{"@type":"ListItem","position":1,"name":"Bocada","item":"https:\/\/www.bocada.com\/pt\/"},{"@type":"ListItem","position":2,"name":"Empresas de TI"}]},{"@type":"WebSite","@id":"https:\/\/www.bocada.com\/pt\/#website","url":"https:\/\/www.bocada.com\/pt\/","name":"Bocada","description":"Automated Backup Monitoring &amp; Reporting","potentialAction":[{"@type":"SearchAction","target":{"@type":"EntryPoint","urlTemplate":"https:\/\/www.bocada.com\/pt\/?s={search_term_string}"},"query-input":"required name=search_term_string"}],"inLanguage":"pt-BR"}]}},"_links":{"self":[{"href":"https:\/\/www.bocada.com\/pt\/wp-json\/wp\/v2\/pages\/5705","targetHints":{"allow":["GET"]}}],"collection":[{"href":"https:\/\/www.bocada.com\/pt\/wp-json\/wp\/v2\/pages"}],"about":[{"href":"https:\/\/www.bocada.com\/pt\/wp-json\/wp\/v2\/types\/page"}],"author":[{"embeddable":true,"href":"https:\/\/www.bocada.com\/pt\/wp-json\/wp\/v2\/users\/2"}],"replies":[{"embeddable":true,"href":"https:\/\/www.bocada.com\/pt\/wp-json\/wp\/v2\/comments?post=5705"}],"version-history":[{"count":0,"href":"https:\/\/www.bocada.com\/pt\/wp-json\/wp\/v2\/pages\/5705\/revisions"}],"wp:featuredmedia":[{"embeddable":true,"href":"https:\/\/www.bocada.com\/pt\/wp-json\/wp\/v2\/media\/8249"}],"wp:attachment":[{"href":"https:\/\/www.bocada.com\/pt\/wp-json\/wp\/v2\/media?parent=5705"}],"curies":[{"name":"wp","href":"https:\/\/api.w.org\/{rel}","templated":true}]}}