{"id":5668,"date":"2019-09-19T12:38:20","date_gmt":"2019-09-19T19:38:20","guid":{"rendered":"https:\/\/www.bocada.com\/msp\/"},"modified":"2022-02-10T11:00:24","modified_gmt":"2022-02-10T19:00:24","slug":"msp","status":"publish","type":"page","link":"https:\/\/www.bocada.com\/pt\/msp\/","title":{"rendered":"Global MSPs"},"content":{"rendered":"<div class=\"wpb-content-wrapper\"><p>[vc_row css_animation=&#8221;fadeInLeftBig&#8221; el_class=&#8221;ImgLeftTextRt&#8221;][vc_column][vc_row_inner][vc_column_inner el_class=&#8221;LtRtImgCol Left&#8221; width=&#8221;1\/2&#8243;][vc_single_image image=&#8221;6762&#8243; img_size=&#8221;full&#8221; alignment=&#8221;center&#8221; el_class=&#8221;LtRtImg Left&#8221;][\/vc_column_inner][vc_column_inner el_class=&#8221;DetailsCol Right&#8221; width=&#8221;1\/2&#8243;][vc_single_image image=&#8221;6709&#8243; img_size=&#8221;full&#8221; el_class=&#8221;IconHeading&#8221;][vc_column_text el_class=&#8221;IconHeading&#8221;]<\/p>\n<h2>Otimize o Desempenho do Gerenciamento de Backup<\/h2>\n<p>Simplifique a supervis\u00e3o das opera\u00e7\u00f5es de backup do dia a dia em um \u00fanico painel para monitorar o desempenho de backup de cada cliente.[\/vc_column_text][vc_column_text el_class=&#8221;DetailsList Right CapsCTA&#8221;]<\/p>\n<ul>\n<li>\n<div class=\"ewa-rteLine\">Automaticamente extraia, agregue e normalize as m\u00e9tricas de cada cliente dos seus ambientes de nuvem ou infraestrutura local para um gerenciamento efetivo.<\/div>\n<\/li>\n<li>\n<div class=\"ewa-rteLine\">Simplifique o gerenciamento espec\u00edfico de backup de clientes com regras automatizadas por tags.<\/div>\n<\/li>\n<li>\n<div class=\"ewa-rteLine\">Crie e agenda relat\u00f3rios de desempenho di\u00e1rios para se antecipar aos problemas que podem impactar no SLA.<\/div>\n<\/li>\n<\/ul>\n<p>[\/vc_column_text][\/vc_column_inner][\/vc_row_inner][\/vc_column][\/vc_row][vc_row css_animation=&#8221;fadeInRightBig&#8221; el_class=&#8221;TextLeftImgRt&#8221;][vc_column][vc_row_inner][vc_column_inner el_class=&#8221;DetailsCol Left&#8221; width=&#8221;1\/2&#8243;][vc_single_image image=&#8221;6706&#8243; img_size=&#8221;full&#8221; el_class=&#8221;IconHeading&#8221;][vc_column_text el_class=&#8221;IconHeading&#8221;]<\/p>\n<h2>Simplifique o Relat\u00f3rio de SLA<\/h2>\n<p>Em minutos, d\u00ea tranquilidade aos seus clientes de que voc\u00ea atende \u00e0s especifica\u00e7\u00f5es de SLA.[\/vc_column_text][vc_column_text el_class=&#8221;DetailsList Right CapsCTA&#8221;]<\/p>\n<ul>\n<li>Utilize tags customizadas para simplificar a extra\u00e7\u00e3o de m\u00e9tricas de desempenho espec\u00edficas para cada cliente.<\/li>\n<li>Crie e salve modelos altamente customizados de relat\u00f3rios de SLA para cada cliente, de forma a simplificar os relat\u00f3rios de fim de m\u00eas.<\/li>\n<li>Agende a distribui\u00e7\u00e3o de relat\u00f3rios para clientes e usu\u00e1rios chave para garantir que as m\u00e9tricas de desempenho cheguem \u00e0s pessoas certas na hora certa.<\/li>\n<\/ul>\n<p>[\/vc_column_text][\/vc_column_inner][vc_column_inner el_class=&#8221;LtRtImgCol Right&#8221; width=&#8221;1\/2&#8243;][vc_single_image image=&#8221;6771&#8243; img_size=&#8221;full&#8221; alignment=&#8221;center&#8221; el_class=&#8221;LtRtImg Left&#8221;][\/vc_column_inner][\/vc_row_inner][\/vc_column][\/vc_row][vc_row css_animation=&#8221;fadeInLeftBig&#8221; el_class=&#8221;ImgLeftTextRt&#8221;][vc_column][vc_row_inner][vc_column_inner el_class=&#8221;LtRtImgCol Left&#8221; width=&#8221;1\/2&#8243;][vc_single_image image=&#8221;6872&#8243; img_size=&#8221;full&#8221; alignment=&#8221;center&#8221; el_class=&#8221;LtRtImg Left&#8221;][\/vc_column_inner][vc_column_inner el_class=&#8221;DetailsCol Right&#8221; width=&#8221;1\/2&#8243;][vc_single_image image=&#8221;6703&#8243; img_size=&#8221;full&#8221; el_class=&#8221;IconHeading&#8221;][vc_column_text el_class=&#8221;IconHeading&#8221;]<\/p>\n<h2>Diminua as Horas de Trabalho de Entregas<\/h2>\n<p>Utilize as ferramentas automatizadas de emiss\u00e3o de t\u00edquetes e de efici\u00eancia de resolu\u00e7\u00e3o para remover trabalhos manuais propensos a erros na sua opera\u00e7\u00e3o de TI.[\/vc_column_text][vc_column_text el_class=&#8221;DetailsList Right CapsCTA&#8221;]<\/p>\n<ul>\n<li>Integre o Bocada na sua solu\u00e7\u00e3o empresarial de emiss\u00e3o de t\u00edquetes para automatizar a regras de cria\u00e7\u00e3o e encerramento de t\u00edquetes.<\/li>\n<li>Utilize as fun\u00e7\u00f5es de classifica\u00e7\u00e3o por tags e clicar e arrastar dos relat\u00f3rios para visualizar e isolar os problemas que impactam no sucesso do backup.<\/li>\n<li>Identifique \u00e1reas com falhas persistentes com o acompanhamento de falhas consecutivas.<\/li>\n<\/ul>\n<p>[\/vc_column_text][\/vc_column_inner][\/vc_row_inner][\/vc_column][\/vc_row][vc_row css_animation=&#8221;fadeInRightBig&#8221; el_class=&#8221;TextLeftImgRt&#8221;][vc_column][vc_row_inner][vc_column_inner el_class=&#8221;DetailsCol Left&#8221; width=&#8221;1\/2&#8243;][vc_single_image image=&#8221;6700&#8243; img_size=&#8221;full&#8221; el_class=&#8221;IconHeading&#8221;][vc_column_text el_class=&#8221;IconHeading&#8221;]<\/p>\n<h2>Simplifique a Cobran\u00e7a de Clientes<\/h2>\n<p>Economize incont\u00e1veis horas todos os meses nas atividades de cobran\u00e7a para que voc\u00ea possa focar no que realmente \u00e9 importante: prote\u00e7\u00e3o de dados.[\/vc_column_text][vc_column_text el_class=&#8221;DetailsList Right CapsCTA&#8221;]<\/p>\n<ul>\n<li>Gere confian\u00e7a do cliente com uma plataforma terceirizada independente que valida os relat\u00f3rios de cobran\u00e7a.<\/li>\n<li>Pr\u00e9-agende a cria\u00e7\u00e3o e distribui\u00e7\u00e3o de relat\u00f3rios mensais para entrega r\u00e1pida da informa\u00e7\u00e3o de cobran\u00e7a.<\/li>\n<li>Aproveite a verifica\u00e7\u00e3o dos servi\u00e7os prestados de backup e armazenamento nos relat\u00f3rios autom\u00e1ticos.<\/li>\n<\/ul>\n<p>[\/vc_column_text][\/vc_column_inner][vc_column_inner el_class=&#8221;LtRtImgCol Right&#8221; width=&#8221;1\/2&#8243;][vc_single_image image=&#8221;6880&#8243; img_size=&#8221;full&#8221; alignment=&#8221;center&#8221; el_class=&#8221;LtRtImg Left&#8221;][\/vc_column_inner][\/vc_row_inner][\/vc_column][\/vc_row][vc_row el_id=&#8221;CarouselBg&#8221;][vc_column][vc_row_inner content_placement=&#8221;middle&#8221; el_class=&#8221;CarouselInnerRow&#8221;][vc_column_inner][vc_column_text el_class=&#8221;CarouselHeading&#8221;]<\/p>\n<h2 style=\"text-align: center;\">Integre seus sistemas de backup e prote\u00e7\u00e3o de dados no Dashboard do Bocada<\/h2>\n<p>[\/vc_column_text]<div id=\"ult-carousel-201278040169d9100780089\" class=\"ult-carousel-wrapper  ProductsCarousel ult_horizontal\" data-gutter=\"15\" data-rtl=\"false\" ><div class=\"ult-carousel-278254914169d910078002f \" >[vc_single_image image=&#8221;6610&#8243; img_size=&#8221;full&#8221;][vc_single_image image=&#8221;6616&#8243; img_size=&#8221;full&#8221;][vc_single_image image=&#8221;6613&#8243; img_size=&#8221;full&#8221;][vc_single_image image=&#8221;6592&#8243; img_size=&#8221;full&#8221;][vc_single_image image=&#8221;6595&#8243; img_size=&#8221;full&#8221;][vc_single_image image=&#8221;6607&#8243; img_size=&#8221;full&#8221;][vc_single_image image=&#8221;6586&#8243; img_size=&#8221;full&#8221;][vc_single_image image=&#8221;6601&#8243; img_size=&#8221;full&#8221;][vc_single_image image=&#8221;6589&#8243; img_size=&#8221;full&#8221;][vc_single_image image=&#8221;6580&#8243; img_size=&#8221;full&#8221;][vc_single_image image=&#8221;6598&#8243; img_size=&#8221;full&#8221;][vc_single_image image=&#8221;6604&#8243; img_size=&#8221;full&#8221;][vc_single_image image=&#8221;6583&#8243; img_size=&#8221;full&#8221;]<\/div><\/div>\t\t\t<script type=\"text\/javascript\">\n\t\t\t\tjQuery(document).ready(function ($) {\n\t\t\t\t\tif( typeof jQuery('.ult-carousel-278254914169d910078002f').slick == \"function\"){\n\t\t\t\t\t\t$('.ult-carousel-278254914169d910078002f').slick({dots: false,autoplay: true,autoplaySpeed: \"5000\",speed: \"300\",infinite: true,arrows: true,nextArrow: '<button type=\"button\" role=\"button\" aria-label=\"Next\" style=\"color:#1c6db6; font-size:29px;\" class=\"slick-next default\"><i class=\"ultsl-arrow-right6\"><\/i><\/button>',prevArrow: '<button type=\"button\" role=\"button\" aria-label=\"Previous\" style=\"color:#1c6db6; font-size:29px;\" class=\"slick-prev default\"><i class=\"ultsl-arrow-left6\"><\/i><\/button>',slidesToScroll:1,slidesToShow:6,swipe: true,draggable: true,touchMove: true,pauseOnHover: true,pauseOnFocus: false,responsive: [\n\t\t\t\t\t\t\t{\n\t\t\t\t\t\t\t  breakpoint: 1026,\n\t\t\t\t\t\t\t  settings: {\n\t\t\t\t\t\t\t\tslidesToShow: 6,\n\t\t\t\t\t\t\t\tslidesToScroll: 1,  \n\t\t\t\t\t\t\t  }\n\t\t\t\t\t\t\t},\n\t\t\t\t\t\t\t{\n\t\t\t\t\t\t\t  breakpoint: 1025,\n\t\t\t\t\t\t\t  settings: {\n\t\t\t\t\t\t\t\tslidesToShow: 3,\n\t\t\t\t\t\t\t\tslidesToScroll: 1\n\t\t\t\t\t\t\t  }\n\t\t\t\t\t\t\t},\n\t\t\t\t\t\t\t{\n\t\t\t\t\t\t\t  breakpoint: 760,\n\t\t\t\t\t\t\t  settings: {\n\t\t\t\t\t\t\t\tslidesToShow: 2,\n\t\t\t\t\t\t\t\tslidesToScroll: 1\n\t\t\t\t\t\t\t  }\n\t\t\t\t\t\t\t}\n\t\t\t\t\t\t],pauseOnDotsHover: true,customPaging: function(slider, i) {\n                   return '<i type=\"button\" style= \"color:#333333;\" class=\"ultsl-record\" data-role=\"none\"><\/i>';\n                },});\n\t\t\t\t\t}\n\t\t\t\t});\n\t\t\t<\/script>\n\t\t\t[vc_column_text el_class=&#8221;CarouselCTA BlueCTALink CapsCTA&#8221;]<\/p>\n<p style=\"text-align: center;\"><a href=\"https:\/\/www.bocada.com\/pt\/parceiros-de-tecnologia\/\">Veja nossa lista completa de aplica\u00e7\u00f5es suportadas&#8230;<\/a><\/p>\n<p>[\/vc_column_text][\/vc_column_inner][\/vc_row_inner][\/vc_column][\/vc_row][vc_row el_id=&#8221;PreFormSpacer&#8221;][vc_column][\/vc_column][\/vc_row]<\/p>\n<\/div>","protected":false},"excerpt":{"rendered":"[vc_row css_animation=&#8221;fadeInLeftBig&#8221; el_class=&#8221;ImgLeftTextRt&#8221;][vc_column][vc_row_inner][vc_column_inner el_class=&#8221;LtRtImgCol Left&#8221; width=&#8221;1\/2&#8243;][vc_single_image image=&#8221;6762&#8243; img_size=&#8221;full&#8221; alignment=&#8221;center&#8221; el_class=&#8221;LtRtImg Left&#8221;][\/vc_column_inner][vc_column_inner el_class=&#8221;DetailsCol Right&#8221; width=&#8221;1\/2&#8243;][vc_single_image image=&#8221;6709&#8243; img_size=&#8221;full&#8221; el_class=&#8221;IconHeading&#8221;][vc_column_text el_class=&#8221;IconHeading&#8221;] Otimize o Desempenho do Gerenciamento de Backup Simplifique a supervis\u00e3o das opera\u00e7\u00f5es de backup do dia a dia em um \u00fanico painel para monitorar o desempenho de backup de cada cliente.[\/vc_column_text][vc_column_text el_class=&#8221;DetailsList Right CapsCTA&#8221;] Automaticamente extraia, agregue&#8230; <a class=\"view-article\" href=\"https:\/\/www.bocada.com\/pt\/msp\/\">Ver artigo<\/a>","protected":false},"author":2,"featured_media":5667,"parent":0,"menu_order":20,"comment_status":"closed","ping_status":"closed","template":"page-hero.php","meta":{"_acf_changed":false,"content-type":"","inline_featured_image":false,"ngg_post_thumbnail":0,"footnotes":""},"class_list":["post-5668","page","type-page","status-publish","has-post-thumbnail","hentry"],"acf":[],"yoast_head":"<!-- This site is optimized with the Yoast SEO plugin v22.8 - https:\/\/yoast.com\/wordpress\/plugins\/seo\/ -->\n<title>Plataforma BaaS para monitoramento e relat\u00f3rios de backup | Bocada<\/title>\n<meta name=\"description\" content=\"Relat\u00f3rios e monitoramento automatizados de BaaS para opera\u00e7\u00f5es de backup. Feito para MSPs que oferecem servi\u00e7os BaaS.\" \/>\n<meta name=\"robots\" content=\"index, follow, max-snippet:-1, max-image-preview:large, max-video-preview:-1\" \/>\n<link rel=\"canonical\" href=\"https:\/\/www.bocada.com\/pt\/msp\/\" \/>\n<meta property=\"og:locale\" content=\"pt_BR\" \/>\n<meta property=\"og:type\" content=\"article\" \/>\n<meta property=\"og:title\" content=\"Plataforma BaaS para monitoramento e relat\u00f3rios de backup | Bocada\" \/>\n<meta property=\"og:description\" content=\"Relat\u00f3rios e monitoramento automatizados de BaaS para opera\u00e7\u00f5es de backup. Feito para MSPs que oferecem servi\u00e7os BaaS.\" \/>\n<meta property=\"og:url\" content=\"https:\/\/www.bocada.com\/pt\/msp\/\" \/>\n<meta property=\"og:site_name\" content=\"Bocada\" \/>\n<meta property=\"article:modified_time\" content=\"2022-02-10T19:00:24+00:00\" \/>\n<meta property=\"og:image\" content=\"https:\/\/www.bocada.com\/wp-content\/uploads\/2018\/10\/Data-Backup-Reporting-Solutions.jpg\" \/>\n\t<meta property=\"og:image:width\" content=\"1680\" \/>\n\t<meta property=\"og:image:height\" content=\"550\" \/>\n\t<meta property=\"og:image:type\" content=\"image\/jpeg\" \/>\n<meta name=\"twitter:card\" content=\"summary_large_image\" \/>\n<meta name=\"twitter:label1\" content=\"Est. tempo de leitura\" \/>\n\t<meta name=\"twitter:data1\" content=\"3 minutos\" \/>\n<script type=\"application\/ld+json\" class=\"yoast-schema-graph\">{\"@context\":\"https:\/\/schema.org\",\"@graph\":[{\"@type\":\"WebPage\",\"@id\":\"https:\/\/www.bocada.com\/pt\/msp\/\",\"url\":\"https:\/\/www.bocada.com\/pt\/msp\/\",\"name\":\"Plataforma BaaS para monitoramento e relat\u00f3rios de backup | Bocada\",\"isPartOf\":{\"@id\":\"https:\/\/www.bocada.com\/pt\/#website\"},\"primaryImageOfPage\":{\"@id\":\"https:\/\/www.bocada.com\/pt\/msp\/#primaryimage\"},\"image\":{\"@id\":\"https:\/\/www.bocada.com\/pt\/msp\/#primaryimage\"},\"thumbnailUrl\":\"https:\/\/www.bocada.com\/wp-content\/uploads\/2018\/10\/Data-Backup-Reporting-Solutions.jpg\",\"datePublished\":\"2019-09-19T19:38:20+00:00\",\"dateModified\":\"2022-02-10T19:00:24+00:00\",\"description\":\"Relat\u00f3rios e monitoramento automatizados de BaaS para opera\u00e7\u00f5es de backup. Feito para MSPs que oferecem servi\u00e7os BaaS.\",\"breadcrumb\":{\"@id\":\"https:\/\/www.bocada.com\/pt\/msp\/#breadcrumb\"},\"inLanguage\":\"pt-BR\",\"potentialAction\":[{\"@type\":\"ReadAction\",\"target\":[\"https:\/\/www.bocada.com\/pt\/msp\/\"]}]},{\"@type\":\"ImageObject\",\"inLanguage\":\"pt-BR\",\"@id\":\"https:\/\/www.bocada.com\/pt\/msp\/#primaryimage\",\"url\":\"https:\/\/www.bocada.com\/wp-content\/uploads\/2018\/10\/Data-Backup-Reporting-Solutions.jpg\",\"contentUrl\":\"https:\/\/www.bocada.com\/wp-content\/uploads\/2018\/10\/Data-Backup-Reporting-Solutions.jpg\",\"width\":1680,\"height\":550,\"caption\":\"Data Backup Reporting Solutions\"},{\"@type\":\"BreadcrumbList\",\"@id\":\"https:\/\/www.bocada.com\/pt\/msp\/#breadcrumb\",\"itemListElement\":[{\"@type\":\"ListItem\",\"position\":1,\"name\":\"Bocada\",\"item\":\"https:\/\/www.bocada.com\/pt\/\"},{\"@type\":\"ListItem\",\"position\":2,\"name\":\"Global MSPs\"}]},{\"@type\":\"WebSite\",\"@id\":\"https:\/\/www.bocada.com\/pt\/#website\",\"url\":\"https:\/\/www.bocada.com\/pt\/\",\"name\":\"Bocada\",\"description\":\"Automated Backup Monitoring &amp; Reporting\",\"potentialAction\":[{\"@type\":\"SearchAction\",\"target\":{\"@type\":\"EntryPoint\",\"urlTemplate\":\"https:\/\/www.bocada.com\/pt\/?s={search_term_string}\"},\"query-input\":\"required name=search_term_string\"}],\"inLanguage\":\"pt-BR\"}]}<\/script>\n<!-- \/ Yoast SEO plugin. -->","yoast_head_json":{"title":"Plataforma BaaS para monitoramento e relat\u00f3rios de backup | Bocada","description":"Relat\u00f3rios e monitoramento automatizados de BaaS para opera\u00e7\u00f5es de backup. Feito para MSPs que oferecem servi\u00e7os BaaS.","robots":{"index":"index","follow":"follow","max-snippet":"max-snippet:-1","max-image-preview":"max-image-preview:large","max-video-preview":"max-video-preview:-1"},"canonical":"https:\/\/www.bocada.com\/pt\/msp\/","og_locale":"pt_BR","og_type":"article","og_title":"Plataforma BaaS para monitoramento e relat\u00f3rios de backup | Bocada","og_description":"Relat\u00f3rios e monitoramento automatizados de BaaS para opera\u00e7\u00f5es de backup. Feito para MSPs que oferecem servi\u00e7os BaaS.","og_url":"https:\/\/www.bocada.com\/pt\/msp\/","og_site_name":"Bocada","article_modified_time":"2022-02-10T19:00:24+00:00","og_image":[{"width":1680,"height":550,"url":"https:\/\/www.bocada.com\/wp-content\/uploads\/2018\/10\/Data-Backup-Reporting-Solutions.jpg","type":"image\/jpeg"}],"twitter_card":"summary_large_image","twitter_misc":{"Est. tempo de leitura":"3 minutos"},"schema":{"@context":"https:\/\/schema.org","@graph":[{"@type":"WebPage","@id":"https:\/\/www.bocada.com\/pt\/msp\/","url":"https:\/\/www.bocada.com\/pt\/msp\/","name":"Plataforma BaaS para monitoramento e relat\u00f3rios de backup | Bocada","isPartOf":{"@id":"https:\/\/www.bocada.com\/pt\/#website"},"primaryImageOfPage":{"@id":"https:\/\/www.bocada.com\/pt\/msp\/#primaryimage"},"image":{"@id":"https:\/\/www.bocada.com\/pt\/msp\/#primaryimage"},"thumbnailUrl":"https:\/\/www.bocada.com\/wp-content\/uploads\/2018\/10\/Data-Backup-Reporting-Solutions.jpg","datePublished":"2019-09-19T19:38:20+00:00","dateModified":"2022-02-10T19:00:24+00:00","description":"Relat\u00f3rios e monitoramento automatizados de BaaS para opera\u00e7\u00f5es de backup. Feito para MSPs que oferecem servi\u00e7os BaaS.","breadcrumb":{"@id":"https:\/\/www.bocada.com\/pt\/msp\/#breadcrumb"},"inLanguage":"pt-BR","potentialAction":[{"@type":"ReadAction","target":["https:\/\/www.bocada.com\/pt\/msp\/"]}]},{"@type":"ImageObject","inLanguage":"pt-BR","@id":"https:\/\/www.bocada.com\/pt\/msp\/#primaryimage","url":"https:\/\/www.bocada.com\/wp-content\/uploads\/2018\/10\/Data-Backup-Reporting-Solutions.jpg","contentUrl":"https:\/\/www.bocada.com\/wp-content\/uploads\/2018\/10\/Data-Backup-Reporting-Solutions.jpg","width":1680,"height":550,"caption":"Data Backup Reporting Solutions"},{"@type":"BreadcrumbList","@id":"https:\/\/www.bocada.com\/pt\/msp\/#breadcrumb","itemListElement":[{"@type":"ListItem","position":1,"name":"Bocada","item":"https:\/\/www.bocada.com\/pt\/"},{"@type":"ListItem","position":2,"name":"Global MSPs"}]},{"@type":"WebSite","@id":"https:\/\/www.bocada.com\/pt\/#website","url":"https:\/\/www.bocada.com\/pt\/","name":"Bocada","description":"Automated Backup Monitoring &amp; Reporting","potentialAction":[{"@type":"SearchAction","target":{"@type":"EntryPoint","urlTemplate":"https:\/\/www.bocada.com\/pt\/?s={search_term_string}"},"query-input":"required name=search_term_string"}],"inLanguage":"pt-BR"}]}},"_links":{"self":[{"href":"https:\/\/www.bocada.com\/pt\/wp-json\/wp\/v2\/pages\/5668","targetHints":{"allow":["GET"]}}],"collection":[{"href":"https:\/\/www.bocada.com\/pt\/wp-json\/wp\/v2\/pages"}],"about":[{"href":"https:\/\/www.bocada.com\/pt\/wp-json\/wp\/v2\/types\/page"}],"author":[{"embeddable":true,"href":"https:\/\/www.bocada.com\/pt\/wp-json\/wp\/v2\/users\/2"}],"replies":[{"embeddable":true,"href":"https:\/\/www.bocada.com\/pt\/wp-json\/wp\/v2\/comments?post=5668"}],"version-history":[{"count":0,"href":"https:\/\/www.bocada.com\/pt\/wp-json\/wp\/v2\/pages\/5668\/revisions"}],"wp:featuredmedia":[{"embeddable":true,"href":"https:\/\/www.bocada.com\/pt\/wp-json\/wp\/v2\/media\/5667"}],"wp:attachment":[{"href":"https:\/\/www.bocada.com\/pt\/wp-json\/wp\/v2\/media?parent=5668"}],"curies":[{"name":"wp","href":"https:\/\/api.w.org\/{rel}","templated":true}]}}