{"id":5659,"date":"2018-10-09T22:18:22","date_gmt":"2018-10-10T05:18:22","guid":{"rendered":"https:\/\/www.bocada.com\/produto\/auditoria-e-ciberseguranca\/"},"modified":"2022-02-10T10:59:58","modified_gmt":"2022-02-10T18:59:58","slug":"protecao-proativa-ativos","status":"publish","type":"page","link":"https:\/\/www.bocada.com\/pt\/producto\/protecao-proativa-ativos\/","title":{"rendered":"Prote\u00e7\u00e3o de Ativos"},"content":{"rendered":"<div class=\"wpb-content-wrapper\"><p>[vc_row css_animation=&#8221;fadeInLeftBig&#8221; el_class=&#8221;ImgLeftTextRt&#8221;][vc_column][vc_row_inner][vc_column_inner el_class=&#8221;LtRtImgCol Left&#8221; width=&#8221;1\/2&#8243;][vc_single_image image=&#8221;6866&#8243; img_size=&#8221;full&#8221; alignment=&#8221;center&#8221; el_class=&#8221;LtRtImg Left&#8221;][\/vc_column_inner][vc_column_inner el_class=&#8221;DetailsCol Right&#8221; width=&#8221;1\/2&#8243;][vc_single_image image=&#8221;6678&#8243; img_size=&#8221;full&#8221; el_class=&#8221;IconHeading&#8221;][vc_column_text el_class=&#8221;IconHeading&#8221;]<\/p>\n<h2>Identifique Facilmente Ativos Desprotegidos<\/h2>\n<p>Simplifique o processo de monitoramento para obter uma lista de pend\u00eancias dos ativos sem prote\u00e7\u00f5es de backup.[\/vc_column_text][vc_column_text el_class=&#8221;DetailsList Right CapsCTA&#8221;]<\/p>\n<ul>\n<li>Automaticamente identifique ativos chaves em sua nuvem, nuvem h\u00edbrida ou infraestrutura local sem pol\u00edticas de backup definidas.<\/li>\n<li>Conecte em seu VCenter e identifique imediatamente VMS\u2019s desprotegidas.<\/li>\n<li>Integre com qualquer solu\u00e7\u00e3o de invent\u00e1rio de ativos como CMDB, SQL Server, DB2, Postgres ou arquivo CSV, para reconcilia\u00e7\u00f5es simples e constantes.<\/li>\n<\/ul>\n<p>[\/vc_column_text][\/vc_column_inner][\/vc_row_inner][\/vc_column][\/vc_row][vc_row css_animation=&#8221;fadeInRightBig&#8221; el_class=&#8221;TextLeftImgRt&#8221;][vc_column][vc_row_inner][vc_column_inner el_class=&#8221;DetailsCol Left&#8221; width=&#8221;1\/2&#8243;][vc_single_image image=&#8221;6675&#8243; img_size=&#8221;full&#8221; el_class=&#8221;IconHeading&#8221;][vc_column_text el_class=&#8221;IconHeading&#8221;]<\/p>\n<h2>Descubra Problemas Ocultos mais Rapidamente<\/h2>\n<p>Automatize as notifica\u00e7\u00f5es e identifica\u00e7\u00e3o de problemas para ficar um passo \u00e0 frente de riscos de seguran\u00e7a dos dados.[\/vc_column_text][vc_column_text el_class=&#8221;DetailsList Right CapsCTA&#8221;]<\/p>\n<ul>\n<li>Crie alertas de falhas cr\u00edticas e seja notificado quando o recurso chave ficou desprotegido.<\/li>\n<li>Visualize varia\u00e7\u00f5es incomuns no volume de bytes do backup que podem sinalizar amea\u00e7as cibern\u00e9ticas.<\/li>\n<li>Isole padr\u00f5es de falhas constantes para identificar os maiores problemas que impactam no sucesso do backup.<\/li>\n<\/ul>\n<p>[\/vc_column_text][\/vc_column_inner][vc_column_inner el_class=&#8221;LtRtImgCol Right&#8221; width=&#8221;1\/2&#8243;][vc_single_image image=&#8221;6869&#8243; img_size=&#8221;full&#8221; alignment=&#8221;center&#8221; el_class=&#8221;LtRtImg Left&#8221;][\/vc_column_inner][\/vc_row_inner][\/vc_column][\/vc_row][vc_row el_id=&#8221;CarouselBg&#8221;][vc_column][vc_row_inner content_placement=&#8221;middle&#8221; el_class=&#8221;CarouselInnerRow&#8221;][vc_column_inner][vc_column_text el_class=&#8221;CarouselHeading&#8221;]<\/p>\n<h2 style=\"text-align: center;\">Integre seus sistemas de backup e prote\u00e7\u00e3o de dados no dashboard do Bocada<\/h2>\n<p>[\/vc_column_text]<div id=\"ult-carousel-65400899669f1cb2103750\" class=\"ult-carousel-wrapper  ProductsCarousel ult_horizontal\" data-gutter=\"15\" data-rtl=\"false\" ><div class=\"ult-carousel-272747092669f1cb21036ef \" >[vc_single_image image=&#8221;6610&#8243; img_size=&#8221;full&#8221;][vc_single_image image=&#8221;6616&#8243; img_size=&#8221;full&#8221;][vc_single_image image=&#8221;6613&#8243; img_size=&#8221;full&#8221;][vc_single_image image=&#8221;6592&#8243; img_size=&#8221;full&#8221;][vc_single_image image=&#8221;6595&#8243; img_size=&#8221;full&#8221;][vc_single_image image=&#8221;6607&#8243; img_size=&#8221;full&#8221;][vc_single_image image=&#8221;6586&#8243; img_size=&#8221;full&#8221;][vc_single_image image=&#8221;6601&#8243; img_size=&#8221;full&#8221;][vc_single_image image=&#8221;6589&#8243; img_size=&#8221;full&#8221;][vc_single_image image=&#8221;6580&#8243; img_size=&#8221;full&#8221;][vc_single_image image=&#8221;6598&#8243; img_size=&#8221;full&#8221;][vc_single_image image=&#8221;6604&#8243; img_size=&#8221;full&#8221;][vc_single_image image=&#8221;6583&#8243; img_size=&#8221;full&#8221;]<\/div><\/div>\t\t\t<script type=\"text\/javascript\">\n\t\t\t\tjQuery(document).ready(function ($) {\n\t\t\t\t\tif( typeof jQuery('.ult-carousel-272747092669f1cb21036ef').slick == \"function\"){\n\t\t\t\t\t\t$('.ult-carousel-272747092669f1cb21036ef').slick({dots: false,autoplay: true,autoplaySpeed: \"5000\",speed: \"300\",infinite: true,arrows: true,nextArrow: '<button type=\"button\" role=\"button\" aria-label=\"Next\" style=\"color:#1c6db6; font-size:29px;\" class=\"slick-next default\"><i class=\"ultsl-arrow-right6\"><\/i><\/button>',prevArrow: '<button type=\"button\" role=\"button\" aria-label=\"Previous\" style=\"color:#1c6db6; font-size:29px;\" class=\"slick-prev default\"><i class=\"ultsl-arrow-left6\"><\/i><\/button>',slidesToScroll:1,slidesToShow:6,swipe: true,draggable: true,touchMove: true,pauseOnHover: true,pauseOnFocus: false,responsive: [\n\t\t\t\t\t\t\t{\n\t\t\t\t\t\t\t  breakpoint: 1026,\n\t\t\t\t\t\t\t  settings: {\n\t\t\t\t\t\t\t\tslidesToShow: 6,\n\t\t\t\t\t\t\t\tslidesToScroll: 1,  \n\t\t\t\t\t\t\t  }\n\t\t\t\t\t\t\t},\n\t\t\t\t\t\t\t{\n\t\t\t\t\t\t\t  breakpoint: 1025,\n\t\t\t\t\t\t\t  settings: {\n\t\t\t\t\t\t\t\tslidesToShow: 3,\n\t\t\t\t\t\t\t\tslidesToScroll: 1\n\t\t\t\t\t\t\t  }\n\t\t\t\t\t\t\t},\n\t\t\t\t\t\t\t{\n\t\t\t\t\t\t\t  breakpoint: 760,\n\t\t\t\t\t\t\t  settings: {\n\t\t\t\t\t\t\t\tslidesToShow: 2,\n\t\t\t\t\t\t\t\tslidesToScroll: 1\n\t\t\t\t\t\t\t  }\n\t\t\t\t\t\t\t}\n\t\t\t\t\t\t],pauseOnDotsHover: true,customPaging: function(slider, i) {\n                   return '<i type=\"button\" style= \"color:#333333;\" class=\"ultsl-record\" data-role=\"none\"><\/i>';\n                },});\n\t\t\t\t\t}\n\t\t\t\t});\n\t\t\t<\/script>\n\t\t\t[vc_column_text el_class=&#8221;CarouselCTA BlueCTALink CapsCTA&#8221;]<\/p>\n<p style=\"text-align: center;\"><a href=\"https:\/\/www.bocada.com\/pt\/parceiros-de-tecnologia\/\">Veja nossa lista completa de aplica\u00e7\u00f5es suportadas&#8230;<\/a><\/p>\n<p>[\/vc_column_text][\/vc_column_inner][\/vc_row_inner][\/vc_column][\/vc_row][vc_row el_id=&#8221;PreFormSpacer&#8221;][vc_column][\/vc_column][\/vc_row]<\/p>\n<\/div>","protected":false},"excerpt":{"rendered":"[vc_row css_animation=&#8221;fadeInLeftBig&#8221; el_class=&#8221;ImgLeftTextRt&#8221;][vc_column][vc_row_inner][vc_column_inner el_class=&#8221;LtRtImgCol Left&#8221; width=&#8221;1\/2&#8243;][vc_single_image image=&#8221;6866&#8243; img_size=&#8221;full&#8221; alignment=&#8221;center&#8221; el_class=&#8221;LtRtImg Left&#8221;][\/vc_column_inner][vc_column_inner el_class=&#8221;DetailsCol Right&#8221; width=&#8221;1\/2&#8243;][vc_single_image image=&#8221;6678&#8243; img_size=&#8221;full&#8221; el_class=&#8221;IconHeading&#8221;][vc_column_text el_class=&#8221;IconHeading&#8221;] Identifique Facilmente Ativos Desprotegidos Simplifique o processo de monitoramento para obter uma lista de pend\u00eancias dos ativos sem prote\u00e7\u00f5es de backup.[\/vc_column_text][vc_column_text el_class=&#8221;DetailsList Right CapsCTA&#8221;] Automaticamente identifique ativos chaves em sua nuvem, nuvem h\u00edbrida ou infraestrutura local sem&#8230; <a class=\"view-article\" href=\"https:\/\/www.bocada.com\/pt\/producto\/protecao-proativa-ativos\/\">Ver artigo<\/a>","protected":false},"author":2,"featured_media":5655,"parent":5548,"menu_order":30,"comment_status":"closed","ping_status":"closed","template":"page-hero.php","meta":{"_acf_changed":false,"content-type":"","inline_featured_image":false,"ngg_post_thumbnail":0,"footnotes":""},"class_list":["post-5659","page","type-page","status-publish","has-post-thumbnail","hentry"],"acf":[],"yoast_head":"<!-- This site is optimized with the Yoast SEO plugin v22.8 - https:\/\/yoast.com\/wordpress\/plugins\/seo\/ -->\n<title>Identifica\u00e7\u00e3o automatizada de ativos e recursos desprotegidos | Bocada<\/title>\n<meta name=\"description\" content=\"Relat\u00f3rios e monitoramento de backup que descobrem automaticamente ativos desprotegidos na nuvem, no local, VM e invent\u00e1rios de ativos.\" \/>\n<meta name=\"robots\" content=\"index, follow, max-snippet:-1, max-image-preview:large, max-video-preview:-1\" \/>\n<link rel=\"canonical\" href=\"https:\/\/www.bocada.com\/pt\/producto\/protecao-proativa-ativos\/\" \/>\n<meta property=\"og:locale\" content=\"pt_BR\" \/>\n<meta property=\"og:type\" content=\"article\" \/>\n<meta property=\"og:title\" content=\"Identifica\u00e7\u00e3o automatizada de ativos e recursos desprotegidos | Bocada\" \/>\n<meta property=\"og:description\" content=\"Relat\u00f3rios e monitoramento de backup que descobrem automaticamente ativos desprotegidos na nuvem, no local, VM e invent\u00e1rios de ativos.\" \/>\n<meta property=\"og:url\" content=\"https:\/\/www.bocada.com\/pt\/producto\/protecao-proativa-ativos\/\" \/>\n<meta property=\"og:site_name\" content=\"Bocada\" \/>\n<meta property=\"article:modified_time\" content=\"2022-02-10T18:59:58+00:00\" \/>\n<meta property=\"og:image\" content=\"https:\/\/www.bocada.com\/wp-content\/uploads\/2018\/10\/Backup-Systems-Storage-Oversight.jpg\" \/>\n\t<meta property=\"og:image:width\" content=\"1680\" \/>\n\t<meta property=\"og:image:height\" content=\"550\" \/>\n\t<meta property=\"og:image:type\" content=\"image\/jpeg\" \/>\n<meta name=\"twitter:card\" content=\"summary_large_image\" \/>\n<meta name=\"twitter:label1\" content=\"Est. tempo de leitura\" \/>\n\t<meta name=\"twitter:data1\" content=\"2 minutos\" \/>\n<script type=\"application\/ld+json\" class=\"yoast-schema-graph\">{\"@context\":\"https:\/\/schema.org\",\"@graph\":[{\"@type\":\"WebPage\",\"@id\":\"https:\/\/www.bocada.com\/pt\/producto\/protecao-proativa-ativos\/\",\"url\":\"https:\/\/www.bocada.com\/pt\/producto\/protecao-proativa-ativos\/\",\"name\":\"Identifica\u00e7\u00e3o automatizada de ativos e recursos desprotegidos | Bocada\",\"isPartOf\":{\"@id\":\"https:\/\/www.bocada.com\/pt\/#website\"},\"primaryImageOfPage\":{\"@id\":\"https:\/\/www.bocada.com\/pt\/producto\/protecao-proativa-ativos\/#primaryimage\"},\"image\":{\"@id\":\"https:\/\/www.bocada.com\/pt\/producto\/protecao-proativa-ativos\/#primaryimage\"},\"thumbnailUrl\":\"https:\/\/www.bocada.com\/wp-content\/uploads\/2018\/10\/Backup-Systems-Storage-Oversight.jpg\",\"datePublished\":\"2018-10-10T05:18:22+00:00\",\"dateModified\":\"2022-02-10T18:59:58+00:00\",\"description\":\"Relat\u00f3rios e monitoramento de backup que descobrem automaticamente ativos desprotegidos na nuvem, no local, VM e invent\u00e1rios de ativos.\",\"breadcrumb\":{\"@id\":\"https:\/\/www.bocada.com\/pt\/producto\/protecao-proativa-ativos\/#breadcrumb\"},\"inLanguage\":\"pt-BR\",\"potentialAction\":[{\"@type\":\"ReadAction\",\"target\":[\"https:\/\/www.bocada.com\/pt\/producto\/protecao-proativa-ativos\/\"]}]},{\"@type\":\"ImageObject\",\"inLanguage\":\"pt-BR\",\"@id\":\"https:\/\/www.bocada.com\/pt\/producto\/protecao-proativa-ativos\/#primaryimage\",\"url\":\"https:\/\/www.bocada.com\/wp-content\/uploads\/2018\/10\/Backup-Systems-Storage-Oversight.jpg\",\"contentUrl\":\"https:\/\/www.bocada.com\/wp-content\/uploads\/2018\/10\/Backup-Systems-Storage-Oversight.jpg\",\"width\":1680,\"height\":550,\"caption\":\"Backup Systems & Storage Oversight\"},{\"@type\":\"BreadcrumbList\",\"@id\":\"https:\/\/www.bocada.com\/pt\/producto\/protecao-proativa-ativos\/#breadcrumb\",\"itemListElement\":[{\"@type\":\"ListItem\",\"position\":1,\"name\":\"Bocada\",\"item\":\"https:\/\/www.bocada.com\/pt\/\"},{\"@type\":\"ListItem\",\"position\":2,\"name\":\"Produto\",\"item\":\"https:\/\/www.bocada.com\/pt\/producto\/\"},{\"@type\":\"ListItem\",\"position\":3,\"name\":\"Prote\u00e7\u00e3o de Ativos\"}]},{\"@type\":\"WebSite\",\"@id\":\"https:\/\/www.bocada.com\/pt\/#website\",\"url\":\"https:\/\/www.bocada.com\/pt\/\",\"name\":\"Bocada\",\"description\":\"Automated Backup Monitoring &amp; Reporting\",\"potentialAction\":[{\"@type\":\"SearchAction\",\"target\":{\"@type\":\"EntryPoint\",\"urlTemplate\":\"https:\/\/www.bocada.com\/pt\/?s={search_term_string}\"},\"query-input\":\"required name=search_term_string\"}],\"inLanguage\":\"pt-BR\"}]}<\/script>\n<!-- \/ Yoast SEO plugin. -->","yoast_head_json":{"title":"Identifica\u00e7\u00e3o automatizada de ativos e recursos desprotegidos | Bocada","description":"Relat\u00f3rios e monitoramento de backup que descobrem automaticamente ativos desprotegidos na nuvem, no local, VM e invent\u00e1rios de ativos.","robots":{"index":"index","follow":"follow","max-snippet":"max-snippet:-1","max-image-preview":"max-image-preview:large","max-video-preview":"max-video-preview:-1"},"canonical":"https:\/\/www.bocada.com\/pt\/producto\/protecao-proativa-ativos\/","og_locale":"pt_BR","og_type":"article","og_title":"Identifica\u00e7\u00e3o automatizada de ativos e recursos desprotegidos | Bocada","og_description":"Relat\u00f3rios e monitoramento de backup que descobrem automaticamente ativos desprotegidos na nuvem, no local, VM e invent\u00e1rios de ativos.","og_url":"https:\/\/www.bocada.com\/pt\/producto\/protecao-proativa-ativos\/","og_site_name":"Bocada","article_modified_time":"2022-02-10T18:59:58+00:00","og_image":[{"width":1680,"height":550,"url":"https:\/\/www.bocada.com\/wp-content\/uploads\/2018\/10\/Backup-Systems-Storage-Oversight.jpg","type":"image\/jpeg"}],"twitter_card":"summary_large_image","twitter_misc":{"Est. tempo de leitura":"2 minutos"},"schema":{"@context":"https:\/\/schema.org","@graph":[{"@type":"WebPage","@id":"https:\/\/www.bocada.com\/pt\/producto\/protecao-proativa-ativos\/","url":"https:\/\/www.bocada.com\/pt\/producto\/protecao-proativa-ativos\/","name":"Identifica\u00e7\u00e3o automatizada de ativos e recursos desprotegidos | Bocada","isPartOf":{"@id":"https:\/\/www.bocada.com\/pt\/#website"},"primaryImageOfPage":{"@id":"https:\/\/www.bocada.com\/pt\/producto\/protecao-proativa-ativos\/#primaryimage"},"image":{"@id":"https:\/\/www.bocada.com\/pt\/producto\/protecao-proativa-ativos\/#primaryimage"},"thumbnailUrl":"https:\/\/www.bocada.com\/wp-content\/uploads\/2018\/10\/Backup-Systems-Storage-Oversight.jpg","datePublished":"2018-10-10T05:18:22+00:00","dateModified":"2022-02-10T18:59:58+00:00","description":"Relat\u00f3rios e monitoramento de backup que descobrem automaticamente ativos desprotegidos na nuvem, no local, VM e invent\u00e1rios de ativos.","breadcrumb":{"@id":"https:\/\/www.bocada.com\/pt\/producto\/protecao-proativa-ativos\/#breadcrumb"},"inLanguage":"pt-BR","potentialAction":[{"@type":"ReadAction","target":["https:\/\/www.bocada.com\/pt\/producto\/protecao-proativa-ativos\/"]}]},{"@type":"ImageObject","inLanguage":"pt-BR","@id":"https:\/\/www.bocada.com\/pt\/producto\/protecao-proativa-ativos\/#primaryimage","url":"https:\/\/www.bocada.com\/wp-content\/uploads\/2018\/10\/Backup-Systems-Storage-Oversight.jpg","contentUrl":"https:\/\/www.bocada.com\/wp-content\/uploads\/2018\/10\/Backup-Systems-Storage-Oversight.jpg","width":1680,"height":550,"caption":"Backup Systems & Storage Oversight"},{"@type":"BreadcrumbList","@id":"https:\/\/www.bocada.com\/pt\/producto\/protecao-proativa-ativos\/#breadcrumb","itemListElement":[{"@type":"ListItem","position":1,"name":"Bocada","item":"https:\/\/www.bocada.com\/pt\/"},{"@type":"ListItem","position":2,"name":"Produto","item":"https:\/\/www.bocada.com\/pt\/producto\/"},{"@type":"ListItem","position":3,"name":"Prote\u00e7\u00e3o de Ativos"}]},{"@type":"WebSite","@id":"https:\/\/www.bocada.com\/pt\/#website","url":"https:\/\/www.bocada.com\/pt\/","name":"Bocada","description":"Automated Backup Monitoring &amp; Reporting","potentialAction":[{"@type":"SearchAction","target":{"@type":"EntryPoint","urlTemplate":"https:\/\/www.bocada.com\/pt\/?s={search_term_string}"},"query-input":"required name=search_term_string"}],"inLanguage":"pt-BR"}]}},"_links":{"self":[{"href":"https:\/\/www.bocada.com\/pt\/wp-json\/wp\/v2\/pages\/5659","targetHints":{"allow":["GET"]}}],"collection":[{"href":"https:\/\/www.bocada.com\/pt\/wp-json\/wp\/v2\/pages"}],"about":[{"href":"https:\/\/www.bocada.com\/pt\/wp-json\/wp\/v2\/types\/page"}],"author":[{"embeddable":true,"href":"https:\/\/www.bocada.com\/pt\/wp-json\/wp\/v2\/users\/2"}],"replies":[{"embeddable":true,"href":"https:\/\/www.bocada.com\/pt\/wp-json\/wp\/v2\/comments?post=5659"}],"version-history":[{"count":0,"href":"https:\/\/www.bocada.com\/pt\/wp-json\/wp\/v2\/pages\/5659\/revisions"}],"up":[{"embeddable":true,"href":"https:\/\/www.bocada.com\/pt\/wp-json\/wp\/v2\/pages\/5548"}],"wp:featuredmedia":[{"embeddable":true,"href":"https:\/\/www.bocada.com\/pt\/wp-json\/wp\/v2\/media\/5655"}],"wp:attachment":[{"href":"https:\/\/www.bocada.com\/pt\/wp-json\/wp\/v2\/media?parent=5659"}],"curies":[{"name":"wp","href":"https:\/\/api.w.org\/{rel}","templated":true}]}}