{"id":5622,"date":"2018-10-05T15:29:33","date_gmt":"2018-10-05T22:29:33","guid":{"rendered":"https:\/\/www.bocada.com\/produto\/monitoramento-de-protecao-de-dados%e2%80%af\/"},"modified":"2022-02-10T10:58:51","modified_gmt":"2022-02-10T18:58:51","slug":"monitoramento-backup-relatorios","status":"publish","type":"page","link":"https:\/\/www.bocada.com\/pt\/producto\/monitoramento-backup-relatorios\/","title":{"rendered":"Relat\u00f3rios de Backup"},"content":{"rendered":"<div class=\"wpb-content-wrapper\"><p>[vc_row css_animation=&#8221;fadeInLeftBig&#8221; el_class=&#8221;ImgLeftTextRt&#8221;][vc_column][vc_row_inner][vc_column_inner el_class=&#8221;LtRtImgCol Left&#8221; width=&#8221;1\/2&#8243;][vc_single_image image=&#8221;6850&#8243; img_size=&#8221;full&#8221; alignment=&#8221;center&#8221; el_class=&#8221;LtRtImg Left&#8221;][\/vc_column_inner][vc_column_inner el_class=&#8221;DetailsCol Right&#8221; width=&#8221;1\/2&#8243;][vc_single_image image=&#8221;6640&#8243; img_size=&#8221;full&#8221; el_class=&#8221;IconHeading&#8221;][vc_column_text el_class=&#8221;IconHeading&#8221;]<\/p>\n<h2>Relat\u00f3rios Automatizados Integrados para todas as Partes Interessadas<\/h2>\n<p>Otimize o dia a dia dos relat\u00f3rios de opera\u00e7\u00f5es de backup com modelos de relat\u00f3rios espec\u00edficos e configur\u00e1veis.[\/vc_column_text][vc_column_text el_class=&#8221;DetailsList Right CapsCTA&#8221;]<\/p>\n<ul>\n<li>Tend\u00eancias de processos e relat\u00f3rios de falhas consecutivas customizados auxiliam as equipes a identificar problemas para atingir os requisitos de sucesso de backup.<\/li>\n<li>Relat\u00f3rios de sum\u00e1rio executivo fornecem dados de alto desempenho para ger\u00eancia, auditorias e usu\u00e1rios finais para tranquilidade de todos.<\/li>\n<li>Relat\u00f3rios de uso de armazenamento, tend\u00eancias e previs\u00f5es mant\u00e9m todos um passo \u00e0 frente de padr\u00f5es incomuns e custos extras.<\/li>\n<li>Relat\u00f3rios de ativos desprotegidos automaticamente identificam recursos vulner\u00e1veis sem a prote\u00e7\u00e3o de backup.<\/li>\n<\/ul>\n<p>[\/vc_column_text][\/vc_column_inner][\/vc_row_inner][\/vc_column][\/vc_row][vc_row css_animation=&#8221;fadeInRightBig&#8221; el_class=&#8221;TextLeftImgRt&#8221;][vc_column][vc_row_inner][vc_column_inner el_class=&#8221;DetailsCol Left&#8221; width=&#8221;1\/2&#8243;][vc_single_image image=&#8221;6643&#8243; img_size=&#8221;full&#8221; el_class=&#8221;IconHeading&#8221;][vc_column_text el_class=&#8221;IconHeading&#8221;]<\/p>\n<h2>Relat\u00f3rios Extremamente Configur\u00e1veis que Voc\u00ea Pode Agendar<\/h2>\n<p>Obtenha m\u00e9tricas de que voc\u00ea precisa da opera\u00e7\u00e3o local ou em nuvem, quando e como for necess\u00e1rio.[\/vc_column_text][vc_column_text el_class=&#8221;DetailsList Right CapsCTA&#8221;]<\/p>\n<ul>\n<li>Controle de filtros e ordena\u00e7\u00f5es para criar relat\u00f3rios formatados sob medida para os diversos agentes envolvidos.<\/li>\n<li>Extraia dados por segmenta\u00e7\u00e3o, como localiza\u00e7\u00e3o, clientes ou unidades de neg\u00f3cio sob medida para apresenta\u00e7\u00f5es diretas aos interessados.<\/li>\n<li>Programe e agende relat\u00f3rios para gerenciamento das opera\u00e7\u00f5es di\u00e1rias, SLA recorrentes e acompanhamento de auditorias.<\/li>\n<\/ul>\n<p>[\/vc_column_text][\/vc_column_inner][vc_column_inner el_class=&#8221;LtRtImgCol Right&#8221; width=&#8221;1\/2&#8243;][vc_single_image image=&#8221;6853&#8243; img_size=&#8221;full&#8221; alignment=&#8221;center&#8221; el_class=&#8221;LtRtImg Left&#8221;][\/vc_column_inner][\/vc_row_inner][\/vc_column][\/vc_row][vc_row css_animation=&#8221;fadeInLeftBig&#8221; el_class=&#8221;ImgLeftTextRt&#8221;][vc_column][vc_row_inner][vc_column_inner el_class=&#8221;LtRtImgCol Left&#8221; width=&#8221;1\/2&#8243;][vc_single_image image=&#8221;6860&#8243; img_size=&#8221;full&#8221; alignment=&#8221;center&#8221; el_class=&#8221;LtRtImg Left&#8221;][\/vc_column_inner][vc_column_inner el_class=&#8221;DetailsCol Right&#8221; width=&#8221;1\/2&#8243;][vc_single_image image=&#8221;6646&#8243; img_size=&#8221;full&#8221; el_class=&#8221;IconHeading&#8221;][vc_column_text el_class=&#8221;IconHeading&#8221;]<\/p>\n<h2>Funcionalidades sob Medida para Necessidades Espec\u00edficas de Relat\u00f3rios<\/h2>\n<p>Controle nativo de customiza\u00e7\u00e3o de funcionalidades para visualiza\u00e7\u00e3o de dados com simplicidade e controle de acesso aos dados por pap\u00e9is.[\/vc_column_text][vc_column_text el_class=&#8221;DetailsList Right CapsCTA&#8221;]<\/p>\n<ul>\n<li>Utilize as fun\u00e7\u00f5es de clicar e arrastar para customizar agrupamento de dados como situa\u00e7\u00e3o do backup, tipos de erros ou servidores para auxiliar a equipe no controle dos processos.<\/li>\n<li>Crie e salve relat\u00f3rios customizados por usu\u00e1rio para dados personalizados que otimizam a opera\u00e7\u00e3o di\u00e1ria.<\/li>\n<li>Restrinja o acesso a relat\u00f3rios por usu\u00e1rio ou papel para obter isolamento de dados e efici\u00eancia operacional.<\/li>\n<\/ul>\n<p>[\/vc_column_text][\/vc_column_inner][\/vc_row_inner][\/vc_column][\/vc_row][vc_row el_id=&#8221;CarouselBg&#8221;][vc_column][vc_row_inner content_placement=&#8221;middle&#8221; el_class=&#8221;CarouselInnerRow&#8221;][vc_column_inner][vc_column_text el_class=&#8221;CarouselHeading&#8221;]<\/p>\n<h2 style=\"text-align: center;\">Integre seus sistemas de backup e prote\u00e7\u00e3o de dados no dashboard do Bocada<\/h2>\n<p>[\/vc_column_text]<div id=\"ult-carousel-336400716969d27fd258d15\" class=\"ult-carousel-wrapper  ProductsCarousel ult_horizontal\" data-gutter=\"15\" data-rtl=\"false\" ><div class=\"ult-carousel-256355449169d27fd258ca6 \" >[vc_single_image image=&#8221;6610&#8243; img_size=&#8221;full&#8221;][vc_single_image image=&#8221;6616&#8243; img_size=&#8221;full&#8221;][vc_single_image image=&#8221;6613&#8243; img_size=&#8221;full&#8221;][vc_single_image image=&#8221;6592&#8243; img_size=&#8221;full&#8221;][vc_single_image image=&#8221;6595&#8243; img_size=&#8221;full&#8221;][vc_single_image image=&#8221;6607&#8243; img_size=&#8221;full&#8221;][vc_single_image image=&#8221;6586&#8243; img_size=&#8221;full&#8221;][vc_single_image image=&#8221;6601&#8243; img_size=&#8221;full&#8221;][vc_single_image image=&#8221;6589&#8243; img_size=&#8221;full&#8221;][vc_single_image image=&#8221;6580&#8243; img_size=&#8221;full&#8221;][vc_single_image image=&#8221;6598&#8243; img_size=&#8221;full&#8221;][vc_single_image image=&#8221;6604&#8243; img_size=&#8221;full&#8221;][vc_single_image image=&#8221;6583&#8243; img_size=&#8221;full&#8221;]<\/div><\/div>\t\t\t<script type=\"text\/javascript\">\n\t\t\t\tjQuery(document).ready(function ($) {\n\t\t\t\t\tif( typeof jQuery('.ult-carousel-256355449169d27fd258ca6').slick == \"function\"){\n\t\t\t\t\t\t$('.ult-carousel-256355449169d27fd258ca6').slick({dots: false,autoplay: true,autoplaySpeed: \"5000\",speed: \"300\",infinite: true,arrows: true,nextArrow: '<button type=\"button\" role=\"button\" aria-label=\"Next\" style=\"color:#1c6db6; font-size:29px;\" class=\"slick-next default\"><i class=\"ultsl-arrow-right6\"><\/i><\/button>',prevArrow: '<button type=\"button\" role=\"button\" aria-label=\"Previous\" style=\"color:#1c6db6; font-size:29px;\" class=\"slick-prev default\"><i class=\"ultsl-arrow-left6\"><\/i><\/button>',slidesToScroll:1,slidesToShow:6,swipe: true,draggable: true,touchMove: true,pauseOnHover: true,pauseOnFocus: false,responsive: [\n\t\t\t\t\t\t\t{\n\t\t\t\t\t\t\t  breakpoint: 1026,\n\t\t\t\t\t\t\t  settings: {\n\t\t\t\t\t\t\t\tslidesToShow: 6,\n\t\t\t\t\t\t\t\tslidesToScroll: 1,  \n\t\t\t\t\t\t\t  }\n\t\t\t\t\t\t\t},\n\t\t\t\t\t\t\t{\n\t\t\t\t\t\t\t  breakpoint: 1025,\n\t\t\t\t\t\t\t  settings: {\n\t\t\t\t\t\t\t\tslidesToShow: 3,\n\t\t\t\t\t\t\t\tslidesToScroll: 1\n\t\t\t\t\t\t\t  }\n\t\t\t\t\t\t\t},\n\t\t\t\t\t\t\t{\n\t\t\t\t\t\t\t  breakpoint: 760,\n\t\t\t\t\t\t\t  settings: {\n\t\t\t\t\t\t\t\tslidesToShow: 2,\n\t\t\t\t\t\t\t\tslidesToScroll: 1\n\t\t\t\t\t\t\t  }\n\t\t\t\t\t\t\t}\n\t\t\t\t\t\t],pauseOnDotsHover: true,customPaging: function(slider, i) {\n                   return '<i type=\"button\" style= \"color:#333333;\" class=\"ultsl-record\" data-role=\"none\"><\/i>';\n                },});\n\t\t\t\t\t}\n\t\t\t\t});\n\t\t\t<\/script>\n\t\t\t[vc_column_text el_class=&#8221;CarouselCTA BlueCTALink CapsCTA&#8221;]<\/p>\n<p style=\"text-align: center;\"><a href=\"https:\/\/www.bocada.com\/pt\/parceiros-de-tecnologia\/\">Veja nossa lista completa de aplica\u00e7\u00f5es suportadas\u2026<\/a><\/p>\n<p>[\/vc_column_text][\/vc_column_inner][\/vc_row_inner][\/vc_column][\/vc_row][vc_row el_id=&#8221;PreFormSpacer&#8221;][vc_column][\/vc_column][\/vc_row]<\/p>\n<\/div>","protected":false},"excerpt":{"rendered":"[vc_row css_animation=&#8221;fadeInLeftBig&#8221; el_class=&#8221;ImgLeftTextRt&#8221;][vc_column][vc_row_inner][vc_column_inner el_class=&#8221;LtRtImgCol Left&#8221; width=&#8221;1\/2&#8243;][vc_single_image image=&#8221;6850&#8243; img_size=&#8221;full&#8221; alignment=&#8221;center&#8221; el_class=&#8221;LtRtImg Left&#8221;][\/vc_column_inner][vc_column_inner el_class=&#8221;DetailsCol Right&#8221; width=&#8221;1\/2&#8243;][vc_single_image image=&#8221;6640&#8243; img_size=&#8221;full&#8221; el_class=&#8221;IconHeading&#8221;][vc_column_text el_class=&#8221;IconHeading&#8221;] Relat\u00f3rios Automatizados Integrados para todas as Partes Interessadas Otimize o dia a dia dos relat\u00f3rios de opera\u00e7\u00f5es de backup com modelos de relat\u00f3rios espec\u00edficos e configur\u00e1veis.[\/vc_column_text][vc_column_text el_class=&#8221;DetailsList Right CapsCTA&#8221;] Tend\u00eancias de processos e relat\u00f3rios de falhas consecutivas&#8230; <a class=\"view-article\" href=\"https:\/\/www.bocada.com\/pt\/producto\/monitoramento-backup-relatorios\/\">Ver artigo<\/a>","protected":false},"author":2,"featured_media":7843,"parent":5548,"menu_order":10,"comment_status":"closed","ping_status":"closed","template":"page-hero.php","meta":{"_acf_changed":false,"content-type":"","inline_featured_image":false,"ngg_post_thumbnail":0,"footnotes":""},"class_list":["post-5622","page","type-page","status-publish","has-post-thumbnail","hentry"],"acf":[],"yoast_head":"<!-- This site is optimized with the Yoast SEO plugin v22.8 - https:\/\/yoast.com\/wordpress\/plugins\/seo\/ -->\n<title>Monitore automaticamente a atividade de backup | Bocada<\/title>\n<meta name=\"description\" content=\"Uma plataforma para monitorar e relatar automaticamente a atividade de backup em seu ambiente. Crie relat\u00f3rios de conformidade e opera\u00e7\u00f5es.\" \/>\n<meta name=\"robots\" content=\"index, follow, max-snippet:-1, max-image-preview:large, max-video-preview:-1\" \/>\n<link rel=\"canonical\" href=\"https:\/\/www.bocada.com\/pt\/producto\/monitoramento-backup-relatorios\/\" \/>\n<meta property=\"og:locale\" content=\"pt_BR\" \/>\n<meta property=\"og:type\" content=\"article\" \/>\n<meta property=\"og:title\" content=\"Monitore automaticamente a atividade de backup | Bocada\" \/>\n<meta property=\"og:description\" content=\"Uma plataforma para monitorar e relatar automaticamente a atividade de backup em seu ambiente. Crie relat\u00f3rios de conformidade e opera\u00e7\u00f5es.\" \/>\n<meta property=\"og:url\" content=\"https:\/\/www.bocada.com\/pt\/producto\/monitoramento-backup-relatorios\/\" \/>\n<meta property=\"og:site_name\" content=\"Bocada\" \/>\n<meta property=\"article:modified_time\" content=\"2022-02-10T18:58:51+00:00\" \/>\n<meta property=\"og:image\" content=\"https:\/\/www.bocada.com\/wp-content\/uploads\/2018\/10\/operations-header.jpg\" \/>\n\t<meta property=\"og:image:width\" content=\"1680\" \/>\n\t<meta property=\"og:image:height\" content=\"550\" \/>\n\t<meta property=\"og:image:type\" content=\"image\/jpeg\" \/>\n<meta name=\"twitter:card\" content=\"summary_large_image\" \/>\n<meta name=\"twitter:label1\" content=\"Est. tempo de leitura\" \/>\n\t<meta name=\"twitter:data1\" content=\"2 minutos\" \/>\n<script type=\"application\/ld+json\" class=\"yoast-schema-graph\">{\"@context\":\"https:\/\/schema.org\",\"@graph\":[{\"@type\":\"WebPage\",\"@id\":\"https:\/\/www.bocada.com\/pt\/producto\/monitoramento-backup-relatorios\/\",\"url\":\"https:\/\/www.bocada.com\/pt\/producto\/monitoramento-backup-relatorios\/\",\"name\":\"Monitore automaticamente a atividade de backup | Bocada\",\"isPartOf\":{\"@id\":\"https:\/\/www.bocada.com\/pt\/#website\"},\"primaryImageOfPage\":{\"@id\":\"https:\/\/www.bocada.com\/pt\/producto\/monitoramento-backup-relatorios\/#primaryimage\"},\"image\":{\"@id\":\"https:\/\/www.bocada.com\/pt\/producto\/monitoramento-backup-relatorios\/#primaryimage\"},\"thumbnailUrl\":\"https:\/\/www.bocada.com\/wp-content\/uploads\/2023\/08\/bocada-enhanced-dashboard-2.png\",\"datePublished\":\"2018-10-05T22:29:33+00:00\",\"dateModified\":\"2022-02-10T18:58:51+00:00\",\"description\":\"Uma plataforma para monitorar e relatar automaticamente a atividade de backup em seu ambiente. Crie relat\u00f3rios de conformidade e opera\u00e7\u00f5es.\",\"breadcrumb\":{\"@id\":\"https:\/\/www.bocada.com\/pt\/producto\/monitoramento-backup-relatorios\/#breadcrumb\"},\"inLanguage\":\"pt-BR\",\"potentialAction\":[{\"@type\":\"ReadAction\",\"target\":[\"https:\/\/www.bocada.com\/pt\/producto\/monitoramento-backup-relatorios\/\"]}]},{\"@type\":\"ImageObject\",\"inLanguage\":\"pt-BR\",\"@id\":\"https:\/\/www.bocada.com\/pt\/producto\/monitoramento-backup-relatorios\/#primaryimage\",\"url\":\"https:\/\/www.bocada.com\/wp-content\/uploads\/2023\/08\/bocada-enhanced-dashboard-2.png\",\"contentUrl\":\"https:\/\/www.bocada.com\/wp-content\/uploads\/2023\/08\/bocada-enhanced-dashboard-2.png\",\"width\":1397,\"height\":829,\"caption\":\"Enhanced Dashboard\"},{\"@type\":\"BreadcrumbList\",\"@id\":\"https:\/\/www.bocada.com\/pt\/producto\/monitoramento-backup-relatorios\/#breadcrumb\",\"itemListElement\":[{\"@type\":\"ListItem\",\"position\":1,\"name\":\"Bocada\",\"item\":\"https:\/\/www.bocada.com\/pt\/\"},{\"@type\":\"ListItem\",\"position\":2,\"name\":\"Produto\",\"item\":\"https:\/\/www.bocada.com\/pt\/producto\/\"},{\"@type\":\"ListItem\",\"position\":3,\"name\":\"Relat\u00f3rios de Backup\"}]},{\"@type\":\"WebSite\",\"@id\":\"https:\/\/www.bocada.com\/pt\/#website\",\"url\":\"https:\/\/www.bocada.com\/pt\/\",\"name\":\"Bocada\",\"description\":\"Automated Backup Monitoring &amp; Reporting\",\"potentialAction\":[{\"@type\":\"SearchAction\",\"target\":{\"@type\":\"EntryPoint\",\"urlTemplate\":\"https:\/\/www.bocada.com\/pt\/?s={search_term_string}\"},\"query-input\":\"required name=search_term_string\"}],\"inLanguage\":\"pt-BR\"}]}<\/script>\n<!-- \/ Yoast SEO plugin. -->","yoast_head_json":{"title":"Monitore automaticamente a atividade de backup | Bocada","description":"Uma plataforma para monitorar e relatar automaticamente a atividade de backup em seu ambiente. Crie relat\u00f3rios de conformidade e opera\u00e7\u00f5es.","robots":{"index":"index","follow":"follow","max-snippet":"max-snippet:-1","max-image-preview":"max-image-preview:large","max-video-preview":"max-video-preview:-1"},"canonical":"https:\/\/www.bocada.com\/pt\/producto\/monitoramento-backup-relatorios\/","og_locale":"pt_BR","og_type":"article","og_title":"Monitore automaticamente a atividade de backup | Bocada","og_description":"Uma plataforma para monitorar e relatar automaticamente a atividade de backup em seu ambiente. Crie relat\u00f3rios de conformidade e opera\u00e7\u00f5es.","og_url":"https:\/\/www.bocada.com\/pt\/producto\/monitoramento-backup-relatorios\/","og_site_name":"Bocada","article_modified_time":"2022-02-10T18:58:51+00:00","og_image":[{"width":1680,"height":550,"url":"https:\/\/www.bocada.com\/wp-content\/uploads\/2018\/10\/operations-header.jpg","type":"image\/jpeg"}],"twitter_card":"summary_large_image","twitter_misc":{"Est. tempo de leitura":"2 minutos"},"schema":{"@context":"https:\/\/schema.org","@graph":[{"@type":"WebPage","@id":"https:\/\/www.bocada.com\/pt\/producto\/monitoramento-backup-relatorios\/","url":"https:\/\/www.bocada.com\/pt\/producto\/monitoramento-backup-relatorios\/","name":"Monitore automaticamente a atividade de backup | Bocada","isPartOf":{"@id":"https:\/\/www.bocada.com\/pt\/#website"},"primaryImageOfPage":{"@id":"https:\/\/www.bocada.com\/pt\/producto\/monitoramento-backup-relatorios\/#primaryimage"},"image":{"@id":"https:\/\/www.bocada.com\/pt\/producto\/monitoramento-backup-relatorios\/#primaryimage"},"thumbnailUrl":"https:\/\/www.bocada.com\/wp-content\/uploads\/2023\/08\/bocada-enhanced-dashboard-2.png","datePublished":"2018-10-05T22:29:33+00:00","dateModified":"2022-02-10T18:58:51+00:00","description":"Uma plataforma para monitorar e relatar automaticamente a atividade de backup em seu ambiente. Crie relat\u00f3rios de conformidade e opera\u00e7\u00f5es.","breadcrumb":{"@id":"https:\/\/www.bocada.com\/pt\/producto\/monitoramento-backup-relatorios\/#breadcrumb"},"inLanguage":"pt-BR","potentialAction":[{"@type":"ReadAction","target":["https:\/\/www.bocada.com\/pt\/producto\/monitoramento-backup-relatorios\/"]}]},{"@type":"ImageObject","inLanguage":"pt-BR","@id":"https:\/\/www.bocada.com\/pt\/producto\/monitoramento-backup-relatorios\/#primaryimage","url":"https:\/\/www.bocada.com\/wp-content\/uploads\/2023\/08\/bocada-enhanced-dashboard-2.png","contentUrl":"https:\/\/www.bocada.com\/wp-content\/uploads\/2023\/08\/bocada-enhanced-dashboard-2.png","width":1397,"height":829,"caption":"Enhanced Dashboard"},{"@type":"BreadcrumbList","@id":"https:\/\/www.bocada.com\/pt\/producto\/monitoramento-backup-relatorios\/#breadcrumb","itemListElement":[{"@type":"ListItem","position":1,"name":"Bocada","item":"https:\/\/www.bocada.com\/pt\/"},{"@type":"ListItem","position":2,"name":"Produto","item":"https:\/\/www.bocada.com\/pt\/producto\/"},{"@type":"ListItem","position":3,"name":"Relat\u00f3rios de Backup"}]},{"@type":"WebSite","@id":"https:\/\/www.bocada.com\/pt\/#website","url":"https:\/\/www.bocada.com\/pt\/","name":"Bocada","description":"Automated Backup Monitoring &amp; Reporting","potentialAction":[{"@type":"SearchAction","target":{"@type":"EntryPoint","urlTemplate":"https:\/\/www.bocada.com\/pt\/?s={search_term_string}"},"query-input":"required name=search_term_string"}],"inLanguage":"pt-BR"}]}},"_links":{"self":[{"href":"https:\/\/www.bocada.com\/pt\/wp-json\/wp\/v2\/pages\/5622","targetHints":{"allow":["GET"]}}],"collection":[{"href":"https:\/\/www.bocada.com\/pt\/wp-json\/wp\/v2\/pages"}],"about":[{"href":"https:\/\/www.bocada.com\/pt\/wp-json\/wp\/v2\/types\/page"}],"author":[{"embeddable":true,"href":"https:\/\/www.bocada.com\/pt\/wp-json\/wp\/v2\/users\/2"}],"replies":[{"embeddable":true,"href":"https:\/\/www.bocada.com\/pt\/wp-json\/wp\/v2\/comments?post=5622"}],"version-history":[{"count":0,"href":"https:\/\/www.bocada.com\/pt\/wp-json\/wp\/v2\/pages\/5622\/revisions"}],"up":[{"embeddable":true,"href":"https:\/\/www.bocada.com\/pt\/wp-json\/wp\/v2\/pages\/5548"}],"wp:featuredmedia":[{"embeddable":true,"href":"https:\/\/www.bocada.com\/pt\/wp-json\/wp\/v2\/media\/7843"}],"wp:attachment":[{"href":"https:\/\/www.bocada.com\/pt\/wp-json\/wp\/v2\/media?parent=5622"}],"curies":[{"name":"wp","href":"https:\/\/api.w.org\/{rel}","templated":true}]}}