{"id":5612,"date":"2018-10-09T22:17:04","date_gmt":"2018-10-10T05:17:04","guid":{"rendered":"https:\/\/www.bocada.com\/produto\/automatizacao-de-operacaes\/"},"modified":"2022-03-24T17:09:47","modified_gmt":"2022-03-25T00:09:47","slug":"conformidade-backup","status":"publish","type":"page","link":"https:\/\/www.bocada.com\/pt\/producto\/conformidade-backup\/","title":{"rendered":"Conformidade de Backup"},"content":{"rendered":"<div class=\"wpb-content-wrapper\"><p>[vc_row css_animation=&#8221;fadeInLeftBig&#8221; el_class=&#8221;ImgLeftTextRt&#8221;][vc_column][vc_row_inner][vc_column_inner el_class=&#8221;LtRtImgCol Left&#8221; width=&#8221;1\/2&#8243;][vc_single_image image=&#8221;6771&#8243; img_size=&#8221;full&#8221; alignment=&#8221;center&#8221; el_class=&#8221;LtRtImg Left&#8221;][\/vc_column_inner][vc_column_inner el_class=&#8221;DetailsCol Right&#8221; width=&#8221;1\/2&#8243;][vc_single_image image=&#8221;6656&#8243; img_size=&#8221;full&#8221; el_class=&#8221;IconHeading&#8221;][vc_column_text el_class=&#8221;IconHeading&#8221;]<\/p>\n<h2>Crie Relat\u00f3rios Customizados de Conformidade<\/h2>\n<p>Aproveite uma plataforma autom\u00e1tica e independente para emitir relat\u00f3rios recorrentes ou pontuais sobre as tarefas de compliance.[\/vc_column_text][vc_column_text el_class=&#8221;DetailsList Right CapsCTA&#8221;]<\/p>\n<ul>\n<li>Padronize os relat\u00f3rios de compliance para auditores e clientes criando e salvando modelos de relat\u00f3rios sob medida.<\/li>\n<li>Aproveite relat\u00f3rios de auditoria emitidos e distribu\u00eddos de forma autom\u00e1tica e no padr\u00e3o definido.<\/li>\n<li>D\u00ea respostas r\u00e1pidas na ponta de seus dedos \u00e0s solicita\u00e7\u00f5es de SLA ou consultas de auditorias com dados normalizados e pr\u00e9-processados.<\/li>\n<\/ul>\n<p>[\/vc_column_text][\/vc_column_inner][\/vc_row_inner][\/vc_column][\/vc_row][vc_row css_animation=&#8221;fadeInRightBig&#8221; el_class=&#8221;TextLeftImgRt&#8221;][vc_column][vc_row_inner][vc_column_inner el_class=&#8221;DetailsCol Left&#8221; width=&#8221;1\/2&#8243;][vc_single_image image=&#8221;6625&#8243; img_size=&#8221;full&#8221; el_class=&#8221;IconHeading&#8221;][vc_column_text el_class=&#8221;IconHeading&#8221;]<\/p>\n<h2>Funcionalidades que Auditores e Clientes Finais V\u00e3o Amar<\/h2>\n<p>Atenda e supere as expectativas de compliance com funcionalidades embarcadas que se adaptam a diversas necessidades.[\/vc_column_text][vc_column_text el_class=&#8221;DetailsList Right CapsCTA&#8221;]<\/p>\n<ul>\n<li>Extraia dados de qualquer per\u00edodo com hist\u00f3rico de dados ilimitado para todos os backups e produtos de armazenamento.<\/li>\n<li>Registre processos de corre\u00e7\u00e3o de falhas de processamento para resolv\u00ea-los com rapidez.<\/li>\n<li>Forne\u00e7a aos auditores e consumidores finais acesso dedicado para emitirem relat\u00f3rios pr\u00e9-configurados ou sob demanda.<\/li>\n<\/ul>\n<p>[\/vc_column_text][\/vc_column_inner][vc_column_inner el_class=&#8221;LtRtImgCol Right&#8221; width=&#8221;1\/2&#8243;][vc_single_image image=&#8221;6863&#8243; img_size=&#8221;full&#8221; alignment=&#8221;center&#8221; el_class=&#8221;LtRtImg Left&#8221;][\/vc_column_inner][\/vc_row_inner][\/vc_column][\/vc_row][vc_row el_id=&#8221;CarouselBg&#8221;][vc_column][vc_row_inner content_placement=&#8221;middle&#8221; el_class=&#8221;CarouselInnerRow&#8221;][vc_column_inner][vc_column_text el_class=&#8221;CarouselHeading&#8221;]<\/p>\n<h2 style=\"text-align: center;\">Integre seus sistemas de backup e prote\u00e7\u00e3o de dados no dashboard do Bocada<\/h2>\n<p>[\/vc_column_text]<div id=\"ult-carousel-379551041769f48c08a3ac8\" class=\"ult-carousel-wrapper  ProductsCarousel ult_horizontal\" data-gutter=\"15\" data-rtl=\"false\" ><div class=\"ult-carousel-387381206869f48c08a3935 \" >[vc_single_image image=&#8221;6610&#8243; img_size=&#8221;full&#8221;][vc_single_image image=&#8221;6616&#8243; img_size=&#8221;full&#8221;][vc_single_image image=&#8221;6613&#8243; img_size=&#8221;full&#8221;][vc_single_image image=&#8221;6592&#8243; img_size=&#8221;full&#8221;][vc_single_image image=&#8221;6595&#8243; img_size=&#8221;full&#8221;][vc_single_image image=&#8221;6607&#8243; img_size=&#8221;full&#8221;][vc_single_image image=&#8221;6586&#8243; img_size=&#8221;full&#8221;][vc_single_image image=&#8221;6601&#8243; img_size=&#8221;full&#8221;][vc_single_image image=&#8221;6589&#8243; img_size=&#8221;full&#8221;][vc_single_image image=&#8221;6580&#8243; img_size=&#8221;full&#8221;][vc_single_image image=&#8221;6598&#8243; img_size=&#8221;full&#8221;][vc_single_image image=&#8221;6604&#8243; img_size=&#8221;full&#8221;][vc_single_image image=&#8221;6583&#8243; img_size=&#8221;full&#8221;]<\/div><\/div>\t\t\t<script type=\"text\/javascript\">\n\t\t\t\tjQuery(document).ready(function ($) {\n\t\t\t\t\tif( typeof jQuery('.ult-carousel-387381206869f48c08a3935').slick == \"function\"){\n\t\t\t\t\t\t$('.ult-carousel-387381206869f48c08a3935').slick({dots: false,autoplay: true,autoplaySpeed: \"5000\",speed: \"300\",infinite: true,arrows: true,nextArrow: '<button type=\"button\" role=\"button\" aria-label=\"Next\" style=\"color:#1c6db6; font-size:29px;\" class=\"slick-next default\"><i class=\"ultsl-arrow-right6\"><\/i><\/button>',prevArrow: '<button type=\"button\" role=\"button\" aria-label=\"Previous\" style=\"color:#1c6db6; font-size:29px;\" class=\"slick-prev default\"><i class=\"ultsl-arrow-left6\"><\/i><\/button>',slidesToScroll:1,slidesToShow:6,swipe: true,draggable: true,touchMove: true,pauseOnHover: true,pauseOnFocus: false,responsive: [\n\t\t\t\t\t\t\t{\n\t\t\t\t\t\t\t  breakpoint: 1026,\n\t\t\t\t\t\t\t  settings: {\n\t\t\t\t\t\t\t\tslidesToShow: 6,\n\t\t\t\t\t\t\t\tslidesToScroll: 1,  \n\t\t\t\t\t\t\t  }\n\t\t\t\t\t\t\t},\n\t\t\t\t\t\t\t{\n\t\t\t\t\t\t\t  breakpoint: 1025,\n\t\t\t\t\t\t\t  settings: {\n\t\t\t\t\t\t\t\tslidesToShow: 3,\n\t\t\t\t\t\t\t\tslidesToScroll: 1\n\t\t\t\t\t\t\t  }\n\t\t\t\t\t\t\t},\n\t\t\t\t\t\t\t{\n\t\t\t\t\t\t\t  breakpoint: 760,\n\t\t\t\t\t\t\t  settings: {\n\t\t\t\t\t\t\t\tslidesToShow: 2,\n\t\t\t\t\t\t\t\tslidesToScroll: 1\n\t\t\t\t\t\t\t  }\n\t\t\t\t\t\t\t}\n\t\t\t\t\t\t],pauseOnDotsHover: true,customPaging: function(slider, i) {\n                   return '<i type=\"button\" style= \"color:#333333;\" class=\"ultsl-record\" data-role=\"none\"><\/i>';\n                },});\n\t\t\t\t\t}\n\t\t\t\t});\n\t\t\t<\/script>\n\t\t\t[vc_column_text el_class=&#8221;CarouselCTA BlueCTALink CapsCTA&#8221;]<\/p>\n<p style=\"text-align: center;\"><a href=\"https:\/\/www.bocada.com\/pt\/parceiros-de-tecnologia\/\">Veja nossa lista completa de aplica\u00e7\u00f5es suportadas&#8230;<\/a><\/p>\n<p>[\/vc_column_text][\/vc_column_inner][\/vc_row_inner][\/vc_column][\/vc_row][vc_row el_id=&#8221;PreFormSpacer&#8221;][vc_column][\/vc_column][\/vc_row]<\/p>\n<\/div>","protected":false},"excerpt":{"rendered":"[vc_row css_animation=&#8221;fadeInLeftBig&#8221; el_class=&#8221;ImgLeftTextRt&#8221;][vc_column][vc_row_inner][vc_column_inner el_class=&#8221;LtRtImgCol Left&#8221; width=&#8221;1\/2&#8243;][vc_single_image image=&#8221;6771&#8243; img_size=&#8221;full&#8221; alignment=&#8221;center&#8221; el_class=&#8221;LtRtImg Left&#8221;][\/vc_column_inner][vc_column_inner el_class=&#8221;DetailsCol Right&#8221; width=&#8221;1\/2&#8243;][vc_single_image image=&#8221;6656&#8243; img_size=&#8221;full&#8221; el_class=&#8221;IconHeading&#8221;][vc_column_text el_class=&#8221;IconHeading&#8221;] Crie Relat\u00f3rios Customizados de Conformidade Aproveite uma plataforma autom\u00e1tica e independente para emitir relat\u00f3rios recorrentes ou pontuais sobre as tarefas de compliance.[\/vc_column_text][vc_column_text el_class=&#8221;DetailsList Right CapsCTA&#8221;] Padronize os relat\u00f3rios de compliance para auditores e clientes criando e salvando&#8230; <a class=\"view-article\" href=\"https:\/\/www.bocada.com\/pt\/producto\/conformidade-backup\/\">Ver artigo<\/a>","protected":false},"author":2,"featured_media":5606,"parent":5548,"menu_order":20,"comment_status":"closed","ping_status":"closed","template":"page-hero.php","meta":{"_acf_changed":false,"content-type":"","inline_featured_image":false,"ngg_post_thumbnail":0,"footnotes":""},"class_list":["post-5612","page","type-page","status-publish","has-post-thumbnail","hentry"],"acf":[],"yoast_head":"<!-- This site is optimized with the Yoast SEO plugin v22.8 - https:\/\/yoast.com\/wordpress\/plugins\/seo\/ -->\n<title>Simplifique a Supervis\u00e3o de Conformidade de Backup<\/title>\n<meta name=\"description\" content=\"Relat\u00f3rio de backup e software de monitoramento para auditorias de backup, conformidade e rastreamento de SLA.\" \/>\n<meta name=\"robots\" content=\"index, follow, max-snippet:-1, max-image-preview:large, max-video-preview:-1\" \/>\n<link rel=\"canonical\" href=\"https:\/\/www.bocada.com\/pt\/producto\/conformidade-backup\/\" \/>\n<meta property=\"og:locale\" content=\"pt_BR\" \/>\n<meta property=\"og:type\" content=\"article\" \/>\n<meta property=\"og:title\" content=\"Simplifique a Supervis\u00e3o de Conformidade de Backup\" \/>\n<meta property=\"og:description\" content=\"Relat\u00f3rio de backup e software de monitoramento para auditorias de backup, conformidade e rastreamento de SLA.\" \/>\n<meta property=\"og:url\" content=\"https:\/\/www.bocada.com\/pt\/producto\/conformidade-backup\/\" \/>\n<meta property=\"og:site_name\" content=\"Bocada\" \/>\n<meta property=\"article:modified_time\" content=\"2022-03-25T00:09:47+00:00\" \/>\n<meta property=\"og:image\" content=\"https:\/\/www.bocada.com\/wp-content\/uploads\/2018\/10\/product-compliance.jpg\" \/>\n\t<meta property=\"og:image:width\" content=\"1680\" \/>\n\t<meta property=\"og:image:height\" content=\"550\" \/>\n\t<meta property=\"og:image:type\" content=\"image\/jpeg\" \/>\n<meta name=\"twitter:card\" content=\"summary_large_image\" \/>\n<meta name=\"twitter:label1\" content=\"Est. tempo de leitura\" \/>\n\t<meta name=\"twitter:data1\" content=\"2 minutos\" \/>\n<script type=\"application\/ld+json\" class=\"yoast-schema-graph\">{\"@context\":\"https:\/\/schema.org\",\"@graph\":[{\"@type\":\"WebPage\",\"@id\":\"https:\/\/www.bocada.com\/pt\/producto\/conformidade-backup\/\",\"url\":\"https:\/\/www.bocada.com\/pt\/producto\/conformidade-backup\/\",\"name\":\"Simplifique a Supervis\u00e3o de Conformidade de Backup\",\"isPartOf\":{\"@id\":\"https:\/\/www.bocada.com\/pt\/#website\"},\"primaryImageOfPage\":{\"@id\":\"https:\/\/www.bocada.com\/pt\/producto\/conformidade-backup\/#primaryimage\"},\"image\":{\"@id\":\"https:\/\/www.bocada.com\/pt\/producto\/conformidade-backup\/#primaryimage\"},\"thumbnailUrl\":\"https:\/\/www.bocada.com\/wp-content\/uploads\/2018\/10\/product-compliance.jpg\",\"datePublished\":\"2018-10-10T05:17:04+00:00\",\"dateModified\":\"2022-03-25T00:09:47+00:00\",\"description\":\"Relat\u00f3rio de backup e software de monitoramento para auditorias de backup, conformidade e rastreamento de SLA.\",\"breadcrumb\":{\"@id\":\"https:\/\/www.bocada.com\/pt\/producto\/conformidade-backup\/#breadcrumb\"},\"inLanguage\":\"pt-BR\",\"potentialAction\":[{\"@type\":\"ReadAction\",\"target\":[\"https:\/\/www.bocada.com\/pt\/producto\/conformidade-backup\/\"]}]},{\"@type\":\"ImageObject\",\"inLanguage\":\"pt-BR\",\"@id\":\"https:\/\/www.bocada.com\/pt\/producto\/conformidade-backup\/#primaryimage\",\"url\":\"https:\/\/www.bocada.com\/wp-content\/uploads\/2018\/10\/product-compliance.jpg\",\"contentUrl\":\"https:\/\/www.bocada.com\/wp-content\/uploads\/2018\/10\/product-compliance.jpg\",\"width\":1680,\"height\":550,\"caption\":\"Backup Compliance, Auditing & SLA Reporting\"},{\"@type\":\"BreadcrumbList\",\"@id\":\"https:\/\/www.bocada.com\/pt\/producto\/conformidade-backup\/#breadcrumb\",\"itemListElement\":[{\"@type\":\"ListItem\",\"position\":1,\"name\":\"Bocada\",\"item\":\"https:\/\/www.bocada.com\/pt\/\"},{\"@type\":\"ListItem\",\"position\":2,\"name\":\"Produto\",\"item\":\"https:\/\/www.bocada.com\/pt\/producto\/\"},{\"@type\":\"ListItem\",\"position\":3,\"name\":\"Conformidade de Backup\"}]},{\"@type\":\"WebSite\",\"@id\":\"https:\/\/www.bocada.com\/pt\/#website\",\"url\":\"https:\/\/www.bocada.com\/pt\/\",\"name\":\"Bocada\",\"description\":\"Automated Backup Monitoring &amp; Reporting\",\"potentialAction\":[{\"@type\":\"SearchAction\",\"target\":{\"@type\":\"EntryPoint\",\"urlTemplate\":\"https:\/\/www.bocada.com\/pt\/?s={search_term_string}\"},\"query-input\":\"required name=search_term_string\"}],\"inLanguage\":\"pt-BR\"}]}<\/script>\n<!-- \/ Yoast SEO plugin. -->","yoast_head_json":{"title":"Simplifique a Supervis\u00e3o de Conformidade de Backup","description":"Relat\u00f3rio de backup e software de monitoramento para auditorias de backup, conformidade e rastreamento de SLA.","robots":{"index":"index","follow":"follow","max-snippet":"max-snippet:-1","max-image-preview":"max-image-preview:large","max-video-preview":"max-video-preview:-1"},"canonical":"https:\/\/www.bocada.com\/pt\/producto\/conformidade-backup\/","og_locale":"pt_BR","og_type":"article","og_title":"Simplifique a Supervis\u00e3o de Conformidade de Backup","og_description":"Relat\u00f3rio de backup e software de monitoramento para auditorias de backup, conformidade e rastreamento de SLA.","og_url":"https:\/\/www.bocada.com\/pt\/producto\/conformidade-backup\/","og_site_name":"Bocada","article_modified_time":"2022-03-25T00:09:47+00:00","og_image":[{"width":1680,"height":550,"url":"https:\/\/www.bocada.com\/wp-content\/uploads\/2018\/10\/product-compliance.jpg","type":"image\/jpeg"}],"twitter_card":"summary_large_image","twitter_misc":{"Est. tempo de leitura":"2 minutos"},"schema":{"@context":"https:\/\/schema.org","@graph":[{"@type":"WebPage","@id":"https:\/\/www.bocada.com\/pt\/producto\/conformidade-backup\/","url":"https:\/\/www.bocada.com\/pt\/producto\/conformidade-backup\/","name":"Simplifique a Supervis\u00e3o de Conformidade de Backup","isPartOf":{"@id":"https:\/\/www.bocada.com\/pt\/#website"},"primaryImageOfPage":{"@id":"https:\/\/www.bocada.com\/pt\/producto\/conformidade-backup\/#primaryimage"},"image":{"@id":"https:\/\/www.bocada.com\/pt\/producto\/conformidade-backup\/#primaryimage"},"thumbnailUrl":"https:\/\/www.bocada.com\/wp-content\/uploads\/2018\/10\/product-compliance.jpg","datePublished":"2018-10-10T05:17:04+00:00","dateModified":"2022-03-25T00:09:47+00:00","description":"Relat\u00f3rio de backup e software de monitoramento para auditorias de backup, conformidade e rastreamento de SLA.","breadcrumb":{"@id":"https:\/\/www.bocada.com\/pt\/producto\/conformidade-backup\/#breadcrumb"},"inLanguage":"pt-BR","potentialAction":[{"@type":"ReadAction","target":["https:\/\/www.bocada.com\/pt\/producto\/conformidade-backup\/"]}]},{"@type":"ImageObject","inLanguage":"pt-BR","@id":"https:\/\/www.bocada.com\/pt\/producto\/conformidade-backup\/#primaryimage","url":"https:\/\/www.bocada.com\/wp-content\/uploads\/2018\/10\/product-compliance.jpg","contentUrl":"https:\/\/www.bocada.com\/wp-content\/uploads\/2018\/10\/product-compliance.jpg","width":1680,"height":550,"caption":"Backup Compliance, Auditing & SLA Reporting"},{"@type":"BreadcrumbList","@id":"https:\/\/www.bocada.com\/pt\/producto\/conformidade-backup\/#breadcrumb","itemListElement":[{"@type":"ListItem","position":1,"name":"Bocada","item":"https:\/\/www.bocada.com\/pt\/"},{"@type":"ListItem","position":2,"name":"Produto","item":"https:\/\/www.bocada.com\/pt\/producto\/"},{"@type":"ListItem","position":3,"name":"Conformidade de Backup"}]},{"@type":"WebSite","@id":"https:\/\/www.bocada.com\/pt\/#website","url":"https:\/\/www.bocada.com\/pt\/","name":"Bocada","description":"Automated Backup Monitoring &amp; Reporting","potentialAction":[{"@type":"SearchAction","target":{"@type":"EntryPoint","urlTemplate":"https:\/\/www.bocada.com\/pt\/?s={search_term_string}"},"query-input":"required name=search_term_string"}],"inLanguage":"pt-BR"}]}},"_links":{"self":[{"href":"https:\/\/www.bocada.com\/pt\/wp-json\/wp\/v2\/pages\/5612","targetHints":{"allow":["GET"]}}],"collection":[{"href":"https:\/\/www.bocada.com\/pt\/wp-json\/wp\/v2\/pages"}],"about":[{"href":"https:\/\/www.bocada.com\/pt\/wp-json\/wp\/v2\/types\/page"}],"author":[{"embeddable":true,"href":"https:\/\/www.bocada.com\/pt\/wp-json\/wp\/v2\/users\/2"}],"replies":[{"embeddable":true,"href":"https:\/\/www.bocada.com\/pt\/wp-json\/wp\/v2\/comments?post=5612"}],"version-history":[{"count":0,"href":"https:\/\/www.bocada.com\/pt\/wp-json\/wp\/v2\/pages\/5612\/revisions"}],"up":[{"embeddable":true,"href":"https:\/\/www.bocada.com\/pt\/wp-json\/wp\/v2\/pages\/5548"}],"wp:featuredmedia":[{"embeddable":true,"href":"https:\/\/www.bocada.com\/pt\/wp-json\/wp\/v2\/media\/5606"}],"wp:attachment":[{"href":"https:\/\/www.bocada.com\/pt\/wp-json\/wp\/v2\/media?parent=5612"}],"curies":[{"name":"wp","href":"https:\/\/api.w.org\/{rel}","templated":true}]}}