{"id":5600,"date":"2018-10-04T15:48:36","date_gmt":"2018-10-04T22:48:36","guid":{"rendered":"https:\/\/www.bocada.com\/contate-nos\/"},"modified":"2025-02-06T13:53:07","modified_gmt":"2025-02-06T21:53:07","slug":"contate-nos","status":"publish","type":"page","link":"https:\/\/www.bocada.com\/pt\/contate-nos\/","title":{"rendered":"Contacta-nos"},"content":{"rendered":"<div class=\"wpb-content-wrapper\"><p>[vc_row el_class=&#8221;BgPadding&#8221; el_id=&#8221;ContactoIntroBg&#8221;][vc_column][vc_row_inner][vc_column_inner][vc_custom_heading text=&#8221;Descobre a supervis\u00e3o da prote\u00e7\u00e3o de dados \u00e0 prova de futuro&#8221; font_container=&#8221;tag:h1|text_align:center&#8221; use_theme_fonts=&#8221;yes&#8221; css=&#8221;&#8221;][vc_column_text css=&#8221;&#8221;]<\/p>\n<p style=\"text-align: center;\">Assegura que os teus dados est\u00e3o realmente protegidos contra ransomware e outros cen\u00e1rios de perda de dados com a monitoriza\u00e7\u00e3o e os relat\u00f3rios automatizados de c\u00f3pias de seguran\u00e7a da Bocada.<\/p>\n<p>[\/vc_column_text][\/vc_column_inner][\/vc_row_inner][\/vc_column][\/vc_row][vc_row el_id=&#8221;FormBg&#8221; css=&#8221;.vc_custom_1539756064125{padding-bottom: 50px !important;}&#8221;][vc_column css=&#8221;.vc_custom_1621979147663{padding-right: 0px !important;padding-left: 0px !important;}&#8221;][vc_row_inner css=&#8221;.vc_custom_1539839309284{padding-top: 50px !important;}&#8221;][vc_column_inner el_class=&#8221;GenericFormImgCol&#8221; width=&#8221;1\/2&#8243; css=&#8221;.vc_custom_1541428499060{padding-left: 0px !important;}&#8221;][vc_single_image image=&#8221;7990&#8243; img_size=&#8221;full&#8221; alignment=&#8221;center&#8221;][\/vc_column_inner][vc_column_inner el_class=&#8221;FormCol&#8221; width=&#8221;1\/2&#8243;][vc_custom_heading text=&#8221;P\u00f5e ordem no teu ambiente de backup&#8221; font_container=&#8221;tag:h2|text_align:center&#8221; use_theme_fonts=&#8221;yes&#8221;][vc_column_text el_class=&#8221;FormText&#8221;]<\/p>\n<p style=\"text-align: center;\">Preenche todos os campos.<\/p>\n<p>[\/vc_column_text][vc_raw_html]PHNjcmlwdCBjaGFyc2V0PSJ1dGYtOCIgdHlwZT0idGV4dC9qYXZhc2NyaXB0IiBzcmM9Ii8vanMuaHNmb3Jtcy5uZXQvZm9ybXMvZW1iZWQvdjIuanMiPjwvc2NyaXB0PjxzY3JpcHQ+aGJzcHQuZm9ybXMuY3JlYXRlKHsKICAgIHJlZ2lvbjogIm5hMSIsCiAgICBwb3J0YWxJZDogIjg4OTA0NzEiLAogICAgZm9ybUlkOiAiNDAxZTlmNzAtYmU2OS00Y2Q2LWJkOGYtNmRlNmM0MGMwMTg4IgogIH0pOwo8L3NjcmlwdD4=[\/vc_raw_html][\/vc_column_inner][\/vc_row_inner][\/vc_column][\/vc_row][vc_row full_width=&#8221;stretch_row&#8221; css=&#8221;.vc_custom_1643924729501{background-color: #1c6db6 !important;}&#8221;][vc_column][\/vc_column][\/vc_row][vc_row el_class=&#8221;GenericBottomSpacer&#8221; css=&#8221;.vc_custom_1541397424687{margin-bottom: 50px !important;}&#8221;][vc_column][\/vc_column][\/vc_row]<\/p>\n<\/div>","protected":false},"excerpt":{"rendered":"IT Leaders Worldwide Use Bocada","protected":false},"author":2,"featured_media":0,"parent":0,"menu_order":50,"comment_status":"closed","ping_status":"closed","template":"","meta":{"_acf_changed":false,"content-type":"","inline_featured_image":false,"ngg_post_thumbnail":0,"footnotes":""},"class_list":["post-5600","page","type-page","status-publish","hentry"],"acf":[],"yoast_head":"<!-- This site is optimized with the Yoast SEO plugin v22.8 - https:\/\/yoast.com\/wordpress\/plugins\/seo\/ -->\n<title>Contacta-nos | Bocada<\/title>\n<meta name=\"description\" content=\"Sabe mais sobre os relat\u00f3rios de backup l\u00edderes de mercado da Bocada. Contacta-nos em sales@bocada.com ou +1-425-898-2400\" \/>\n<meta name=\"robots\" content=\"index, follow, max-snippet:-1, max-image-preview:large, max-video-preview:-1\" \/>\n<link rel=\"canonical\" href=\"https:\/\/www.bocada.com\/pt\/contate-nos\/\" \/>\n<meta property=\"og:locale\" content=\"pt_BR\" \/>\n<meta property=\"og:type\" content=\"article\" \/>\n<meta property=\"og:title\" content=\"Contacta-nos | Bocada\" \/>\n<meta property=\"og:description\" content=\"Sabe mais sobre os relat\u00f3rios de backup l\u00edderes de mercado da Bocada. Contacta-nos em sales@bocada.com ou +1-425-898-2400\" \/>\n<meta property=\"og:url\" content=\"https:\/\/www.bocada.com\/pt\/contate-nos\/\" \/>\n<meta property=\"og:site_name\" content=\"Bocada\" \/>\n<meta property=\"article:modified_time\" content=\"2025-02-06T21:53:07+00:00\" \/>\n<meta name=\"twitter:card\" content=\"summary_large_image\" \/>\n<meta name=\"twitter:label1\" content=\"Est. tempo de leitura\" \/>\n\t<meta name=\"twitter:data1\" content=\"1 minuto\" \/>\n<script type=\"application\/ld+json\" class=\"yoast-schema-graph\">{\"@context\":\"https:\/\/schema.org\",\"@graph\":[{\"@type\":\"WebPage\",\"@id\":\"https:\/\/www.bocada.com\/pt\/contate-nos\/\",\"url\":\"https:\/\/www.bocada.com\/pt\/contate-nos\/\",\"name\":\"Contacta-nos | Bocada\",\"isPartOf\":{\"@id\":\"https:\/\/www.bocada.com\/pt\/#website\"},\"datePublished\":\"2018-10-04T22:48:36+00:00\",\"dateModified\":\"2025-02-06T21:53:07+00:00\",\"description\":\"Sabe mais sobre os relat\u00f3rios de backup l\u00edderes de mercado da Bocada. Contacta-nos em sales@bocada.com ou +1-425-898-2400\",\"breadcrumb\":{\"@id\":\"https:\/\/www.bocada.com\/pt\/contate-nos\/#breadcrumb\"},\"inLanguage\":\"pt-BR\",\"potentialAction\":[{\"@type\":\"ReadAction\",\"target\":[\"https:\/\/www.bocada.com\/pt\/contate-nos\/\"]}]},{\"@type\":\"BreadcrumbList\",\"@id\":\"https:\/\/www.bocada.com\/pt\/contate-nos\/#breadcrumb\",\"itemListElement\":[{\"@type\":\"ListItem\",\"position\":1,\"name\":\"Bocada\",\"item\":\"https:\/\/www.bocada.com\/pt\/\"},{\"@type\":\"ListItem\",\"position\":2,\"name\":\"Contacta-nos\"}]},{\"@type\":\"WebSite\",\"@id\":\"https:\/\/www.bocada.com\/pt\/#website\",\"url\":\"https:\/\/www.bocada.com\/pt\/\",\"name\":\"Bocada\",\"description\":\"Automated Backup Monitoring &amp; Reporting\",\"potentialAction\":[{\"@type\":\"SearchAction\",\"target\":{\"@type\":\"EntryPoint\",\"urlTemplate\":\"https:\/\/www.bocada.com\/pt\/?s={search_term_string}\"},\"query-input\":\"required name=search_term_string\"}],\"inLanguage\":\"pt-BR\"}]}<\/script>\n<!-- \/ Yoast SEO plugin. -->","yoast_head_json":{"title":"Contacta-nos | Bocada","description":"Sabe mais sobre os relat\u00f3rios de backup l\u00edderes de mercado da Bocada. Contacta-nos em sales@bocada.com ou +1-425-898-2400","robots":{"index":"index","follow":"follow","max-snippet":"max-snippet:-1","max-image-preview":"max-image-preview:large","max-video-preview":"max-video-preview:-1"},"canonical":"https:\/\/www.bocada.com\/pt\/contate-nos\/","og_locale":"pt_BR","og_type":"article","og_title":"Contacta-nos | Bocada","og_description":"Sabe mais sobre os relat\u00f3rios de backup l\u00edderes de mercado da Bocada. Contacta-nos em sales@bocada.com ou +1-425-898-2400","og_url":"https:\/\/www.bocada.com\/pt\/contate-nos\/","og_site_name":"Bocada","article_modified_time":"2025-02-06T21:53:07+00:00","twitter_card":"summary_large_image","twitter_misc":{"Est. tempo de leitura":"1 minuto"},"schema":{"@context":"https:\/\/schema.org","@graph":[{"@type":"WebPage","@id":"https:\/\/www.bocada.com\/pt\/contate-nos\/","url":"https:\/\/www.bocada.com\/pt\/contate-nos\/","name":"Contacta-nos | Bocada","isPartOf":{"@id":"https:\/\/www.bocada.com\/pt\/#website"},"datePublished":"2018-10-04T22:48:36+00:00","dateModified":"2025-02-06T21:53:07+00:00","description":"Sabe mais sobre os relat\u00f3rios de backup l\u00edderes de mercado da Bocada. Contacta-nos em sales@bocada.com ou +1-425-898-2400","breadcrumb":{"@id":"https:\/\/www.bocada.com\/pt\/contate-nos\/#breadcrumb"},"inLanguage":"pt-BR","potentialAction":[{"@type":"ReadAction","target":["https:\/\/www.bocada.com\/pt\/contate-nos\/"]}]},{"@type":"BreadcrumbList","@id":"https:\/\/www.bocada.com\/pt\/contate-nos\/#breadcrumb","itemListElement":[{"@type":"ListItem","position":1,"name":"Bocada","item":"https:\/\/www.bocada.com\/pt\/"},{"@type":"ListItem","position":2,"name":"Contacta-nos"}]},{"@type":"WebSite","@id":"https:\/\/www.bocada.com\/pt\/#website","url":"https:\/\/www.bocada.com\/pt\/","name":"Bocada","description":"Automated Backup Monitoring &amp; Reporting","potentialAction":[{"@type":"SearchAction","target":{"@type":"EntryPoint","urlTemplate":"https:\/\/www.bocada.com\/pt\/?s={search_term_string}"},"query-input":"required name=search_term_string"}],"inLanguage":"pt-BR"}]}},"_links":{"self":[{"href":"https:\/\/www.bocada.com\/pt\/wp-json\/wp\/v2\/pages\/5600","targetHints":{"allow":["GET"]}}],"collection":[{"href":"https:\/\/www.bocada.com\/pt\/wp-json\/wp\/v2\/pages"}],"about":[{"href":"https:\/\/www.bocada.com\/pt\/wp-json\/wp\/v2\/types\/page"}],"author":[{"embeddable":true,"href":"https:\/\/www.bocada.com\/pt\/wp-json\/wp\/v2\/users\/2"}],"replies":[{"embeddable":true,"href":"https:\/\/www.bocada.com\/pt\/wp-json\/wp\/v2\/comments?post=5600"}],"version-history":[{"count":0,"href":"https:\/\/www.bocada.com\/pt\/wp-json\/wp\/v2\/pages\/5600\/revisions"}],"wp:attachment":[{"href":"https:\/\/www.bocada.com\/pt\/wp-json\/wp\/v2\/media?parent=5600"}],"curies":[{"name":"wp","href":"https:\/\/api.w.org\/{rel}","templated":true}]}}