{"id":5548,"date":"2018-10-04T15:48:02","date_gmt":"2018-10-04T15:48:02","guid":{"rendered":"https:\/\/www.bocada.com\/produto\/"},"modified":"2025-02-06T22:41:57","modified_gmt":"2025-02-07T06:41:57","slug":"producto","status":"publish","type":"page","link":"https:\/\/www.bocada.com\/pt\/producto\/","title":{"rendered":"Produto"},"content":{"rendered":"<div class=\"wpb-content-wrapper\"><p>[vc_row css_animation=&#8221;fadeInLeftBig&#8221; el_class=&#8221;ImgLeftTextRt&#8221;][vc_column][vc_row_inner][vc_column_inner el_class=&#8221;LtRtImgCol Left&#8221; width=&#8221;1\/2&#8243;][vc_single_image image=&#8221;6762&#8243; img_size=&#8221;full&#8221; alignment=&#8221;center&#8221; el_class=&#8221;LtRtImg Left&#8221;][\/vc_column_inner][vc_column_inner el_class=&#8221;DetailsCol Right&#8221; width=&#8221;1\/2&#8243;][vc_single_image image=&#8221;6628&#8243; img_size=&#8221;full&#8221; el_class=&#8221;IconHeading&#8221;][vc_column_text el_class=&#8221;IconHeading&#8221;]<\/p>\n<h2>Monitoriza\u00e7\u00e3o e relat\u00f3rios de c\u00f3pias de seguran\u00e7a<\/h2>\n<p>V\u00ea os dados de desempenho de c\u00f3pias de seguran\u00e7a na nuvem e no local numa consola central, automaticamente.[\/vc_column_text][vc_column_text el_class=&#8221;DetailsList Right CapsCTA&#8221;]<\/p>\n<ul>\n<li>Agrega m\u00e9tricas de desempenho de mais de 40 solu\u00e7\u00f5es de backup e armazenamento corporativo na nuvem e no local em um \u00fanico painel.<\/li>\n<li>Cria e agenda relat\u00f3rios de desempenho de backup a pedido, altamente personaliz\u00e1veis, em qualquer intervalo de datas.<\/li>\n<li>Segmenta o teu ambiente em zonas ou regi\u00f5es chave para uma supervis\u00e3o mais personalizada ou uma gest\u00e3o espec\u00edfica do cliente.<\/li>\n<\/ul>\n<p><a href=\"https:\/\/www.bocada.com\/pt\/producto\/monitoramento-backup-relatorios\/\">Saber mais<\/a>[\/vc_column_text][\/vc_column_inner][\/vc_row_inner][\/vc_column][\/vc_row][vc_row css_animation=&#8221;fadeInRightBig&#8221; el_class=&#8221;TextLeftImgRt&#8221;][vc_column][vc_row_inner][vc_column_inner el_class=&#8221;DetailsCol Left&#8221; width=&#8221;1\/2&#8243;][vc_single_image image=&#8221;6625&#8243; img_size=&#8221;full&#8221; el_class=&#8221;IconHeading&#8221;][vc_column_text el_class=&#8221;IconHeading&#8221;]<\/p>\n<h2>Acompanhamento da conformidade<\/h2>\n<p>Passa apenas alguns minutos a elaborar relat\u00f3rios de conformidade recorrentes, ao mesmo tempo que aumenta a confian\u00e7a de que os dados est\u00e3o seguros.[\/vc_column_text][vc_column_text el_class=&#8221;DetailsList Right CapsCTA&#8221;]<\/p>\n<ul>\n<li>Pr\u00e9-programa e agenda relat\u00f3rios de auditoria recorrentes e elimina horas de trabalho manual das actividades de fim de m\u00eas.<\/li>\n<li>Captura dados hist\u00f3ricos de desempenho ilimitados e est\u00e1 pronto para responder a todos os requisitos dos relat\u00f3rios de auditoria.<\/li>\n<li>Anota eventos hist\u00f3ricos para acompanhar os esfor\u00e7os de corre\u00e7\u00e3o.<\/li>\n<li>Permite o auto-aprovisionamento de relat\u00f3rios para apoiar auditorias ou consultas de clientes finais.<\/li>\n<\/ul>\n<p><a href=\"https:\/\/www.bocada.com\/pt\/producto\/conformidade-backup\/\">Aprende mais<\/a>[\/vc_column_text][\/vc_column_inner][vc_column_inner el_class=&#8221;LtRtImgCol Right&#8221; width=&#8221;1\/2&#8243;][vc_single_image image=&#8221;6771&#8243; img_size=&#8221;full&#8221; alignment=&#8221;center&#8221; el_class=&#8221;LtRtImg Left&#8221;][\/vc_column_inner][\/vc_row_inner][\/vc_column][\/vc_row][vc_row css_animation=&#8221;fadeInLeftBig&#8221; el_class=&#8221;ImgLeftTextRt&#8221;][vc_column][vc_row_inner][vc_column_inner el_class=&#8221;LtRtImgCol Left&#8221; width=&#8221;1\/2&#8243;][vc_single_image image=&#8221;6774&#8243; img_size=&#8221;full&#8221; alignment=&#8221;center&#8221; el_class=&#8221;LtRtImg Left&#8221;][\/vc_column_inner][vc_column_inner el_class=&#8221;DetailsCol Right&#8221; width=&#8221;1\/2&#8243;][vc_single_image image=&#8221;6619&#8243; img_size=&#8221;full&#8221; el_class=&#8221;IconHeading&#8221;][vc_column_text el_class=&#8221;IconHeading&#8221;]<\/p>\n<h2>Prote\u00e7\u00e3o de activos<\/h2>\n<p>Identifica novos activos no seu ambiente com zero protec\u00e7\u00f5es e automatiza os alertas de falhas cr\u00edticas para salvaguardar recursos vitais.[\/vc_column_text][vc_column_text el_class=&#8221;DetailsList Right CapsCTA&#8221;]<\/p>\n<ul>\n<li>Identifica automaticamente activos rec\u00e9m-criados nos seus ambientes cloud, on-prem ou vCenter com zero protec\u00e7\u00f5es de c\u00f3pia de seguran\u00e7a.<\/li>\n<li>Programa alertas de falhas cr\u00edticas para obter rapidamente um salto nas principais falhas que afectam as taxas de sucesso das c\u00f3pias de seguran\u00e7a.<\/li>\n<li>Mant\u00e9m-te a par de actividades de c\u00f3pia de seguran\u00e7a invulgares que possam indicar ciberamea\u00e7as em curso.<\/li>\n<\/ul>\n<p><a href=\"https:\/\/www.bocada.com\/pt\/producto\/protecao-proativa-ativos\/\">Aprende mais<\/a>[\/vc_column_text][\/vc_column_inner][\/vc_row_inner][\/vc_column][\/vc_row][vc_row css_animation=&#8221;fadeInRightBig&#8221; el_class=&#8221;TextLeftImgRt&#8221;][vc_column][vc_row_inner][vc_column_inner el_class=&#8221;DetailsCol Left&#8221; width=&#8221;1\/2&#8243;][vc_single_image image=&#8221;6622&#8243; img_size=&#8221;full&#8221; el_class=&#8221;IconHeading&#8221;][vc_column_text el_class=&#8221;IconHeading&#8221;]<\/p>\n<h2>Automatiza\u00e7\u00e3o do fluxo de trabalho<\/h2>\n<p>Simplifica a emiss\u00e3o de bilhetes e as opera\u00e7\u00f5es de c\u00f3pia de seguran\u00e7a para encontrar e resolver problemas mais rapidamente.[\/vc_column_text][vc_column_text el_class=&#8221;DetailsList Right CapsCTA&#8221;]<\/p>\n<ul>\n<li>Automatiza a cria\u00e7\u00e3o, monitoriza\u00e7\u00e3o e encerramento de tickets de falha para uma gest\u00e3o de falhas mais limpa e cont\u00ednua.<\/li>\n<li>Agrega informa\u00e7\u00f5es sobre falhas para identificar e resolver problemas mais espec\u00edficos.<\/li>\n<li>Marca os ambientes por regi\u00f5es geogr\u00e1ficas, clientes ou unidades de neg\u00f3cio chave para uma supervis\u00e3o integrada.<\/li>\n<\/ul>\n<p><a href=\"https:\/\/www.bocada.com\/pt\/producto\/automatizacao-de-workflow\/\">Aprende mais<\/a>[\/vc_column_text][\/vc_column_inner][vc_column_inner el_class=&#8221;LtRtImgCol Right&#8221; width=&#8221;1\/2&#8243;][vc_single_image image=&#8221;6777&#8243; img_size=&#8221;full&#8221; alignment=&#8221;center&#8221; el_class=&#8221;LtRtImg Left&#8221;][\/vc_column_inner][\/vc_row_inner][\/vc_column][\/vc_row][vc_row el_id=&#8221;CarrosselBg&#8221;][vc_column][vc_row_inner content_placement=&#8221;middle&#8221; el_class=&#8221;CarouselInnerRow&#8221;][vc_column_inner][vc_column_text el_class=&#8221;CarouselHeading&#8221;]<\/p>\n<h2 style=\"text-align: center;\">Integra os teus sistemas de backup e de prote\u00e7\u00e3o de dados no painel de controlo da Bocada<\/h2>\n<p>[\/vc_column_text]<div id=\"ult-carousel-279118683069d4c9c75086d\" class=\"ult-carousel-wrapper  ProductsCarousel ult_horizontal\" data-gutter=\"15\" data-rtl=\"false\" ><div class=\"ult-carousel-347298379469d4c9c750843 \" >[vc_single_image image=&#8221;6610&#8243; img_size=&#8221;full&#8221;][vc_single_image image=&#8221;6616&#8243; img_size=&#8221;full&#8221;][vc_single_image image=&#8221;6613&#8243; img_size=&#8221;full&#8221;][vc_single_image image=&#8221;6592&#8243; img_size=&#8221;full&#8221;][vc_single_image image=&#8221;6595&#8243; img_size=&#8221;full&#8221;][vc_single_image image=&#8221;6607&#8243; img_size=&#8221;full&#8221;][vc_single_image image=&#8221;6586&#8243; img_size=&#8221;full&#8221;][vc_single_image image=&#8221;6601&#8243; img_size=&#8221;full&#8221;][vc_single_image image=&#8221;6589&#8243; img_size=&#8221;full&#8221;][vc_single_image image=&#8221;6580&#8243; img_size=&#8221;full&#8221;][vc_single_image image=&#8221;6598&#8243; img_size=&#8221;full&#8221;][vc_single_image image=&#8221;6604&#8243; img_size=&#8221;full&#8221;][vc_single_image image=&#8221;6583&#8243; img_size=&#8221;full&#8221;]<\/div><\/div>\t\t\t<script type=\"text\/javascript\">\n\t\t\t\tjQuery(document).ready(function ($) {\n\t\t\t\t\tif( typeof jQuery('.ult-carousel-347298379469d4c9c750843').slick == \"function\"){\n\t\t\t\t\t\t$('.ult-carousel-347298379469d4c9c750843').slick({dots: false,autoplay: true,autoplaySpeed: \"5000\",speed: \"300\",infinite: true,arrows: true,nextArrow: '<button type=\"button\" role=\"button\" aria-label=\"Next\" style=\"color:#1c6db6; font-size:29px;\" class=\"slick-next default\"><i class=\"ultsl-arrow-right6\"><\/i><\/button>',prevArrow: '<button type=\"button\" role=\"button\" aria-label=\"Previous\" style=\"color:#1c6db6; font-size:29px;\" class=\"slick-prev default\"><i class=\"ultsl-arrow-left6\"><\/i><\/button>',slidesToScroll:1,slidesToShow:6,swipe: true,draggable: true,touchMove: true,pauseOnHover: true,pauseOnFocus: false,responsive: [\n\t\t\t\t\t\t\t{\n\t\t\t\t\t\t\t  breakpoint: 1026,\n\t\t\t\t\t\t\t  settings: {\n\t\t\t\t\t\t\t\tslidesToShow: 6,\n\t\t\t\t\t\t\t\tslidesToScroll: 1,  \n\t\t\t\t\t\t\t  }\n\t\t\t\t\t\t\t},\n\t\t\t\t\t\t\t{\n\t\t\t\t\t\t\t  breakpoint: 1025,\n\t\t\t\t\t\t\t  settings: {\n\t\t\t\t\t\t\t\tslidesToShow: 3,\n\t\t\t\t\t\t\t\tslidesToScroll: 1\n\t\t\t\t\t\t\t  }\n\t\t\t\t\t\t\t},\n\t\t\t\t\t\t\t{\n\t\t\t\t\t\t\t  breakpoint: 760,\n\t\t\t\t\t\t\t  settings: {\n\t\t\t\t\t\t\t\tslidesToShow: 2,\n\t\t\t\t\t\t\t\tslidesToScroll: 1\n\t\t\t\t\t\t\t  }\n\t\t\t\t\t\t\t}\n\t\t\t\t\t\t],pauseOnDotsHover: true,customPaging: function(slider, i) {\n                   return '<i type=\"button\" style= \"color:#333333;\" class=\"ultsl-record\" data-role=\"none\"><\/i>';\n                },});\n\t\t\t\t\t}\n\t\t\t\t});\n\t\t\t<\/script>\n\t\t\t[vc_column_text el_class=&#8221;CarouselCTA BlueCTALink CapsCTA&#8221;]<\/p>\n<p style=\"text-align: center;\"><a href=\"https:\/\/www.bocada.com\/pt\/parceiros-de-tecnologia\/\">V\u00ea a nossa lista completa de aplica\u00e7\u00f5es suportadas&#8230;<\/a><\/p>\n<p>[\/vc_column_text][\/vc_column_inner][\/vc_row_inner][\/vc_column][\/vc_row][vc_row el_id=&#8221;PreFormSpacer&#8221;][vc_column][\/vc_column][\/vc_row]<\/p>\n<\/div>","protected":false},"excerpt":{"rendered":"[vc_row css_animation=&#8221;fadeInLeftBig&#8221; el_class=&#8221;ImgLeftTextRt&#8221;][vc_column][vc_row_inner][vc_column_inner el_class=&#8221;LtRtImgCol Left&#8221; width=&#8221;1\/2&#8243;][vc_single_image image=&#8221;6762&#8243; img_size=&#8221;full&#8221; alignment=&#8221;center&#8221; el_class=&#8221;LtRtImg Left&#8221;][\/vc_column_inner][vc_column_inner el_class=&#8221;DetailsCol Right&#8221; width=&#8221;1\/2&#8243;][vc_single_image image=&#8221;6628&#8243; img_size=&#8221;full&#8221; el_class=&#8221;IconHeading&#8221;][vc_column_text el_class=&#8221;IconHeading&#8221;] Monitoriza\u00e7\u00e3o e relat\u00f3rios de c\u00f3pias de seguran\u00e7a V\u00ea os dados de desempenho de c\u00f3pias de seguran\u00e7a na nuvem e no local numa consola central, automaticamente.[\/vc_column_text][vc_column_text el_class=&#8221;DetailsList Right CapsCTA&#8221;] Agrega m\u00e9tricas de desempenho de mais de 40 solu\u00e7\u00f5es&#8230; <a class=\"view-article\" href=\"https:\/\/www.bocada.com\/pt\/producto\/\">Ver artigo<\/a>","protected":false},"author":2,"featured_media":5540,"parent":0,"menu_order":10,"comment_status":"closed","ping_status":"closed","template":"page-hero.php","meta":{"_acf_changed":false,"content-type":"","inline_featured_image":false,"ngg_post_thumbnail":0,"footnotes":""},"class_list":["post-5548","page","type-page","status-publish","has-post-thumbnail","hentry"],"acf":[],"yoast_head":"<!-- This site is optimized with the Yoast SEO plugin v22.8 - https:\/\/yoast.com\/wordpress\/plugins\/seo\/ -->\n<title>&quot;Produtos: Solu\u00e7\u00f5es inovadoras para a prote\u00e7\u00e3o e gest\u00e3o de dados<\/title>\n<meta name=\"description\" content=\"Ferramenta de software de relat\u00f3rios para monitorizar o desempenho, a conformidade e o armazenamento de c\u00f3pias de seguran\u00e7a de dados. Supervis\u00e3o de AWS, Azure, Veeam, Commvault, Druva e muito mais.\" \/>\n<meta name=\"robots\" content=\"index, follow, max-snippet:-1, max-image-preview:large, max-video-preview:-1\" \/>\n<link rel=\"canonical\" href=\"https:\/\/www.bocada.com\/pt\/producto\/\" \/>\n<meta property=\"og:locale\" content=\"pt_BR\" \/>\n<meta property=\"og:type\" content=\"article\" \/>\n<meta property=\"og:title\" content=\"&quot;Produtos: Solu\u00e7\u00f5es inovadoras para a prote\u00e7\u00e3o e gest\u00e3o de dados\" \/>\n<meta property=\"og:description\" content=\"Ferramenta de software de relat\u00f3rios para monitorizar o desempenho, a conformidade e o armazenamento de c\u00f3pias de seguran\u00e7a de dados. Supervis\u00e3o de AWS, Azure, Veeam, Commvault, Druva e muito mais.\" \/>\n<meta property=\"og:url\" content=\"https:\/\/www.bocada.com\/pt\/producto\/\" \/>\n<meta property=\"og:site_name\" content=\"Bocada\" \/>\n<meta property=\"article:modified_time\" content=\"2025-02-07T06:41:57+00:00\" \/>\n<meta property=\"og:image\" content=\"https:\/\/www.bocada.com\/wp-content\/uploads\/2018\/10\/Product_Hero.jpg\" \/>\n\t<meta property=\"og:image:width\" content=\"1680\" \/>\n\t<meta property=\"og:image:height\" content=\"550\" \/>\n\t<meta property=\"og:image:type\" content=\"image\/jpeg\" \/>\n<meta name=\"twitter:card\" content=\"summary_large_image\" \/>\n<meta name=\"twitter:label1\" content=\"Est. tempo de leitura\" \/>\n\t<meta name=\"twitter:data1\" content=\"2 minutos\" \/>\n<script type=\"application\/ld+json\" class=\"yoast-schema-graph\">{\"@context\":\"https:\/\/schema.org\",\"@graph\":[{\"@type\":\"WebPage\",\"@id\":\"https:\/\/www.bocada.com\/pt\/producto\/\",\"url\":\"https:\/\/www.bocada.com\/pt\/producto\/\",\"name\":\"\\\"Produtos: Solu\u00e7\u00f5es inovadoras para a prote\u00e7\u00e3o e gest\u00e3o de dados\",\"isPartOf\":{\"@id\":\"https:\/\/www.bocada.com\/pt\/#website\"},\"primaryImageOfPage\":{\"@id\":\"https:\/\/www.bocada.com\/pt\/producto\/#primaryimage\"},\"image\":{\"@id\":\"https:\/\/www.bocada.com\/pt\/producto\/#primaryimage\"},\"thumbnailUrl\":\"https:\/\/www.bocada.com\/wp-content\/uploads\/2018\/10\/Product_Hero.jpg\",\"datePublished\":\"2018-10-04T15:48:02+00:00\",\"dateModified\":\"2025-02-07T06:41:57+00:00\",\"description\":\"Ferramenta de software de relat\u00f3rios para monitorizar o desempenho, a conformidade e o armazenamento de c\u00f3pias de seguran\u00e7a de dados. Supervis\u00e3o de AWS, Azure, Veeam, Commvault, Druva e muito mais.\",\"breadcrumb\":{\"@id\":\"https:\/\/www.bocada.com\/pt\/producto\/#breadcrumb\"},\"inLanguage\":\"pt-BR\",\"potentialAction\":[{\"@type\":\"ReadAction\",\"target\":[\"https:\/\/www.bocada.com\/pt\/producto\/\"]}]},{\"@type\":\"ImageObject\",\"inLanguage\":\"pt-BR\",\"@id\":\"https:\/\/www.bocada.com\/pt\/producto\/#primaryimage\",\"url\":\"https:\/\/www.bocada.com\/wp-content\/uploads\/2018\/10\/Product_Hero.jpg\",\"contentUrl\":\"https:\/\/www.bocada.com\/wp-content\/uploads\/2018\/10\/Product_Hero.jpg\",\"width\":1680,\"height\":550,\"caption\":\"Backup Reporting Products Overview\"},{\"@type\":\"BreadcrumbList\",\"@id\":\"https:\/\/www.bocada.com\/pt\/producto\/#breadcrumb\",\"itemListElement\":[{\"@type\":\"ListItem\",\"position\":1,\"name\":\"Bocada\",\"item\":\"https:\/\/www.bocada.com\/pt\/\"},{\"@type\":\"ListItem\",\"position\":2,\"name\":\"Produto\"}]},{\"@type\":\"WebSite\",\"@id\":\"https:\/\/www.bocada.com\/pt\/#website\",\"url\":\"https:\/\/www.bocada.com\/pt\/\",\"name\":\"Bocada\",\"description\":\"Automated Backup Monitoring &amp; Reporting\",\"potentialAction\":[{\"@type\":\"SearchAction\",\"target\":{\"@type\":\"EntryPoint\",\"urlTemplate\":\"https:\/\/www.bocada.com\/pt\/?s={search_term_string}\"},\"query-input\":\"required name=search_term_string\"}],\"inLanguage\":\"pt-BR\"}]}<\/script>\n<!-- \/ Yoast SEO plugin. -->","yoast_head_json":{"title":"\"Produtos: Solu\u00e7\u00f5es inovadoras para a prote\u00e7\u00e3o e gest\u00e3o de dados","description":"Ferramenta de software de relat\u00f3rios para monitorizar o desempenho, a conformidade e o armazenamento de c\u00f3pias de seguran\u00e7a de dados. Supervis\u00e3o de AWS, Azure, Veeam, Commvault, Druva e muito mais.","robots":{"index":"index","follow":"follow","max-snippet":"max-snippet:-1","max-image-preview":"max-image-preview:large","max-video-preview":"max-video-preview:-1"},"canonical":"https:\/\/www.bocada.com\/pt\/producto\/","og_locale":"pt_BR","og_type":"article","og_title":"\"Produtos: Solu\u00e7\u00f5es inovadoras para a prote\u00e7\u00e3o e gest\u00e3o de dados","og_description":"Ferramenta de software de relat\u00f3rios para monitorizar o desempenho, a conformidade e o armazenamento de c\u00f3pias de seguran\u00e7a de dados. Supervis\u00e3o de AWS, Azure, Veeam, Commvault, Druva e muito mais.","og_url":"https:\/\/www.bocada.com\/pt\/producto\/","og_site_name":"Bocada","article_modified_time":"2025-02-07T06:41:57+00:00","og_image":[{"width":1680,"height":550,"url":"https:\/\/www.bocada.com\/wp-content\/uploads\/2018\/10\/Product_Hero.jpg","type":"image\/jpeg"}],"twitter_card":"summary_large_image","twitter_misc":{"Est. tempo de leitura":"2 minutos"},"schema":{"@context":"https:\/\/schema.org","@graph":[{"@type":"WebPage","@id":"https:\/\/www.bocada.com\/pt\/producto\/","url":"https:\/\/www.bocada.com\/pt\/producto\/","name":"\"Produtos: Solu\u00e7\u00f5es inovadoras para a prote\u00e7\u00e3o e gest\u00e3o de dados","isPartOf":{"@id":"https:\/\/www.bocada.com\/pt\/#website"},"primaryImageOfPage":{"@id":"https:\/\/www.bocada.com\/pt\/producto\/#primaryimage"},"image":{"@id":"https:\/\/www.bocada.com\/pt\/producto\/#primaryimage"},"thumbnailUrl":"https:\/\/www.bocada.com\/wp-content\/uploads\/2018\/10\/Product_Hero.jpg","datePublished":"2018-10-04T15:48:02+00:00","dateModified":"2025-02-07T06:41:57+00:00","description":"Ferramenta de software de relat\u00f3rios para monitorizar o desempenho, a conformidade e o armazenamento de c\u00f3pias de seguran\u00e7a de dados. Supervis\u00e3o de AWS, Azure, Veeam, Commvault, Druva e muito mais.","breadcrumb":{"@id":"https:\/\/www.bocada.com\/pt\/producto\/#breadcrumb"},"inLanguage":"pt-BR","potentialAction":[{"@type":"ReadAction","target":["https:\/\/www.bocada.com\/pt\/producto\/"]}]},{"@type":"ImageObject","inLanguage":"pt-BR","@id":"https:\/\/www.bocada.com\/pt\/producto\/#primaryimage","url":"https:\/\/www.bocada.com\/wp-content\/uploads\/2018\/10\/Product_Hero.jpg","contentUrl":"https:\/\/www.bocada.com\/wp-content\/uploads\/2018\/10\/Product_Hero.jpg","width":1680,"height":550,"caption":"Backup Reporting Products Overview"},{"@type":"BreadcrumbList","@id":"https:\/\/www.bocada.com\/pt\/producto\/#breadcrumb","itemListElement":[{"@type":"ListItem","position":1,"name":"Bocada","item":"https:\/\/www.bocada.com\/pt\/"},{"@type":"ListItem","position":2,"name":"Produto"}]},{"@type":"WebSite","@id":"https:\/\/www.bocada.com\/pt\/#website","url":"https:\/\/www.bocada.com\/pt\/","name":"Bocada","description":"Automated Backup Monitoring &amp; Reporting","potentialAction":[{"@type":"SearchAction","target":{"@type":"EntryPoint","urlTemplate":"https:\/\/www.bocada.com\/pt\/?s={search_term_string}"},"query-input":"required name=search_term_string"}],"inLanguage":"pt-BR"}]}},"_links":{"self":[{"href":"https:\/\/www.bocada.com\/pt\/wp-json\/wp\/v2\/pages\/5548","targetHints":{"allow":["GET"]}}],"collection":[{"href":"https:\/\/www.bocada.com\/pt\/wp-json\/wp\/v2\/pages"}],"about":[{"href":"https:\/\/www.bocada.com\/pt\/wp-json\/wp\/v2\/types\/page"}],"author":[{"embeddable":true,"href":"https:\/\/www.bocada.com\/pt\/wp-json\/wp\/v2\/users\/2"}],"replies":[{"embeddable":true,"href":"https:\/\/www.bocada.com\/pt\/wp-json\/wp\/v2\/comments?post=5548"}],"version-history":[{"count":0,"href":"https:\/\/www.bocada.com\/pt\/wp-json\/wp\/v2\/pages\/5548\/revisions"}],"wp:featuredmedia":[{"embeddable":true,"href":"https:\/\/www.bocada.com\/pt\/wp-json\/wp\/v2\/media\/5540"}],"wp:attachment":[{"href":"https:\/\/www.bocada.com\/pt\/wp-json\/wp\/v2\/media?parent=5548"}],"curies":[{"name":"wp","href":"https:\/\/api.w.org\/{rel}","templated":true}]}}