{"id":8809,"date":"2023-06-22T11:09:50","date_gmt":"2023-06-22T18:09:50","guid":{"rendered":"https:\/\/www.bocada.com\/producto\/nube-bocada\/"},"modified":"2025-02-28T07:20:58","modified_gmt":"2025-02-28T15:20:58","slug":"nube-bocada","status":"publish","type":"page","link":"https:\/\/www.bocada.com\/es\/producto\/nube-bocada\/","title":{"rendered":"Nube Bocada"},"content":{"rendered":"<div class=\"wpb-content-wrapper\"><p>[vc_row css=&#8221;.vc_custom_1692729683567{margin-top: 10px !important;margin-bottom: 40px !important;padding-top: 40px !important;padding-bottom: 40px !important;background-color: #3e8cd6 !important;}&#8221;][vc_column][vc_custom_heading text=&#8221;Tour de 3 minutos: Mira Bocada Cloud en acci\u00f3n&#8221; font_container=&#8221;tag:h2|text_align:center|color:%23ffffff&#8221; use_theme_fonts=&#8221;yes&#8221; css=&#8221;&#8221;][vc_video link=&#8221;https:\/\/vimeo.com\/1060965243&#8243; el_width=&#8221;70&#8243; align=&#8221;center&#8221; css=&#8221;&#8221;][\/vc_column][\/vc_row][vc_row css_animation=&#8221;fadeInRightBig&#8221; el_class=&#8221;TextLeftImgRt&#8221;][vc_column][vc_row_inner][vc_column_inner el_class=&#8221;DetailsCol Left&#8221; width=&#8221;1\/2&#8243;][vc_column_text css=&#8221;&#8221; el_class=&#8221;DetailsList Right CapsCTA&#8221;]<\/p>\n<h2><span style=\"color: #3e8cd6;\">Todas tus copias de seguridad en un solo lugar<\/span><\/h2>\n<p>Centraliza la supervisi\u00f3n y los informes de tus copias de seguridad en el panel \u00fanico de Bocada Cloud. Ya no tendr\u00e1s que saltar de una plataforma a otra para obtener una imagen clara del estado de las copias de seguridad en varios servidores, aplicaciones de copia de seguridad y\/o entornos de clientes. <\/p>\n<ul>\n<li>Automatiza la recogida de datos, la supervisi\u00f3n, la elaboraci\u00f3n de informes y las alertas.<\/li>\n<li>Gestiona cualquier n\u00famero de organizaciones de clientes (u organizaciones internas) con una sola cuenta<\/li>\n<\/ul>\n<p>[\/vc_column_text][\/vc_column_inner][vc_column_inner el_class=&#8221;LtRtImgCol Right&#8221; width=&#8221;1\/2&#8243;][vc_single_image image=&#8221;8218&#8243; img_size=&#8221;full&#8221; alignment=&#8221;center&#8221; onclick=&#8221;custom_link&#8221; img_link_target=&#8221;_blank&#8221; el_class=&#8221;LtRtImg Right&#8221; link=&#8221;https:\/\/www.bocada.com\/wp-content\/uploads\/2024\/05\/20240521-bc-dashboard.png&#8221;][\/vc_column_inner][\/vc_row_inner][\/vc_column][\/vc_row][vc_row css_animation=&#8221;fadeInLeftBig&#8221; el_class=&#8221;ImgLeftTextRt&#8221;][vc_column][vc_row_inner][vc_column_inner el_class=&#8221;LtRtImgCol Left&#8221; width=&#8221;1\/2&#8243;][vc_single_image image=&#8221;8212&#8243; img_size=&#8221;full&#8221; alignment=&#8221;center&#8221; onclick=&#8221;custom_link&#8221; img_link_target=&#8221;_blank&#8221; el_class=&#8221;LtRtImg Left&#8221; link=&#8221;https:\/\/www.bocada.com\/wp-content\/uploads\/2024\/05\/20240521-backup-apps-bc.png&#8221;][\/vc_column_inner][vc_column_inner el_class=&#8221;DetailsCol Right&#8221; width=&#8221;1\/2&#8243;][vc_column_text css=&#8221;&#8221; el_class=&#8221;DetailsList Right CapsCTA&#8221;]<\/p>\n<h2><span style=\"color: #3e8cd6;\">Conectores basados en API<\/span><\/h2>\n<p>Hemos creado integraciones API directas con muchas de las aplicaciones de copia de seguridad en la nube y locales m\u00e1s populares, ofreciendo la mejor precisi\u00f3n de informes de su clase.<\/p>\n<ul>\n<li>Recogida continua de datos basada en API de productos de copia de seguridad en la nube\/on-prem. Bocada <strong>NO<\/strong> utiliza el an\u00e1lisis sint\u00e1ctico del correo electr\u00f3nico debido a la escasa fiabilidad de ese enfoque t\u00e9cnico. <\/li>\n<li>Ve m\u00e1s all\u00e1 de los informes b\u00e1sicos de \u00e9xito y fracaso, y ent\u00e9rate -con seguridad- de cu\u00e1ndo no se ejecutan los trabajos y\/o cu\u00e1ndo faltan pol\u00edticas de copia de seguridad.<\/li>\n<li>M\u00e1s de 25 aplicaciones de copia de seguridad compatibles<a href=\"https:\/\/help.bocada.com\/knowledge\/which-backup-applications-does-bocada-cloud-support\" target=\"_blank\" rel=\"noopener\">(Verlas todas<\/a>)<\/li>\n<\/ul>\n<p>[\/vc_column_text][\/vc_column_inner][\/vc_row_inner][\/vc_column][\/vc_row][vc_row css_animation=&#8221;fadeInRightBig&#8221; el_class=&#8221;TextLeftImgRt&#8221;][vc_column][vc_row_inner][vc_column_inner el_class=&#8221;DetailsCol Left&#8221; width=&#8221;1\/2&#8243;][vc_column_text css=&#8221;&#8221; el_class=&#8221;DetailsList Right CapsCTA&#8221;]<\/p>\n<h2><span style=\"color: #3e8cd6;\">Informes y automatizaci\u00f3n sin rival<\/span><\/h2>\n<p>Los informes de Bocada Cloud te ayudan a garantizar y demostrar que los datos cr\u00edticos est\u00e1n protegidos. La rica automatizaci\u00f3n te ayuda a cumplir tus obligaciones en s\u00f3lo unos minutos al d\u00eda. <\/p>\n<ul>\n<li><strong>Informes esenciales:<\/strong> Resumen Ejecutivo, Actividad de Trabajos, Tendencias de Trabajos, Fallo de Copia de Seguridad, Actividad de Restauraci\u00f3n, Fallo de Restauraci\u00f3n y Ver Recursos<\/li>\n<li><strong>Los informes de copias de seguridad omitidas basados en IA<\/strong> identifican autom\u00e1ticamente los trabajos que deber\u00edan haberse ejecutado pero no lo hicieron.<\/li>\n<li><strong>Informes de recursos desprotegidos:<\/strong> Identifica los recursos con pol\u00edticas de copia de seguridad cero en vigor.<\/li>\n<li><strong>Automatizaci\u00f3n de la gesti\u00f3n de incidencias<\/strong>: Automatiza la emisi\u00f3n de tickets de aver\u00eda\/incidencia en tu software PSA\/ITSM con disparadores configurables, agilizando el flujo de trabajo de tus operaciones y reduciendo el ruido de los tickets.<\/li>\n<li>Crea <strong>informes personalizados<\/strong> con filtros, agrupaciones y criterios configurables.<\/li>\n<li><strong>Comparte informes<\/strong> mediante un enlace o un archivo adjunto .XLSX (Excel) por correo electr\u00f3nico, con opciones de suscripci\u00f3n o programaci\u00f3n peri\u00f3dica.<\/li>\n<li><strong>Informes de marca blanca<\/strong> para personalizar el aspecto de cada cliente.<\/li>\n<\/ul>\n<p>[\/vc_column_text][\/vc_column_inner][vc_column_inner el_class=&#8221;LtRtImgCol Right&#8221; width=&#8221;1\/2&#8243;][vc_single_image image=&#8221;8208&#8243; img_size=&#8221;full&#8221; alignment=&#8221;center&#8221; onclick=&#8221;custom_link&#8221; img_link_target=&#8221;_blank&#8221; el_class=&#8221;LtRtImg Right&#8221; link=&#8221;https:\/\/www.bocada.com\/wp-content\/uploads\/2024\/05\/20240521-distribute-report.png&#8221;][\/vc_column_inner][\/vc_row_inner][\/vc_column][\/vc_row][vc_row css_animation=&#8221;fadeInLeftBig&#8221; el_class=&#8221;ImgLeftTextRt&#8221;][vc_column][vc_row_inner][vc_column_inner el_class=&#8221;LtRtImgCol Left&#8221; width=&#8221;1\/2&#8243;][vc_single_image image=&#8221;8221&#8243; img_size=&#8221;full&#8221; alignment=&#8221;center&#8221; onclick=&#8221;custom_link&#8221; img_link_target=&#8221;_blank&#8221; el_class=&#8221;LtRtImg Left&#8221; link=&#8221;https:\/\/www.bocada.com\/wp-content\/uploads\/2024\/05\/20240521-BE-customers.png&#8221;][\/vc_column_inner][vc_column_inner el_class=&#8221;DetailsCol Right&#8221; width=&#8221;1\/2&#8243;][vc_column_text css=&#8221;&#8221; el_class=&#8221;DetailsList Right CapsCTA&#8221;]<\/p>\n<h2><span style=\"color: #3e8cd6;\">Misma tecnolog\u00eda subyacente, nueva experiencia SaaS<\/span><\/h2>\n<p>La misma recopilaci\u00f3n de datos, elaboraci\u00f3n de informes y automatizaci\u00f3n que utilizan los equipos inform\u00e1ticos de Fortune Global 500, ahora en una nueva oferta de software como servicio para proveedores de servicios gestionados (MSP), proveedores de servicios inform\u00e1ticos y empresas de todos los tama\u00f1os.[\/vc_column_text][\/vc_column_inner][\/vc_row_inner][\/vc_column][\/vc_row][vc_row css_animation=&#8221;fadeInRightBig&#8221; el_class=&#8221;TextLeftImgRt&#8221;][vc_column][vc_row_inner][vc_column_inner el_class=&#8221;DetailsCol Left&#8221; width=&#8221;1\/2&#8243;][vc_column_text css=&#8221;&#8221; el_class=&#8221;DetailsList Right CapsCTA&#8221;]<\/p>\n<h2><span style=\"color: #3e8cd6;\">Precios de pago por uso, nivel gratuito + prueba gratuita<\/span><\/h2>\n<ul>\n<li><strong>Nivel gratuito:<\/strong> Cada cuenta puede utilizar gratuitamente menos de 25 recursos supervisados (servidores, m\u00e1quinas virtuales, clientes).<\/li>\n<li><strong>Precios<\/strong> sencillos <strong>de pago por uso<\/strong> (sin compromiso anual) cuando superes los 25 recursos supervisados, por lo que nunca pagar\u00e1s por licencias que no est\u00e9s utilizando<\/li>\n<li>1 $ por recurso supervisado al mes (por encima de 25 recursos gratuitos). 10 puntos finales (por ejemplo, estaciones de trabajo) = 1 recurso. <\/li>\n<li>30 <strong>d\u00edas de prueba gratuita<\/strong> para controlar tantos recursos como quieras durante 30 d\u00edas<\/li>\n<\/ul>\n<p>[\/vc_column_text][\/vc_column_inner][vc_column_inner el_class=&#8221;LtRtImgCol Right&#8221; width=&#8221;1\/2&#8243;][vc_single_image image=&#8221;8215&#8243; img_size=&#8221;full&#8221; alignment=&#8221;center&#8221; onclick=&#8221;custom_link&#8221; img_link_target=&#8221;_blank&#8221; el_class=&#8221;LtRtImg Right&#8221; link=&#8221;https:\/\/www.bocada.com\/wp-content\/uploads\/2024\/05\/20240521-pay-as-you-go.png&#8221;][\/vc_column_inner][\/vc_row_inner][\/vc_column][\/vc_row][vc_row css=&#8221;.vc_custom_1692729683567{margin-top: 10px !important;margin-bottom: 40px !important;padding-top: 40px !important;padding-bottom: 40px !important;background-color: #3e8cd6 !important;}&#8221;][vc_column][vc_column_text css=&#8221;.vc_custom_1739396571207{margin-top: 60px !important;margin-bottom: 60px !important;}&#8221;]<\/p>\n<h2 style=\"text-align: center;\"><span style=\"color: #ffffff;\"><strong>Empieza<\/strong><\/span><\/h2>\n<p style=\"text-align: center;\"><span style=\"color: #ffffff;\">Crea tu cuenta gratuita y automatiza hoy mismo la supervisi\u00f3n de tus copias de seguridad.<\/span><\/p>\n<p><button style=\"text-align: center; background-color: #ff8e00; border: none; color: white; padding: 15px 15px; margin-left: auto; margin-right: auto; font-weight: bold!important; text-decoration: none; display: block; font-size: 16px; font: 14px\/19px 'Nunito Sans',sans-serif; letter-spacing: 2.8px; text-transform: uppercase;\"><a style=\"text-decoration: none; color: #ffffff;\" href=\"https:\/\/www.bocada.com\/es\/empieza-con-bocada-cloud-copy\/\" target=\"_blank\" rel=\"noopener\">Conseguir una cuenta gratuita<\/a><\/button><\/p>\n<p style=\"text-align: center;\"><span style=\"color: #ffffff;\"><b>Otras opciones:<\/b><\/span><\/p>\n<p style=\"text-align: center;\"><span style=\"color: #ffffff;\"><a style=\"color: #ffffff;\" href=\"https:\/\/www.bocada.com\/es\/solicita-una-demostracion\/\" target=\"_blank\" rel=\"noopener\">Solicita una demostraci\u00f3n<\/a><\/span><\/p>\n<p style=\"text-align: center;\"><span style=\"color: #ffffff;\"><a style=\"color: #ffffff;\" href=\"https:\/\/www.bocada.com\/compare\/\" target=\"_blank\" rel=\"noopener\">Ver precios y caracter\u00edsticas<\/a><\/span><\/p>\n<p>[\/vc_column_text][\/vc_column][\/vc_row]<\/p>\n<\/div>","protected":false},"excerpt":{"rendered":"[vc_row css=&#8221;.vc_custom_1692729683567{margin-top: 10px !important;margin-bottom: 40px !important;padding-top: 40px !important;padding-bottom: 40px !important;background-color: #3e8cd6 !important;}&#8221;][vc_column][vc_custom_heading text=&#8221;Tour de 3 minutos: Mira Bocada Cloud en acci\u00f3n&#8221; font_container=&#8221;tag:h2|text_align:center|color:%23ffffff&#8221; use_theme_fonts=&#8221;yes&#8221; css=&#8221;&#8221;][vc_video link=&#8221;https:\/\/vimeo.com\/1060965243&#8243; el_width=&#8221;70&#8243; align=&#8221;center&#8221; css=&#8221;&#8221;][\/vc_column][\/vc_row][vc_row css_animation=&#8221;fadeInRightBig&#8221; el_class=&#8221;TextLeftImgRt&#8221;][vc_column][vc_row_inner][vc_column_inner el_class=&#8221;DetailsCol Left&#8221; width=&#8221;1\/2&#8243;][vc_column_text css=&#8221;&#8221; el_class=&#8221;DetailsList Right CapsCTA&#8221;] Todas tus copias de seguridad en un solo lugar Centraliza la supervisi\u00f3n y los informes de tus copias&#8230; <a class=\"view-article\" href=\"https:\/\/www.bocada.com\/es\/producto\/nube-bocada\/\">View Article<\/a>","protected":false},"author":8,"featured_media":8295,"parent":5547,"menu_order":10,"comment_status":"closed","ping_status":"closed","template":"page-hero.php","meta":{"_acf_changed":false,"content-type":"","inline_featured_image":false,"ngg_post_thumbnail":0,"footnotes":""},"class_list":["post-8809","page","type-page","status-publish","has-post-thumbnail","hentry"],"acf":[],"yoast_head":"<!-- This site is optimized with the Yoast SEO plugin v22.8 - https:\/\/yoast.com\/wordpress\/plugins\/seo\/ -->\n<title>Software SaaS de Monitorizaci\u00f3n de Copias de Seguridad | Bocada Cloud<\/title>\n<meta name=\"description\" content=\"Dise\u00f1ada para ser f\u00e1cil de usar, Bocada Cloud lleva la supervisi\u00f3n automatizada de copias de seguridad a empresas de todos los tama\u00f1os. Crea tu cuenta gratuita hoy mismo.\" \/>\n<meta name=\"robots\" content=\"index, follow, max-snippet:-1, max-image-preview:large, max-video-preview:-1\" \/>\n<link rel=\"canonical\" href=\"https:\/\/www.bocada.com\/es\/producto\/nube-bocada\/\" \/>\n<meta property=\"og:locale\" content=\"es_MX\" \/>\n<meta property=\"og:type\" content=\"article\" \/>\n<meta property=\"og:title\" content=\"Software SaaS de Monitorizaci\u00f3n de Copias de Seguridad | Bocada Cloud\" \/>\n<meta property=\"og:description\" content=\"Dise\u00f1ada para ser f\u00e1cil de usar, Bocada Cloud lleva la supervisi\u00f3n automatizada de copias de seguridad a empresas de todos los tama\u00f1os. Crea tu cuenta gratuita hoy mismo.\" \/>\n<meta property=\"og:url\" content=\"https:\/\/www.bocada.com\/es\/producto\/nube-bocada\/\" \/>\n<meta property=\"og:site_name\" content=\"Bocada\" \/>\n<meta property=\"article:modified_time\" content=\"2025-02-28T15:20:58+00:00\" \/>\n<meta property=\"og:image\" content=\"https:\/\/www.bocada.com\/wp-content\/uploads\/2024\/06\/Untitled-design-3.jpg\" \/>\n\t<meta property=\"og:image:width\" content=\"1920\" \/>\n\t<meta property=\"og:image:height\" content=\"1080\" \/>\n\t<meta property=\"og:image:type\" content=\"image\/jpeg\" \/>\n<meta name=\"twitter:card\" content=\"summary_large_image\" \/>\n<meta name=\"twitter:label1\" content=\"Tiempo de lectura\" \/>\n\t<meta name=\"twitter:data1\" content=\"6 minutos\" \/>\n<script type=\"application\/ld+json\" class=\"yoast-schema-graph\">{\"@context\":\"https:\/\/schema.org\",\"@graph\":[{\"@type\":\"WebPage\",\"@id\":\"https:\/\/www.bocada.com\/es\/producto\/nube-bocada\/\",\"url\":\"https:\/\/www.bocada.com\/es\/producto\/nube-bocada\/\",\"name\":\"Software SaaS de Monitorizaci\u00f3n de Copias de Seguridad | Bocada Cloud\",\"isPartOf\":{\"@id\":\"https:\/\/www.bocada.com\/es\/#website\"},\"primaryImageOfPage\":{\"@id\":\"https:\/\/www.bocada.com\/es\/producto\/nube-bocada\/#primaryimage\"},\"image\":{\"@id\":\"https:\/\/www.bocada.com\/es\/producto\/nube-bocada\/#primaryimage\"},\"thumbnailUrl\":\"https:\/\/www.bocada.com\/wp-content\/uploads\/2024\/06\/Untitled-design-3.jpg\",\"datePublished\":\"2023-06-22T18:09:50+00:00\",\"dateModified\":\"2025-02-28T15:20:58+00:00\",\"description\":\"Dise\u00f1ada para ser f\u00e1cil de usar, Bocada Cloud lleva la supervisi\u00f3n automatizada de copias de seguridad a empresas de todos los tama\u00f1os. Crea tu cuenta gratuita hoy mismo.\",\"breadcrumb\":{\"@id\":\"https:\/\/www.bocada.com\/es\/producto\/nube-bocada\/#breadcrumb\"},\"inLanguage\":\"es\",\"potentialAction\":[{\"@type\":\"ReadAction\",\"target\":[\"https:\/\/www.bocada.com\/es\/producto\/nube-bocada\/\"]}]},{\"@type\":\"ImageObject\",\"inLanguage\":\"es\",\"@id\":\"https:\/\/www.bocada.com\/es\/producto\/nube-bocada\/#primaryimage\",\"url\":\"https:\/\/www.bocada.com\/wp-content\/uploads\/2024\/06\/Untitled-design-3.jpg\",\"contentUrl\":\"https:\/\/www.bocada.com\/wp-content\/uploads\/2024\/06\/Untitled-design-3.jpg\",\"width\":1920,\"height\":1080,\"caption\":\"Bocada Cloud\"},{\"@type\":\"BreadcrumbList\",\"@id\":\"https:\/\/www.bocada.com\/es\/producto\/nube-bocada\/#breadcrumb\",\"itemListElement\":[{\"@type\":\"ListItem\",\"position\":1,\"name\":\"Bocada\",\"item\":\"https:\/\/www.bocada.com\/es\/\"},{\"@type\":\"ListItem\",\"position\":2,\"name\":\"Producto\",\"item\":\"https:\/\/www.bocada.com\/es\/producto\/\"},{\"@type\":\"ListItem\",\"position\":3,\"name\":\"Nube Bocada\"}]},{\"@type\":\"WebSite\",\"@id\":\"https:\/\/www.bocada.com\/es\/#website\",\"url\":\"https:\/\/www.bocada.com\/es\/\",\"name\":\"Bocada\",\"description\":\"Automated Backup Monitoring &amp; Reporting\",\"potentialAction\":[{\"@type\":\"SearchAction\",\"target\":{\"@type\":\"EntryPoint\",\"urlTemplate\":\"https:\/\/www.bocada.com\/es\/?s={search_term_string}\"},\"query-input\":\"required name=search_term_string\"}],\"inLanguage\":\"es\"}]}<\/script>\n<!-- \/ Yoast SEO plugin. -->","yoast_head_json":{"title":"Software SaaS de Monitorizaci\u00f3n de Copias de Seguridad | Bocada Cloud","description":"Dise\u00f1ada para ser f\u00e1cil de usar, Bocada Cloud lleva la supervisi\u00f3n automatizada de copias de seguridad a empresas de todos los tama\u00f1os. Crea tu cuenta gratuita hoy mismo.","robots":{"index":"index","follow":"follow","max-snippet":"max-snippet:-1","max-image-preview":"max-image-preview:large","max-video-preview":"max-video-preview:-1"},"canonical":"https:\/\/www.bocada.com\/es\/producto\/nube-bocada\/","og_locale":"es_MX","og_type":"article","og_title":"Software SaaS de Monitorizaci\u00f3n de Copias de Seguridad | Bocada Cloud","og_description":"Dise\u00f1ada para ser f\u00e1cil de usar, Bocada Cloud lleva la supervisi\u00f3n automatizada de copias de seguridad a empresas de todos los tama\u00f1os. Crea tu cuenta gratuita hoy mismo.","og_url":"https:\/\/www.bocada.com\/es\/producto\/nube-bocada\/","og_site_name":"Bocada","article_modified_time":"2025-02-28T15:20:58+00:00","og_image":[{"width":1920,"height":1080,"url":"https:\/\/www.bocada.com\/wp-content\/uploads\/2024\/06\/Untitled-design-3.jpg","type":"image\/jpeg"}],"twitter_card":"summary_large_image","twitter_misc":{"Tiempo de lectura":"6 minutos"},"schema":{"@context":"https:\/\/schema.org","@graph":[{"@type":"WebPage","@id":"https:\/\/www.bocada.com\/es\/producto\/nube-bocada\/","url":"https:\/\/www.bocada.com\/es\/producto\/nube-bocada\/","name":"Software SaaS de Monitorizaci\u00f3n de Copias de Seguridad | Bocada Cloud","isPartOf":{"@id":"https:\/\/www.bocada.com\/es\/#website"},"primaryImageOfPage":{"@id":"https:\/\/www.bocada.com\/es\/producto\/nube-bocada\/#primaryimage"},"image":{"@id":"https:\/\/www.bocada.com\/es\/producto\/nube-bocada\/#primaryimage"},"thumbnailUrl":"https:\/\/www.bocada.com\/wp-content\/uploads\/2024\/06\/Untitled-design-3.jpg","datePublished":"2023-06-22T18:09:50+00:00","dateModified":"2025-02-28T15:20:58+00:00","description":"Dise\u00f1ada para ser f\u00e1cil de usar, Bocada Cloud lleva la supervisi\u00f3n automatizada de copias de seguridad a empresas de todos los tama\u00f1os. Crea tu cuenta gratuita hoy mismo.","breadcrumb":{"@id":"https:\/\/www.bocada.com\/es\/producto\/nube-bocada\/#breadcrumb"},"inLanguage":"es","potentialAction":[{"@type":"ReadAction","target":["https:\/\/www.bocada.com\/es\/producto\/nube-bocada\/"]}]},{"@type":"ImageObject","inLanguage":"es","@id":"https:\/\/www.bocada.com\/es\/producto\/nube-bocada\/#primaryimage","url":"https:\/\/www.bocada.com\/wp-content\/uploads\/2024\/06\/Untitled-design-3.jpg","contentUrl":"https:\/\/www.bocada.com\/wp-content\/uploads\/2024\/06\/Untitled-design-3.jpg","width":1920,"height":1080,"caption":"Bocada Cloud"},{"@type":"BreadcrumbList","@id":"https:\/\/www.bocada.com\/es\/producto\/nube-bocada\/#breadcrumb","itemListElement":[{"@type":"ListItem","position":1,"name":"Bocada","item":"https:\/\/www.bocada.com\/es\/"},{"@type":"ListItem","position":2,"name":"Producto","item":"https:\/\/www.bocada.com\/es\/producto\/"},{"@type":"ListItem","position":3,"name":"Nube Bocada"}]},{"@type":"WebSite","@id":"https:\/\/www.bocada.com\/es\/#website","url":"https:\/\/www.bocada.com\/es\/","name":"Bocada","description":"Automated Backup Monitoring &amp; Reporting","potentialAction":[{"@type":"SearchAction","target":{"@type":"EntryPoint","urlTemplate":"https:\/\/www.bocada.com\/es\/?s={search_term_string}"},"query-input":"required name=search_term_string"}],"inLanguage":"es"}]}},"_links":{"self":[{"href":"https:\/\/www.bocada.com\/es\/wp-json\/wp\/v2\/pages\/8809","targetHints":{"allow":["GET"]}}],"collection":[{"href":"https:\/\/www.bocada.com\/es\/wp-json\/wp\/v2\/pages"}],"about":[{"href":"https:\/\/www.bocada.com\/es\/wp-json\/wp\/v2\/types\/page"}],"author":[{"embeddable":true,"href":"https:\/\/www.bocada.com\/es\/wp-json\/wp\/v2\/users\/8"}],"replies":[{"embeddable":true,"href":"https:\/\/www.bocada.com\/es\/wp-json\/wp\/v2\/comments?post=8809"}],"version-history":[{"count":0,"href":"https:\/\/www.bocada.com\/es\/wp-json\/wp\/v2\/pages\/8809\/revisions"}],"up":[{"embeddable":true,"href":"https:\/\/www.bocada.com\/es\/wp-json\/wp\/v2\/pages\/5547"}],"wp:featuredmedia":[{"embeddable":true,"href":"https:\/\/www.bocada.com\/es\/wp-json\/wp\/v2\/media\/8295"}],"wp:attachment":[{"href":"https:\/\/www.bocada.com\/es\/wp-json\/wp\/v2\/media?parent=8809"}],"curies":[{"name":"wp","href":"https:\/\/api.w.org\/{rel}","templated":true}]}}