{"id":8717,"date":"2025-02-06T13:53:04","date_gmt":"2025-02-06T21:53:04","guid":{"rendered":"https:\/\/www.bocada.com\/ayuda\/"},"modified":"2025-02-06T13:53:05","modified_gmt":"2025-02-06T21:53:05","slug":"ayuda","status":"publish","type":"page","link":"https:\/\/www.bocada.com\/es\/ayuda\/","title":{"rendered":"Ayuda"},"content":{"rendered":"<div class=\"wpb-content-wrapper\"><p>[vc_row el_id=&#8221;SoporteBg&#8221; el_class=&#8221;GenericBgPadding&#8221;][vc_column][vc_row_inner][vc_column_inner][vc_custom_heading text=&#8221;Soporte y mantenimiento de Bocada&#8221; use_theme_fonts=&#8221;yes&#8221;][\/vc_column_inner][\/vc_row_inner][vc_row_inner][vc_column_inner el_class=&#8221;SupportColLt&#8221; width=&#8221;7\/12&#8243; css=&#8221;.vc_custom_1541193349470{padding-right: 18% !important;}&#8221;][vc_column_text]<\/p>\n<h3><a href=\"https:\/\/bocada.my.site.com\/s\/\" target=\"_blank\" rel=\"noopener noreferrer\">COMUNIDAD DE ATENCI\u00d3N AL CLIENTE<\/a><\/h3>\n<p>[\/vc_column_text][vc_column_text el_class=&#8221;Lg&#8221;]Nuestro modelo de cuota de suscripci\u00f3n anual proporciona a los clientes acceso completo a una organizaci\u00f3n de soporte dedicada:<\/p>\n<p>&#8211; Base de conocimientos en l\u00ednea 24\u00d77 y sistema de tickets para problemas<\/p>\n<p>&#8211; Asistencia por correo electr\u00f3nico de lunes a viernes, de 6 a.m. a 6 p.m. Hora del Pac\u00edfico (excepto festivos)<\/p>\n<p>&#8211; Actualizaciones de productos<\/p>\n<p>&#8211; Documentaci\u00f3n del producto<\/p>\n<p>&#8211; Versiones de mantenimiento y paquetes de servicio<\/p>\n<p><strong>Nuestro equipo de Servicios Profesionales presta los siguientes servicios de pago basados en declaraciones de trabajo presupuestadas:<\/strong><\/p>\n<p>&#8211; Planificaci\u00f3n y asistencia al despliegue<\/p>\n<p>&#8211; Instalaci\u00f3n y configuraci\u00f3n<\/p>\n<p>&#8211; Formaci\u00f3n<\/p>\n<p>&#8211; Dise\u00f1o, revisi\u00f3n y entrega de informes personalizados<\/p>\n<p>&#8211; Evaluaciones y asesoramiento sobre copias de seguridad[\/vc_column_text][\/vc_column_inner][vc_column_inner width=&#8221;5\/12&#8243;][vc_column_text el_class=&#8221;Lg&#8221;]Correo electr\u00f3nico: support@bocada.com<\/p>\n<p>Abre y sigue casos, descarga actualizaciones de productos y documentaci\u00f3n y busca en nuestra base de conocimientos en nuestro portal de atenci\u00f3n al cliente.[\/vc_column_text][\/vc_column_inner][\/vc_row_inner][\/vc_column][\/vc_row]<\/p>\n<\/div>","protected":false},"excerpt":{"rendered":"[vc_row el_id=&#8221;SoporteBg&#8221; el_class=&#8221;GenericBgPadding&#8221;][vc_column][vc_row_inner][vc_column_inner][vc_custom_heading text=&#8221;Soporte y mantenimiento de Bocada&#8221; use_theme_fonts=&#8221;yes&#8221;][\/vc_column_inner][\/vc_row_inner][vc_row_inner][vc_column_inner el_class=&#8221;SupportColLt&#8221; width=&#8221;7\/12&#8243; css=&#8221;.vc_custom_1541193349470{padding-right: 18% !important;}&#8221;][vc_column_text] COMUNIDAD DE ATENCI\u00d3N AL CLIENTE [\/vc_column_text][vc_column_text el_class=&#8221;Lg&#8221;]Nuestro modelo de cuota de suscripci\u00f3n anual proporciona a los clientes acceso completo a una organizaci\u00f3n de soporte dedicada: &#8211; Base de conocimientos en l\u00ednea 24\u00d77 y sistema de tickets para problemas &#8211; Asistencia por&#8230; <a class=\"view-article\" href=\"https:\/\/www.bocada.com\/es\/ayuda\/\">View Article<\/a>","protected":false},"author":2,"featured_media":5079,"parent":0,"menu_order":40,"comment_status":"closed","ping_status":"closed","template":"page-hero-short.php","meta":{"_acf_changed":false,"content-type":"","inline_featured_image":false,"ngg_post_thumbnail":0,"footnotes":""},"class_list":["post-8717","page","type-page","status-publish","has-post-thumbnail","hentry"],"acf":[],"yoast_head":"<!-- This site is optimized with the Yoast SEO plugin v22.8 - https:\/\/yoast.com\/wordpress\/plugins\/seo\/ -->\n<title>Atenci\u00f3n al cliente y soporte t\u00e9cnico | Bocada<\/title>\n<meta name=\"description\" content=\"Abre y sigue casos, descarga actualizaciones de productos y documentaci\u00f3n y busca en nuestra base de conocimientos. Contacta con nuestro equipo: support@bocada.com\" \/>\n<meta name=\"robots\" content=\"index, follow, max-snippet:-1, max-image-preview:large, max-video-preview:-1\" \/>\n<link rel=\"canonical\" href=\"https:\/\/www.bocada.com\/es\/ayuda\/\" \/>\n<meta property=\"og:locale\" content=\"es_MX\" \/>\n<meta property=\"og:type\" content=\"article\" \/>\n<meta property=\"og:title\" content=\"Atenci\u00f3n al cliente y soporte t\u00e9cnico | Bocada\" \/>\n<meta property=\"og:description\" content=\"Abre y sigue casos, descarga actualizaciones de productos y documentaci\u00f3n y busca en nuestra base de conocimientos. Contacta con nuestro equipo: support@bocada.com\" \/>\n<meta property=\"og:url\" content=\"https:\/\/www.bocada.com\/es\/ayuda\/\" \/>\n<meta property=\"og:site_name\" content=\"Bocada\" \/>\n<meta property=\"article:modified_time\" content=\"2025-02-06T21:53:05+00:00\" \/>\n<meta property=\"og:image\" content=\"https:\/\/www.bocada.com\/wp-content\/uploads\/2019\/05\/Partner-Page.jpg\" \/>\n\t<meta property=\"og:image:width\" content=\"1680\" \/>\n\t<meta property=\"og:image:height\" content=\"550\" \/>\n\t<meta property=\"og:image:type\" content=\"image\/jpeg\" \/>\n<meta name=\"twitter:card\" content=\"summary_large_image\" \/>\n<meta name=\"twitter:label1\" content=\"Tiempo de lectura\" \/>\n\t<meta name=\"twitter:data1\" content=\"1 minuto\" \/>\n<script type=\"application\/ld+json\" class=\"yoast-schema-graph\">{\"@context\":\"https:\/\/schema.org\",\"@graph\":[{\"@type\":\"WebPage\",\"@id\":\"https:\/\/www.bocada.com\/es\/ayuda\/\",\"url\":\"https:\/\/www.bocada.com\/es\/ayuda\/\",\"name\":\"Atenci\u00f3n al cliente y soporte t\u00e9cnico | Bocada\",\"isPartOf\":{\"@id\":\"https:\/\/www.bocada.com\/es\/#website\"},\"primaryImageOfPage\":{\"@id\":\"https:\/\/www.bocada.com\/es\/ayuda\/#primaryimage\"},\"image\":{\"@id\":\"https:\/\/www.bocada.com\/es\/ayuda\/#primaryimage\"},\"thumbnailUrl\":\"https:\/\/www.bocada.com\/wp-content\/uploads\/2019\/05\/Partner-Page.jpg\",\"datePublished\":\"2025-02-06T21:53:04+00:00\",\"dateModified\":\"2025-02-06T21:53:05+00:00\",\"description\":\"Abre y sigue casos, descarga actualizaciones de productos y documentaci\u00f3n y busca en nuestra base de conocimientos. Contacta con nuestro equipo: support@bocada.com\",\"breadcrumb\":{\"@id\":\"https:\/\/www.bocada.com\/es\/ayuda\/#breadcrumb\"},\"inLanguage\":\"es\",\"potentialAction\":[{\"@type\":\"ReadAction\",\"target\":[\"https:\/\/www.bocada.com\/es\/ayuda\/\"]}]},{\"@type\":\"ImageObject\",\"inLanguage\":\"es\",\"@id\":\"https:\/\/www.bocada.com\/es\/ayuda\/#primaryimage\",\"url\":\"https:\/\/www.bocada.com\/wp-content\/uploads\/2019\/05\/Partner-Page.jpg\",\"contentUrl\":\"https:\/\/www.bocada.com\/wp-content\/uploads\/2019\/05\/Partner-Page.jpg\",\"width\":1680,\"height\":550,\"caption\":\"\"},{\"@type\":\"BreadcrumbList\",\"@id\":\"https:\/\/www.bocada.com\/es\/ayuda\/#breadcrumb\",\"itemListElement\":[{\"@type\":\"ListItem\",\"position\":1,\"name\":\"Bocada\",\"item\":\"https:\/\/www.bocada.com\/es\/\"},{\"@type\":\"ListItem\",\"position\":2,\"name\":\"Ayuda\"}]},{\"@type\":\"WebSite\",\"@id\":\"https:\/\/www.bocada.com\/es\/#website\",\"url\":\"https:\/\/www.bocada.com\/es\/\",\"name\":\"Bocada\",\"description\":\"Automated Backup Monitoring &amp; Reporting\",\"potentialAction\":[{\"@type\":\"SearchAction\",\"target\":{\"@type\":\"EntryPoint\",\"urlTemplate\":\"https:\/\/www.bocada.com\/es\/?s={search_term_string}\"},\"query-input\":\"required name=search_term_string\"}],\"inLanguage\":\"es\"}]}<\/script>\n<!-- \/ Yoast SEO plugin. -->","yoast_head_json":{"title":"Atenci\u00f3n al cliente y soporte t\u00e9cnico | Bocada","description":"Abre y sigue casos, descarga actualizaciones de productos y documentaci\u00f3n y busca en nuestra base de conocimientos. Contacta con nuestro equipo: support@bocada.com","robots":{"index":"index","follow":"follow","max-snippet":"max-snippet:-1","max-image-preview":"max-image-preview:large","max-video-preview":"max-video-preview:-1"},"canonical":"https:\/\/www.bocada.com\/es\/ayuda\/","og_locale":"es_MX","og_type":"article","og_title":"Atenci\u00f3n al cliente y soporte t\u00e9cnico | Bocada","og_description":"Abre y sigue casos, descarga actualizaciones de productos y documentaci\u00f3n y busca en nuestra base de conocimientos. Contacta con nuestro equipo: support@bocada.com","og_url":"https:\/\/www.bocada.com\/es\/ayuda\/","og_site_name":"Bocada","article_modified_time":"2025-02-06T21:53:05+00:00","og_image":[{"width":1680,"height":550,"url":"https:\/\/www.bocada.com\/wp-content\/uploads\/2019\/05\/Partner-Page.jpg","type":"image\/jpeg"}],"twitter_card":"summary_large_image","twitter_misc":{"Tiempo de lectura":"1 minuto"},"schema":{"@context":"https:\/\/schema.org","@graph":[{"@type":"WebPage","@id":"https:\/\/www.bocada.com\/es\/ayuda\/","url":"https:\/\/www.bocada.com\/es\/ayuda\/","name":"Atenci\u00f3n al cliente y soporte t\u00e9cnico | Bocada","isPartOf":{"@id":"https:\/\/www.bocada.com\/es\/#website"},"primaryImageOfPage":{"@id":"https:\/\/www.bocada.com\/es\/ayuda\/#primaryimage"},"image":{"@id":"https:\/\/www.bocada.com\/es\/ayuda\/#primaryimage"},"thumbnailUrl":"https:\/\/www.bocada.com\/wp-content\/uploads\/2019\/05\/Partner-Page.jpg","datePublished":"2025-02-06T21:53:04+00:00","dateModified":"2025-02-06T21:53:05+00:00","description":"Abre y sigue casos, descarga actualizaciones de productos y documentaci\u00f3n y busca en nuestra base de conocimientos. Contacta con nuestro equipo: support@bocada.com","breadcrumb":{"@id":"https:\/\/www.bocada.com\/es\/ayuda\/#breadcrumb"},"inLanguage":"es","potentialAction":[{"@type":"ReadAction","target":["https:\/\/www.bocada.com\/es\/ayuda\/"]}]},{"@type":"ImageObject","inLanguage":"es","@id":"https:\/\/www.bocada.com\/es\/ayuda\/#primaryimage","url":"https:\/\/www.bocada.com\/wp-content\/uploads\/2019\/05\/Partner-Page.jpg","contentUrl":"https:\/\/www.bocada.com\/wp-content\/uploads\/2019\/05\/Partner-Page.jpg","width":1680,"height":550,"caption":""},{"@type":"BreadcrumbList","@id":"https:\/\/www.bocada.com\/es\/ayuda\/#breadcrumb","itemListElement":[{"@type":"ListItem","position":1,"name":"Bocada","item":"https:\/\/www.bocada.com\/es\/"},{"@type":"ListItem","position":2,"name":"Ayuda"}]},{"@type":"WebSite","@id":"https:\/\/www.bocada.com\/es\/#website","url":"https:\/\/www.bocada.com\/es\/","name":"Bocada","description":"Automated Backup Monitoring &amp; Reporting","potentialAction":[{"@type":"SearchAction","target":{"@type":"EntryPoint","urlTemplate":"https:\/\/www.bocada.com\/es\/?s={search_term_string}"},"query-input":"required name=search_term_string"}],"inLanguage":"es"}]}},"_links":{"self":[{"href":"https:\/\/www.bocada.com\/es\/wp-json\/wp\/v2\/pages\/8717","targetHints":{"allow":["GET"]}}],"collection":[{"href":"https:\/\/www.bocada.com\/es\/wp-json\/wp\/v2\/pages"}],"about":[{"href":"https:\/\/www.bocada.com\/es\/wp-json\/wp\/v2\/types\/page"}],"author":[{"embeddable":true,"href":"https:\/\/www.bocada.com\/es\/wp-json\/wp\/v2\/users\/2"}],"replies":[{"embeddable":true,"href":"https:\/\/www.bocada.com\/es\/wp-json\/wp\/v2\/comments?post=8717"}],"version-history":[{"count":0,"href":"https:\/\/www.bocada.com\/es\/wp-json\/wp\/v2\/pages\/8717\/revisions"}],"wp:featuredmedia":[{"embeddable":true,"href":"https:\/\/www.bocada.com\/es\/wp-json\/wp\/v2\/media\/5079"}],"wp:attachment":[{"href":"https:\/\/www.bocada.com\/es\/wp-json\/wp\/v2\/media?parent=8717"}],"curies":[{"name":"wp","href":"https:\/\/api.w.org\/{rel}","templated":true}]}}