{"id":5731,"date":"2021-03-23T14:26:22","date_gmt":"2021-03-23T21:26:22","guid":{"rendered":"https:\/\/www.bocada.com\/empresa-2\/"},"modified":"2022-03-24T15:09:50","modified_gmt":"2022-03-24T22:09:50","slug":"nuestra-empresa","status":"publish","type":"page","link":"https:\/\/www.bocada.com\/es\/nuestra-empresa\/","title":{"rendered":"Nuestra Empressa"},"content":{"rendered":"<div class=\"wpb-content-wrapper\"><p>[vc_row el_class=&#8221;CompanyPadding&#8221; el_id=&#8221;CompanyBlueBg&#8221; css=&#8221;.vc_custom_1541188834519{background-color: #1c6db6 !important;}&#8221;][vc_column][vc_row_inner el_class=&#8221;CompanyTextPadding&#8221;][vc_column_inner][vc_custom_heading text=&#8221;El proveedor l\u00edder mundial de informes y supervisi\u00f3n de respaldos&#8221; font_container=&#8221;tag:h2|text_align:center&#8221; use_theme_fonts=&#8221;yes&#8221; el_class=&#8221;Lg WhiteText&#8221;][vc_column_text el_class=&#8221;WhiteText Lg&#8221;]<\/p>\n<p style=\"text-align: center;\"><strong>Innovaci\u00f3n. Independencia. Enfoque.<\/strong><br \/>\nDesde 2001, Bocada se ha centrado exclusivamente en simplificar las operaciones de generaci\u00f3n de informes de datos, reduciendo el riesgo y empoderando a los profesionales de la tecnolog\u00eda para que se enfoquen en el trabajo de valor a\u00f1adido. Estamos aqu\u00ed para mejorar la vida de las personas que impulsan las operaciones de TI.<\/p>\n<p style=\"text-align: center;\">Nuestra soluci\u00f3n es usada por m\u00e1s personas de Fortune 500 que cualquier otra en el mercado. Somos independientes de los productos y proveedores de respaldo, lo que garantiza que tenga capacidades de cumplimiento normativo y auditor\u00eda objetivas y una visi\u00f3n clara y coherente de todo su entorno.<\/p>\n<p>[\/vc_column_text][\/vc_column_inner][\/vc_row_inner][\/vc_column][\/vc_row][vc_row el_class=&#8221;CompanyPadding&#8221; el_id=&#8221;CompanyWhiteBg&#8221;][vc_column][vc_row_inner el_class=&#8221;CompanyTextPadding&#8221;][vc_column_inner][vc_custom_heading text=&#8221;Construya excelentes productos con excelentes personas&#8221; font_container=&#8221;tag:h2|text_align:center|color:%231c6db6&#8243; use_theme_fonts=&#8221;yes&#8221; el_class=&#8221;Lg BlueText&#8221;][vc_column_text el_class=&#8221;Lg&#8221;]<\/p>\n<p style=\"text-align: center;\">Cuando trabaja en Bocada, forma parte de un equipo que impulsa la industria de la protecci\u00f3n de datos, lo que ayuda a las empresas a reducir el riesgo de datos de ransomware, ciberataques y desastres naturales, al tiempo que mejora la vida de sus trabajadores profesionales de operaciones de TI. Nuestro incansable enfoque en el cliente y nuestro compromiso de integrarnos con las \u00faltimas tecnolog\u00edas significa que cada d\u00eda es una oportunidad para generar un impacto. \u00bfSuena como su tipo de trabajo?<\/p>\n<p>[\/vc_column_text][vc_column_text el_class=&#8221;CTALink&#8221;]<\/p>\n<p style=\"text-align: center;\"><a href=\"https:\/\/www.bocada.com\/company\/careers\/\">Oportunidades actuales<\/a><\/p>\n<p>[\/vc_column_text][\/vc_column_inner][\/vc_row_inner][\/vc_column][\/vc_row][vc_row css=&#8221;.vc_custom_1539839851495{padding-top: 50px !important;}&#8221; el_id=&#8221;TwoBlogBg&#8221;][vc_column][vc_custom_heading text=&#8221;Lo \u00daltimo en Protecci\u00f3n de Respaldos&#8221; font_container=&#8221;tag:h2|text_align:center&#8221; use_theme_fonts=&#8221;yes&#8221; el_class=&#8221;Lg&#8221;][vc_row_inner][vc_column_inner css=&#8221;.vc_custom_1539839999925{padding-right: 0px !important;padding-left: 0px !important;}&#8221;][vc_basic_grid post_type=&#8221;post&#8221; max_items=&#8221;2&#8243; element_width=&#8221;6&#8243; item=&#8221;196&#8243; grid_id=&#8221;vc_gid:1644957592681-011f762b-6d36-1&#8243; taxonomies=&#8221;6, 7&#8243; el_class=&#8221;HomeBlogGrid&#8221;][\/vc_column_inner][\/vc_row_inner][\/vc_column][\/vc_row]<\/p>\n<\/div>","protected":false},"excerpt":{"rendered":"[vc_row el_class=&#8221;CompanyPadding&#8221; el_id=&#8221;CompanyBlueBg&#8221; css=&#8221;.vc_custom_1541188834519{background-color: #1c6db6 !important;}&#8221;][vc_column][vc_row_inner el_class=&#8221;CompanyTextPadding&#8221;][vc_column_inner][vc_custom_heading text=&#8221;El proveedor l\u00edder mundial de informes y supervisi\u00f3n de respaldos&#8221; font_container=&#8221;tag:h2|text_align:center&#8221; use_theme_fonts=&#8221;yes&#8221; el_class=&#8221;Lg WhiteText&#8221;][vc_column_text el_class=&#8221;WhiteText Lg&#8221;] Innovaci\u00f3n. Independencia. Enfoque. Desde 2001, Bocada se ha centrado exclusivamente en simplificar las operaciones de generaci\u00f3n de informes de datos, reduciendo el riesgo y empoderando a los profesionales de la tecnolog\u00eda para&#8230; <a class=\"view-article\" href=\"https:\/\/www.bocada.com\/es\/nuestra-empresa\/\">View Article<\/a>","protected":false},"author":2,"featured_media":4673,"parent":0,"menu_order":30,"comment_status":"closed","ping_status":"closed","template":"page-hero-short.php","meta":{"_acf_changed":false,"content-type":"","inline_featured_image":false,"ngg_post_thumbnail":0,"footnotes":""},"class_list":["post-5731","page","type-page","status-publish","has-post-thumbnail","hentry"],"acf":[],"yoast_head":"<!-- This site is optimized with the Yoast SEO plugin v22.8 - https:\/\/yoast.com\/wordpress\/plugins\/seo\/ -->\n<title>Sobre nosotros\u202f|\u202fBocada\u202f<\/title>\n<meta name=\"description\" content=\"Desde 2001, Bocada ha ayudado a empresas supervisar la protecci\u00f3n de datos con software de monitorizaci\u00f3n e informes de backup\" \/>\n<meta name=\"robots\" content=\"index, follow, max-snippet:-1, max-image-preview:large, max-video-preview:-1\" \/>\n<link rel=\"canonical\" href=\"https:\/\/www.bocada.com\/es\/nuestra-empresa\/\" \/>\n<meta property=\"og:locale\" content=\"es_MX\" \/>\n<meta property=\"og:type\" content=\"article\" \/>\n<meta property=\"og:title\" content=\"Sobre nosotros\u202f|\u202fBocada\u202f\" \/>\n<meta property=\"og:description\" content=\"Desde 2001, Bocada ha ayudado a empresas supervisar la protecci\u00f3n de datos con software de monitorizaci\u00f3n e informes de backup\" \/>\n<meta property=\"og:url\" content=\"https:\/\/www.bocada.com\/es\/nuestra-empresa\/\" \/>\n<meta property=\"og:site_name\" content=\"Bocada\" \/>\n<meta property=\"article:modified_time\" content=\"2022-03-24T22:09:50+00:00\" \/>\n<meta property=\"og:image\" content=\"https:\/\/www.bocada.com\/wp-content\/uploads\/2018\/10\/Automated-Independent-Backup-Reporting.jpg\" \/>\n\t<meta property=\"og:image:width\" content=\"1680\" \/>\n\t<meta property=\"og:image:height\" content=\"550\" \/>\n\t<meta property=\"og:image:type\" content=\"image\/jpeg\" \/>\n<meta name=\"twitter:card\" content=\"summary_large_image\" \/>\n<meta name=\"twitter:label1\" content=\"Tiempo de lectura\" \/>\n\t<meta name=\"twitter:data1\" content=\"2 minutos\" \/>\n<script type=\"application\/ld+json\" class=\"yoast-schema-graph\">{\"@context\":\"https:\/\/schema.org\",\"@graph\":[{\"@type\":\"WebPage\",\"@id\":\"https:\/\/www.bocada.com\/es\/nuestra-empresa\/\",\"url\":\"https:\/\/www.bocada.com\/es\/nuestra-empresa\/\",\"name\":\"Sobre nosotros\u202f|\u202fBocada\u202f\",\"isPartOf\":{\"@id\":\"https:\/\/www.bocada.com\/es\/#website\"},\"primaryImageOfPage\":{\"@id\":\"https:\/\/www.bocada.com\/es\/nuestra-empresa\/#primaryimage\"},\"image\":{\"@id\":\"https:\/\/www.bocada.com\/es\/nuestra-empresa\/#primaryimage\"},\"thumbnailUrl\":\"https:\/\/www.bocada.com\/wp-content\/uploads\/2018\/10\/Automated-Independent-Backup-Reporting.jpg\",\"datePublished\":\"2021-03-23T21:26:22+00:00\",\"dateModified\":\"2022-03-24T22:09:50+00:00\",\"description\":\"Desde 2001, Bocada ha ayudado a empresas supervisar la protecci\u00f3n de datos con software de monitorizaci\u00f3n e informes de backup\",\"breadcrumb\":{\"@id\":\"https:\/\/www.bocada.com\/es\/nuestra-empresa\/#breadcrumb\"},\"inLanguage\":\"es\",\"potentialAction\":[{\"@type\":\"ReadAction\",\"target\":[\"https:\/\/www.bocada.com\/es\/nuestra-empresa\/\"]}]},{\"@type\":\"ImageObject\",\"inLanguage\":\"es\",\"@id\":\"https:\/\/www.bocada.com\/es\/nuestra-empresa\/#primaryimage\",\"url\":\"https:\/\/www.bocada.com\/wp-content\/uploads\/2018\/10\/Automated-Independent-Backup-Reporting.jpg\",\"contentUrl\":\"https:\/\/www.bocada.com\/wp-content\/uploads\/2018\/10\/Automated-Independent-Backup-Reporting.jpg\",\"width\":1680,\"height\":550,\"caption\":\"Automated Independent Backup Reporting\"},{\"@type\":\"BreadcrumbList\",\"@id\":\"https:\/\/www.bocada.com\/es\/nuestra-empresa\/#breadcrumb\",\"itemListElement\":[{\"@type\":\"ListItem\",\"position\":1,\"name\":\"Bocada\",\"item\":\"https:\/\/www.bocada.com\/es\/\"},{\"@type\":\"ListItem\",\"position\":2,\"name\":\"Nuestra Empressa\"}]},{\"@type\":\"WebSite\",\"@id\":\"https:\/\/www.bocada.com\/es\/#website\",\"url\":\"https:\/\/www.bocada.com\/es\/\",\"name\":\"Bocada\",\"description\":\"Automated Backup Monitoring &amp; Reporting\",\"potentialAction\":[{\"@type\":\"SearchAction\",\"target\":{\"@type\":\"EntryPoint\",\"urlTemplate\":\"https:\/\/www.bocada.com\/es\/?s={search_term_string}\"},\"query-input\":\"required name=search_term_string\"}],\"inLanguage\":\"es\"}]}<\/script>\n<!-- \/ Yoast SEO plugin. -->","yoast_head_json":{"title":"Sobre nosotros\u202f|\u202fBocada\u202f","description":"Desde 2001, Bocada ha ayudado a empresas supervisar la protecci\u00f3n de datos con software de monitorizaci\u00f3n e informes de backup","robots":{"index":"index","follow":"follow","max-snippet":"max-snippet:-1","max-image-preview":"max-image-preview:large","max-video-preview":"max-video-preview:-1"},"canonical":"https:\/\/www.bocada.com\/es\/nuestra-empresa\/","og_locale":"es_MX","og_type":"article","og_title":"Sobre nosotros\u202f|\u202fBocada\u202f","og_description":"Desde 2001, Bocada ha ayudado a empresas supervisar la protecci\u00f3n de datos con software de monitorizaci\u00f3n e informes de backup","og_url":"https:\/\/www.bocada.com\/es\/nuestra-empresa\/","og_site_name":"Bocada","article_modified_time":"2022-03-24T22:09:50+00:00","og_image":[{"width":1680,"height":550,"url":"https:\/\/www.bocada.com\/wp-content\/uploads\/2018\/10\/Automated-Independent-Backup-Reporting.jpg","type":"image\/jpeg"}],"twitter_card":"summary_large_image","twitter_misc":{"Tiempo de lectura":"2 minutos"},"schema":{"@context":"https:\/\/schema.org","@graph":[{"@type":"WebPage","@id":"https:\/\/www.bocada.com\/es\/nuestra-empresa\/","url":"https:\/\/www.bocada.com\/es\/nuestra-empresa\/","name":"Sobre nosotros\u202f|\u202fBocada\u202f","isPartOf":{"@id":"https:\/\/www.bocada.com\/es\/#website"},"primaryImageOfPage":{"@id":"https:\/\/www.bocada.com\/es\/nuestra-empresa\/#primaryimage"},"image":{"@id":"https:\/\/www.bocada.com\/es\/nuestra-empresa\/#primaryimage"},"thumbnailUrl":"https:\/\/www.bocada.com\/wp-content\/uploads\/2018\/10\/Automated-Independent-Backup-Reporting.jpg","datePublished":"2021-03-23T21:26:22+00:00","dateModified":"2022-03-24T22:09:50+00:00","description":"Desde 2001, Bocada ha ayudado a empresas supervisar la protecci\u00f3n de datos con software de monitorizaci\u00f3n e informes de backup","breadcrumb":{"@id":"https:\/\/www.bocada.com\/es\/nuestra-empresa\/#breadcrumb"},"inLanguage":"es","potentialAction":[{"@type":"ReadAction","target":["https:\/\/www.bocada.com\/es\/nuestra-empresa\/"]}]},{"@type":"ImageObject","inLanguage":"es","@id":"https:\/\/www.bocada.com\/es\/nuestra-empresa\/#primaryimage","url":"https:\/\/www.bocada.com\/wp-content\/uploads\/2018\/10\/Automated-Independent-Backup-Reporting.jpg","contentUrl":"https:\/\/www.bocada.com\/wp-content\/uploads\/2018\/10\/Automated-Independent-Backup-Reporting.jpg","width":1680,"height":550,"caption":"Automated Independent Backup Reporting"},{"@type":"BreadcrumbList","@id":"https:\/\/www.bocada.com\/es\/nuestra-empresa\/#breadcrumb","itemListElement":[{"@type":"ListItem","position":1,"name":"Bocada","item":"https:\/\/www.bocada.com\/es\/"},{"@type":"ListItem","position":2,"name":"Nuestra Empressa"}]},{"@type":"WebSite","@id":"https:\/\/www.bocada.com\/es\/#website","url":"https:\/\/www.bocada.com\/es\/","name":"Bocada","description":"Automated Backup Monitoring &amp; Reporting","potentialAction":[{"@type":"SearchAction","target":{"@type":"EntryPoint","urlTemplate":"https:\/\/www.bocada.com\/es\/?s={search_term_string}"},"query-input":"required name=search_term_string"}],"inLanguage":"es"}]}},"_links":{"self":[{"href":"https:\/\/www.bocada.com\/es\/wp-json\/wp\/v2\/pages\/5731","targetHints":{"allow":["GET"]}}],"collection":[{"href":"https:\/\/www.bocada.com\/es\/wp-json\/wp\/v2\/pages"}],"about":[{"href":"https:\/\/www.bocada.com\/es\/wp-json\/wp\/v2\/types\/page"}],"author":[{"embeddable":true,"href":"https:\/\/www.bocada.com\/es\/wp-json\/wp\/v2\/users\/2"}],"replies":[{"embeddable":true,"href":"https:\/\/www.bocada.com\/es\/wp-json\/wp\/v2\/comments?post=5731"}],"version-history":[{"count":0,"href":"https:\/\/www.bocada.com\/es\/wp-json\/wp\/v2\/pages\/5731\/revisions"}],"wp:featuredmedia":[{"embeddable":true,"href":"https:\/\/www.bocada.com\/es\/wp-json\/wp\/v2\/media\/4673"}],"wp:attachment":[{"href":"https:\/\/www.bocada.com\/es\/wp-json\/wp\/v2\/media?parent=5731"}],"curies":[{"name":"wp","href":"https:\/\/api.w.org\/{rel}","templated":true}]}}