{"id":5703,"date":"2019-09-19T13:34:49","date_gmt":"2019-09-19T20:34:49","guid":{"rendered":"https:\/\/www.bocada.com\/empresa\/"},"modified":"2022-06-16T15:13:04","modified_gmt":"2022-06-16T22:13:04","slug":"ti-empresarial","status":"publish","type":"page","link":"https:\/\/www.bocada.com\/es\/ti-empresarial\/","title":{"rendered":"Soporte de TI Empresarial"},"content":{"rendered":"<div class=\"wpb-content-wrapper\"><p>[vc_row css_animation=&#8221;fadeInLeftBig&#8221; el_class=&#8221;ImgLeftTextRt&#8221;][vc_column][vc_row_inner][vc_column_inner el_class=&#8221;LtRtImgCol Left&#8221; width=&#8221;1\/2&#8243;][vc_single_image image=&#8221;6763&#8243; img_size=&#8221;full&#8221; alignment=&#8221;center&#8221; el_class=&#8221;LtRtImg Left&#8221;][\/vc_column_inner][vc_column_inner el_class=&#8221;DetailsCol Right&#8221; width=&#8221;1\/2&#8243;][vc_single_image image=&#8221;6720&#8243; img_size=&#8221;full&#8221; el_class=&#8221;IconHeading&#8221;][vc_column_text el_class=&#8221;IconHeading&#8221;]<\/p>\n<h2>Automatice la Supervisi\u00f3n del Backup<\/h2>\n<p>Simplifique la administraci\u00f3n de backup al ver todas sus m\u00e9tricas de rendimiento bajo un solo panel.[\/vc_column_text][vc_column_text el_class=&#8221;DetailsList Right CapsCTA&#8221;]<\/p>\n<ul>\n<li>Consolide los datos de rendimiento de m\u00e1s de 40 soluciones de almacenamiento, respaldo en la nube y aplicaciones locales en un solo panel.<\/li>\n<li>Cree y programe reportes diarios de rendimiento de backup para darle a su equipo una alerta sobre los temas que necesitan atenci\u00f3n.<\/li>\n<li>Aproveche los filtros personalizados y las funciones de clasificaci\u00f3n para producir reportes ad-hoc y explorar los problemas.<\/li>\n<li>Segmente su entorno en zonas o regiones clave para dividir de manera uniforme la administraci\u00f3n de backup entre los miembros del equipo.<\/li>\n<\/ul>\n<p>[\/vc_column_text][\/vc_column_inner][\/vc_row_inner][\/vc_column][\/vc_row][vc_row css_animation=&#8221;fadeInRightBig&#8221; el_class=&#8221;TextLeftImgRt&#8221;][vc_column][vc_row_inner][vc_column_inner el_class=&#8221;DetailsCol Left&#8221; width=&#8221;1\/2&#8243;][vc_single_image image=&#8221;6723&#8243; img_size=&#8221;full&#8221; el_class=&#8221;IconHeading&#8221;][vc_column_text el_class=&#8221;IconHeading&#8221;]<\/p>\n<h2>Optimice el Informe de Auditor\u00eda<\/h2>\n<p>Demuestre que sus operaciones de backup cumplen con las directrices de regulaci\u00f3n y compliance en solo minutos. [\/vc_column_text][vc_column_text el_class=&#8221;DetailsList Right CapsCTA&#8221;]<\/p>\n<ul>\n<li>Cree y guarde reportes de auditor\u00eda altamente personalizados para reportes consistentes cada mes.<\/li>\n<li>formes a los stakeholders clave para garantizar que las m\u00e9tricas lleguen a las personas adecuadas en el momento adecuado.<\/li>\n<li>Disfrute de datos de rendimiento hist\u00f3ricos ilimitados a su alcance para cualquier consulta del auditor.<\/li>\n<li>Programe la distribuci\u00f3n de informes a las partes interesadas clave para garantizar que las m\u00e9tricas lleguen a las personas adecuadas en el momento correcto.<\/li>\n<\/ul>\n<p>[\/vc_column_text][\/vc_column_inner][vc_column_inner el_class=&#8221;LtRtImgCol Right&#8221; width=&#8221;1\/2&#8243;][vc_single_image image=&#8221;6854&#8243; img_size=&#8221;full&#8221; alignment=&#8221;center&#8221; el_class=&#8221;LtRtImg Left&#8221;][\/vc_column_inner][\/vc_row_inner][\/vc_column][\/vc_row][vc_row css_animation=&#8221;fadeInLeftBig&#8221; el_class=&#8221;ImgLeftTextRt&#8221;][vc_column][vc_row_inner][vc_column_inner el_class=&#8221;LtRtImgCol Left&#8221; width=&#8221;1\/2&#8243;][vc_single_image image=&#8221;6867&#8243; img_size=&#8221;full&#8221; alignment=&#8221;center&#8221; el_class=&#8221;LtRtImg Left&#8221;][\/vc_column_inner][vc_column_inner el_class=&#8221;DetailsCol Right&#8221; width=&#8221;1\/2&#8243;][vc_single_image image=&#8221;6726&#8243; img_size=&#8221;full&#8221; el_class=&#8221;IconHeading&#8221;][vc_column_text el_class=&#8221;IconHeading&#8221;]<\/p>\n<h2>Simplifique el Descubrimiento de Dispositivos Sin Protecci\u00f3n<\/h2>\n<p>Identifique los recursos clave a trav\u00e9s de su entorno de backup sin protecci\u00f3n de respaldo.[\/vc_column_text][vc_column_text el_class=&#8221;DetailsList Right CapsCTA&#8221;]<\/p>\n<ul>\n<li>Produzca autom\u00e1ticamente una lista completa de activos de su nube, nube h\u00edbrida o infraestructura local con cero pol\u00edticas de respaldo implementadas.<\/li>\n<li>Implemente la administraci\u00f3n y protecci\u00f3n de respaldo de VM y detecte vms sin protecci\u00f3n.<\/li>\n<li>Haga que el descubrimiento de activos desprotegidos sea muy f\u00e1cil sincronizando Bocada con la soluci\u00f3n de inventario de activos (CMDB, SQL Server, DB2, Postgres, archivo CSV) que utiliza.<\/li>\n<\/ul>\n<p>[\/vc_column_text][\/vc_column_inner][\/vc_row_inner][\/vc_column][\/vc_row][vc_row css_animation=&#8221;fadeInRightBig&#8221; el_class=&#8221;TextLeftImgRt&#8221;][vc_column][vc_row_inner][vc_column_inner el_class=&#8221;DetailsCol Left&#8221; width=&#8221;1\/2&#8243;][vc_single_image image=&#8221;6729&#8243; img_size=&#8221;full&#8221; el_class=&#8221;IconHeading&#8221;][vc_column_text el_class=&#8221;IconHeading&#8221;]<\/p>\n<h2>Optimice los Flujos de Trabajo de Operaciones de Backup.<\/h2>\n<p>Aproveche las herramientas automatizadas de eficiencia de emisi\u00f3n de tickets y remediaci\u00f3n para eliminar los puntos de contacto manuales y propensos a errores de sus operaciones de TI.[\/vc_column_text][vc_column_text el_class=&#8221;DetailsList Right CapsCTA&#8221;]<\/p>\n<ul>\n<li>Integre Bocada en su soluci\u00f3n de emisi\u00f3n de tickets empresarial para automatizar la creaci\u00f3n y el cierre de tickets basados en reglas.<\/li>\n<li>Consolide la asignaci\u00f3n de tickets, el estado y la supervisi\u00f3n de la resoluci\u00f3n a trav\u00e9s de una plataforma central.<\/li>\n<li>Utilice el tagging personalizado, as\u00ed como las capacidades de reporte de arrastrar y soltar para visualizar y aislar los problemas que afectan el \u00e9xito del backup.<\/li>\n<li>Identifique \u00e1reas de falla de backup persistentes con seguimiento consecutivo de las fallas.<\/li>\n<\/ul>\n<p>[\/vc_column_text][\/vc_column_inner][vc_column_inner el_class=&#8221;LtRtImgCol Right&#8221; width=&#8221;1\/2&#8243;][vc_single_image image=&#8221;6873&#8243; img_size=&#8221;full&#8221; alignment=&#8221;center&#8221; el_class=&#8221;LtRtImg Left&#8221;][\/vc_column_inner][\/vc_row_inner][\/vc_column][\/vc_row][vc_row css_animation=&#8221;fadeInLeftBig&#8221; el_class=&#8221;ImgLeftTextRt&#8221;][vc_column][vc_row_inner][vc_column_inner el_class=&#8221;LtRtImgCol Left&#8221; width=&#8221;1\/2&#8243;][vc_single_image image=&#8221;6769&#8243; img_size=&#8221;full&#8221; alignment=&#8221;center&#8221; el_class=&#8221;LtRtImg Left&#8221;][\/vc_column_inner][vc_column_inner el_class=&#8221;DetailsCol Right&#8221; width=&#8221;1\/2&#8243;][vc_single_image image=&#8221;6735&#8243; img_size=&#8221;full&#8221; el_class=&#8221;IconHeading&#8221;][vc_column_text el_class=&#8221;IconHeading&#8221;]<\/p>\n<h2>Monitoreo de Uso de Almacenamiento<\/h2>\n<p>Mant\u00e9ngase un paso por delante de patrones de almacenamiento inusuales o costos excesivos con reportes de almacenamiento automatizados.[\/vc_column_text][vc_column_text el_class=&#8221;DetailsList Right CapsCTA&#8221;]<\/p>\n<ul>\n<li>Centralice sus m\u00e9tricas de uso de almacenamiento de AWS, Azure, Storeonce, NetApp o Data Domain bajo un solo panel.<\/li>\n<li>Implemente alertas de picos de almacenamiento para saber cu\u00e1ndo la capacidad est\u00e1 alcanzando l\u00edmites cr\u00edticos o el uso est\u00e1 fuera de las normas hist\u00f3ricas.<\/li>\n<li>Simplifique las necesidades de almacenamiento futuras y las proyecciones de costos con pron\u00f3sticos de almacenamiento incorporados.<\/li>\n<\/ul>\n<p>[\/vc_column_text][\/vc_column_inner][\/vc_row_inner][\/vc_column][\/vc_row][vc_row el_id=&#8221;CarouselBg&#8221;][vc_column][vc_row_inner content_placement=&#8221;middle&#8221; el_class=&#8221;CarouselInnerRow&#8221;][vc_column_inner][vc_column_text el_class=&#8221;CarouselHeading&#8221;]<\/p>\n<h2 style=\"text-align: center;\">Integre sus sistemas de backup y protecci\u00f3n de datos bajo el panel de control de Bocada<\/h2>\n<p>[\/vc_column_text]<div id=\"ult-carousel-36649587569f3d364d77eb\" class=\"ult-carousel-wrapper  ProductsCarousel ult_horizontal\" data-gutter=\"15\" data-rtl=\"false\" ><div class=\"ult-carousel-6588390269f3d364d77b5 \" >[vc_single_image image=&#8221;6611&#8243; img_size=&#8221;full&#8221;][vc_single_image image=&#8221;6617&#8243; img_size=&#8221;full&#8221;][vc_single_image image=&#8221;6614&#8243; img_size=&#8221;full&#8221;][vc_single_image image=&#8221;6593&#8243; img_size=&#8221;full&#8221;][vc_single_image image=&#8221;6596&#8243; img_size=&#8221;full&#8221;][vc_single_image image=&#8221;6608&#8243; img_size=&#8221;full&#8221;][vc_single_image image=&#8221;6587&#8243; img_size=&#8221;full&#8221;][vc_single_image image=&#8221;6602&#8243; img_size=&#8221;full&#8221;][vc_single_image image=&#8221;6590&#8243; img_size=&#8221;full&#8221;][vc_single_image image=&#8221;6581&#8243; img_size=&#8221;full&#8221;][vc_single_image image=&#8221;6599&#8243; img_size=&#8221;full&#8221;][vc_single_image image=&#8221;6605&#8243; img_size=&#8221;full&#8221;][vc_single_image image=&#8221;6584&#8243; img_size=&#8221;full&#8221;]<\/div><\/div>\t\t\t<script type=\"text\/javascript\">\n\t\t\t\tjQuery(document).ready(function ($) {\n\t\t\t\t\tif( typeof jQuery('.ult-carousel-6588390269f3d364d77b5').slick == \"function\"){\n\t\t\t\t\t\t$('.ult-carousel-6588390269f3d364d77b5').slick({dots: false,autoplay: true,autoplaySpeed: \"5000\",speed: \"300\",infinite: true,arrows: true,nextArrow: '<button type=\"button\" role=\"button\" aria-label=\"Next\" style=\"color:#1c6db6; font-size:29px;\" class=\"slick-next default\"><i class=\"ultsl-arrow-right6\"><\/i><\/button>',prevArrow: '<button type=\"button\" role=\"button\" aria-label=\"Previous\" style=\"color:#1c6db6; font-size:29px;\" class=\"slick-prev default\"><i class=\"ultsl-arrow-left6\"><\/i><\/button>',slidesToScroll:1,slidesToShow:6,swipe: true,draggable: true,touchMove: true,pauseOnHover: true,pauseOnFocus: false,responsive: [\n\t\t\t\t\t\t\t{\n\t\t\t\t\t\t\t  breakpoint: 1026,\n\t\t\t\t\t\t\t  settings: {\n\t\t\t\t\t\t\t\tslidesToShow: 6,\n\t\t\t\t\t\t\t\tslidesToScroll: 1,  \n\t\t\t\t\t\t\t  }\n\t\t\t\t\t\t\t},\n\t\t\t\t\t\t\t{\n\t\t\t\t\t\t\t  breakpoint: 1025,\n\t\t\t\t\t\t\t  settings: {\n\t\t\t\t\t\t\t\tslidesToShow: 3,\n\t\t\t\t\t\t\t\tslidesToScroll: 1\n\t\t\t\t\t\t\t  }\n\t\t\t\t\t\t\t},\n\t\t\t\t\t\t\t{\n\t\t\t\t\t\t\t  breakpoint: 760,\n\t\t\t\t\t\t\t  settings: {\n\t\t\t\t\t\t\t\tslidesToShow: 2,\n\t\t\t\t\t\t\t\tslidesToScroll: 1\n\t\t\t\t\t\t\t  }\n\t\t\t\t\t\t\t}\n\t\t\t\t\t\t],pauseOnDotsHover: true,customPaging: function(slider, i) {\n                   return '<i type=\"button\" style= \"color:#333333;\" class=\"ultsl-record\" data-role=\"none\"><\/i>';\n                },});\n\t\t\t\t\t}\n\t\t\t\t});\n\t\t\t<\/script>\n\t\t\t[vc_column_text el_class=&#8221;CarouselCTA BlueCTALink CapsCTA&#8221;]<\/p>\n<p style=\"text-align: center;\"><a href=\"https:\/\/www.bocada.com\/es\/socios-tecnologicos\/\">Consulte nuestra lista completa de aplicaciones compatibles&#8230;<\/a><\/p>\n<p>[\/vc_column_text][\/vc_column_inner][\/vc_row_inner][\/vc_column][\/vc_row][vc_row el_id=&#8221;PreFormSpacer&#8221;][vc_column][\/vc_column][\/vc_row]<\/p>\n<\/div>","protected":false},"excerpt":{"rendered":"[vc_row css_animation=&#8221;fadeInLeftBig&#8221; el_class=&#8221;ImgLeftTextRt&#8221;][vc_column][vc_row_inner][vc_column_inner el_class=&#8221;LtRtImgCol Left&#8221; width=&#8221;1\/2&#8243;][vc_single_image image=&#8221;6763&#8243; img_size=&#8221;full&#8221; alignment=&#8221;center&#8221; el_class=&#8221;LtRtImg Left&#8221;][\/vc_column_inner][vc_column_inner el_class=&#8221;DetailsCol Right&#8221; width=&#8221;1\/2&#8243;][vc_single_image image=&#8221;6720&#8243; img_size=&#8221;full&#8221; el_class=&#8221;IconHeading&#8221;][vc_column_text el_class=&#8221;IconHeading&#8221;] Automatice la Supervisi\u00f3n del Backup Simplifique la administraci\u00f3n de backup al ver todas sus m\u00e9tricas de rendimiento bajo un solo panel.[\/vc_column_text][vc_column_text el_class=&#8221;DetailsList Right CapsCTA&#8221;] Consolide los datos de rendimiento de m\u00e1s de 40 soluciones de almacenamiento, respaldo&#8230; <a class=\"view-article\" href=\"https:\/\/www.bocada.com\/es\/ti-empresarial\/\">View Article<\/a>","protected":false},"author":2,"featured_media":8250,"parent":0,"menu_order":21,"comment_status":"closed","ping_status":"closed","template":"page-hero.php","meta":{"_acf_changed":false,"content-type":"","inline_featured_image":false,"ngg_post_thumbnail":0,"footnotes":""},"class_list":["post-5703","page","type-page","status-publish","has-post-thumbnail","hentry"],"acf":[],"yoast_head":"<!-- This site is optimized with the Yoast SEO plugin v22.8 - https:\/\/yoast.com\/wordpress\/plugins\/seo\/ -->\n<title>Herramienta de Informes y Monitorizaci\u00f3n de Backup | Bocada\u202f<\/title>\n<meta name=\"description\" content=\"Software automatizado de generaci\u00f3n de informes de backup para supervisar el rendimiento del backup y el cumplimiento normativo.\" \/>\n<meta name=\"robots\" content=\"index, follow, max-snippet:-1, max-image-preview:large, max-video-preview:-1\" \/>\n<link rel=\"canonical\" href=\"https:\/\/www.bocada.com\/es\/ti-empresarial\/\" \/>\n<meta property=\"og:locale\" content=\"es_MX\" \/>\n<meta property=\"og:type\" content=\"article\" \/>\n<meta property=\"og:title\" content=\"Herramienta de Informes y Monitorizaci\u00f3n de Backup | Bocada\u202f\" \/>\n<meta property=\"og:description\" content=\"Software automatizado de generaci\u00f3n de informes de backup para supervisar el rendimiento del backup y el cumplimiento normativo.\" \/>\n<meta property=\"og:url\" content=\"https:\/\/www.bocada.com\/es\/ti-empresarial\/\" \/>\n<meta property=\"og:site_name\" content=\"Bocada\" \/>\n<meta property=\"article:modified_time\" content=\"2022-06-16T22:13:04+00:00\" \/>\n<meta property=\"og:image\" content=\"https:\/\/www.bocada.com\/wp-content\/uploads\/2019\/09\/Enterprise-IT-Main.jpg\" \/>\n\t<meta property=\"og:image:width\" content=\"1680\" \/>\n\t<meta property=\"og:image:height\" content=\"550\" \/>\n\t<meta property=\"og:image:type\" content=\"image\/jpeg\" \/>\n<meta name=\"twitter:card\" content=\"summary_large_image\" \/>\n<meta name=\"twitter:label1\" content=\"Tiempo de lectura\" \/>\n\t<meta name=\"twitter:data1\" content=\"3 minutos\" \/>\n<script type=\"application\/ld+json\" class=\"yoast-schema-graph\">{\"@context\":\"https:\/\/schema.org\",\"@graph\":[{\"@type\":\"WebPage\",\"@id\":\"https:\/\/www.bocada.com\/es\/ti-empresarial\/\",\"url\":\"https:\/\/www.bocada.com\/es\/ti-empresarial\/\",\"name\":\"Herramienta de Informes y Monitorizaci\u00f3n de Backup | Bocada\u202f\",\"isPartOf\":{\"@id\":\"https:\/\/www.bocada.com\/es\/#website\"},\"primaryImageOfPage\":{\"@id\":\"https:\/\/www.bocada.com\/es\/ti-empresarial\/#primaryimage\"},\"image\":{\"@id\":\"https:\/\/www.bocada.com\/es\/ti-empresarial\/#primaryimage\"},\"thumbnailUrl\":\"https:\/\/www.bocada.com\/wp-content\/uploads\/2024\/06\/Enterprise-IT-darker-2.jpg\",\"datePublished\":\"2019-09-19T20:34:49+00:00\",\"dateModified\":\"2022-06-16T22:13:04+00:00\",\"description\":\"Software automatizado de generaci\u00f3n de informes de backup para supervisar el rendimiento del backup y el cumplimiento normativo.\",\"breadcrumb\":{\"@id\":\"https:\/\/www.bocada.com\/es\/ti-empresarial\/#breadcrumb\"},\"inLanguage\":\"es\",\"potentialAction\":[{\"@type\":\"ReadAction\",\"target\":[\"https:\/\/www.bocada.com\/es\/ti-empresarial\/\"]}]},{\"@type\":\"ImageObject\",\"inLanguage\":\"es\",\"@id\":\"https:\/\/www.bocada.com\/es\/ti-empresarial\/#primaryimage\",\"url\":\"https:\/\/www.bocada.com\/wp-content\/uploads\/2024\/06\/Enterprise-IT-darker-2.jpg\",\"contentUrl\":\"https:\/\/www.bocada.com\/wp-content\/uploads\/2024\/06\/Enterprise-IT-darker-2.jpg\",\"width\":1680,\"height\":500,\"caption\":\"Enterprise IT Backup Monitoring\"},{\"@type\":\"BreadcrumbList\",\"@id\":\"https:\/\/www.bocada.com\/es\/ti-empresarial\/#breadcrumb\",\"itemListElement\":[{\"@type\":\"ListItem\",\"position\":1,\"name\":\"Bocada\",\"item\":\"https:\/\/www.bocada.com\/es\/\"},{\"@type\":\"ListItem\",\"position\":2,\"name\":\"Soporte de TI Empresarial\"}]},{\"@type\":\"WebSite\",\"@id\":\"https:\/\/www.bocada.com\/es\/#website\",\"url\":\"https:\/\/www.bocada.com\/es\/\",\"name\":\"Bocada\",\"description\":\"Automated Backup Monitoring &amp; Reporting\",\"potentialAction\":[{\"@type\":\"SearchAction\",\"target\":{\"@type\":\"EntryPoint\",\"urlTemplate\":\"https:\/\/www.bocada.com\/es\/?s={search_term_string}\"},\"query-input\":\"required name=search_term_string\"}],\"inLanguage\":\"es\"}]}<\/script>\n<!-- \/ Yoast SEO plugin. -->","yoast_head_json":{"title":"Herramienta de Informes y Monitorizaci\u00f3n de Backup | Bocada\u202f","description":"Software automatizado de generaci\u00f3n de informes de backup para supervisar el rendimiento del backup y el cumplimiento normativo.","robots":{"index":"index","follow":"follow","max-snippet":"max-snippet:-1","max-image-preview":"max-image-preview:large","max-video-preview":"max-video-preview:-1"},"canonical":"https:\/\/www.bocada.com\/es\/ti-empresarial\/","og_locale":"es_MX","og_type":"article","og_title":"Herramienta de Informes y Monitorizaci\u00f3n de Backup | Bocada\u202f","og_description":"Software automatizado de generaci\u00f3n de informes de backup para supervisar el rendimiento del backup y el cumplimiento normativo.","og_url":"https:\/\/www.bocada.com\/es\/ti-empresarial\/","og_site_name":"Bocada","article_modified_time":"2022-06-16T22:13:04+00:00","og_image":[{"width":1680,"height":550,"url":"https:\/\/www.bocada.com\/wp-content\/uploads\/2019\/09\/Enterprise-IT-Main.jpg","type":"image\/jpeg"}],"twitter_card":"summary_large_image","twitter_misc":{"Tiempo de lectura":"3 minutos"},"schema":{"@context":"https:\/\/schema.org","@graph":[{"@type":"WebPage","@id":"https:\/\/www.bocada.com\/es\/ti-empresarial\/","url":"https:\/\/www.bocada.com\/es\/ti-empresarial\/","name":"Herramienta de Informes y Monitorizaci\u00f3n de Backup | Bocada\u202f","isPartOf":{"@id":"https:\/\/www.bocada.com\/es\/#website"},"primaryImageOfPage":{"@id":"https:\/\/www.bocada.com\/es\/ti-empresarial\/#primaryimage"},"image":{"@id":"https:\/\/www.bocada.com\/es\/ti-empresarial\/#primaryimage"},"thumbnailUrl":"https:\/\/www.bocada.com\/wp-content\/uploads\/2024\/06\/Enterprise-IT-darker-2.jpg","datePublished":"2019-09-19T20:34:49+00:00","dateModified":"2022-06-16T22:13:04+00:00","description":"Software automatizado de generaci\u00f3n de informes de backup para supervisar el rendimiento del backup y el cumplimiento normativo.","breadcrumb":{"@id":"https:\/\/www.bocada.com\/es\/ti-empresarial\/#breadcrumb"},"inLanguage":"es","potentialAction":[{"@type":"ReadAction","target":["https:\/\/www.bocada.com\/es\/ti-empresarial\/"]}]},{"@type":"ImageObject","inLanguage":"es","@id":"https:\/\/www.bocada.com\/es\/ti-empresarial\/#primaryimage","url":"https:\/\/www.bocada.com\/wp-content\/uploads\/2024\/06\/Enterprise-IT-darker-2.jpg","contentUrl":"https:\/\/www.bocada.com\/wp-content\/uploads\/2024\/06\/Enterprise-IT-darker-2.jpg","width":1680,"height":500,"caption":"Enterprise IT Backup Monitoring"},{"@type":"BreadcrumbList","@id":"https:\/\/www.bocada.com\/es\/ti-empresarial\/#breadcrumb","itemListElement":[{"@type":"ListItem","position":1,"name":"Bocada","item":"https:\/\/www.bocada.com\/es\/"},{"@type":"ListItem","position":2,"name":"Soporte de TI Empresarial"}]},{"@type":"WebSite","@id":"https:\/\/www.bocada.com\/es\/#website","url":"https:\/\/www.bocada.com\/es\/","name":"Bocada","description":"Automated Backup Monitoring &amp; Reporting","potentialAction":[{"@type":"SearchAction","target":{"@type":"EntryPoint","urlTemplate":"https:\/\/www.bocada.com\/es\/?s={search_term_string}"},"query-input":"required name=search_term_string"}],"inLanguage":"es"}]}},"_links":{"self":[{"href":"https:\/\/www.bocada.com\/es\/wp-json\/wp\/v2\/pages\/5703","targetHints":{"allow":["GET"]}}],"collection":[{"href":"https:\/\/www.bocada.com\/es\/wp-json\/wp\/v2\/pages"}],"about":[{"href":"https:\/\/www.bocada.com\/es\/wp-json\/wp\/v2\/types\/page"}],"author":[{"embeddable":true,"href":"https:\/\/www.bocada.com\/es\/wp-json\/wp\/v2\/users\/2"}],"replies":[{"embeddable":true,"href":"https:\/\/www.bocada.com\/es\/wp-json\/wp\/v2\/comments?post=5703"}],"version-history":[{"count":0,"href":"https:\/\/www.bocada.com\/es\/wp-json\/wp\/v2\/pages\/5703\/revisions"}],"wp:featuredmedia":[{"embeddable":true,"href":"https:\/\/www.bocada.com\/es\/wp-json\/wp\/v2\/media\/8250"}],"wp:attachment":[{"href":"https:\/\/www.bocada.com\/es\/wp-json\/wp\/v2\/media?parent=5703"}],"curies":[{"name":"wp","href":"https:\/\/api.w.org\/{rel}","templated":true}]}}