{"id":5663,"date":"2019-09-19T12:38:20","date_gmt":"2019-09-19T19:38:20","guid":{"rendered":"https:\/\/www.bocada.com\/msp\/"},"modified":"2022-06-16T15:14:36","modified_gmt":"2022-06-16T22:14:36","slug":"msp","status":"publish","type":"page","link":"https:\/\/www.bocada.com\/es\/msp\/","title":{"rendered":"Provedores de Servicios Globales"},"content":{"rendered":"<div class=\"wpb-content-wrapper\"><p>[vc_row css_animation=&#8221;fadeInLeftBig&#8221; el_class=&#8221;ImgLeftTextRt&#8221;][vc_column][vc_row_inner][vc_column_inner el_class=&#8221;LtRtImgCol Left&#8221; width=&#8221;1\/2&#8243;][vc_single_image image=&#8221;6763&#8243; img_size=&#8221;full&#8221; alignment=&#8221;center&#8221; el_class=&#8221;LtRtImg Left&#8221;][\/vc_column_inner][vc_column_inner el_class=&#8221;DetailsCol Right&#8221; width=&#8221;1\/2&#8243;][vc_single_image image=&#8221;6710&#8243; img_size=&#8221;full&#8221; el_class=&#8221;IconHeading&#8221;][vc_column_text el_class=&#8221;IconHeading&#8221;]<\/p>\n<h2>Optimizar la Gesti\u00f3n del Rendimiento del Backup.<\/h2>\n<p>Optimice la supervisi\u00f3n de sus operaciones de respaldo diarias con un solo panel para monitorear el rendimiento de backup de cada cliente.[\/vc_column_text][vc_column_text el_class=&#8221;DetailsList Right CapsCTA&#8221;]<\/p>\n<ul>\n<li>\n<div class=\"ewa-rteLine\">Extraiga, agregue y normalice autom\u00e1ticamente las m\u00e9tricas de respaldo local y en la nube de cada cliente para una administraci\u00f3n centralizada.<\/div>\n<\/li>\n<li>\n<div class=\"ewa-rteLine\">Simplifique la gesti\u00f3n del backup del cliente con el tagging automatizado de tareas basado en reglas.<\/div>\n<\/li>\n<li>\n<div class=\"ewa-rteLine\">Cree y programe reportes diarios de rendimiento de backup para adelantarse a los problemas que afectan los objetivos del SLA.<\/div>\n<\/li>\n<\/ul>\n<p>[\/vc_column_text][\/vc_column_inner][\/vc_row_inner][\/vc_column][\/vc_row][vc_row css_animation=&#8221;fadeInRightBig&#8221; el_class=&#8221;TextLeftImgRt&#8221;][vc_column][vc_row_inner][vc_column_inner el_class=&#8221;DetailsCol Left&#8221; width=&#8221;1\/2&#8243;][vc_single_image image=&#8221;6707&#8243; img_size=&#8221;full&#8221; el_class=&#8221;IconHeading&#8221;][vc_column_text el_class=&#8221;IconHeading&#8221;]<\/p>\n<h2>Simplifique los Reportes de SLA<\/h2>\n<p>Brinde a sus clientes la tranquilidad de que est\u00e1 cumpliendo con sus pautas de nivel de servicio en solo minutos.[\/vc_column_text][vc_column_text el_class=&#8221;DetailsList Right CapsCTA&#8221;]<\/p>\n<ul>\n<li>Utilice el tagging personalizado para simplificar la extracci\u00f3n de m\u00e9tricas de \u00e9xito del rendimiento del backup de cada cliente.<\/li>\n<li>Cree y guarde plantillas de reporte de SLA altamente personalizables de cada cliente para simplificar la recopilaci\u00f3n de datos de fin de mes.<\/li>\n<li>Programe la distribuci\u00f3n de informes a los clientes y los stakeholders clave para garantizar que los datos de rendimiento lleguen a las personas adecuadas en el momento correcto.<\/li>\n<\/ul>\n<p>[\/vc_column_text][\/vc_column_inner][vc_column_inner el_class=&#8221;LtRtImgCol Right&#8221; width=&#8221;1\/2&#8243;][vc_single_image image=&#8221;6772&#8243; img_size=&#8221;full&#8221; alignment=&#8221;center&#8221; el_class=&#8221;LtRtImg Left&#8221;][\/vc_column_inner][\/vc_row_inner][\/vc_column][\/vc_row][vc_row css_animation=&#8221;fadeInLeftBig&#8221; el_class=&#8221;ImgLeftTextRt&#8221;][vc_column][vc_row_inner][vc_column_inner el_class=&#8221;LtRtImgCol Left&#8221; width=&#8221;1\/2&#8243;][vc_single_image image=&#8221;6873&#8243; img_size=&#8221;full&#8221; alignment=&#8221;center&#8221; el_class=&#8221;LtRtImg Left&#8221;][\/vc_column_inner][vc_column_inner el_class=&#8221;DetailsCol Right&#8221; width=&#8221;1\/2&#8243;][vc_single_image image=&#8221;6704&#8243; img_size=&#8221;full&#8221; el_class=&#8221;IconHeading&#8221;][vc_column_text el_class=&#8221;IconHeading&#8221;]<\/p>\n<h2>Minimice las Horas de Trabajo de Entrega de Servicios<\/h2>\n<p>Aproveche las herramientas automatizadas de eficiencia y remediaci\u00f3n de tickets para tomar errores propensos a los puntos de contacto manuales de sus operaciones de TI.[\/vc_column_text][vc_column_text el_class=&#8221;DetailsList Right CapsCTA&#8221;]<\/p>\n<ul>\n<li>Aproveche las herramientas automatizadas de eficiencia de emisi\u00f3n y remediaci\u00f3n de tickets para eliminar los puntos de contacto manuales, propensos a errores en sus operaciones de TI.<\/li>\n<li>Utilice el tagging personalizado, as\u00ed como las funciones de arrastrar y soltar informes para visualizar y aislar los problemas que afectan el \u00e9xito del backup.<\/li>\n<li>Identifique las \u00e1reas de fallas de backup persistentes que impiden los objetivos de SLA con seguimiento de fallas consecutivas.<\/li>\n<\/ul>\n<p>[\/vc_column_text][\/vc_column_inner][\/vc_row_inner][\/vc_column][\/vc_row][vc_row css_animation=&#8221;fadeInRightBig&#8221; el_class=&#8221;TextLeftImgRt&#8221;][vc_column][vc_row_inner][vc_column_inner el_class=&#8221;DetailsCol Left&#8221; width=&#8221;1\/2&#8243;][vc_single_image image=&#8221;6701&#8243; img_size=&#8221;full&#8221; el_class=&#8221;IconHeading&#8221;][vc_column_text el_class=&#8221;IconHeading&#8221;]<\/p>\n<h2>Agilice la Facturaci\u00f3n del Cliente<\/h2>\n<p>Ahorre innumerables horas cada mes en las actividades de facturaci\u00f3n para que pueda concentrarse m\u00e1s en lo que realmente cuenta, la protecci\u00f3n de datos.[\/vc_column_text][vc_column_text el_class=&#8221;DetailsList Right CapsCTA&#8221;]<\/p>\n<ul>\n<li>Genere confianza en el cliente con una plataforma independiente 3P que valida sus informes de facturaci\u00f3n.<\/li>\n<li>Preprograme la creaci\u00f3n y distribuci\u00f3n de reportes mensuales para la entrega oportuna de la informaci\u00f3n para facturaci\u00f3n.<\/li>\n<li>Aproveche la verificaci\u00f3n de los servicios de backup sin intervenci\u00f3n con reportes automatizados de los jobs del backup y su uso de almacenamiento.<\/li>\n<\/ul>\n<p>[\/vc_column_text][\/vc_column_inner][vc_column_inner el_class=&#8221;LtRtImgCol Right&#8221; width=&#8221;1\/2&#8243;][vc_single_image image=&#8221;6881&#8243; img_size=&#8221;full&#8221; alignment=&#8221;center&#8221; el_class=&#8221;LtRtImg Left&#8221;][\/vc_column_inner][\/vc_row_inner][\/vc_column][\/vc_row][vc_row el_id=&#8221;CarouselBg&#8221;][vc_column][vc_row_inner content_placement=&#8221;middle&#8221; el_class=&#8221;CarouselInnerRow&#8221;][vc_column_inner][vc_column_text el_class=&#8221;CarouselHeading&#8221;]<\/p>\n<h2 style=\"text-align: center;\">Integre sus sistemas de backup y protecci\u00f3n de datos bajo el panel de control de Bocada<\/h2>\n<p>[\/vc_column_text]<div id=\"ult-carousel-184513524469ec7ccfc2695\" class=\"ult-carousel-wrapper  ProductsCarousel ult_horizontal\" data-gutter=\"15\" data-rtl=\"false\" ><div class=\"ult-carousel-167921674669ec7ccfc2648 \" >[vc_single_image image=&#8221;6611&#8243; img_size=&#8221;full&#8221;][vc_single_image image=&#8221;6617&#8243; img_size=&#8221;full&#8221;][vc_single_image image=&#8221;6614&#8243; img_size=&#8221;full&#8221;][vc_single_image image=&#8221;6593&#8243; img_size=&#8221;full&#8221;][vc_single_image image=&#8221;6596&#8243; img_size=&#8221;full&#8221;][vc_single_image image=&#8221;6608&#8243; img_size=&#8221;full&#8221;][vc_single_image image=&#8221;6587&#8243; img_size=&#8221;full&#8221;][vc_single_image image=&#8221;6602&#8243; img_size=&#8221;full&#8221;][vc_single_image image=&#8221;6590&#8243; img_size=&#8221;full&#8221;][vc_single_image image=&#8221;6581&#8243; img_size=&#8221;full&#8221;][vc_single_image image=&#8221;6599&#8243; img_size=&#8221;full&#8221;][vc_single_image image=&#8221;6605&#8243; img_size=&#8221;full&#8221;][vc_single_image image=&#8221;6584&#8243; img_size=&#8221;full&#8221;]<\/div><\/div>\t\t\t<script type=\"text\/javascript\">\n\t\t\t\tjQuery(document).ready(function ($) {\n\t\t\t\t\tif( typeof jQuery('.ult-carousel-167921674669ec7ccfc2648').slick == \"function\"){\n\t\t\t\t\t\t$('.ult-carousel-167921674669ec7ccfc2648').slick({dots: false,autoplay: true,autoplaySpeed: \"5000\",speed: \"300\",infinite: true,arrows: true,nextArrow: '<button type=\"button\" role=\"button\" aria-label=\"Next\" style=\"color:#1c6db6; font-size:29px;\" class=\"slick-next default\"><i class=\"ultsl-arrow-right6\"><\/i><\/button>',prevArrow: '<button type=\"button\" role=\"button\" aria-label=\"Previous\" style=\"color:#1c6db6; font-size:29px;\" class=\"slick-prev default\"><i class=\"ultsl-arrow-left6\"><\/i><\/button>',slidesToScroll:1,slidesToShow:6,swipe: true,draggable: true,touchMove: true,pauseOnHover: true,pauseOnFocus: false,responsive: [\n\t\t\t\t\t\t\t{\n\t\t\t\t\t\t\t  breakpoint: 1026,\n\t\t\t\t\t\t\t  settings: {\n\t\t\t\t\t\t\t\tslidesToShow: 6,\n\t\t\t\t\t\t\t\tslidesToScroll: 1,  \n\t\t\t\t\t\t\t  }\n\t\t\t\t\t\t\t},\n\t\t\t\t\t\t\t{\n\t\t\t\t\t\t\t  breakpoint: 1025,\n\t\t\t\t\t\t\t  settings: {\n\t\t\t\t\t\t\t\tslidesToShow: 3,\n\t\t\t\t\t\t\t\tslidesToScroll: 1\n\t\t\t\t\t\t\t  }\n\t\t\t\t\t\t\t},\n\t\t\t\t\t\t\t{\n\t\t\t\t\t\t\t  breakpoint: 760,\n\t\t\t\t\t\t\t  settings: {\n\t\t\t\t\t\t\t\tslidesToShow: 2,\n\t\t\t\t\t\t\t\tslidesToScroll: 1\n\t\t\t\t\t\t\t  }\n\t\t\t\t\t\t\t}\n\t\t\t\t\t\t],pauseOnDotsHover: true,customPaging: function(slider, i) {\n                   return '<i type=\"button\" style= \"color:#333333;\" class=\"ultsl-record\" data-role=\"none\"><\/i>';\n                },});\n\t\t\t\t\t}\n\t\t\t\t});\n\t\t\t<\/script>\n\t\t\t[vc_column_text el_class=&#8221;CarouselCTA BlueCTALink CapsCTA&#8221;]<\/p>\n<p style=\"text-align: center;\"><a href=\"https:\/\/www.bocada.com\/es\/socios-tecnologicos\/\">Consulte nuestra lista completa de aplicaciones compatibles&#8230;<\/a><\/p>\n<p>[\/vc_column_text][\/vc_column_inner][\/vc_row_inner][\/vc_column][\/vc_row][vc_row el_id=&#8221;PreFormSpacer&#8221;][vc_column][\/vc_column][\/vc_row]<\/p>\n<\/div>","protected":false},"excerpt":{"rendered":"[vc_row css_animation=&#8221;fadeInLeftBig&#8221; el_class=&#8221;ImgLeftTextRt&#8221;][vc_column][vc_row_inner][vc_column_inner el_class=&#8221;LtRtImgCol Left&#8221; width=&#8221;1\/2&#8243;][vc_single_image image=&#8221;6763&#8243; img_size=&#8221;full&#8221; alignment=&#8221;center&#8221; el_class=&#8221;LtRtImg Left&#8221;][\/vc_column_inner][vc_column_inner el_class=&#8221;DetailsCol Right&#8221; width=&#8221;1\/2&#8243;][vc_single_image image=&#8221;6710&#8243; img_size=&#8221;full&#8221; el_class=&#8221;IconHeading&#8221;][vc_column_text el_class=&#8221;IconHeading&#8221;] Optimizar la Gesti\u00f3n del Rendimiento del Backup. Optimice la supervisi\u00f3n de sus operaciones de respaldo diarias con un solo panel para monitorear el rendimiento de backup de cada cliente.[\/vc_column_text][vc_column_text el_class=&#8221;DetailsList Right CapsCTA&#8221;] Extraiga, agregue y normalice autom\u00e1ticamente&#8230; <a class=\"view-article\" href=\"https:\/\/www.bocada.com\/es\/msp\/\">View Article<\/a>","protected":false},"author":2,"featured_media":4661,"parent":0,"menu_order":20,"comment_status":"closed","ping_status":"closed","template":"page-hero.php","meta":{"_acf_changed":false,"content-type":"","inline_featured_image":false,"ngg_post_thumbnail":0,"footnotes":""},"class_list":["post-5663","page","type-page","status-publish","has-post-thumbnail","hentry"],"acf":[],"yoast_head":"<!-- This site is optimized with the Yoast SEO plugin v22.8 - https:\/\/yoast.com\/wordpress\/plugins\/seo\/ -->\n<title>Software de monitorizaci\u00f3n y generaci\u00f3n de informes de backup | Bocada<\/title>\n<meta name=\"description\" content=\"Proporcionar software de monitorizaci\u00f3n y generaci\u00f3n de informes de respaldo como servicio para organizaciones de MSP empresariales (BaaS).\u202f\" \/>\n<meta name=\"robots\" content=\"index, follow, max-snippet:-1, max-image-preview:large, max-video-preview:-1\" \/>\n<link rel=\"canonical\" href=\"https:\/\/www.bocada.com\/es\/msp\/\" \/>\n<meta property=\"og:locale\" content=\"es_MX\" \/>\n<meta property=\"og:type\" content=\"article\" \/>\n<meta property=\"og:title\" content=\"Software de monitorizaci\u00f3n y generaci\u00f3n de informes de backup | Bocada\" \/>\n<meta property=\"og:description\" content=\"Proporcionar software de monitorizaci\u00f3n y generaci\u00f3n de informes de respaldo como servicio para organizaciones de MSP empresariales (BaaS).\u202f\" \/>\n<meta property=\"og:url\" content=\"https:\/\/www.bocada.com\/es\/msp\/\" \/>\n<meta property=\"og:site_name\" content=\"Bocada\" \/>\n<meta property=\"article:modified_time\" content=\"2022-06-16T22:14:36+00:00\" \/>\n<meta property=\"og:image\" content=\"https:\/\/www.bocada.com\/wp-content\/uploads\/2018\/10\/Data-Backup-Reporting-Solutions.jpg\" \/>\n\t<meta property=\"og:image:width\" content=\"1680\" \/>\n\t<meta property=\"og:image:height\" content=\"550\" \/>\n\t<meta property=\"og:image:type\" content=\"image\/jpeg\" \/>\n<meta name=\"twitter:card\" content=\"summary_large_image\" \/>\n<meta name=\"twitter:label1\" content=\"Tiempo de lectura\" \/>\n\t<meta name=\"twitter:data1\" content=\"3 minutos\" \/>\n<script type=\"application\/ld+json\" class=\"yoast-schema-graph\">{\"@context\":\"https:\/\/schema.org\",\"@graph\":[{\"@type\":\"WebPage\",\"@id\":\"https:\/\/www.bocada.com\/es\/msp\/\",\"url\":\"https:\/\/www.bocada.com\/es\/msp\/\",\"name\":\"Software de monitorizaci\u00f3n y generaci\u00f3n de informes de backup | Bocada\",\"isPartOf\":{\"@id\":\"https:\/\/www.bocada.com\/es\/#website\"},\"primaryImageOfPage\":{\"@id\":\"https:\/\/www.bocada.com\/es\/msp\/#primaryimage\"},\"image\":{\"@id\":\"https:\/\/www.bocada.com\/es\/msp\/#primaryimage\"},\"thumbnailUrl\":\"https:\/\/www.bocada.com\/wp-content\/uploads\/2018\/10\/Data-Backup-Reporting-Solutions.jpg\",\"datePublished\":\"2019-09-19T19:38:20+00:00\",\"dateModified\":\"2022-06-16T22:14:36+00:00\",\"description\":\"Proporcionar software de monitorizaci\u00f3n y generaci\u00f3n de informes de respaldo como servicio para organizaciones de MSP empresariales (BaaS).\u202f\",\"breadcrumb\":{\"@id\":\"https:\/\/www.bocada.com\/es\/msp\/#breadcrumb\"},\"inLanguage\":\"es\",\"potentialAction\":[{\"@type\":\"ReadAction\",\"target\":[\"https:\/\/www.bocada.com\/es\/msp\/\"]}]},{\"@type\":\"ImageObject\",\"inLanguage\":\"es\",\"@id\":\"https:\/\/www.bocada.com\/es\/msp\/#primaryimage\",\"url\":\"https:\/\/www.bocada.com\/wp-content\/uploads\/2018\/10\/Data-Backup-Reporting-Solutions.jpg\",\"contentUrl\":\"https:\/\/www.bocada.com\/wp-content\/uploads\/2018\/10\/Data-Backup-Reporting-Solutions.jpg\",\"width\":1680,\"height\":550,\"caption\":\"Data Backup Reporting Solutions\"},{\"@type\":\"BreadcrumbList\",\"@id\":\"https:\/\/www.bocada.com\/es\/msp\/#breadcrumb\",\"itemListElement\":[{\"@type\":\"ListItem\",\"position\":1,\"name\":\"Bocada\",\"item\":\"https:\/\/www.bocada.com\/es\/\"},{\"@type\":\"ListItem\",\"position\":2,\"name\":\"Provedores de Servicios Globales\"}]},{\"@type\":\"WebSite\",\"@id\":\"https:\/\/www.bocada.com\/es\/#website\",\"url\":\"https:\/\/www.bocada.com\/es\/\",\"name\":\"Bocada\",\"description\":\"Automated Backup Monitoring &amp; Reporting\",\"potentialAction\":[{\"@type\":\"SearchAction\",\"target\":{\"@type\":\"EntryPoint\",\"urlTemplate\":\"https:\/\/www.bocada.com\/es\/?s={search_term_string}\"},\"query-input\":\"required name=search_term_string\"}],\"inLanguage\":\"es\"}]}<\/script>\n<!-- \/ Yoast SEO plugin. -->","yoast_head_json":{"title":"Software de monitorizaci\u00f3n y generaci\u00f3n de informes de backup | Bocada","description":"Proporcionar software de monitorizaci\u00f3n y generaci\u00f3n de informes de respaldo como servicio para organizaciones de MSP empresariales (BaaS).\u202f","robots":{"index":"index","follow":"follow","max-snippet":"max-snippet:-1","max-image-preview":"max-image-preview:large","max-video-preview":"max-video-preview:-1"},"canonical":"https:\/\/www.bocada.com\/es\/msp\/","og_locale":"es_MX","og_type":"article","og_title":"Software de monitorizaci\u00f3n y generaci\u00f3n de informes de backup | Bocada","og_description":"Proporcionar software de monitorizaci\u00f3n y generaci\u00f3n de informes de respaldo como servicio para organizaciones de MSP empresariales (BaaS).\u202f","og_url":"https:\/\/www.bocada.com\/es\/msp\/","og_site_name":"Bocada","article_modified_time":"2022-06-16T22:14:36+00:00","og_image":[{"width":1680,"height":550,"url":"https:\/\/www.bocada.com\/wp-content\/uploads\/2018\/10\/Data-Backup-Reporting-Solutions.jpg","type":"image\/jpeg"}],"twitter_card":"summary_large_image","twitter_misc":{"Tiempo de lectura":"3 minutos"},"schema":{"@context":"https:\/\/schema.org","@graph":[{"@type":"WebPage","@id":"https:\/\/www.bocada.com\/es\/msp\/","url":"https:\/\/www.bocada.com\/es\/msp\/","name":"Software de monitorizaci\u00f3n y generaci\u00f3n de informes de backup | Bocada","isPartOf":{"@id":"https:\/\/www.bocada.com\/es\/#website"},"primaryImageOfPage":{"@id":"https:\/\/www.bocada.com\/es\/msp\/#primaryimage"},"image":{"@id":"https:\/\/www.bocada.com\/es\/msp\/#primaryimage"},"thumbnailUrl":"https:\/\/www.bocada.com\/wp-content\/uploads\/2018\/10\/Data-Backup-Reporting-Solutions.jpg","datePublished":"2019-09-19T19:38:20+00:00","dateModified":"2022-06-16T22:14:36+00:00","description":"Proporcionar software de monitorizaci\u00f3n y generaci\u00f3n de informes de respaldo como servicio para organizaciones de MSP empresariales (BaaS).\u202f","breadcrumb":{"@id":"https:\/\/www.bocada.com\/es\/msp\/#breadcrumb"},"inLanguage":"es","potentialAction":[{"@type":"ReadAction","target":["https:\/\/www.bocada.com\/es\/msp\/"]}]},{"@type":"ImageObject","inLanguage":"es","@id":"https:\/\/www.bocada.com\/es\/msp\/#primaryimage","url":"https:\/\/www.bocada.com\/wp-content\/uploads\/2018\/10\/Data-Backup-Reporting-Solutions.jpg","contentUrl":"https:\/\/www.bocada.com\/wp-content\/uploads\/2018\/10\/Data-Backup-Reporting-Solutions.jpg","width":1680,"height":550,"caption":"Data Backup Reporting Solutions"},{"@type":"BreadcrumbList","@id":"https:\/\/www.bocada.com\/es\/msp\/#breadcrumb","itemListElement":[{"@type":"ListItem","position":1,"name":"Bocada","item":"https:\/\/www.bocada.com\/es\/"},{"@type":"ListItem","position":2,"name":"Provedores de Servicios Globales"}]},{"@type":"WebSite","@id":"https:\/\/www.bocada.com\/es\/#website","url":"https:\/\/www.bocada.com\/es\/","name":"Bocada","description":"Automated Backup Monitoring &amp; Reporting","potentialAction":[{"@type":"SearchAction","target":{"@type":"EntryPoint","urlTemplate":"https:\/\/www.bocada.com\/es\/?s={search_term_string}"},"query-input":"required name=search_term_string"}],"inLanguage":"es"}]}},"_links":{"self":[{"href":"https:\/\/www.bocada.com\/es\/wp-json\/wp\/v2\/pages\/5663","targetHints":{"allow":["GET"]}}],"collection":[{"href":"https:\/\/www.bocada.com\/es\/wp-json\/wp\/v2\/pages"}],"about":[{"href":"https:\/\/www.bocada.com\/es\/wp-json\/wp\/v2\/types\/page"}],"author":[{"embeddable":true,"href":"https:\/\/www.bocada.com\/es\/wp-json\/wp\/v2\/users\/2"}],"replies":[{"embeddable":true,"href":"https:\/\/www.bocada.com\/es\/wp-json\/wp\/v2\/comments?post=5663"}],"version-history":[{"count":0,"href":"https:\/\/www.bocada.com\/es\/wp-json\/wp\/v2\/pages\/5663\/revisions"}],"wp:featuredmedia":[{"embeddable":true,"href":"https:\/\/www.bocada.com\/es\/wp-json\/wp\/v2\/media\/4661"}],"wp:attachment":[{"href":"https:\/\/www.bocada.com\/es\/wp-json\/wp\/v2\/media?parent=5663"}],"curies":[{"name":"wp","href":"https:\/\/api.w.org\/{rel}","templated":true}]}}