{"id":5615,"date":"2018-10-05T15:29:33","date_gmt":"2018-10-05T22:29:33","guid":{"rendered":"https:\/\/www.bocada.com\/producto\/monitorizacion-proteccion-de-datos\/"},"modified":"2022-02-10T10:29:04","modified_gmt":"2022-02-10T18:29:04","slug":"backup-monitoreo-informe","status":"publish","type":"page","link":"https:\/\/www.bocada.com\/es\/producto\/backup-monitoreo-informe\/","title":{"rendered":"Monitoreo y Informes de Backup"},"content":{"rendered":"<div class=\"wpb-content-wrapper\"><p>[vc_row css_animation=&#8221;fadeInLeftBig&#8221; el_class=&#8221;ImgLeftTextRt&#8221;][vc_column][vc_row_inner][vc_column_inner el_class=&#8221;LtRtImgCol Left&#8221; width=&#8221;1\/2&#8243;][vc_single_image image=&#8221;6851&#8243; img_size=&#8221;full&#8221; alignment=&#8221;center&#8221; el_class=&#8221;LtRtImg Left&#8221;][\/vc_column_inner][vc_column_inner el_class=&#8221;DetailsCol Right&#8221; width=&#8221;1\/2&#8243;][vc_single_image image=&#8221;6641&#8243; img_size=&#8221;full&#8221; el_class=&#8221;IconHeading&#8221;][vc_column_text el_class=&#8221;IconHeading&#8221;]<\/p>\n<h2>Reportes Incorporados, Automatizados para todos los Stakeholders.<\/h2>\n<p>Optimice las operaciones de backup del d\u00eda a d\u00eda y reportes con plantillas configurables especializadas. [\/vc_column_text][vc_column_text el_class=&#8221;DetailsList Right CapsCTA&#8221;]<\/p>\n<ul>\n<li>Las tendencias de los jobs personalizables y los reportes de fallas consecutivas ayudan a identificar las \u00e1reas problem\u00e1ticas que se interponen en el camino para cumplir con los requisitos de \u00e9xito de la copia de seguridad.<\/li>\n<li>Los reportes ejecutivos brindan a la administraci\u00f3n, auditores, o clientes finales las vistas de desempe\u00f1o de alto nivel para brindar tranquilidad.<\/li>\n<li>Los reportes de uso, tendencias y pron\u00f3sticos de almacenamiento lo mantienen un paso por delante de patrones de uso inusuales o de costos excesivos.<\/li>\n<li>Los reportes de dispositivos no protegidos identifican autom\u00e1ticamente los recursos vulnerables sin protecciones de backup.<\/li>\n<\/ul>\n<p>[\/vc_column_text][\/vc_column_inner][\/vc_row_inner][\/vc_column][\/vc_row][vc_row css_animation=&#8221;fadeInRightBig&#8221; el_class=&#8221;TextLeftImgRt&#8221;][vc_column][vc_row_inner][vc_column_inner el_class=&#8221;DetailsCol Left&#8221; width=&#8221;1\/2&#8243;][vc_single_image image=&#8221;6644&#8243; img_size=&#8221;full&#8221; el_class=&#8221;IconHeading&#8221;][vc_column_text el_class=&#8221;IconHeading&#8221;]<\/p>\n<h2>Reportes Altamente Personalizables que usted Puede Programar<\/h2>\n<p>Obtenga las m\u00e9tricas de rendimiento de cloud, on-prem, o backup h\u00edbrido que requiere, cu\u00e1ndo y c\u00f3mo los necesite. [\/vc_column_text][vc_column_text el_class=&#8221;DetailsList Right CapsCTA&#8221;]<\/p>\n<ul>\n<li>Aproveche los filtros personalizados y las funciones de clasificaci\u00f3n para crear reportes formateados adaptados a las diversos stakeholders interesados.<\/li>\n<li>Extraiga datos por segmentos clave como geograf\u00edas, clientes o unidades de negocio para informes de operaciones personalizados y presentaciones claras para los stakeholders.<\/li>\n<li>Preprograme y agende reportes del overview de las operaciones diarias y el seguimiento de SLA o compliance recurrentes.<\/li>\n<\/ul>\n<p>[\/vc_column_text][\/vc_column_inner][vc_column_inner el_class=&#8221;LtRtImgCol Right&#8221; width=&#8221;1\/2&#8243;][vc_single_image image=&#8221;6854&#8243; img_size=&#8221;full&#8221; alignment=&#8221;center&#8221; el_class=&#8221;LtRtImg Left&#8221;][\/vc_column_inner][\/vc_row_inner][\/vc_column][\/vc_row][vc_row css_animation=&#8221;fadeInLeftBig&#8221; el_class=&#8221;ImgLeftTextRt&#8221;][vc_column][vc_row_inner][vc_column_inner el_class=&#8221;LtRtImgCol Left&#8221; width=&#8221;1\/2&#8243;][vc_single_image image=&#8221;6861&#8243; img_size=&#8221;full&#8221; alignment=&#8221;center&#8221; el_class=&#8221;LtRtImg Left&#8221;][\/vc_column_inner][vc_column_inner el_class=&#8221;DetailsCol Right&#8221; width=&#8221;1\/2&#8243;][vc_single_image image=&#8221;6647&#8243; img_size=&#8221;full&#8221; el_class=&#8221;IconHeading&#8221;][vc_column_text el_class=&#8221;IconHeading&#8221;]<\/p>\n<h2>Adaptaci\u00f3n de Funciones para Necesidades de Reportes \u00danicos<\/h2>\n<p>Aproveche las funciones de personalizaci\u00f3n incorporadas para facilitar la visualizaci\u00f3n de datos y el acceso a datos basado en roles. [\/vc_column_text][vc_column_text el_class=&#8221;DetailsList Right CapsCTA&#8221;]<\/p>\n<ul>\n<li>Utilice las capacidades de arrastrar y soltar por agrupaciones de datos personalizados, como el estado del backup, los tipos de errores o los servidores para enfocar los esfuerzos de su equipo.<\/li>\n<li>Cree y guarde reportes personalizados por usuario para datos personalizados que impulsan las operaciones optimizadas diarias.<\/li>\n<li>Restrinja el acceso a los informes por usuario o funci\u00f3n para lograr el aislamiento de datos, multitenancy y la eficiencia operativa.<\/li>\n<\/ul>\n<p>[\/vc_column_text][\/vc_column_inner][\/vc_row_inner][\/vc_column][\/vc_row][vc_row el_id=&#8221;CarouselBg&#8221;][vc_column][vc_row_inner content_placement=&#8221;middle&#8221; el_class=&#8221;CarouselInnerRow&#8221;][vc_column_inner][vc_column_text el_class=&#8221;CarouselHeading&#8221;]<\/p>\n<h2 style=\"text-align: center;\">Integre sus sistemas de backup y protecci\u00f3n de datos bajo el panel de control de Bocada<\/h2>\n<p>[\/vc_column_text]<div id=\"ult-carousel-317324964269ef71e561d95\" class=\"ult-carousel-wrapper  ProductsCarousel ult_horizontal\" data-gutter=\"15\" data-rtl=\"false\" ><div class=\"ult-carousel-398159351569ef71e561d41 \" >[vc_single_image image=&#8221;6611&#8243; img_size=&#8221;full&#8221;][vc_single_image image=&#8221;6617&#8243; img_size=&#8221;full&#8221;][vc_single_image image=&#8221;6614&#8243; img_size=&#8221;full&#8221;][vc_single_image image=&#8221;6593&#8243; img_size=&#8221;full&#8221;][vc_single_image image=&#8221;6596&#8243; img_size=&#8221;full&#8221;][vc_single_image image=&#8221;6608&#8243; img_size=&#8221;full&#8221;][vc_single_image image=&#8221;6587&#8243; img_size=&#8221;full&#8221;][vc_single_image image=&#8221;6602&#8243; img_size=&#8221;full&#8221;][vc_single_image image=&#8221;6590&#8243; img_size=&#8221;full&#8221;][vc_single_image image=&#8221;6581&#8243; img_size=&#8221;full&#8221;][vc_single_image image=&#8221;6599&#8243; img_size=&#8221;full&#8221;][vc_single_image image=&#8221;6605&#8243; img_size=&#8221;full&#8221;][vc_single_image image=&#8221;6584&#8243; img_size=&#8221;full&#8221;]<\/div><\/div>\t\t\t<script type=\"text\/javascript\">\n\t\t\t\tjQuery(document).ready(function ($) {\n\t\t\t\t\tif( typeof jQuery('.ult-carousel-398159351569ef71e561d41').slick == \"function\"){\n\t\t\t\t\t\t$('.ult-carousel-398159351569ef71e561d41').slick({dots: false,autoplay: true,autoplaySpeed: \"5000\",speed: \"300\",infinite: true,arrows: true,nextArrow: '<button type=\"button\" role=\"button\" aria-label=\"Next\" style=\"color:#1c6db6; font-size:29px;\" class=\"slick-next default\"><i class=\"ultsl-arrow-right6\"><\/i><\/button>',prevArrow: '<button type=\"button\" role=\"button\" aria-label=\"Previous\" style=\"color:#1c6db6; font-size:29px;\" class=\"slick-prev default\"><i class=\"ultsl-arrow-left6\"><\/i><\/button>',slidesToScroll:1,slidesToShow:6,swipe: true,draggable: true,touchMove: true,pauseOnHover: true,pauseOnFocus: false,responsive: [\n\t\t\t\t\t\t\t{\n\t\t\t\t\t\t\t  breakpoint: 1026,\n\t\t\t\t\t\t\t  settings: {\n\t\t\t\t\t\t\t\tslidesToShow: 6,\n\t\t\t\t\t\t\t\tslidesToScroll: 1,  \n\t\t\t\t\t\t\t  }\n\t\t\t\t\t\t\t},\n\t\t\t\t\t\t\t{\n\t\t\t\t\t\t\t  breakpoint: 1025,\n\t\t\t\t\t\t\t  settings: {\n\t\t\t\t\t\t\t\tslidesToShow: 3,\n\t\t\t\t\t\t\t\tslidesToScroll: 1\n\t\t\t\t\t\t\t  }\n\t\t\t\t\t\t\t},\n\t\t\t\t\t\t\t{\n\t\t\t\t\t\t\t  breakpoint: 760,\n\t\t\t\t\t\t\t  settings: {\n\t\t\t\t\t\t\t\tslidesToShow: 2,\n\t\t\t\t\t\t\t\tslidesToScroll: 1\n\t\t\t\t\t\t\t  }\n\t\t\t\t\t\t\t}\n\t\t\t\t\t\t],pauseOnDotsHover: true,customPaging: function(slider, i) {\n                   return '<i type=\"button\" style= \"color:#333333;\" class=\"ultsl-record\" data-role=\"none\"><\/i>';\n                },});\n\t\t\t\t\t}\n\t\t\t\t});\n\t\t\t<\/script>\n\t\t\t[vc_column_text el_class=&#8221;CarouselCTA BlueCTALink CapsCTA&#8221;]<\/p>\n<p style=\"text-align: center;\"><a href=\"https:\/\/www.bocada.com\/es\/socios-tecnologicos\/\">Consulte nuestra lista completa de aplicaciones compatibles&#8230;<\/a><\/p>\n<p>[\/vc_column_text][\/vc_column_inner][\/vc_row_inner][\/vc_column][\/vc_row][vc_row el_id=&#8221;PreFormSpacer&#8221;][vc_column][\/vc_column][\/vc_row]<\/p>\n<\/div>","protected":false},"excerpt":{"rendered":"[vc_row css_animation=&#8221;fadeInLeftBig&#8221; el_class=&#8221;ImgLeftTextRt&#8221;][vc_column][vc_row_inner][vc_column_inner el_class=&#8221;LtRtImgCol Left&#8221; width=&#8221;1\/2&#8243;][vc_single_image image=&#8221;6851&#8243; img_size=&#8221;full&#8221; alignment=&#8221;center&#8221; el_class=&#8221;LtRtImg Left&#8221;][\/vc_column_inner][vc_column_inner el_class=&#8221;DetailsCol Right&#8221; width=&#8221;1\/2&#8243;][vc_single_image image=&#8221;6641&#8243; img_size=&#8221;full&#8221; el_class=&#8221;IconHeading&#8221;][vc_column_text el_class=&#8221;IconHeading&#8221;] Reportes Incorporados, Automatizados para todos los Stakeholders. Optimice las operaciones de backup del d\u00eda a d\u00eda y reportes con plantillas configurables especializadas. [\/vc_column_text][vc_column_text el_class=&#8221;DetailsList Right CapsCTA&#8221;] Las tendencias de los jobs personalizables y los reportes de fallas&#8230; <a class=\"view-article\" href=\"https:\/\/www.bocada.com\/es\/producto\/backup-monitoreo-informe\/\">View Article<\/a>","protected":false},"author":2,"featured_media":7844,"parent":5547,"menu_order":10,"comment_status":"closed","ping_status":"closed","template":"page-hero.php","meta":{"_acf_changed":false,"content-type":"","inline_featured_image":false,"ngg_post_thumbnail":0,"footnotes":""},"class_list":["post-5615","page","type-page","status-publish","has-post-thumbnail","hentry"],"acf":[],"yoast_head":"<!-- This site is optimized with the Yoast SEO plugin v22.8 - https:\/\/yoast.com\/wordpress\/plugins\/seo\/ -->\n<title>Herramienta de monitorizaci\u00f3n de protecci\u00f3n de backup | Bocada\u202f<\/title>\n<meta name=\"description\" content=\"Un panel de control \u00fanico y automatizado para monitorizar e informar sobre la proteccion de todos los backup.\" \/>\n<meta name=\"robots\" content=\"index, follow, max-snippet:-1, max-image-preview:large, max-video-preview:-1\" \/>\n<link rel=\"canonical\" href=\"https:\/\/www.bocada.com\/es\/producto\/backup-monitoreo-informe\/\" \/>\n<meta property=\"og:locale\" content=\"es_MX\" \/>\n<meta property=\"og:type\" content=\"article\" \/>\n<meta property=\"og:title\" content=\"Herramienta de monitorizaci\u00f3n de protecci\u00f3n de backup | Bocada\u202f\" \/>\n<meta property=\"og:description\" content=\"Un panel de control \u00fanico y automatizado para monitorizar e informar sobre la proteccion de todos los backup.\" \/>\n<meta property=\"og:url\" content=\"https:\/\/www.bocada.com\/es\/producto\/backup-monitoreo-informe\/\" \/>\n<meta property=\"og:site_name\" content=\"Bocada\" \/>\n<meta property=\"article:modified_time\" content=\"2022-02-10T18:29:04+00:00\" \/>\n<meta property=\"og:image\" content=\"https:\/\/www.bocada.com\/wp-content\/uploads\/2018\/10\/operations-header.jpg\" \/>\n\t<meta property=\"og:image:width\" content=\"1680\" \/>\n\t<meta property=\"og:image:height\" content=\"550\" \/>\n\t<meta property=\"og:image:type\" content=\"image\/jpeg\" \/>\n<meta name=\"twitter:card\" content=\"summary_large_image\" \/>\n<meta name=\"twitter:label1\" content=\"Tiempo de lectura\" \/>\n\t<meta name=\"twitter:data1\" content=\"2 minutos\" \/>\n<script type=\"application\/ld+json\" class=\"yoast-schema-graph\">{\"@context\":\"https:\/\/schema.org\",\"@graph\":[{\"@type\":\"WebPage\",\"@id\":\"https:\/\/www.bocada.com\/es\/producto\/backup-monitoreo-informe\/\",\"url\":\"https:\/\/www.bocada.com\/es\/producto\/backup-monitoreo-informe\/\",\"name\":\"Herramienta de monitorizaci\u00f3n de protecci\u00f3n de backup | Bocada\u202f\",\"isPartOf\":{\"@id\":\"https:\/\/www.bocada.com\/es\/#website\"},\"primaryImageOfPage\":{\"@id\":\"https:\/\/www.bocada.com\/es\/producto\/backup-monitoreo-informe\/#primaryimage\"},\"image\":{\"@id\":\"https:\/\/www.bocada.com\/es\/producto\/backup-monitoreo-informe\/#primaryimage\"},\"thumbnailUrl\":\"https:\/\/www.bocada.com\/wp-content\/uploads\/2023\/08\/bocada-enhanced-dashboard-2.png\",\"datePublished\":\"2018-10-05T22:29:33+00:00\",\"dateModified\":\"2022-02-10T18:29:04+00:00\",\"description\":\"Un panel de control \u00fanico y automatizado para monitorizar e informar sobre la proteccion de todos los backup.\",\"breadcrumb\":{\"@id\":\"https:\/\/www.bocada.com\/es\/producto\/backup-monitoreo-informe\/#breadcrumb\"},\"inLanguage\":\"es\",\"potentialAction\":[{\"@type\":\"ReadAction\",\"target\":[\"https:\/\/www.bocada.com\/es\/producto\/backup-monitoreo-informe\/\"]}]},{\"@type\":\"ImageObject\",\"inLanguage\":\"es\",\"@id\":\"https:\/\/www.bocada.com\/es\/producto\/backup-monitoreo-informe\/#primaryimage\",\"url\":\"https:\/\/www.bocada.com\/wp-content\/uploads\/2023\/08\/bocada-enhanced-dashboard-2.png\",\"contentUrl\":\"https:\/\/www.bocada.com\/wp-content\/uploads\/2023\/08\/bocada-enhanced-dashboard-2.png\",\"width\":1397,\"height\":829,\"caption\":\"Enhanced Dashboard\"},{\"@type\":\"BreadcrumbList\",\"@id\":\"https:\/\/www.bocada.com\/es\/producto\/backup-monitoreo-informe\/#breadcrumb\",\"itemListElement\":[{\"@type\":\"ListItem\",\"position\":1,\"name\":\"Bocada\",\"item\":\"https:\/\/www.bocada.com\/es\/\"},{\"@type\":\"ListItem\",\"position\":2,\"name\":\"Producto\",\"item\":\"https:\/\/www.bocada.com\/es\/producto\/\"},{\"@type\":\"ListItem\",\"position\":3,\"name\":\"Monitoreo y Informes de Backup\"}]},{\"@type\":\"WebSite\",\"@id\":\"https:\/\/www.bocada.com\/es\/#website\",\"url\":\"https:\/\/www.bocada.com\/es\/\",\"name\":\"Bocada\",\"description\":\"Automated Backup Monitoring &amp; Reporting\",\"potentialAction\":[{\"@type\":\"SearchAction\",\"target\":{\"@type\":\"EntryPoint\",\"urlTemplate\":\"https:\/\/www.bocada.com\/es\/?s={search_term_string}\"},\"query-input\":\"required name=search_term_string\"}],\"inLanguage\":\"es\"}]}<\/script>\n<!-- \/ Yoast SEO plugin. -->","yoast_head_json":{"title":"Herramienta de monitorizaci\u00f3n de protecci\u00f3n de backup | Bocada\u202f","description":"Un panel de control \u00fanico y automatizado para monitorizar e informar sobre la proteccion de todos los backup.","robots":{"index":"index","follow":"follow","max-snippet":"max-snippet:-1","max-image-preview":"max-image-preview:large","max-video-preview":"max-video-preview:-1"},"canonical":"https:\/\/www.bocada.com\/es\/producto\/backup-monitoreo-informe\/","og_locale":"es_MX","og_type":"article","og_title":"Herramienta de monitorizaci\u00f3n de protecci\u00f3n de backup | Bocada\u202f","og_description":"Un panel de control \u00fanico y automatizado para monitorizar e informar sobre la proteccion de todos los backup.","og_url":"https:\/\/www.bocada.com\/es\/producto\/backup-monitoreo-informe\/","og_site_name":"Bocada","article_modified_time":"2022-02-10T18:29:04+00:00","og_image":[{"width":1680,"height":550,"url":"https:\/\/www.bocada.com\/wp-content\/uploads\/2018\/10\/operations-header.jpg","type":"image\/jpeg"}],"twitter_card":"summary_large_image","twitter_misc":{"Tiempo de lectura":"2 minutos"},"schema":{"@context":"https:\/\/schema.org","@graph":[{"@type":"WebPage","@id":"https:\/\/www.bocada.com\/es\/producto\/backup-monitoreo-informe\/","url":"https:\/\/www.bocada.com\/es\/producto\/backup-monitoreo-informe\/","name":"Herramienta de monitorizaci\u00f3n de protecci\u00f3n de backup | Bocada\u202f","isPartOf":{"@id":"https:\/\/www.bocada.com\/es\/#website"},"primaryImageOfPage":{"@id":"https:\/\/www.bocada.com\/es\/producto\/backup-monitoreo-informe\/#primaryimage"},"image":{"@id":"https:\/\/www.bocada.com\/es\/producto\/backup-monitoreo-informe\/#primaryimage"},"thumbnailUrl":"https:\/\/www.bocada.com\/wp-content\/uploads\/2023\/08\/bocada-enhanced-dashboard-2.png","datePublished":"2018-10-05T22:29:33+00:00","dateModified":"2022-02-10T18:29:04+00:00","description":"Un panel de control \u00fanico y automatizado para monitorizar e informar sobre la proteccion de todos los backup.","breadcrumb":{"@id":"https:\/\/www.bocada.com\/es\/producto\/backup-monitoreo-informe\/#breadcrumb"},"inLanguage":"es","potentialAction":[{"@type":"ReadAction","target":["https:\/\/www.bocada.com\/es\/producto\/backup-monitoreo-informe\/"]}]},{"@type":"ImageObject","inLanguage":"es","@id":"https:\/\/www.bocada.com\/es\/producto\/backup-monitoreo-informe\/#primaryimage","url":"https:\/\/www.bocada.com\/wp-content\/uploads\/2023\/08\/bocada-enhanced-dashboard-2.png","contentUrl":"https:\/\/www.bocada.com\/wp-content\/uploads\/2023\/08\/bocada-enhanced-dashboard-2.png","width":1397,"height":829,"caption":"Enhanced Dashboard"},{"@type":"BreadcrumbList","@id":"https:\/\/www.bocada.com\/es\/producto\/backup-monitoreo-informe\/#breadcrumb","itemListElement":[{"@type":"ListItem","position":1,"name":"Bocada","item":"https:\/\/www.bocada.com\/es\/"},{"@type":"ListItem","position":2,"name":"Producto","item":"https:\/\/www.bocada.com\/es\/producto\/"},{"@type":"ListItem","position":3,"name":"Monitoreo y Informes de Backup"}]},{"@type":"WebSite","@id":"https:\/\/www.bocada.com\/es\/#website","url":"https:\/\/www.bocada.com\/es\/","name":"Bocada","description":"Automated Backup Monitoring &amp; Reporting","potentialAction":[{"@type":"SearchAction","target":{"@type":"EntryPoint","urlTemplate":"https:\/\/www.bocada.com\/es\/?s={search_term_string}"},"query-input":"required name=search_term_string"}],"inLanguage":"es"}]}},"_links":{"self":[{"href":"https:\/\/www.bocada.com\/es\/wp-json\/wp\/v2\/pages\/5615","targetHints":{"allow":["GET"]}}],"collection":[{"href":"https:\/\/www.bocada.com\/es\/wp-json\/wp\/v2\/pages"}],"about":[{"href":"https:\/\/www.bocada.com\/es\/wp-json\/wp\/v2\/types\/page"}],"author":[{"embeddable":true,"href":"https:\/\/www.bocada.com\/es\/wp-json\/wp\/v2\/users\/2"}],"replies":[{"embeddable":true,"href":"https:\/\/www.bocada.com\/es\/wp-json\/wp\/v2\/comments?post=5615"}],"version-history":[{"count":0,"href":"https:\/\/www.bocada.com\/es\/wp-json\/wp\/v2\/pages\/5615\/revisions"}],"up":[{"embeddable":true,"href":"https:\/\/www.bocada.com\/es\/wp-json\/wp\/v2\/pages\/5547"}],"wp:featuredmedia":[{"embeddable":true,"href":"https:\/\/www.bocada.com\/es\/wp-json\/wp\/v2\/media\/7844"}],"wp:attachment":[{"href":"https:\/\/www.bocada.com\/es\/wp-json\/wp\/v2\/media?parent=5615"}],"curies":[{"name":"wp","href":"https:\/\/api.w.org\/{rel}","templated":true}]}}