{"id":5599,"date":"2018-10-04T15:48:36","date_gmt":"2018-10-04T22:48:36","guid":{"rendered":"https:\/\/www.bocada.com\/contactenos\/"},"modified":"2025-02-06T13:53:07","modified_gmt":"2025-02-06T21:53:07","slug":"contactenos","status":"publish","type":"page","link":"https:\/\/www.bocada.com\/es\/contactenos\/","title":{"rendered":"Contacta con nosotros"},"content":{"rendered":"<div class=\"wpb-content-wrapper\"><p>[vc_row el_class=&#8221;BgPadding&#8221; el_id=&#8221;ContactoIntroBg&#8221;][vc_column][vc_row_inner][vc_column_inner][vc_custom_heading text=&#8221;Descubre una supervisi\u00f3n de la protecci\u00f3n de datos a prueba de futuro&#8221; font_container=&#8221;tag:h1|text_align:center&#8221; use_theme_fonts=&#8221;yes&#8221; css=&#8221;&#8221;][vc_column_text css=&#8221;&#8221;]<\/p>\n<p style=\"text-align: center;\">Aseg\u00farate de que tus datos est\u00e1n realmente protegidos contra el ransomware y otros escenarios de p\u00e9rdida de datos con la supervisi\u00f3n e informes automatizados de copias de seguridad de Bocada.<\/p>\n<p>[\/vc_column_text][\/vc_column_inner][\/vc_row_inner][\/vc_column][\/vc_row][vc_row el_id=&#8221;FormularioBg&#8221; css=&#8221;.vc_custom_1539756064125{padding-bottom: 50px !important;}&#8221;][vc_column css=&#8221;.vc_custom_1621979147663{padding-right: 0px !important;padding-left: 0px !important;}&#8221;][vc_row_inner css=&#8221;.vc_custom_1539839309284{padding-top: 50px !important;}&#8221;][vc_column_inner el_class=&#8221;GenericFormImgCol&#8221; width=&#8221;1\/2&#8243; css=&#8221;.vc_custom_1541428499060{padding-left: 0px !important;}&#8221;][vc_single_image image=&#8221;7991&#8243; img_size=&#8221;full&#8221; alignment=&#8221;center&#8221;][\/vc_column_inner][vc_column_inner el_class=&#8221;FormCol&#8221; width=&#8221;1\/2&#8243;][vc_custom_heading text=&#8221;Pon orden en tu entorno de copia de seguridad&#8221; font_container=&#8221;tag:h2|text_align:center&#8221; use_theme_fonts=&#8221;yes&#8221;][vc_column_text el_class=&#8221;FormText&#8221;]<\/p>\n<p style=\"text-align: center;\">Por favor, rellena todos los campos.<\/p>\n<p>[\/vc_column_text][vc_raw_html]PHNjcmlwdCBjaGFyc2V0PSJ1dGYtOCIgdHlwZT0idGV4dC9qYXZhc2NyaXB0IiBzcmM9Ii8vanMuaHNmb3Jtcy5uZXQvZm9ybXMvZW1iZWQvdjIuanMiPjwvc2NyaXB0PjxzY3JpcHQ+aGJzcHQuZm9ybXMuY3JlYXRlKHsKICAgIHJlZ2lvbjogIm5hMSIsCiAgICBwb3J0YWxJZDogIjg4OTA0NzEiLAogICAgZm9ybUlkOiAiNDAxZTlmNzAtYmU2OS00Y2Q2LWJkOGYtNmRlNmM0MGMwMTg4IgogIH0pOwo8L3NjcmlwdD4=[\/vc_raw_html][\/vc_column_inner][\/vc_row_inner][\/vc_column][\/vc_row][vc_row full_width=&#8221;stretch_row&#8221; css=&#8221;.vc_custom_1643924729501{background-color: #1c6db6 !important;}&#8221;][vc_column]<div class=\"templatera_shortcode\"><div id=\"CustomerLogosFlexBg\" class=\"vc_row wpb_row vc_row-fluid vc_custom_1643090472807\"><div class=\"wpb_column vc_column_container vc_col-sm-12\"><div class=\"vc_column-inner\"><div class=\"wpb_wrapper\"><div class=\"vc_row wpb_row vc_inner vc_row-fluid\"><div class=\"CustomersHeading wpb_column vc_column_container vc_col-sm-12\"><div class=\"vc_column-inner vc_custom_1539843077939\"><div class=\"wpb_wrapper\"><h3 style=\"text-align: center\" class=\"vc_custom_heading vc_do_custom_heading Lg WhiteText\" >IT Leaders Worldwide Use Bocada<\/h3><\/div><\/div><\/div><\/div><div class=\"vc_row wpb_row vc_inner vc_row-fluid ProductLogoRow vc_row-o-equal-height vc_row-o-content-middle vc_row-flex\"><div class=\"LogoImgFlexCol Customer wpb_column vc_column_container vc_col-sm-12\"><div class=\"vc_column-inner\"><div class=\"wpb_wrapper\">\n\t<div  class=\"wpb_single_image wpb_content_element vc_align_center wpb_content_element\">\n\t\t\n\t\t<figure class=\"wpb_wrapper vc_figure\">\n\t\t\t<div class=\"vc_single_image-wrapper   vc_box_border_grey\"><img decoding=\"async\" width=\"248\" height=\"133\" src=\"https:\/\/www.bocada.com\/wp-content\/uploads\/2022\/01\/EY-248x133-1.png\" class=\"vc_single_image-img attachment-full\" alt=\"EY\" title=\"EY - 248x133\" srcset=\"https:\/\/www.bocada.com\/wp-content\/uploads\/2022\/01\/EY-248x133-1.png 248w, https:\/\/www.bocada.com\/wp-content\/uploads\/2022\/01\/EY-248x133-1-120x64.png 120w\" sizes=\"(max-width: 248px) 100vw, 248px\" \/><\/div>\n\t\t<\/figure>\n\t<\/div>\n\n\t<div  class=\"wpb_single_image wpb_content_element vc_align_center wpb_content_element\">\n\t\t\n\t\t<figure class=\"wpb_wrapper vc_figure\">\n\t\t\t<div class=\"vc_single_image-wrapper   vc_box_border_grey\"><img decoding=\"async\" width=\"248\" height=\"133\" src=\"https:\/\/www.bocada.com\/wp-content\/uploads\/2022\/02\/DXC_w.png\" class=\"vc_single_image-img attachment-full\" alt=\"DXC Logo\" title=\"DXC_w\" srcset=\"https:\/\/www.bocada.com\/wp-content\/uploads\/2022\/02\/DXC_w.png 248w, https:\/\/www.bocada.com\/wp-content\/uploads\/2022\/02\/DXC_w-120x64.png 120w\" sizes=\"(max-width: 248px) 100vw, 248px\" \/><\/div>\n\t\t<\/figure>\n\t<\/div>\n\n\t<div  class=\"wpb_single_image wpb_content_element vc_align_center wpb_content_element\">\n\t\t\n\t\t<figure class=\"wpb_wrapper vc_figure\">\n\t\t\t<div class=\"vc_single_image-wrapper   vc_box_border_grey\"><img decoding=\"async\" width=\"248\" height=\"133\" src=\"https:\/\/www.bocada.com\/wp-content\/uploads\/2022\/01\/Thermo-Fisher-248x133-1.png\" class=\"vc_single_image-img attachment-full\" alt=\"Thermo Fisher Scientific\" title=\"Thermo Fisher 248x133\" srcset=\"https:\/\/www.bocada.com\/wp-content\/uploads\/2022\/01\/Thermo-Fisher-248x133-1.png 248w, https:\/\/www.bocada.com\/wp-content\/uploads\/2022\/01\/Thermo-Fisher-248x133-1-120x64.png 120w\" sizes=\"(max-width: 248px) 100vw, 248px\" \/><\/div>\n\t\t<\/figure>\n\t<\/div>\n\n\t<div  class=\"wpb_single_image wpb_content_element vc_align_center wpb_content_element\">\n\t\t\n\t\t<figure class=\"wpb_wrapper vc_figure\">\n\t\t\t<div class=\"vc_single_image-wrapper   vc_box_border_grey\"><img decoding=\"async\" width=\"248\" height=\"133\" src=\"https:\/\/www.bocada.com\/wp-content\/uploads\/2022\/02\/Commerzbank_w.png\" class=\"vc_single_image-img attachment-full\" alt=\"Commerzbank Logo\" title=\"Commerzbank_w\" srcset=\"https:\/\/www.bocada.com\/wp-content\/uploads\/2022\/02\/Commerzbank_w.png 248w, https:\/\/www.bocada.com\/wp-content\/uploads\/2022\/02\/Commerzbank_w-120x64.png 120w\" sizes=\"(max-width: 248px) 100vw, 248px\" \/><\/div>\n\t\t<\/figure>\n\t<\/div>\n\n\t<div  class=\"wpb_single_image wpb_content_element vc_align_center wpb_content_element\">\n\t\t\n\t\t<figure class=\"wpb_wrapper vc_figure\">\n\t\t\t<div class=\"vc_single_image-wrapper   vc_box_border_grey\"><img decoding=\"async\" width=\"248\" height=\"133\" src=\"https:\/\/www.bocada.com\/wp-content\/uploads\/2022\/01\/Sanofi-logo-248x133-1-1.png\" class=\"vc_single_image-img attachment-full\" alt=\"Sanofi\" title=\"Sanofi logo 248x133 (1)\" srcset=\"https:\/\/www.bocada.com\/wp-content\/uploads\/2022\/01\/Sanofi-logo-248x133-1-1.png 248w, https:\/\/www.bocada.com\/wp-content\/uploads\/2022\/01\/Sanofi-logo-248x133-1-1-120x64.png 120w\" sizes=\"(max-width: 248px) 100vw, 248px\" \/><\/div>\n\t\t<\/figure>\n\t<\/div>\n\n\t<div  class=\"wpb_single_image wpb_content_element vc_align_center wpb_content_element\">\n\t\t\n\t\t<figure class=\"wpb_wrapper vc_figure\">\n\t\t\t<div class=\"vc_single_image-wrapper   vc_box_border_grey\"><img decoding=\"async\" width=\"248\" height=\"133\" src=\"https:\/\/www.bocada.com\/wp-content\/uploads\/2022\/02\/Merck_w.png\" class=\"vc_single_image-img attachment-full\" alt=\"Merck Logo\" title=\"Merck_w\" srcset=\"https:\/\/www.bocada.com\/wp-content\/uploads\/2022\/02\/Merck_w.png 248w, https:\/\/www.bocada.com\/wp-content\/uploads\/2022\/02\/Merck_w-120x64.png 120w\" sizes=\"(max-width: 248px) 100vw, 248px\" \/><\/div>\n\t\t<\/figure>\n\t<\/div>\n\n\t<div  class=\"wpb_single_image wpb_content_element vc_align_center wpb_content_element\">\n\t\t\n\t\t<figure class=\"wpb_wrapper vc_figure\">\n\t\t\t<div class=\"vc_single_image-wrapper   vc_box_border_grey\"><img decoding=\"async\" width=\"248\" height=\"133\" src=\"https:\/\/www.bocada.com\/wp-content\/uploads\/2022\/01\/Capgemini-248x133-1.png\" class=\"vc_single_image-img attachment-full\" alt=\"Capgemini\" title=\"Capgemini 248x133\" srcset=\"https:\/\/www.bocada.com\/wp-content\/uploads\/2022\/01\/Capgemini-248x133-1.png 248w, https:\/\/www.bocada.com\/wp-content\/uploads\/2022\/01\/Capgemini-248x133-1-120x64.png 120w\" sizes=\"(max-width: 248px) 100vw, 248px\" \/><\/div>\n\t\t<\/figure>\n\t<\/div>\n\n\t<div  class=\"wpb_single_image wpb_content_element vc_align_center wpb_content_element\">\n\t\t\n\t\t<figure class=\"wpb_wrapper vc_figure\">\n\t\t\t<div class=\"vc_single_image-wrapper   vc_box_border_grey\"><img decoding=\"async\" width=\"248\" height=\"133\" src=\"https:\/\/www.bocada.com\/wp-content\/uploads\/2022\/02\/DimensionData_w.png\" class=\"vc_single_image-img attachment-full\" alt=\"Dimension Data Logo\" title=\"DimensionData_w\" srcset=\"https:\/\/www.bocada.com\/wp-content\/uploads\/2022\/02\/DimensionData_w.png 248w, https:\/\/www.bocada.com\/wp-content\/uploads\/2022\/02\/DimensionData_w-120x64.png 120w\" sizes=\"(max-width: 248px) 100vw, 248px\" \/><\/div>\n\t\t<\/figure>\n\t<\/div>\n\n\t<div  class=\"wpb_single_image wpb_content_element vc_align_center wpb_content_element\">\n\t\t\n\t\t<figure class=\"wpb_wrapper vc_figure\">\n\t\t\t<div class=\"vc_single_image-wrapper   vc_box_border_grey\"><img decoding=\"async\" width=\"248\" height=\"133\" src=\"https:\/\/www.bocada.com\/wp-content\/uploads\/2022\/02\/datacom_w.png\" class=\"vc_single_image-img attachment-full\" alt=\"Datacom Logo\" title=\"datacom_w\" srcset=\"https:\/\/www.bocada.com\/wp-content\/uploads\/2022\/02\/datacom_w.png 248w, https:\/\/www.bocada.com\/wp-content\/uploads\/2022\/02\/datacom_w-120x64.png 120w\" sizes=\"(max-width: 248px) 100vw, 248px\" \/><\/div>\n\t\t<\/figure>\n\t<\/div>\n\n\t<div  class=\"wpb_single_image wpb_content_element vc_align_center wpb_content_element\">\n\t\t\n\t\t<figure class=\"wpb_wrapper vc_figure\">\n\t\t\t<div class=\"vc_single_image-wrapper   vc_box_border_grey\"><img decoding=\"async\" width=\"248\" height=\"133\" src=\"https:\/\/www.bocada.com\/wp-content\/uploads\/2022\/02\/GM-Financial_w.png\" class=\"vc_single_image-img attachment-full\" alt=\"GM Financial Logo\" title=\"GM Financial_w\" srcset=\"https:\/\/www.bocada.com\/wp-content\/uploads\/2022\/02\/GM-Financial_w.png 248w, https:\/\/www.bocada.com\/wp-content\/uploads\/2022\/02\/GM-Financial_w-120x64.png 120w\" sizes=\"(max-width: 248px) 100vw, 248px\" \/><\/div>\n\t\t<\/figure>\n\t<\/div>\n<\/div><\/div><\/div><\/div><\/div><\/div><\/div><\/div><\/div>[\/vc_column][\/vc_row][vc_row el_class=&#8221;GenericBottomSpacer&#8221; css=&#8221;.vc_custom_1541397424687{margin-bottom: 50px !important;}&#8221;][vc_column][\/vc_column][\/vc_row]<\/p>\n<\/div>","protected":false},"excerpt":{"rendered":"IT Leaders Worldwide Use Bocada","protected":false},"author":2,"featured_media":0,"parent":0,"menu_order":50,"comment_status":"closed","ping_status":"closed","template":"","meta":{"_acf_changed":false,"content-type":"","inline_featured_image":false,"ngg_post_thumbnail":0,"footnotes":""},"class_list":["post-5599","page","type-page","status-publish","hentry"],"acf":[],"yoast_head":"<!-- This site is optimized with the Yoast SEO plugin v22.8 - https:\/\/yoast.com\/wordpress\/plugins\/seo\/ -->\n<title>Contacto | Bocada<\/title>\n<meta name=\"description\" content=\"M\u00e1s informaci\u00f3n sobre los informes de copia de seguridad de Bocada, l\u00edderes del sector. Contacta con nosotros en sales@bocada.com o +1-425-898-2400\" \/>\n<meta name=\"robots\" content=\"index, follow, max-snippet:-1, max-image-preview:large, max-video-preview:-1\" \/>\n<link rel=\"canonical\" href=\"https:\/\/www.bocada.com\/es\/contactenos\/\" \/>\n<meta property=\"og:locale\" content=\"es_MX\" \/>\n<meta property=\"og:type\" content=\"article\" \/>\n<meta property=\"og:title\" content=\"Contacto | Bocada\" \/>\n<meta property=\"og:description\" content=\"M\u00e1s informaci\u00f3n sobre los informes de copia de seguridad de Bocada, l\u00edderes del sector. Contacta con nosotros en sales@bocada.com o +1-425-898-2400\" \/>\n<meta property=\"og:url\" content=\"https:\/\/www.bocada.com\/es\/contactenos\/\" \/>\n<meta property=\"og:site_name\" content=\"Bocada\" \/>\n<meta property=\"article:modified_time\" content=\"2025-02-06T21:53:07+00:00\" \/>\n<meta name=\"twitter:card\" content=\"summary_large_image\" \/>\n<meta name=\"twitter:label1\" content=\"Tiempo de lectura\" \/>\n\t<meta name=\"twitter:data1\" content=\"1 minuto\" \/>\n<script type=\"application\/ld+json\" class=\"yoast-schema-graph\">{\"@context\":\"https:\/\/schema.org\",\"@graph\":[{\"@type\":\"WebPage\",\"@id\":\"https:\/\/www.bocada.com\/es\/contactenos\/\",\"url\":\"https:\/\/www.bocada.com\/es\/contactenos\/\",\"name\":\"Contacto | Bocada\",\"isPartOf\":{\"@id\":\"https:\/\/www.bocada.com\/es\/#website\"},\"datePublished\":\"2018-10-04T22:48:36+00:00\",\"dateModified\":\"2025-02-06T21:53:07+00:00\",\"description\":\"M\u00e1s informaci\u00f3n sobre los informes de copia de seguridad de Bocada, l\u00edderes del sector. Contacta con nosotros en sales@bocada.com o +1-425-898-2400\",\"breadcrumb\":{\"@id\":\"https:\/\/www.bocada.com\/es\/contactenos\/#breadcrumb\"},\"inLanguage\":\"es\",\"potentialAction\":[{\"@type\":\"ReadAction\",\"target\":[\"https:\/\/www.bocada.com\/es\/contactenos\/\"]}]},{\"@type\":\"BreadcrumbList\",\"@id\":\"https:\/\/www.bocada.com\/es\/contactenos\/#breadcrumb\",\"itemListElement\":[{\"@type\":\"ListItem\",\"position\":1,\"name\":\"Bocada\",\"item\":\"https:\/\/www.bocada.com\/es\/\"},{\"@type\":\"ListItem\",\"position\":2,\"name\":\"Contacta con nosotros\"}]},{\"@type\":\"WebSite\",\"@id\":\"https:\/\/www.bocada.com\/es\/#website\",\"url\":\"https:\/\/www.bocada.com\/es\/\",\"name\":\"Bocada\",\"description\":\"Automated Backup Monitoring &amp; Reporting\",\"potentialAction\":[{\"@type\":\"SearchAction\",\"target\":{\"@type\":\"EntryPoint\",\"urlTemplate\":\"https:\/\/www.bocada.com\/es\/?s={search_term_string}\"},\"query-input\":\"required name=search_term_string\"}],\"inLanguage\":\"es\"}]}<\/script>\n<!-- \/ Yoast SEO plugin. -->","yoast_head_json":{"title":"Contacto | Bocada","description":"M\u00e1s informaci\u00f3n sobre los informes de copia de seguridad de Bocada, l\u00edderes del sector. Contacta con nosotros en sales@bocada.com o +1-425-898-2400","robots":{"index":"index","follow":"follow","max-snippet":"max-snippet:-1","max-image-preview":"max-image-preview:large","max-video-preview":"max-video-preview:-1"},"canonical":"https:\/\/www.bocada.com\/es\/contactenos\/","og_locale":"es_MX","og_type":"article","og_title":"Contacto | Bocada","og_description":"M\u00e1s informaci\u00f3n sobre los informes de copia de seguridad de Bocada, l\u00edderes del sector. Contacta con nosotros en sales@bocada.com o +1-425-898-2400","og_url":"https:\/\/www.bocada.com\/es\/contactenos\/","og_site_name":"Bocada","article_modified_time":"2025-02-06T21:53:07+00:00","twitter_card":"summary_large_image","twitter_misc":{"Tiempo de lectura":"1 minuto"},"schema":{"@context":"https:\/\/schema.org","@graph":[{"@type":"WebPage","@id":"https:\/\/www.bocada.com\/es\/contactenos\/","url":"https:\/\/www.bocada.com\/es\/contactenos\/","name":"Contacto | Bocada","isPartOf":{"@id":"https:\/\/www.bocada.com\/es\/#website"},"datePublished":"2018-10-04T22:48:36+00:00","dateModified":"2025-02-06T21:53:07+00:00","description":"M\u00e1s informaci\u00f3n sobre los informes de copia de seguridad de Bocada, l\u00edderes del sector. Contacta con nosotros en sales@bocada.com o +1-425-898-2400","breadcrumb":{"@id":"https:\/\/www.bocada.com\/es\/contactenos\/#breadcrumb"},"inLanguage":"es","potentialAction":[{"@type":"ReadAction","target":["https:\/\/www.bocada.com\/es\/contactenos\/"]}]},{"@type":"BreadcrumbList","@id":"https:\/\/www.bocada.com\/es\/contactenos\/#breadcrumb","itemListElement":[{"@type":"ListItem","position":1,"name":"Bocada","item":"https:\/\/www.bocada.com\/es\/"},{"@type":"ListItem","position":2,"name":"Contacta con nosotros"}]},{"@type":"WebSite","@id":"https:\/\/www.bocada.com\/es\/#website","url":"https:\/\/www.bocada.com\/es\/","name":"Bocada","description":"Automated Backup Monitoring &amp; Reporting","potentialAction":[{"@type":"SearchAction","target":{"@type":"EntryPoint","urlTemplate":"https:\/\/www.bocada.com\/es\/?s={search_term_string}"},"query-input":"required name=search_term_string"}],"inLanguage":"es"}]}},"_links":{"self":[{"href":"https:\/\/www.bocada.com\/es\/wp-json\/wp\/v2\/pages\/5599","targetHints":{"allow":["GET"]}}],"collection":[{"href":"https:\/\/www.bocada.com\/es\/wp-json\/wp\/v2\/pages"}],"about":[{"href":"https:\/\/www.bocada.com\/es\/wp-json\/wp\/v2\/types\/page"}],"author":[{"embeddable":true,"href":"https:\/\/www.bocada.com\/es\/wp-json\/wp\/v2\/users\/2"}],"replies":[{"embeddable":true,"href":"https:\/\/www.bocada.com\/es\/wp-json\/wp\/v2\/comments?post=5599"}],"version-history":[{"count":0,"href":"https:\/\/www.bocada.com\/es\/wp-json\/wp\/v2\/pages\/5599\/revisions"}],"wp:attachment":[{"href":"https:\/\/www.bocada.com\/es\/wp-json\/wp\/v2\/media?parent=5599"}],"curies":[{"name":"wp","href":"https:\/\/api.w.org\/{rel}","templated":true}]}}